{"id":170,"date":"2016-05-13T23:40:38","date_gmt":"2016-05-13T21:40:38","guid":{"rendered":"http:\/\/pages.pedf.cuni.cz\/psychorada\/?page_id=170"},"modified":"2016-09-29T14:21:33","modified_gmt":"2016-09-29T12:21:33","slug":"pro-2-rocnik","status":"publish","type":"page","link":"https:\/\/pages.pedf.cuni.cz\/psychorada\/studium\/pro-2-rocnik\/","title":{"rendered":"Pro 2. ro\u010dn\u00edk"},"content":{"rendered":"<p><span style=\"text-decoration: underline\">Postup pro z\u00e1pis do druh\u00e9ho ro\u010dn\u00edku<\/span><\/p>\n<p>V\u017edy po ukon\u010den\u00ed ro\u010dn\u00edku je nutn\u00e9 doj\u00edt na studijn\u00ed odd\u011blen\u00ed s vyti\u0161t\u011bn\u00fdm eviden\u010dn\u00edm listem, aby v\u00e1s zapsali do 2. a vy\u0161\u0161\u00edch ro\u010dn\u00edk\u016f.<\/p>\n<p>V\u00edce informac\u00ed naleznete zde: <a href=\"https:\/\/pages.pedf.cuni.cz\/psychorada\/files\/2016\/05\/z\u00e1pis-do-druh\u00e1ku.pdf\">z\u00e1pis do druh\u00e1ku<\/a><\/p>\n<p><u>V\u00fdb\u011br t\u00e9matu bakal\u00e1\u0159ky <\/u><\/p>\n<ul>\n<li>vypsan\u00e1 t\u00e9mata se objev\u00ed na internetu za\u010d\u00e1tkem \u0159\u00edjna (u n\u00e1s asi 8.10., bylo to pozd\u011bji, ne\u017e m\u011blo b\u00fdt), je t\u0159eba sledovat str\u00e1nky katedry<\/li>\n<li>po vyps\u00e1n\u00ed se kontaktuj\u00ed vyu\u010duj\u00edc\u00ed mailem &#8211; je dobr\u00e9 napsat v\u00edce vyu\u010duj\u00edc\u00edm a domluvit si n\u011bkolik konzultac\u00ed, na z\u00e1klad\u011b nich se a\u017e pot\u00e9 rozhodnout (napsat vyu\u010duj\u00edc\u00edmu, \u017ee v\u00e1s t\u00e9ma zaujalo je\u0161t\u011b neznamen\u00e1 nic z\u00e1vazn\u00e9ho)<\/li>\n<li>definitivn\u011b se rozhodnout pro jedno t\u00e9ma a domluvit si ho s dan\u00fdm vyu\u010duj\u00edc\u00edm muselo b\u00fdt nejpozd\u011bji do konce ledna<\/li>\n<li>\u010d\u00edm d\u0159\u00edv za\u010dnete na bakal\u00e1\u0159ce pracovat, t\u00edm m\u00e9n\u011b se budete posledn\u00ed semestr ve t\u0159e\u0165\u00e1ku stresovat a panika\u0159it<\/li>\n<\/ul>\n<p><span style=\"text-decoration: underline\">J<\/span><u>ak\u00e9 semin\u00e1rn\u00ed pr\u00e1ce se psaly:<\/u><\/p>\n<p>(to ale samoz\u0159ejm\u011b m\u016f\u017ee b\u00fdt p\u0159\u00ed\u0161t\u00ed rok jin\u00e9)<\/p>\n<ul>\n<li>Psychologie osobnosti &#8211; kompara\u010dn\u00ed pr\u00e1ce \/p\u0159eklad kapitoly v\u00a0anglick\u00e9 psychologick\u00e9 u\u010debnici<\/li>\n<li>Kvantitativn\u00ed metodologie &#8211; n\u00e1vrh kvantitativn\u00edho v\u00fdzkumu<\/li>\n<li>Variabilita &#8211; n\u011bkolik krat\u0161\u00edch prac\u00ed (\u00favah)<\/li>\n<\/ul>\n<p><u>dal\u0161\u00ed tipy<\/u><\/p>\n<ul>\n<li>d\u00e1 se splnit n\u011bkolik p\u0159edm\u011bt\u016f ze t\u0159e\u0165\u00e1ku &#8211; Neuropsychologie, P\u0159ehled psychologick\u00fdch syst\u00e9m\u016f, Psychometrie<\/li>\n<\/ul>\n","protected":false},"excerpt":{"rendered":"<p>Postup pro z\u00e1pis do druh\u00e9ho ro\u010dn\u00edku V\u017edy po ukon\u010den\u00ed ro\u010dn\u00edku je nutn\u00e9 doj\u00edt na studijn\u00ed odd\u011blen\u00ed s vyti\u0161t\u011bn\u00fdm eviden\u010dn\u00edm listem, aby v\u00e1s zapsali do 2. a vy\u0161\u0161\u00edch ro\u010dn\u00edk\u016f. V\u00edce informac\u00ed naleznete zde: z\u00e1pis do druh\u00e1ku V\u00fdb\u011br t\u00e9matu bakal\u00e1\u0159ky vypsan\u00e1 t\u00e9mata se objev\u00ed na internetu za\u010d\u00e1tkem \u0159\u00edjna (u n\u00e1s asi 8.10., bylo to pozd\u011bji, ne\u017e m\u011blo [&hellip;]<\/p>\n","protected":false},"author":431,"featured_media":0,"parent":33,"menu_order":0,"comment_status":"closed","ping_status":"closed","template":"","meta":{"footnotes":""},"class_list":["post-170","page","type-page","status-publish","hentry"],"_links":{"self":[{"href":"https:\/\/pages.pedf.cuni.cz\/psychorada\/wp-json\/wp\/v2\/pages\/170","targetHints":{"allow":["GET"]}}],"collection":[{"href":"https:\/\/pages.pedf.cuni.cz\/psychorada\/wp-json\/wp\/v2\/pages"}],"about":[{"href":"https:\/\/pages.pedf.cuni.cz\/psychorada\/wp-json\/wp\/v2\/types\/page"}],"author":[{"embeddable":true,"href":"https:\/\/pages.pedf.cuni.cz\/psychorada\/wp-json\/wp\/v2\/users\/431"}],"replies":[{"embeddable":true,"href":"https:\/\/pages.pedf.cuni.cz\/psychorada\/wp-json\/wp\/v2\/comments?post=170"}],"version-history":[{"count":2,"href":"https:\/\/pages.pedf.cuni.cz\/psychorada\/wp-json\/wp\/v2\/pages\/170\/revisions"}],"predecessor-version":[{"id":199,"href":"https:\/\/pages.pedf.cuni.cz\/psychorada\/wp-json\/wp\/v2\/pages\/170\/revisions\/199"}],"up":[{"embeddable":true,"href":"https:\/\/pages.pedf.cuni.cz\/psychorada\/wp-json\/wp\/v2\/pages\/33"}],"wp:attachment":[{"href":"https:\/\/pages.pedf.cuni.cz\/psychorada\/wp-json\/wp\/v2\/media?parent=170"}],"curies":[{"name":"wp","href":"https:\/\/api.w.org\/{rel}","templated":true}]}}