{"id":214,"date":"2016-10-15T23:00:57","date_gmt":"2016-10-15T21:00:57","guid":{"rendered":"http:\/\/pages.pedf.cuni.cz\/psychorada\/?page_id=214"},"modified":"2018-08-21T14:37:21","modified_gmt":"2018-08-21T12:37:21","slug":"buddy-program-ic-ciee","status":"publish","type":"page","link":"https:\/\/pages.pedf.cuni.cz\/psychorada\/erasmus\/buddy-program-ic-ciee\/","title":{"rendered":"IC CUNI, Buddy program, CIEE"},"content":{"rendered":"<h2><strong>IC CUNI &#8211; Charles University International Club<\/strong><\/h2>\n<p><a href=\"http:\/\/www.ic-cuni.cz\">Charles University International Club<\/a> (IC CUNI) je studentsk\u00fd klub, kter\u00fd organizuje rozmanit\u00e9 spole\u010densk\u00e9, kulturn\u00ed a sportovn\u00ed akce nebo v\u00fdlety pro zahrani\u010dn\u00ed i \u010desk\u00e9 studenty. Obecn\u011b pom\u00e1h\u00e1 zahrani\u010dn\u00edm student\u016fm zvl\u00e1dnout jejich pobyt v Praze. Jednou z jejich hlavn\u00edch aktivit je Buddy program.<\/p>\n<p><strong>Buddy program<\/strong><\/p>\n<p>C\u00edlem <a href=\"http:\/\/www.ic-cuni.cz\/buddy-program\">Buddy programu<\/a> je propojovat zahrani\u010dn\u00ed a m\u00edstn\u00ed studenty, a to tak, \u017ee m\u00edstn\u00ed poskytuj\u00ed v\u00fdm\u011bnn\u00fdm student\u016fm pomocnou ruku na po\u010d\u00e1tku jejich pobytu, p\u0159i\u010dem\u017e je jim odm\u011bnou mo\u017enost procvi\u010dit si ciz\u00ed jazyk a potkat nov\u00e9 lidi. Buddy program je zalo\u017een na principu dobrovolnictv\u00ed.<\/p>\n<p>&nbsp;<\/p>\n<h2><strong>CIEE<\/strong><\/h2>\n<p>Studenti Karlovy univerzity maj\u00ed mo\u017enost \u00fa\u010dastnit se programu Bridging Perspectives v <a href=\"http:\/\/www.cieeprague.cz\/\">CIEE<\/a>, spolu s Ameri\u010dany studuj\u00edc\u00edmi na semestr v\u00a0Praze. Kurzy jsou vyu\u010dov\u00e1ny v\u00a0angli\u010dtin\u011b, je to tedy tak\u00e9 skv\u011bl\u00e1 p\u0159\u00edle\u017eitost k\u00a0procvi\u010den\u00ed jazyka.<\/p>\n<p><a href=\"https:\/\/pages.pedf.cuni.cz\/psychorada\/files\/2016\/10\/CIEE-and-the-Bridging-Perspectives-Program.pdf\">CIEE-and-the-bridging-perspectives-program<\/a><\/p>\n<p>Nab\u00eddka kurz\u016f a podrobn\u011bj\u0161\u00ed info: viz. PDF (nab\u00eddka kurz\u016f a \u010dasy se mohou v\u00a0ka\u017ed\u00e9m semestru li\u0161it). P\u0159edm\u011bty vztahuj\u00edc\u00ed se k\u00a0psychologii jsou nap\u0159\u00edklad Psychoanalysis and Society, Psychoanalysis and Art, a dal\u0161\u00ed.<\/p>\n<p>Kredity: 6<\/p>\n<p>Hodinov\u00e1 dotace: 45<\/p>\n<p>Podm\u00ednky ukon\u010den\u00ed: v\u00a0z\u00e1vislosti na vybran\u00e9m kurzu, obvykle eseje, prezentace, aktivita v\u00a0hodin\u011b a ZK<\/p>\n<p>V\u00a0p\u0159\u00edpad\u011b z\u00e1jmu o p\u0159ihl\u00e1\u0161en\u00ed do kurzu nebo o dal\u0161\u00ed informace kontaktujte Ivetu Veselou: <a href=\"mailto:IVesela@ciee.org\">IVesela@ciee.org<\/a>, kurzy nejsou uvedeny v\u00a0SISu.<\/p>\n","protected":false},"excerpt":{"rendered":"<p>IC CUNI &#8211; Charles University International Club Charles University International Club (IC CUNI) je studentsk\u00fd klub, kter\u00fd organizuje rozmanit\u00e9 spole\u010densk\u00e9, kulturn\u00ed a sportovn\u00ed akce nebo v\u00fdlety pro zahrani\u010dn\u00ed i \u010desk\u00e9 studenty. Obecn\u011b pom\u00e1h\u00e1 zahrani\u010dn\u00edm student\u016fm zvl\u00e1dnout jejich pobyt v Praze. Jednou z jejich hlavn\u00edch aktivit je Buddy program. Buddy program C\u00edlem Buddy programu je propojovat [&hellip;]<\/p>\n","protected":false},"author":431,"featured_media":0,"parent":24,"menu_order":6,"comment_status":"closed","ping_status":"closed","template":"","meta":{"footnotes":""},"class_list":["post-214","page","type-page","status-publish","hentry"],"_links":{"self":[{"href":"https:\/\/pages.pedf.cuni.cz\/psychorada\/wp-json\/wp\/v2\/pages\/214","targetHints":{"allow":["GET"]}}],"collection":[{"href":"https:\/\/pages.pedf.cuni.cz\/psychorada\/wp-json\/wp\/v2\/pages"}],"about":[{"href":"https:\/\/pages.pedf.cuni.cz\/psychorada\/wp-json\/wp\/v2\/types\/page"}],"author":[{"embeddable":true,"href":"https:\/\/pages.pedf.cuni.cz\/psychorada\/wp-json\/wp\/v2\/users\/431"}],"replies":[{"embeddable":true,"href":"https:\/\/pages.pedf.cuni.cz\/psychorada\/wp-json\/wp\/v2\/comments?post=214"}],"version-history":[{"count":3,"href":"https:\/\/pages.pedf.cuni.cz\/psychorada\/wp-json\/wp\/v2\/pages\/214\/revisions"}],"predecessor-version":[{"id":218,"href":"https:\/\/pages.pedf.cuni.cz\/psychorada\/wp-json\/wp\/v2\/pages\/214\/revisions\/218"}],"up":[{"embeddable":true,"href":"https:\/\/pages.pedf.cuni.cz\/psychorada\/wp-json\/wp\/v2\/pages\/24"}],"wp:attachment":[{"href":"https:\/\/pages.pedf.cuni.cz\/psychorada\/wp-json\/wp\/v2\/media?parent=214"}],"curies":[{"name":"wp","href":"https:\/\/api.w.org\/{rel}","templated":true}]}}