{"id":24,"date":"2015-12-08T20:01:57","date_gmt":"2015-12-08T19:01:57","guid":{"rendered":"http:\/\/pages.pedf.cuni.cz\/psychorada\/?page_id=24"},"modified":"2017-01-23T19:17:24","modified_gmt":"2017-01-23T18:17:24","slug":"erasmus","status":"publish","type":"page","link":"https:\/\/pages.pedf.cuni.cz\/psychorada\/erasmus\/","title":{"rendered":"Studium v zahrani\u010d\u00ed"},"content":{"rendered":"<ul class=\"list-pages-shortcode child-pages\"><li class=\"page_item page-item-58\"><a href=\"https:\/\/pages.pedf.cuni.cz\/psychorada\/erasmus\/aktualni-smlouvy\/\">Aktu\u00e1ln\u00ed smlouvy Erasmus+<\/a><\/li>\n<li class=\"page_item page-item-559\"><a href=\"https:\/\/pages.pedf.cuni.cz\/psychorada\/erasmus\/letni-skoly\/\">Letn\u00ed \u0161koly<\/a><\/li>\n<li class=\"page_item page-item-40\"><a href=\"https:\/\/pages.pedf.cuni.cz\/psychorada\/erasmus\/podavani-prihlasky\/\">Pod\u00e1v\u00e1n\u00ed p\u0159ihl\u00e1\u0161ky Erasmus+<\/a><\/li>\n<li class=\"page_item page-item-60\"><a href=\"https:\/\/pages.pedf.cuni.cz\/psychorada\/erasmus\/dalsi-moznosti-studia-v-zahranici\/\">Dal\u0161\u00ed mo\u017enosti v\u00fdjezdu do zahrani\u010d\u00ed<\/a><\/li>\n<li class=\"page_item page-item-145\"><a href=\"https:\/\/pages.pedf.cuni.cz\/psychorada\/erasmus\/reference\/\">Reference<\/a><\/li>\n<li class=\"page_item page-item-214\"><a href=\"https:\/\/pages.pedf.cuni.cz\/psychorada\/erasmus\/buddy-program-ic-ciee\/\">IC CUNI, Buddy program, CIEE<\/a><\/li>\n<\/ul>\n","protected":false},"excerpt":{"rendered":"","protected":false},"author":431,"featured_media":0,"parent":0,"menu_order":0,"comment_status":"closed","ping_status":"closed","template":"","meta":{"footnotes":""},"class_list":["post-24","page","type-page","status-publish","hentry"],"_links":{"self":[{"href":"https:\/\/pages.pedf.cuni.cz\/psychorada\/wp-json\/wp\/v2\/pages\/24","targetHints":{"allow":["GET"]}}],"collection":[{"href":"https:\/\/pages.pedf.cuni.cz\/psychorada\/wp-json\/wp\/v2\/pages"}],"about":[{"href":"https:\/\/pages.pedf.cuni.cz\/psychorada\/wp-json\/wp\/v2\/types\/page"}],"author":[{"embeddable":true,"href":"https:\/\/pages.pedf.cuni.cz\/psychorada\/wp-json\/wp\/v2\/users\/431"}],"replies":[{"embeddable":true,"href":"https:\/\/pages.pedf.cuni.cz\/psychorada\/wp-json\/wp\/v2\/comments?post=24"}],"version-history":[{"count":1,"href":"https:\/\/pages.pedf.cuni.cz\/psychorada\/wp-json\/wp\/v2\/pages\/24\/revisions"}],"predecessor-version":[{"id":498,"href":"https:\/\/pages.pedf.cuni.cz\/psychorada\/wp-json\/wp\/v2\/pages\/24\/revisions\/498"}],"wp:attachment":[{"href":"https:\/\/pages.pedf.cuni.cz\/psychorada\/wp-json\/wp\/v2\/media?parent=24"}],"curies":[{"name":"wp","href":"https:\/\/api.w.org\/{rel}","templated":true}]}}