{"id":262,"date":"2016-12-02T09:37:46","date_gmt":"2016-12-02T08:37:46","guid":{"rendered":"http:\/\/pages.pedf.cuni.cz\/psychorada\/?page_id=262"},"modified":"2017-01-23T18:54:00","modified_gmt":"2017-01-23T17:54:00","slug":"dokumenty","status":"publish","type":"page","link":"https:\/\/pages.pedf.cuni.cz\/psychorada\/dokumenty\/","title":{"rendered":"Dokumenty"},"content":{"rendered":"<ul class=\"list-pages-shortcode child-pages\"><li class=\"page_item page-item-275\"><a href=\"https:\/\/pages.pedf.cuni.cz\/psychorada\/dokumenty\/zapisy\/\">Z\u00e1pisy ze sch\u016fzek studentsk\u00e9 rady<\/a><\/li>\n<\/ul>\n","protected":false},"excerpt":{"rendered":"","protected":false},"author":431,"featured_media":0,"parent":0,"menu_order":0,"comment_status":"closed","ping_status":"closed","template":"","meta":{"footnotes":""},"class_list":["post-262","page","type-page","status-publish","hentry"],"_links":{"self":[{"href":"https:\/\/pages.pedf.cuni.cz\/psychorada\/wp-json\/wp\/v2\/pages\/262","targetHints":{"allow":["GET"]}}],"collection":[{"href":"https:\/\/pages.pedf.cuni.cz\/psychorada\/wp-json\/wp\/v2\/pages"}],"about":[{"href":"https:\/\/pages.pedf.cuni.cz\/psychorada\/wp-json\/wp\/v2\/types\/page"}],"author":[{"embeddable":true,"href":"https:\/\/pages.pedf.cuni.cz\/psychorada\/wp-json\/wp\/v2\/users\/431"}],"replies":[{"embeddable":true,"href":"https:\/\/pages.pedf.cuni.cz\/psychorada\/wp-json\/wp\/v2\/comments?post=262"}],"version-history":[{"count":4,"href":"https:\/\/pages.pedf.cuni.cz\/psychorada\/wp-json\/wp\/v2\/pages\/262\/revisions"}],"predecessor-version":[{"id":497,"href":"https:\/\/pages.pedf.cuni.cz\/psychorada\/wp-json\/wp\/v2\/pages\/262\/revisions\/497"}],"wp:attachment":[{"href":"https:\/\/pages.pedf.cuni.cz\/psychorada\/wp-json\/wp\/v2\/media?parent=262"}],"curies":[{"name":"wp","href":"https:\/\/api.w.org\/{rel}","templated":true}]}}