{"id":275,"date":"2016-12-03T09:06:15","date_gmt":"2016-12-03T08:06:15","guid":{"rendered":"http:\/\/pages.pedf.cuni.cz\/psychorada\/?page_id=275"},"modified":"2018-08-21T14:35:32","modified_gmt":"2018-08-21T12:35:32","slug":"zapisy","status":"publish","type":"page","link":"https:\/\/pages.pedf.cuni.cz\/psychorada\/dokumenty\/zapisy\/","title":{"rendered":"Z\u00e1pisy ze sch\u016fzek studentsk\u00e9 rady"},"content":{"rendered":"<p>Z\u00e1pis ze sch\u016fzek studentsk\u00e9 rady v akademick\u00e9m roce <strong>2016\/2017:<\/strong><\/p>\n<ul>\n<li><a href=\"https:\/\/pages.pedf.cuni.cz\/psychorada\/files\/2016\/12\/zapis_2ssr_26_10_2016.pdf\">zapis_2ssr_26_10_2016<\/a><\/li>\n<li><a href=\"https:\/\/pages.pedf.cuni.cz\/psychorada\/files\/2016\/12\/Z\u00e1pis_4SSR_23_11_16.pdf\">zapis_4ssr_23_11_16<\/a><\/li>\n<li><a href=\"https:\/\/pages.pedf.cuni.cz\/psychorada\/files\/2016\/12\/zapis_5ssr_14_12_2016.pdf\">zapis_5ssr_14_12_2016<\/a><\/li>\n<li><a href=\"https:\/\/pages.pedf.cuni.cz\/psychorada\/files\/2016\/12\/zapis_6ssr_9_2_2017.pdf\">zapis_6ssr_9_2_2017<\/a><\/li>\n<li><a href=\"https:\/\/pages.pedf.cuni.cz\/psychorada\/files\/2016\/12\/Z\u00e1pis-ze-sch\u016fzky-s-veden\u00edm-katedry_3_2017.pdf\">Z\u00e1pis-ze-sch\u016fzky-s-veden\u00edm-katedry_3_2017<\/a><\/li>\n<li><a href=\"https:\/\/pages.pedf.cuni.cz\/psychorada\/files\/2016\/12\/Z\u00e1pis-8SSR-23.3.2017.pdf\">Z\u00e1pis-8SSR-23.3.2017<\/a><\/li>\n<li>z\u00e1pis_9ssr_12_4_2017<\/li>\n<li><a href=\"https:\/\/pages.pedf.cuni.cz\/psychorada\/files\/2016\/12\/zapis_10ssr_26_4_2017.pdf\">zapis_10ssr_26_4_2017<\/a><\/li>\n<\/ul>\n","protected":false},"excerpt":{"rendered":"<p>Z\u00e1pis ze sch\u016fzek studentsk\u00e9 rady v akademick\u00e9m roce 2016\/2017: zapis_2ssr_26_10_2016 zapis_4ssr_23_11_16 zapis_5ssr_14_12_2016 zapis_6ssr_9_2_2017 Z\u00e1pis-ze-sch\u016fzky-s-veden\u00edm-katedry_3_2017 Z\u00e1pis-8SSR-23.3.2017 z\u00e1pis_9ssr_12_4_2017 zapis_10ssr_26_4_2017<\/p>\n","protected":false},"author":431,"featured_media":0,"parent":262,"menu_order":-1,"comment_status":"closed","ping_status":"closed","template":"","meta":{"footnotes":""},"class_list":["post-275","page","type-page","status-publish","hentry"],"_links":{"self":[{"href":"https:\/\/pages.pedf.cuni.cz\/psychorada\/wp-json\/wp\/v2\/pages\/275","targetHints":{"allow":["GET"]}}],"collection":[{"href":"https:\/\/pages.pedf.cuni.cz\/psychorada\/wp-json\/wp\/v2\/pages"}],"about":[{"href":"https:\/\/pages.pedf.cuni.cz\/psychorada\/wp-json\/wp\/v2\/types\/page"}],"author":[{"embeddable":true,"href":"https:\/\/pages.pedf.cuni.cz\/psychorada\/wp-json\/wp\/v2\/users\/431"}],"replies":[{"embeddable":true,"href":"https:\/\/pages.pedf.cuni.cz\/psychorada\/wp-json\/wp\/v2\/comments?post=275"}],"version-history":[{"count":8,"href":"https:\/\/pages.pedf.cuni.cz\/psychorada\/wp-json\/wp\/v2\/pages\/275\/revisions"}],"predecessor-version":[{"id":597,"href":"https:\/\/pages.pedf.cuni.cz\/psychorada\/wp-json\/wp\/v2\/pages\/275\/revisions\/597"}],"up":[{"embeddable":true,"href":"https:\/\/pages.pedf.cuni.cz\/psychorada\/wp-json\/wp\/v2\/pages\/262"}],"wp:attachment":[{"href":"https:\/\/pages.pedf.cuni.cz\/psychorada\/wp-json\/wp\/v2\/media?parent=275"}],"curies":[{"name":"wp","href":"https:\/\/api.w.org\/{rel}","templated":true}]}}