{"id":3,"date":"2014-10-24T09:50:19","date_gmt":"2014-10-24T09:50:19","guid":{"rendered":"http:\/\/pages.pedf.cuni.cz\/psychorada\/?page_id=3"},"modified":"2017-01-23T19:22:37","modified_gmt":"2017-01-23T18:22:37","slug":"uvodni-stranka","status":"publish","type":"page","link":"https:\/\/pages.pedf.cuni.cz\/psychorada\/","title":{"rendered":"\u00davod"},"content":{"rendered":"<h3><span style=\"color: #333399\">Ahoj studenti psychologie!<\/span><\/h3>\n<p>Jsme studentsk\u00e1 rada katedry psychologie Pedf UK, kter\u00e1 se skl\u00e1d\u00e1 ze z\u00e1stupc\u016f v\u0161ech ro\u010dn\u00edk\u016f bakal\u00e1\u0159sk\u00e9ho a magistersk\u00e9ho studia. Na\u0161\u00edm hlavn\u00edm c\u00edlem je spokojenost student\u016f s v\u00fdukou a obecn\u011b fungov\u00e1n\u00edm na\u0161\u00ed katedry. Zprost\u0159edkov\u00e1v\u00e1me komunikaci mezi veden\u00edm katedry i fakulty a studenty, zaji\u0161\u0165ujeme evaluaci p\u0159edm\u011bt\u016f, provozujeme kuchy\u0148ku ve 3. pat\u0159e budovy.<\/p>\n<p>D\u00e1le na\u0161e aktivity zahrnuj\u00ed:<\/p>\n<ul>\n<li><a href=\"http:\/\/psychoseznamovak.wz.cz\/\">Seznamovac\u00ed kurz<\/a> pro 1. ro\u010dn\u00edky bakal\u00e1\u0159sk\u00e9ho studia<\/li>\n<li>Po\u0159\u00e1d\u00e1n\u00ed katedrov\u00e9ho kola Studentsk\u00fdch psychologick\u00fdch dn\u016f (SPD)<\/li>\n<li>V\u00fdroba a propagace informa\u010dn\u00edch materi\u00e1l\u016f t\u00fdkaj\u00edc\u00edch se studia<\/li>\n<li>Dal\u0161\u00ed aktivity spojen\u00e9 s aktivn\u00edm zapojen\u00edm student\u016f psychologie Pedf UK<\/li>\n<\/ul>\n<p>&nbsp;<\/p>\n<p>Pokud tedy \u0159e\u0161\u00ed\u0161 n\u011bjak\u00fd probl\u00e9m ohledn\u011b studia, nev\u00e1hej n\u00e1m napsat na tento email: <strong>psychorada.pedf@gmail.com<\/strong><\/p>\n<p>Aktu\u00e1ln\u00ed d\u011bn\u00ed m\u016f\u017ee\u0161 tak\u00e9 sledovat na na\u0161ich <a href=\"http:\/\/www.facebook.com\/psychorada\">FB str\u00e1nk\u00e1ch<\/a>.<\/p>\n<p>Pokud se chce\u0161 aktivn\u011b zapojit, nebo m\u00e1\u0161 n\u011bjak\u00e9 n\u00e1pady a p\u0159ipom\u00ednky, napi\u0161 n\u00e1m taky!<\/p>\n","protected":false},"excerpt":{"rendered":"<p>Ahoj studenti psychologie! Jsme studentsk\u00e1 rada katedry psychologie Pedf UK, kter\u00e1 se skl\u00e1d\u00e1 ze z\u00e1stupc\u016f v\u0161ech ro\u010dn\u00edk\u016f bakal\u00e1\u0159sk\u00e9ho a magistersk\u00e9ho studia. Na\u0161\u00edm hlavn\u00edm c\u00edlem je spokojenost student\u016f s v\u00fdukou a obecn\u011b fungov\u00e1n\u00edm na\u0161\u00ed katedry. Zprost\u0159edkov\u00e1v\u00e1me komunikaci mezi veden\u00edm katedry i fakulty a studenty, zaji\u0161\u0165ujeme evaluaci p\u0159edm\u011bt\u016f, provozujeme kuchy\u0148ku ve 3. pat\u0159e budovy. D\u00e1le na\u0161e aktivity [&hellip;]<\/p>\n","protected":false},"author":1,"featured_media":0,"parent":0,"menu_order":0,"comment_status":"open","ping_status":"open","template":"","meta":{"footnotes":""},"class_list":["post-3","page","type-page","status-publish","hentry"],"_links":{"self":[{"href":"https:\/\/pages.pedf.cuni.cz\/psychorada\/wp-json\/wp\/v2\/pages\/3","targetHints":{"allow":["GET"]}}],"collection":[{"href":"https:\/\/pages.pedf.cuni.cz\/psychorada\/wp-json\/wp\/v2\/pages"}],"about":[{"href":"https:\/\/pages.pedf.cuni.cz\/psychorada\/wp-json\/wp\/v2\/types\/page"}],"author":[{"embeddable":true,"href":"https:\/\/pages.pedf.cuni.cz\/psychorada\/wp-json\/wp\/v2\/users\/1"}],"replies":[{"embeddable":true,"href":"https:\/\/pages.pedf.cuni.cz\/psychorada\/wp-json\/wp\/v2\/comments?post=3"}],"version-history":[{"count":8,"href":"https:\/\/pages.pedf.cuni.cz\/psychorada\/wp-json\/wp\/v2\/pages\/3\/revisions"}],"predecessor-version":[{"id":503,"href":"https:\/\/pages.pedf.cuni.cz\/psychorada\/wp-json\/wp\/v2\/pages\/3\/revisions\/503"}],"wp:attachment":[{"href":"https:\/\/pages.pedf.cuni.cz\/psychorada\/wp-json\/wp\/v2\/media?parent=3"}],"curies":[{"name":"wp","href":"https:\/\/api.w.org\/{rel}","templated":true}]}}