{"id":30,"date":"2015-12-09T09:13:51","date_gmt":"2015-12-09T08:13:51","guid":{"rendered":"http:\/\/pages.pedf.cuni.cz\/psychorada\/?page_id=30"},"modified":"2015-12-10T14:06:53","modified_gmt":"2015-12-10T13:06:53","slug":"vzdelavani","status":"publish","type":"page","link":"https:\/\/pages.pedf.cuni.cz\/psychorada\/vzdelavani\/","title":{"rendered":"Vzd\u011bl\u00e1v\u00e1n\u00ed"},"content":{"rendered":"<ul class=\"list-pages-shortcode child-pages\"><li class=\"page_item page-item-165\"><a href=\"https:\/\/pages.pedf.cuni.cz\/psychorada\/vzdelavani\/europsy\/\">Europsy<\/a><\/li>\n<li class=\"page_item page-item-129\"><a href=\"https:\/\/pages.pedf.cuni.cz\/psychorada\/vzdelavani\/profesni-drahy\/\">Profesn\u00ed dr\u00e1hy<\/a><\/li>\n<li class=\"page_item page-item-71\"><a href=\"https:\/\/pages.pedf.cuni.cz\/psychorada\/vzdelavani\/psychoterapeuticky-vycvik\/\">Psychoterapeutick\u00fd v\u00fdcvik<\/a><\/li>\n<\/ul>\n","protected":false},"excerpt":{"rendered":"","protected":false},"author":431,"featured_media":0,"parent":0,"menu_order":0,"comment_status":"closed","ping_status":"closed","template":"","meta":{"footnotes":""},"class_list":["post-30","page","type-page","status-publish","hentry"],"_links":{"self":[{"href":"https:\/\/pages.pedf.cuni.cz\/psychorada\/wp-json\/wp\/v2\/pages\/30","targetHints":{"allow":["GET"]}}],"collection":[{"href":"https:\/\/pages.pedf.cuni.cz\/psychorada\/wp-json\/wp\/v2\/pages"}],"about":[{"href":"https:\/\/pages.pedf.cuni.cz\/psychorada\/wp-json\/wp\/v2\/types\/page"}],"author":[{"embeddable":true,"href":"https:\/\/pages.pedf.cuni.cz\/psychorada\/wp-json\/wp\/v2\/users\/431"}],"replies":[{"embeddable":true,"href":"https:\/\/pages.pedf.cuni.cz\/psychorada\/wp-json\/wp\/v2\/comments?post=30"}],"version-history":[{"count":0,"href":"https:\/\/pages.pedf.cuni.cz\/psychorada\/wp-json\/wp\/v2\/pages\/30\/revisions"}],"wp:attachment":[{"href":"https:\/\/pages.pedf.cuni.cz\/psychorada\/wp-json\/wp\/v2\/media?parent=30"}],"curies":[{"name":"wp","href":"https:\/\/api.w.org\/{rel}","templated":true}]}}