{"id":33,"date":"2015-12-09T09:14:11","date_gmt":"2015-12-09T08:14:11","guid":{"rendered":"http:\/\/pages.pedf.cuni.cz\/psychorada\/?page_id=33"},"modified":"2016-10-16T00:25:09","modified_gmt":"2016-10-15T22:25:09","slug":"studium","status":"publish","type":"page","link":"https:\/\/pages.pedf.cuni.cz\/psychorada\/studium\/","title":{"rendered":"Studium"},"content":{"rendered":"<ul class=\"list-pages-shortcode child-pages\"><li class=\"page_item page-item-219\"><a href=\"https:\/\/pages.pedf.cuni.cz\/psychorada\/studium\/informace\/\">Informace pro v\u0161echny<\/a><\/li>\n<li class=\"page_item page-item-175\"><a href=\"https:\/\/pages.pedf.cuni.cz\/psychorada\/studium\/anglictina-a-dalsi-jazyky\/\">Angli\u010dtina a dal\u0161\u00ed jazyky<\/a><\/li>\n<li class=\"page_item page-item-523\"><a href=\"https:\/\/pages.pedf.cuni.cz\/psychorada\/studium\/praxe\/\">Praxe<\/a><\/li>\n<li class=\"page_item page-item-182\"><a href=\"https:\/\/pages.pedf.cuni.cz\/psychorada\/studium\/pro-1-rocnik\/\">Pro 1. ro\u010dn\u00edk<\/a><\/li>\n<li class=\"page_item page-item-170\"><a href=\"https:\/\/pages.pedf.cuni.cz\/psychorada\/studium\/pro-2-rocnik\/\">Pro 2. ro\u010dn\u00edk<\/a><\/li>\n<li class=\"page_item page-item-68\"><a href=\"https:\/\/pages.pedf.cuni.cz\/psychorada\/studium\/volitelne-predmety\/\">Voliteln\u00e9 p\u0159edm\u011bty<\/a><\/li>\n<\/ul>\n","protected":false},"excerpt":{"rendered":"","protected":false},"author":431,"featured_media":0,"parent":0,"menu_order":0,"comment_status":"closed","ping_status":"closed","template":"","meta":{"footnotes":""},"class_list":["post-33","page","type-page","status-publish","hentry"],"_links":{"self":[{"href":"https:\/\/pages.pedf.cuni.cz\/psychorada\/wp-json\/wp\/v2\/pages\/33","targetHints":{"allow":["GET"]}}],"collection":[{"href":"https:\/\/pages.pedf.cuni.cz\/psychorada\/wp-json\/wp\/v2\/pages"}],"about":[{"href":"https:\/\/pages.pedf.cuni.cz\/psychorada\/wp-json\/wp\/v2\/types\/page"}],"author":[{"embeddable":true,"href":"https:\/\/pages.pedf.cuni.cz\/psychorada\/wp-json\/wp\/v2\/users\/431"}],"replies":[{"embeddable":true,"href":"https:\/\/pages.pedf.cuni.cz\/psychorada\/wp-json\/wp\/v2\/comments?post=33"}],"version-history":[{"count":2,"href":"https:\/\/pages.pedf.cuni.cz\/psychorada\/wp-json\/wp\/v2\/pages\/33\/revisions"}],"predecessor-version":[{"id":154,"href":"https:\/\/pages.pedf.cuni.cz\/psychorada\/wp-json\/wp\/v2\/pages\/33\/revisions\/154"}],"wp:attachment":[{"href":"https:\/\/pages.pedf.cuni.cz\/psychorada\/wp-json\/wp\/v2\/media?parent=33"}],"curies":[{"name":"wp","href":"https:\/\/api.w.org\/{rel}","templated":true}]}}