{"id":40,"date":"2015-12-09T10:05:53","date_gmt":"2015-12-09T09:05:53","guid":{"rendered":"http:\/\/pages.pedf.cuni.cz\/psychorada\/?page_id=40"},"modified":"2017-05-12T19:34:57","modified_gmt":"2017-05-12T17:34:57","slug":"podavani-prihlasky","status":"publish","type":"page","link":"https:\/\/pages.pedf.cuni.cz\/psychorada\/erasmus\/podavani-prihlasky\/","title":{"rendered":"Pod\u00e1v\u00e1n\u00ed p\u0159ihl\u00e1\u0161ky Erasmus+"},"content":{"rendered":"<p><strong>Pod\u00e1v\u00e1n\u00ed p\u0159ihl\u00e1\u0161ky Erasmus+<\/strong><\/p>\n<p>Nejd\u0159\u00edve se <strong>p\u0159ihl\u00e1s\u00edte<\/strong> na webovou str\u00e1nku o stipendi\u00edch a Erasmu+ na tomto odkazu: <a href=\"https:\/\/is.cuni.cz\/webapps\/\">https:\/\/is.cuni.cz\/webapps\/<\/a><\/p>\n<p>Zde si ve slo\u017ece Erasmus vyberete \u201ePodat novou p\u0159ihl\u00e1\u0161ku\u201c a zvol\u00edte si destinaci. M\u016f\u017eete nominovat a\u017e 3 p\u0159ihl\u00e1\u0161ky. Na Erasmus m\u016f\u017eete vyjet i p\u0159es jinou katedru ne\u017e p\u0159es katedru psychologie (ale mus\u00ed to b\u00fdt v\u0161ak v r\u00e1mci pedagogick\u00e9 fakulty), v\u00a0tom p\u0159\u00edpad\u011b je t\u0159eba se \u0159\u00eddit p\u0159\u00edmo jejich po\u017eadavky na v\u00fdb\u011brov\u00e9 \u0159\u00edzen\u00ed. Mo\u017enost pod\u00e1vat p\u0159ihl\u00e1\u0161ky je do poloviny b\u0159ezna.<\/p>\n<p><strong>V\u00fdb\u011brov\u00e9 \u0159\u00edzen\u00ed<\/strong> se u n\u00e1s na kated\u0159e kon\u00e1 na za\u010d\u00e1tku dubna. <strong>Koordin\u00e1torem<\/strong> programu Erasmus+ je Mgr. David Doubek, Ph.D. (<a href=\"mailto:david.doubek@gmail.com\">david.doubek@gmail.com<\/a>). Je t\u0159eba si p\u0159ipravit <strong>motiva\u010dn\u00ed dopis v\u00a0\u010de\u0161tin\u011b a angli\u010dtin\u011b<\/strong> na t\u00e9ma pro\u010d bych cht\u011bl\/a jet studovat na danou univerzitu \u2013 m\u016f\u017eete vyzdvihnout v\u00fdhody dan\u00e9 zem\u011b, univerzity, konkr\u00e9tn\u00edch p\u0159edm\u011bt\u016f, spojen\u00ed s\u00a0va\u0161\u00edm v\u00fdzkumem, atd.<\/p>\n<p>V\u00fdb\u011brov\u00fd pohovor se kon\u00e1 <strong>v\u00a0angli\u010dtin\u011b<\/strong> (p\u0159\u00edpadn\u011b ve francouz\u0161tin\u011b \u2013 v\u00fdjezdy do Francie, nebo n\u011bm\u010din\u011b \u2013 v\u00fdjezd do N\u011bmecka). Pokud si pod\u00e1te 3 p\u0159ihl\u00e1\u0161ky, \u010d\u00edm\u017e zvy\u0161ujete svoji \u0161anci vyjet do zahrani\u010d\u00ed, p\u0159ipravte si preference, kam chcete nejv\u00edce. Po pohovoru se dozv\u00edte nominace.<\/p>\n<p>Je t\u0159eba doplnit <strong>studijn\u00ed pl\u00e1n<\/strong> \u2013 podle webov\u00fdch str\u00e1nek jednotliv\u00fdch zahrani\u010dn\u00edch univerzit. Va\u0161i nominovanou p\u0159ihl\u00e1\u0161ku m\u016f\u017eete dopl\u0148ovat st\u00e1le na stejn\u00e9 adrese: <a href=\"https:\/\/is.cuni.cz\/webapps\/\">https:\/\/is.cuni.cz\/webapps\/<\/a><\/p>\n<p>Studijn\u00ed pl\u00e1n si poskl\u00e1dejte (pokud zahrani\u010dn\u00ed univerzita nenab\u00edz\u00ed p\u0159\u00edmo program pro Erasm\u00e1ky) co nejpodobn\u011bj\u0161\u00ed tomu va\u0161emu, je v\u011bt\u0161\u00ed \u0161ance, \u017ee n\u011bkter\u00e9 p\u0159edm\u011bty v\u00e1m budou uzn\u00e1ny jako povinn\u00e9 \u010di povinn\u011b voliteln\u00e9, ostatn\u00ed p\u0159edm\u011bty budou uzn\u00e1ny (po pod\u00e1n\u00ed \u017e\u00e1dosti po n\u00e1vratu ze zahrani\u010d\u00ed) jako voliteln\u00e9. V\u00a0r\u00e1mci studijn\u00edho pl\u00e1nu mus\u00edte m\u00edt uznan\u00e9 a odsouhlasen\u00e9 3 povinn\u00e9 p\u0159edm\u011bty u n\u00e1s na kated\u0159e. <strong>Uzn\u00e1v\u00e1n\u00ed p\u0159edm\u011bt\u016f<\/strong> domlouvejte p\u0159\u00edmo s\u00a0vyu\u010duj\u00edc\u00edmi u n\u00e1s na kated\u0159e p\u0159ed odjezdem! Ke ka\u017ed\u00e9mu p\u0159edm\u011btu, kter\u00fd budete cht\u00edt uznat, pot\u0159ebujete podpis vyu\u010duj\u00edc\u00edho dan\u00e9ho p\u0159edm\u011btu. Minim\u00e1ln\u011b je dobr\u00e9 vyu\u010duj\u00edc\u00ed informovat, \u017ee jedete na Erasmus a \u017ee nebudete chodit na p\u0159edn\u00e1\u0161ky a semin\u00e1\u0159e. Do v\u0161ech p\u0159edm\u011bt\u016f vyu\u010dovan\u00fdch u n\u00e1s v semestru, kdy budete pry\u010d, se norm\u00e1ln\u011b zapi\u0161te v\u00a0SISu, pokud se s\u00a0vyu\u010duj\u00edc\u00edm nedomluv\u00edte jinak.<\/p>\n<p>Studijn\u00ed pl\u00e1n je mo\u017en\u00e9 m\u011bnit i po zah\u00e1jen\u00ed semestru v\u00a0zahrani\u010d\u00ed (zvl\u00e1\u0161tn\u00ed formul\u00e1\u0159 v\u00a0aplikaci, kde m\u00e1te p\u0159ihl\u00e1\u0161ku). Na na\u0161\u00ed kated\u0159e je t\u0159eba z\u00edskat v\u00a0zahrani\u010d\u00ed alespo\u0148 25 kredit\u016f za semestr.<\/p>\n<p>Tak\u00e9 se m\u016f\u017eete p\u0159ihl\u00e1sit na intenzivn\u00ed jazykov\u00fd kurz <strong>EILC<\/strong> (<a href=\"http:\/\/www.cuni.cz\/UK-782.html\">http:\/\/www.cuni.cz\/UK-782.html<\/a>). T\u011bchto kurz\u016f m\u016f\u017eete vyu\u017e\u00edt, pokud jedete do zem\u011b, jej\u00ed\u017e \u00fa\u0159edn\u00ed jazyk pat\u0159\u00ed mezi m\u00e9n\u011b pou\u017e\u00edvan\u00e9 \u2013 nap\u0159. d\u00e1n\u0161tina, fin\u0161tina, pol\u0161tina, vl\u00e1m\u0161tina. Kurz je pro Erasm\u00e1ky zdarma a dle d\u00e9lky kurzu m\u016f\u017eete z\u00edskat stipendium. N\u011bkter\u00e9 univerzity nab\u00edzej\u00ed zdarma tak\u00e9 vlastn\u00ed <strong>jazykov\u00e9 kurzy<\/strong> r\u016fzn\u00e9 \u00farovn\u011b pro zahrani\u010dn\u00ed studenty.<\/p>\n<p>Ka\u017ed\u00e1 <strong>zahrani\u010dn\u00ed univerzita m\u00e1 sv\u00e9 vlastn\u00ed po\u017eadavky<\/strong>, co od p\u0159ij\u00ed\u017ed\u011bj\u00edc\u00edch student\u016f pot\u0159ebuje \u2013 zvl\u00e1\u0161tn\u00ed formul\u00e1\u0159e, p\u0159ihl\u00e1\u0161ky, po\u017eadavek motiva\u010dn\u00edho dopisu, \u017eivotopisu, jazykov\u00e9ho certifik\u00e1tu atd. (najdete na str\u00e1nk\u00e1ch dan\u00e9 univerzity).<\/p>\n<p><strong>Pozor, ka\u017ed\u00e1 zahrani\u010dn\u00ed univerzita m\u00e1 n\u011bjak\u00fd deadline, do kdy mus\u00edte odeslat p\u0159ihl\u00e1\u0161ku a v\u0161echny pot\u0159ebn\u00e9 materi\u00e1ly!!! <\/strong>V\u011bt\u0161inou je mo\u017en\u00e9 v\u0161e vy\u0159izovat prost\u0159ednictv\u00edm e-mailu, n\u011bkter\u00e9 univerzity v\u0161ak trvaj\u00ed na posl\u00e1n\u00ed dokument\u016f po\u0161tou.<\/p>\n<p>Na <strong>zahrani\u010dn\u00edm odd\u011blen\u00ed Pedf UK<\/strong>, kde v\u00e1m budou podepisovat t\u00e9m\u011b\u0159 v\u0161echny d\u016fle\u017eit\u00e9 dokumenty pro v\u00e1\u0161 v\u00fdjezd, budete komunikovat s\u00a0p\u00ed. Stanislavou Vl\u010dkovou (<a href=\"mailto:stanislava.vlckova@pedf.cuni.cz\">stanislava.vlckova@pedf.cuni.cz<\/a>). Z\u00a0na\u0161\u00ed fakulty pot\u0159ebujete <strong>Protokol o studijn\u00edm pl\u00e1nu<\/strong> a tak\u00e9 <strong>Learning Agreement<\/strong>, kter\u00fd je sou\u010d\u00e1st\u00ed p\u0159ihl\u00e1\u0161ky do zahrani\u010d\u00ed (Application Form). Application Form je t\u0159eba vytisknout z\u00a0aplikace, kde je va\u0161e p\u0159ihl\u00e1\u0161ka.<\/p>\n<p>Pokud chcete bydlet v\u00a0zahrani\u010d\u00ed na <strong>koleji<\/strong> \u2013 co\u017e \u010dasto NEN\u00cd ta nejlevn\u011bj\u0161\u00ed mo\u017en\u00e1 varianta, ale z\u00e1rove\u0148 m\u00e1te jistotu ubytov\u00e1n\u00ed \u2013 je dobr\u00e9 si podat p\u0159ihl\u00e1\u0161ku co nejd\u0159\u00edve. Koleje maj\u00ed omezenou kapacitu a \u017e\u00e1dat a\u017e b\u011bhem \u010dervence m\u016f\u017ee b\u00fdt pozd\u011b.<\/p>\n<p>Potom \u010dek\u00e1te na souhlas obou univerzit \u2013 t\u00e9 na\u0161\u00ed, i t\u00e9 zahrani\u010dn\u00ed \u2013 co\u017e bude pravd\u011bpodobn\u011b a\u017e koncem \u010dervna nebo za\u010d\u00e1tkem \u010dervence, nebo\u0165 zahrani\u010dn\u00ed koordin\u00e1to\u0159i maj\u00ed obvykle n\u011bkolik t\u00fddn\u016f na zpracov\u00e1n\u00ed va\u0161\u00ed p\u0159ihl\u00e1\u0161ky. Zahrani\u010dn\u00ed univerzita v\u00e1m po\u0161le <strong>dopis<\/strong>.<\/p>\n<p>D\u00e1le je t\u0159eba z\u0159\u00eddit si <strong>cizom\u011bnov\u00fd \u00fa\u010det u KB<\/strong>, kam v\u00e1m bude posl\u00e1no stipendium (<a href=\"http:\/\/www.cuni.cz\/UK-6709.html#28\">http:\/\/www.cuni.cz\/UK-6709.html#28<\/a>). Stipendium je vypl\u00e1ceno v\u017edy na za\u010d\u00e1tku semestru v\u00a0cel\u00e9 \u010d\u00e1stce pro dan\u00e9 obdob\u00ed. O p\u0159id\u011blen\u00ed \u00fa\u010delov\u00e9ho stipendia, jeho\u017e v\u00fd\u0161e se pro ka\u017edou zemi li\u0161\u00ed, rozhoduje d\u011bkan a p\u0159\u00edslu\u0161n\u00e9 rozhodnut\u00ed jdete vy\u0159\u00eddit do Evropsk\u00e9 kancel\u00e1\u0159e RUK.<\/p>\n<p>Zp\u016fsob v\u00fdpo\u010dtu a orienta\u010dn\u00ed v\u00fd\u0161i stipendi\u00ed naleznete zde: <a href=\"http:\/\/www.naep.cz\/index.php?a=view-project-folder&amp;project_folder_id=524&amp;view_type_code=program&amp;#record_4525\">http:\/\/www.naep.cz\/index.php?a=view-project-folder&amp;project_folder_id=524&amp;view_type_code=program&amp;#record_4525<\/a><\/p>\n","protected":false},"excerpt":{"rendered":"<p>Pod\u00e1v\u00e1n\u00ed p\u0159ihl\u00e1\u0161ky Erasmus+ Nejd\u0159\u00edve se p\u0159ihl\u00e1s\u00edte na webovou str\u00e1nku o stipendi\u00edch a Erasmu+ na tomto odkazu: https:\/\/is.cuni.cz\/webapps\/ Zde si ve slo\u017ece Erasmus vyberete \u201ePodat novou p\u0159ihl\u00e1\u0161ku\u201c a zvol\u00edte si destinaci. M\u016f\u017eete nominovat a\u017e 3 p\u0159ihl\u00e1\u0161ky. Na Erasmus m\u016f\u017eete vyjet i p\u0159es jinou katedru ne\u017e p\u0159es katedru psychologie (ale mus\u00ed to b\u00fdt v\u0161ak v r\u00e1mci pedagogick\u00e9 [&hellip;]<\/p>\n","protected":false},"author":431,"featured_media":0,"parent":24,"menu_order":0,"comment_status":"closed","ping_status":"closed","template":"","meta":{"footnotes":""},"class_list":["post-40","page","type-page","status-publish","hentry"],"_links":{"self":[{"href":"https:\/\/pages.pedf.cuni.cz\/psychorada\/wp-json\/wp\/v2\/pages\/40","targetHints":{"allow":["GET"]}}],"collection":[{"href":"https:\/\/pages.pedf.cuni.cz\/psychorada\/wp-json\/wp\/v2\/pages"}],"about":[{"href":"https:\/\/pages.pedf.cuni.cz\/psychorada\/wp-json\/wp\/v2\/types\/page"}],"author":[{"embeddable":true,"href":"https:\/\/pages.pedf.cuni.cz\/psychorada\/wp-json\/wp\/v2\/users\/431"}],"replies":[{"embeddable":true,"href":"https:\/\/pages.pedf.cuni.cz\/psychorada\/wp-json\/wp\/v2\/comments?post=40"}],"version-history":[{"count":3,"href":"https:\/\/pages.pedf.cuni.cz\/psychorada\/wp-json\/wp\/v2\/pages\/40\/revisions"}],"predecessor-version":[{"id":607,"href":"https:\/\/pages.pedf.cuni.cz\/psychorada\/wp-json\/wp\/v2\/pages\/40\/revisions\/607"}],"up":[{"embeddable":true,"href":"https:\/\/pages.pedf.cuni.cz\/psychorada\/wp-json\/wp\/v2\/pages\/24"}],"wp:attachment":[{"href":"https:\/\/pages.pedf.cuni.cz\/psychorada\/wp-json\/wp\/v2\/media?parent=40"}],"curies":[{"name":"wp","href":"https:\/\/api.w.org\/{rel}","templated":true}]}}