{"id":446,"date":"2017-01-23T16:04:13","date_gmt":"2017-01-23T15:04:13","guid":{"rendered":"http:\/\/pages.pedf.cuni.cz\/psychorada\/?page_id=446"},"modified":"2018-08-21T14:37:30","modified_gmt":"2018-08-21T12:37:30","slug":"uchazeci","status":"publish","type":"page","link":"https:\/\/pages.pedf.cuni.cz\/psychorada\/uchazeci\/","title":{"rendered":"Uchaze\u010di"},"content":{"rendered":"<h4>Zaj\u00edm\u00e1 t\u011b psychologie a cht\u011bl\/a bys ji studovat?<\/h4>\n<p>Na t\u00e9to str\u00e1nce nalezne\u0161 n\u011bkolik u\u017eite\u010dn\u00fdch informac\u00ed o studiu na na\u0161\u00ed fakult\u011b a z\u00e1rove\u0148 odpov\u011bdi na nej\u010dast\u011bj\u0161\u00ed dotazy.<\/p>\n<h4><span style=\"color: #800080\"><strong>N\u00e1zev oboru<\/strong><\/span><\/h4>\n<p>Od akademick\u00e9ho roku 2017\/2018 se n\u00e1\u0161 bakal\u00e1\u0159sk\u00fd obor nov\u011b jmenuje &#8220;<strong><em>Psychologie s roz\u0161\u00ed\u0159en\u00edm o speci\u00e1ln\u00ed pedagogiku<\/em><\/strong>&#8220;, do t\u00e9 doby nesl n\u00e1zev &#8220;Psychologie a speci\u00e1ln\u00ed pedagogika&#8221;. N\u00e1zev se zm\u011bnil z d\u016fvodu, \u017ee se jedn\u00e1 o studium jednooborov\u00e9 psychologie, nikoliv o kombinaci dvou obor\u016f najednou.<\/p>\n<hr \/>\n<h4><strong><span style=\"color: #800080\">\u00a0Jak\u00a0podat p\u0159ihl\u00e1\u0161ku<\/span><\/strong><\/h4>\n<p>P\u0159ihl\u00e1\u0161ka se pod\u00e1v\u00e1 skrz webov\u00fd port\u00e1l\u00a0<a href=\"https:\/\/is.cuni.cz\/studium\/prijimacky\/\">https:\/\/is.cuni.cz\/studium\/prijimacky\/<\/a>. Datum, do kdy mus\u00ed\u0161 p\u0159ihl\u00e1\u0161ku podat nalezne\u0161 na webovk\u00e1ch pedagogick\u00e9 fakulty v z\u00e1lo\u017ece pro uchaze\u010de (<a href=\"http:\/\/www.pedf.cuni.cz\/PEDF-125.html\">http:\/\/www.pedf.cuni.cz\/PEDF-125.html<\/a>).<\/p>\n<hr \/>\n<h4><span style=\"color: #800080\"><strong>Jak\u00e9 p\u0159edm\u011bty se u n\u00e1s studuj\u00ed<\/strong><\/span><\/h4>\n<p>Na\u0161e studium se skl\u00e1d\u00e1 ze t\u0159\u00ed skupin p\u0159edm\u011bt\u016f:<\/p>\n<ul>\n<li><span style=\"text-decoration: underline\">Povinn\u00e9<\/span> &#8211; ty mus\u00ed absolvovat ka\u017ed\u00fd &#8211; jedn\u00e1 se o p\u0159edm\u011bty z psychologie (nap\u0159. Obecn\u00e1 psychologie) , speci\u00e1ln\u00ed pedagogiky (nap\u0159. Speci\u00e1ln\u00ed pedagogika osob s ment\u00e1ln\u00edm posti\u017een\u00edm) a fakultn\u00edho z\u00e1kladu (nap\u0159. \u00davod do pedagogiky)<\/li>\n<li><span style=\"text-decoration: underline\">Povinn\u011b voliteln\u00e9<\/span> &#8211; jsou nab\u00edzeny katedrou a je ur\u010den po\u010det kredit\u016f , kter\u00fd mus\u00ed student v pr\u016fb\u011bhu studia z\u00edskat za jejich pln\u011bn\u00ed &#8211; lze si ale z nab\u00eddky vybrat to, co v\u00e1s zaj\u00edm\u00e1<\/li>\n<li><span style=\"text-decoration: underline\">Voliteln\u00e9<\/span> &#8211; op\u011bt ur\u010deny po\u010dtem kredit\u016f, kter\u00e9 mus\u00ed student v pr\u016fb\u011bhu studia nasb\u00edrat, ale m\u016f\u017ee se jednat o jak\u00fdkoliv p\u0159edm\u011bt z jak\u00e9koliv fakulty UK<\/li>\n<\/ul>\n<p>Kompletn\u00ed studijn\u00ed pl\u00e1n k nahl\u00e9dnut\u00ed zde:\u00a0<a href=\"http:\/\/www.pedf.cuni.cz\/PEDF-772-version1-b_psychologie_s_rozsirenim_o_s.pdf\">http:\/\/www.pedf.cuni.cz\/PEDF-772-version1-b_psychologie_s_rozsirenim_o_s.pdf<\/a><\/p>\n<hr \/>\n<h4><span style=\"color: #800080\"><strong>Kde prob\u00edh\u00e1 v\u00fduka<\/strong><\/span><\/h4>\n<p>V\u00fduka prob\u00edh\u00e1 ve dvou budov\u00e1ch, kter\u00e9 jsou od sebe vzd\u00e1leny cca 5 minut ch\u016fze.<\/p>\n<ul>\n<li>Prvn\u00ed budovou je hlavn\u00ed budova PedF &#8211;\u00a0Magdal\u00e9ny Rettigov\u00e9 4, \u00a0Praha 1<\/li>\n<li>Druh\u00fdm m\u00edstem v\u00fduky je budova katedry psychologie &#8211;\u00a0Mysl\u00edkova 7, Praha 1<\/li>\n<\/ul>\n<hr \/>\n<h4><span style=\"color: #800080\"><strong>Jak vypad\u00e1 p\u0159ij\u00edmac\u00ed \u0159\u00edzen\u00ed<\/strong><\/span><\/h4>\n<p><strong><span style=\"text-decoration: underline\">Bakal\u00e1\u0159sk\u00fd studijn\u00ed program<\/span><\/strong><\/p>\n<p>P\u0159ij\u00edmac\u00ed zkou\u0161ka do studijn\u00edho oboru Psychologie s roz\u0161\u00ed\u0159en\u00edm o speci\u00e1ln\u00ed pedagogiku je <strong>jednokolov\u00e1<\/strong> a tvo\u0159\u00ed ji <strong>p\u00edsemn\u00fd test<\/strong>, kter\u00fd vych\u00e1z\u00ed v\u00fdhradn\u011b z doporu\u010den\u00fdch odborn\u00fdch publikac\u00ed. Test je krou\u017ekovac\u00ed a v\u017edy je spr\u00e1vn\u00e1 pouze jedna odpov\u011b\u010f z nab\u00edzen\u00fdch mo\u017enost\u00ed.<\/p>\n<p>\u010c\u00e1st testov\u00fdch ot\u00e1zek je formulov\u00e1na v anglick\u00e9m jazyce &#8211; v\u011bt\u0161inou se pohybuje kolem \u00farovn\u011b B2.<\/p>\n<p>V testu jsou p\u0159\u00edtomny ot\u00e1zky jak z okruhu psychologie, tak z okruhu speci\u00e1ln\u00ed pedagogiky.<\/p>\n<p>Maxim\u00e1ln\u00ed po\u010det bod\u016f z testu je 100, \u010das na vypln\u011bn\u00ed testu obvykle b\u00fdv\u00e1 120 minut.<\/p>\n<p><span style=\"text-decoration: underline\"><em>Doporu\u010den\u00e1 literatura:<\/em><\/span><\/p>\n<ul>\n<li>Nolen-Hoeksema, S., Fredrickson, B.L., Loftus, G.R., Wagenaar, W.A: <strong>Psychologie Atkinsonov\u00e9 a Hilgarda.<\/strong> Port\u00e1l 2012.<br \/>\n&#8211; naprosto st\u011b\u017eejn\u00ed u\u010debnice, bez kter\u00e9 se u p\u0159ij\u00edmac\u00edch zkou\u0161ek neobejdete<\/li>\n<li><strong>Fischer<\/strong>, S. <strong>Speci\u00e1ln\u00ed pedagogika:<\/strong> edukace a rozvoj osob se somatick\u00fdm, psychick\u00fdm a soci\u00e1ln\u00edm znev\u00fdhodn\u011bn\u00edm. Praha: Triton, 2008.<\/li>\n<li><strong>Slow\u00edk<\/strong>, J. <strong>Speci\u00e1ln\u00ed pedagogika<\/strong>. Prevence a diagnostika; terapie a poradenstv\u00ed; vzd\u011bl\u00e1v\u00e1n\u00ed osob s r\u016fzn\u00fdm posti\u017een\u00edm; \u010dlov\u011bk s handicapem a spole\u010dnost. Praha: Grada Publishing, 2007.<\/li>\n<\/ul>\n<p><strong><span style=\"text-decoration: underline\">Navazuj\u00edc\u00ed magistersk\u00fd studijn\u00ed program<\/span><\/strong><\/p>\n<p>P\u0159ij\u00edmac\u00ed zkou\u0161ka je <strong>dvoukolov\u00e1<\/strong> a lze v n\u00ed z\u00edskat maxim\u00e1ln\u011b 100 bod\u016f.<\/p>\n<p><strong><span style=\"color: #333399\">1)<\/span> P\u00edsemn\u00e1<\/strong> zkou\u0161ka &#8211; max. 70 bod\u016f<\/p>\n<ul>\n<li>znalosti v rozsahu st\u00e1tn\u00ed z\u00e1v\u011bre\u010dn\u00e9 zkou\u0161ky bakal\u00e1\u0159sk\u00e9ho studijn\u00edho programu Psychologie na PedF UK<\/li>\n<li>\u00falohy s v\u00fdb\u011brem z nab\u00edzen\u00fdch odpov\u011bd\u00ed<\/li>\n<li>obsahuje 15 % \u00faloh, kter\u00e9 jsou formulov\u00e1ny v angli\u010dtin\u011b na \u00farovni jednodu\u0161\u0161\u00edch odborn\u00fdch text\u016f<\/li>\n<\/ul>\n<p><span style=\"color: #333399\"><strong>2)<\/strong><\/span> <strong>\u00dastn\u00ed<\/strong> zkou\u0161ka &#8211; max. 30 bod\u016f<\/p>\n<p>\u00dastn\u00ed zkou\u0161ka zahrnuje p\u0159edev\u0161\u00edm:<\/p>\n<p style=\"padding-left: 30px\"><strong>a)<\/strong> rozpravu o<em> bakal\u00e1\u0159sk\u00e9 pr\u00e1ci<\/em> (max. 15 bod\u016f),<br \/>\n<strong>b)<\/strong> rozpravu o <em>vybran\u00e9 knize<\/em> z okruhu prostudovan\u00e9 odborn\u00e9 literatury, jej\u00ed\u017e seznam uchaze\u010d p\u0159i \u00fastn\u00ed zkou\u0161ce p\u0159edlo\u017e\u00ed (max. 9 bod\u016f),<br \/>\n<strong>c)<\/strong><em> reflexi st\u00e1\u017e\u00ed<\/em> na odborn\u00fdch pracovi\u0161t\u00edch \u010di v\u00fdcvik\u016f a jin\u00fdch aktivit dokumentuj\u00edc\u00edch jeho motivaci ke studiu (max. 6 bod\u016f). Nejsou bonifikov\u00e1ny aktivity jako takov\u00e9 (tj. jejich sou\u010det), uchaze\u010d nezas\u00edl\u00e1 ani nep\u0159edkl\u00e1d\u00e1 form\u00e1ln\u00ed doklady \u010di potvrzen\u00ed o vykonan\u00fdch st\u00e1\u017e\u00edch \u010di v\u00fdcvic\u00edch.<\/p>\n<hr \/>\n<h4><strong><span style=\"color: #800080\">Jak je to s prax\u00ed<\/span><\/strong><\/h4>\n<p>Co se t\u00fd\u010de p\u0159ij\u00edmac\u00edch zkou\u0161ek na bakal\u00e1\u0159sk\u00e9 studium, tak se na praxi ohled nebere, zkou\u0161ka je opravdu pouze p\u00edsemn\u00e1. U magistersk\u00fdch p\u0159ij\u00edma\u010dek, se ji\u017e s dolo\u017een\u00edm praxe po\u010d\u00edt\u00e1 jako dolo\u017een\u00ed motivace ke studiu.<\/p>\n<p>V r\u00e1mci bakal\u00e1\u0159sk\u00e9ho studia nen\u00ed \u017e\u00e1dn\u00e1 praxe povinn\u00e1. Student si m\u016f\u017ee za\u0159\u00eddit praxi s\u00e1m (a \u010das na to je :)) \u00a0V r\u00e1mci magistra u\u017e jsou praxe povinnou sou\u010d\u00e1st\u00ed studijn\u00edho pl\u00e1nu a jsou r\u016fzn\u00e9ho typu. \u010c\u00e1st st\u00e1\u017e\u00ed se pln\u00ed na klinick\u00fdch, \u010d\u00e1st na poradensk\u00fdch pracovi\u0161t\u00edch, \u010d\u00e1st m\u016f\u017ee b\u00fdt spln\u011bna v\u00fdzkumem.<\/p>\n<hr \/>\n<h4><span style=\"color: #800080\"><strong>Jak je to s jazyky<\/strong><\/span><\/h4>\n<p>U n\u00e1s na kated\u0159e ciz\u00ed jazyky vyu\u010dov\u00e1ny nejsou, ani se z\u00a0nich neskl\u00e1d\u00e1 \u017e\u00e1dn\u00e1 zkou\u0161ka. Implicitn\u00ed p\u0159edpoklad ov\u0161em je, \u017ee v\u0161ichni studenti ovl\u00e1daj\u00ed st\u0159edn\u011b pokro\u010dilou angli\u010dtinu &#8211; velmi \u010dasto se pracuje s odborn\u00fdmi texty v AJ. Lze si zapsat ciz\u00ed jazyky z\u00a0jin\u00fdch fakult. Je pot\u0159eba pozorn\u011b si p\u0159e\u010d\u00edst, jak\u00e1 \u00farove\u0148 jazyka se tam p\u0159edpokl\u00e1d\u00e1 a jak\u00e9 jsou podm\u00ednky spln\u011bn\u00ed.<\/p>\n<hr \/>\n<h4><span style=\"color: #800080\"><strong>Erasmus<\/strong><\/span><\/h4>\n<p>Pokud t\u011b l\u00e1k\u00e1 Erasmus, tak i u n\u00e1s na kated\u0159e je mo\u017enost vycestovat! Nav\u00edc z\u00e1jemc\u016f neb\u00fdv\u00e1 \u00fapln\u011b mnoho, tak\u017ee \u0161ance na vyjet\u00ed jsou pom\u011brn\u011b vysok\u00e9.<\/p>\n<hr \/>\n<h4><span style=\"color: #800080\"><strong>Ot\u00e1zky a odpov\u011bdi:<\/strong><\/span><\/h4>\n<p><strong>Q: Kolik je \u010dasu na p\u0159ij\u00edmac\u00ed zkou\u0161ku a kolik je ot\u00e1zek?<\/strong><\/p>\n<p>A: \u010cas na vyplen\u011bn\u00ed je obvykle\u00a02-3 hodiny a ot\u00e1zek b\u00fdv\u00e1 kolem 120 -135.<\/p>\n<p><strong>Q: Studijn\u00ed obor je Psychologie a speci\u00e1ln\u00ed pedagogika, ale j\u00e1 chci d\u011blat sp\u00ed\u0161e psychologii. Fakt se mus\u00edm u\u010dit i tu specku?<\/strong><\/p>\n<p>A: Ano, opravdu mus\u00ed\u0161. V\u00a0prvn\u00edm ro\u010dn\u00edku t\u011b \u010dek\u00e1 \u00favod do n\u011bkter\u00fdch speci\u00e1ln\u011b pedagogick\u00fdch discipl\u00edn, kter\u00e9 pat\u0159\u00ed mezi povinn\u00e9 p\u0159edm\u011bty tv\u00e9ho studia. Sezn\u00e1m\u00ed\u0161 se tedy se v\u0161emi z\u00e1kladn\u00edmi discipl\u00ednami, ale neboj, ve vy\u0161\u0161\u00edch ro\u010dn\u00edc\u00edch se bude\u0161 moci zam\u011b\u0159it v\u00edce na ty, kter\u00e9 t\u011b zaujaly.<\/p>\n<p>&nbsp;<\/p>\n<p><strong>Q: Studijn\u00ed obor je Psychologie a speci\u00e1ln\u00ed pedagogika, ale j\u00e1 chci d\u011blat sp\u00ed\u0161e speci\u00e1ln\u00ed pedagogiku. Fakt se mus\u00edm u\u010dit i tu psychologii?<\/strong><\/p>\n<p>A: Ano, opravdu mus\u00ed\u0161. Po absolvov\u00e1n\u00ed\u00a0bakal\u00e1\u0159e pak v\u00a0p\u0159\u00edpad\u011b z\u00e1jmu m\u016f\u017ee\u0161 podat p\u0159ihl\u00e1\u0161ku na magistersk\u00e9 studium speci\u00e1ln\u00ed pedagogiky.<\/p>\n<p>&nbsp;<\/p>\n<p><strong>Q: Jak je studium psychologie na PedF \u010dasov\u011b n\u00e1ro\u010dn\u00e9? Jak\u00fd budeme m\u00edt v\u00a0prv\u00e1ku rozvrh?<\/strong><\/p>\n<p>A: Studium je zalo\u017een\u00e9 na povinn\u00fdch p\u0159edm\u011btech, povinn\u011b voliteln\u00fdch p\u0159edm\u011btech a voliteln\u00fdch p\u0159edm\u011btech. Tv\u016fj rozvrh tak bude tvo\u0159it pevn\u011b dan\u00e1 \u010d\u00e1st slo\u017een\u00e1 z\u00a0povinn\u00fdch p\u0159edm\u011bt\u016f, kter\u00e1 se obvykle rozlo\u017e\u00ed do dvou \u010di t\u0159\u00ed dn\u016f. Zbytek tv\u00e9ho rozvrhu bude z\u00e1le\u017eet na volb\u011b PV a V\u00a0p\u0159edm\u011bt\u016f.<\/p>\n<p>&nbsp;<\/p>\n<p><strong>Q: A na co se tedy m\u016f\u017eu v\u00a0prv\u00e1ku t\u011b\u0161it?<\/strong><\/p>\n<p>A: Z\u00a0psychologie se dozv\u00ed\u0161 n\u011bco o v\u00fdvojov\u00e9 psychologii, o obecn\u00e9 psychologii, tak\u00e9 zjist\u00ed\u0161, jak se obor psychologie vyv\u00edjel v\u00a0d\u011bjin\u00e1ch. Tak\u00e9 se dozv\u00ed\u0161 n\u011bco o v\u00fdzkumu a spoustu dal\u0161\u00edch v\u011bc\u00ed! Ze speci\u00e1ln\u00ed pedagogiky se sezn\u00e1m\u00ed\u0161 nap\u0159\u00edklad se speci\u00e1ln\u00ed pedagogikou znev\u00fdhodn\u011bn\u00e9ho \u010dlov\u011bka se sluchov\u00fdm, zrakov\u00fdm, ment\u00e1ln\u00edm nebo t\u011blesn\u00fdm posti\u017een\u00edm.<\/p>\n<p>&nbsp;<\/p>\n<p><strong>Q: L\u00e1k\u00e1 m\u011b klinick\u00e1 psychologie, ale nev\u00edm, jestli po vystudov\u00e1n\u00ed psychologie na PedF m\u016f\u017eu nastoupit do p\u0159edatesta\u010dn\u00ed p\u0159\u00edpravy.<\/strong><\/p>\n<p>A: V\u00a0sou\u010dasn\u00e9 dob\u011b je umo\u017en\u011bno student\u016fm, kte\u0159\u00ed vystuduj\u00ed magistersk\u00e9 studium v jednooborov\u00e9 psychologii do p\u0159edatesta\u010dn\u00ed p\u0159\u00edpravy nastoupit. Jeliko\u017e je psychologie na PedF UK akreditovan\u00e1 jako jednooborov\u00e9 studium,<strong> m\u016f\u017ee\u0161<\/strong> po bakal\u00e1\u0159i pokra\u010dovat v\u00a0jednooborov\u00e9 psychologii na navazuj\u00edc\u00edm magistersk\u00e9m studiu. Po jej\u00edm zvl\u00e1dnut\u00ed se m\u016f\u017ee\u0161 zapojit do p\u0159ed-atesta\u010dn\u00ed p\u0159\u00edpravy na klinick\u00e9ho psychologa. N\u011bkte\u0159\u00ed na\u0161i absolventi pracuj\u00ed nap\u0159. v Bohnic\u00edch nebo FN Motol.<\/p>\n<p>&nbsp;<\/p>\n<p><strong>Q: Jak\u00e9 je uplatn\u011bn\u00ed po vystudov\u00e1n\u00ed Bc. a Nmgr. oboru Psychologie a speci\u00e1ln\u00ed pedagogika. M\u016f\u017ee b\u00fdt absolvent nap\u0159. d\u011btsk\u00fdm psychologem, logopedem \u010di personalistou?<\/strong><\/p>\n<p>A: Po vystudov\u00e1n\u00ed Bc. m\u016f\u017ee\u0161 do r\u016fzn\u00fdch oblast\u00ed psychologie na asistentsk\u00e9 pozice, po vystudov\u00e1n\u00ed navazuj\u00edc\u00edho magistra (obor je Psychologie) m\u016f\u017ee\u0161 p\u016fsobit samostatn\u011b v jak\u00e9koli oblasti psychologie, tj. m\u016f\u017ee\u0161 si doplnit kvalifika\u010dn\u00ed po\u017eadavky na klinick\u00e9ho psychologa \u010di se st\u00e1t personalistkou. Obor je akreditov\u00e1n jako <strong>jednooborov\u00e1 psychologie<\/strong>, mo\u017enosti jsou t\u00edm p\u00e1dem stejn\u00e9, jako z kter\u00e9koli jin\u00e9 \u0161koly\/fakulty s psychologi\u00ed. Logopedie se ur\u010dit\u011b vyu\u010duje i jako samostatn\u00fd obor, pro sm\u011b\u0159ov\u00e1n\u00ed do logopedie bude asi vhodn\u011bj\u0161\u00ed bu\u010f p\u0159\u00edmo studium logopedie nebo oboru speci\u00e1ln\u00ed pedagogika. Po ukon\u010den\u00ed Bc. psychologie a speci\u00e1ln\u00ed pedagogiky je mo\u017en\u00e9 p\u0159ej\u00edt na Mgr. na speci\u00e1ln\u00ed pedagogiku.<\/p>\n","protected":false},"excerpt":{"rendered":"<p>Zaj\u00edm\u00e1 t\u011b psychologie a cht\u011bl\/a bys ji studovat? Na t\u00e9to str\u00e1nce nalezne\u0161 n\u011bkolik u\u017eite\u010dn\u00fdch informac\u00ed o studiu na na\u0161\u00ed fakult\u011b a z\u00e1rove\u0148 odpov\u011bdi na nej\u010dast\u011bj\u0161\u00ed dotazy. N\u00e1zev oboru Od akademick\u00e9ho roku 2017\/2018 se n\u00e1\u0161 bakal\u00e1\u0159sk\u00fd obor nov\u011b jmenuje &#8220;Psychologie s roz\u0161\u00ed\u0159en\u00edm o speci\u00e1ln\u00ed pedagogiku&#8220;, do t\u00e9 doby nesl n\u00e1zev &#8220;Psychologie a speci\u00e1ln\u00ed pedagogika&#8221;. N\u00e1zev se [&hellip;]<\/p>\n","protected":false},"author":431,"featured_media":0,"parent":0,"menu_order":0,"comment_status":"closed","ping_status":"closed","template":"","meta":{"footnotes":""},"class_list":["post-446","page","type-page","status-publish","hentry"],"_links":{"self":[{"href":"https:\/\/pages.pedf.cuni.cz\/psychorada\/wp-json\/wp\/v2\/pages\/446","targetHints":{"allow":["GET"]}}],"collection":[{"href":"https:\/\/pages.pedf.cuni.cz\/psychorada\/wp-json\/wp\/v2\/pages"}],"about":[{"href":"https:\/\/pages.pedf.cuni.cz\/psychorada\/wp-json\/wp\/v2\/types\/page"}],"author":[{"embeddable":true,"href":"https:\/\/pages.pedf.cuni.cz\/psychorada\/wp-json\/wp\/v2\/users\/431"}],"replies":[{"embeddable":true,"href":"https:\/\/pages.pedf.cuni.cz\/psychorada\/wp-json\/wp\/v2\/comments?post=446"}],"version-history":[{"count":28,"href":"https:\/\/pages.pedf.cuni.cz\/psychorada\/wp-json\/wp\/v2\/pages\/446\/revisions"}],"predecessor-version":[{"id":557,"href":"https:\/\/pages.pedf.cuni.cz\/psychorada\/wp-json\/wp\/v2\/pages\/446\/revisions\/557"}],"wp:attachment":[{"href":"https:\/\/pages.pedf.cuni.cz\/psychorada\/wp-json\/wp\/v2\/media?parent=446"}],"curies":[{"name":"wp","href":"https:\/\/api.w.org\/{rel}","templated":true}]}}