{"id":523,"date":"2017-02-12T17:31:04","date_gmt":"2017-02-12T16:31:04","guid":{"rendered":"http:\/\/pages.pedf.cuni.cz\/psychorada\/?page_id=523"},"modified":"2017-02-12T18:11:16","modified_gmt":"2017-02-12T17:11:16","slug":"praxe","status":"publish","type":"page","link":"https:\/\/pages.pedf.cuni.cz\/psychorada\/studium\/praxe\/","title":{"rendered":"Praxe"},"content":{"rendered":"<h2><strong>Mo\u017enosti praxe pro studenty bakal\u00e1\u0159sk\u00e9ho programu<\/strong><\/h2>\n<p>Mnoz\u00ed \u010dasto v\u00e1haj\u00ed, kde by m\u011bli sb\u00edrat cenn\u00e9 praktick\u00e9 zku\u0161enosti, zejm\u00e9na v\u00a0pr\u016fb\u011bhu bakal\u00e1\u0159sk\u00e9ho studia. Zeptali jsme se proto student\u016f samotn\u00fdch, jakou oni m\u011bli praxi v\u00a0pr\u016fb\u011bhu bakal\u00e1\u0159sk\u00e9ho studia (nebo je\u0161t\u011b p\u0159edt\u00edm). Tady jsou jejich odpov\u011bdi:<\/p>\n<p><strong><span style=\"text-decoration: underline\">N\u00e1zev organizace:<\/span><\/strong><span style=\"color: #0000ff\"><strong> Jedli\u010dk\u016fv \u00fastav a \u0161koly<\/strong><\/span><\/p>\n<p><span style=\"text-decoration: underline\">N\u00e1zev pozice:<\/span>\u00a0Asistent pedagoga<\/p>\n<p><span style=\"text-decoration: underline\">Popis pr\u00e1ce:<\/span>\u00a0Pomoc u\u010diteli a jin\u00fdm pedagog\u016fm \u010di ostatn\u00edm pracovn\u00edk\u016f p\u0159i vzd\u011bl\u00e1v\u00e1n\u00ed a v\u00fdchov\u011b \u017e\u00e1k\u016f s t\u011blesn\u00fdm a kombinovan\u00fdm posti\u017een\u00edm<\/p>\n<p><span style=\"text-decoration: underline\">V\u00fdhody:<\/span> P\u0159\u00edjemn\u00fd kolektiv, mo\u017enost pracovat s r\u016fzn\u00fdmi pracovn\u00edky pom\u00e1haj\u00edc\u00edch profes\u00ed (psych., spec.pedag., fyzioterap., soc.prac.,&#8230;), organizace vych\u00e1z\u00ed vst\u0159\u00edc vzd\u011bl\u00e1v\u00e1n\u00ed pracovn\u00edk\u016f, mo\u017enost supervize<\/p>\n<p><span style=\"text-decoration: underline\">Odm\u011bny za pr\u00e1ci:<\/span> Zaj\u00edmav\u00e9 semin\u00e1\u0159e, supervize, kulturn\u00ed a spole\u010densk\u00e9 akce organizace<\/p>\n<p><span style=\"text-decoration: underline\">Webov\u00e9 str\u00e1nky organizace:<\/span> <a href=\"http:\/\/www.jus.cz\">www.jus.cz<\/a><\/p>\n<hr \/>\n<p><strong><span style=\"text-decoration: underline\">N\u00e1zev organizace:<\/span> <span style=\"color: #33cccc\">PPP \u010cesk\u00e9 Bud\u011bjovice<\/span><\/strong><\/p>\n<p><span style=\"text-decoration: underline\">N\u00e1zev pozice:<\/span>\u00a0St\u00e1\u017e &#8211; t\u00fddenn\u00ed praxe<\/p>\n<p><span style=\"text-decoration: underline\">Popis pr\u00e1ce:<\/span> T\u00fddenn\u00ed kole\u010dko po PPP v rozsahu 30 hodin. Sezn\u00e1men\u00ed s prac\u00ed psychologa, spec.pedagoga,metodika prevence. Nahl\u00ed\u017een\u00ed do kazuistik, n\u00e1slechy vy\u0161et\u0159en\u00ed, vyhodnocov\u00e1n\u00ed test\u016f.<\/p>\n<p><span style=\"text-decoration: underline\">V\u00fdhody:<\/span> P\u0159\u00edjemn\u00e9 prost\u0159ed\u00ed, sezn\u00e1mila jsem se s chodem poradny<\/p>\n<p><span style=\"text-decoration: underline\">Odm\u011bny za pr\u00e1ci:<\/span> Finan\u010dn\u00ed odm\u011bnu neposkytuj\u00ed<\/p>\n<hr \/>\n<p><strong><span style=\"text-decoration: underline\">N\u00e1zev organizace:<\/span><\/strong> <span style=\"color: #993366\"><strong>Dobr\u00e1 rodina<\/strong><\/span><\/p>\n<p><span style=\"text-decoration: underline\">N\u00e1zev pozice:<\/span> Dobrovoln\u00edk<\/p>\n<p><span style=\"text-decoration: underline\">Popis pr\u00e1ce:<\/span> Dou\u010dov\u00e1n\u00ed d\u00edt\u011bte v p\u011bstounsk\u00e9 rodin\u011b, P\u0159\u00edle\u017eitostn\u00e9 hl\u00edd\u00e1n\u00ed d\u011bt\u00ed<\/p>\n<p><span style=\"text-decoration: underline\">V\u00fdhody:<\/span> Koordin\u00e1torka v\u017edy pos\u00edl\u00e1 nab\u00eddku hl\u00edd\u00e1n\u00ed nebo dou\u010dov\u00e1n\u00ed, kter\u00e1 jsou t\u0159eba a vy dle sv\u00fdch mo\u017enost\u00ed pom\u016f\u017eete. Dou\u010dov\u00e1n\u00ed pot\u00e9 prob\u00edh\u00e1 pravideln\u011b a jde u\u017e jen o to, domluvit se s rodinou kdy,s\u00eddlo v centru Prahy, vstupn\u00ed \u0161kolen\u00ed<\/p>\n<p><span style=\"text-decoration: underline\">Nev\u00fdhody<\/span> (pokud n\u011bjak\u00e9): T\u00edm, \u017ee za\u010dnete dou\u010dovat v rodin\u011b, jste docela &#8220;odst\u0159ihnuti&#8221; od organizace<\/p>\n<p><span style=\"text-decoration: underline\">Odm\u011bny za pr\u00e1ci:<\/span> Jako dobrovoln\u00edk m\u00e1te mo\u017enosti chodit na semin\u00e1\u0159e o p\u011bstounstv\u00ed p\u0159\u00edmo v organizaci.<\/p>\n<p><span style=\"text-decoration: underline\">Webov\u00e9 str\u00e1nky organizace:<\/span> www.dobrarodina.cz<\/p>\n<hr \/>\n<p><strong><span style=\"text-decoration: underline\">N\u00e1zev organizace:<\/span><\/strong>\u00a0<span style=\"color: #ff9900\"><strong>Hl\u00edda\u010dky.cz<\/strong><\/span><\/p>\n<p><span style=\"text-decoration: underline\">N\u00e1zev pozice:<\/span> Ch\u016fva<\/p>\n<p><span style=\"text-decoration: underline\">Popis pr\u00e1ce:<\/span> Jde o internetovou str\u00e1nku, kde maminky p\u0159id\u00e1vaj\u00ed inzer\u00e1ty, \u017ee cht\u011bj\u00ed hl\u00eddat sv\u00e9 d\u011bti &#8211; jednor\u00e1zov\u011b i pravideln\u011b. Zaregistrujete se a pot\u00e9 m\u00e1te mo\u017enost se jim ozvat. D\u00e1le u\u017e se domlouv\u00e1te p\u0159\u00edmo s nimi.<\/p>\n<p><span style=\"text-decoration: underline\">V\u00fdhody:<\/span> \u010casov\u00e1 flexibilita, pen\u00edze &#8220;na ruku&#8221;, mo\u017enost si vybrat<\/p>\n<p><span style=\"text-decoration: underline\">Odm\u011bny za pr\u00e1ci:<\/span> Finan\u010dn\u00ed odm\u011bna, kter\u00e1 samoz\u0159ejm\u011b z\u00e1vis\u00ed na domluv\u011b s danou rodinou<\/p>\n<p><span style=\"text-decoration: underline\">Webov\u00e9 str\u00e1nky organizace:<\/span> <a href=\"https:\/\/www.hlidacky.cz\/?gclid=CjwKEAiArIDFBRCe_9DJi6Or0UcSJAAK1nFvA-aXAy8drH2hpiDscdDl0MiuVPtOM2qLck7DH3O78xoCvE_w_wcB\">www.hlidacky.cz<\/a><\/p>\n<hr \/>\n<p><strong><span style=\"text-decoration: underline\">N\u00e1zev organizace:<\/span> <span style=\"color: #ff99cc\">Dobrovolnick\u00e9 centrum L\u00e9ko\u0159ice<\/span><\/strong><\/p>\n<p><span style=\"text-decoration: underline\">N\u00e1zev pozice:<\/span> Dobrovoln\u00edk<\/p>\n<p><span style=\"text-decoration: underline\">Popis pr\u00e1ce:<\/span> Chodila jsem na jedno z odd\u011blen\u00ed podle sv\u00e9ho v\u00fdb\u011bru, a zp\u0159\u00edjem\u0148ovala jsem tam pacient\u016fm str\u00e1ven\u00fd \u010das (pov\u00edd\u00e1n\u00ed, hry&#8230;).<\/p>\n<p><span style=\"text-decoration: underline\">V\u00fdhody:<\/span> Hrozn\u011b mil\u00fd p\u0159\u00edstup koordin\u00e1torek<\/p>\n<p><span style=\"text-decoration: underline\">Odm\u011bny za pr\u00e1ci:<\/span> \u0160kolen\u00ed, p\u016fj\u010dov\u00e1n\u00ed kn\u00ed\u017eek, n\u011bjak\u00e9 kurzy od nich zdarma (angli\u010dtina, j\u00f3ga&#8230;), supervize<\/p>\n<p><span style=\"text-decoration: underline\">Webov\u00e9 str\u00e1nky organizace:<\/span>\u00a0<a href=\"http:\/\/www.lekorice.com\">www.lekorice.com<\/a><\/p>\n<hr \/>\n<p><span style=\"text-decoration: underline\"><strong>N\u00e1zev organizace:<\/strong><\/span> <strong><span style=\"color: #ff00ff\">Vinohradsk\u00e1 nemocnice &#8211; z.s. L\u00e9ko\u0159ice<\/span><\/strong><\/p>\n<p><span style=\"text-decoration: underline\">N\u00e1zev pozice:<\/span> Dobrovoln\u00edk<\/p>\n<p><span style=\"text-decoration: underline\">Popis pr\u00e1ce:<\/span> Doch\u00e1zen\u00ed na odd\u011blen\u00ed neurologie, pov\u00edd\u00e1n\u00ed a jin\u00e9 aktivity s pacienty dle mo\u017enost\u00ed dobrovoln\u00edka &#8211; na v\u00fdb\u011br je n\u011bkolik odd\u011blen\u00ed.<\/p>\n<p><span style=\"text-decoration: underline\">V\u00fdhody:<\/span> Z\u00edsk\u00e1n\u00ed p\u0159\u00edm\u00e9 zku\u0161enosti s pacienty, pravideln\u00e1 supervize, flexibilita p\u0159i doch\u00e1zen\u00ed, sami si vyb\u00edr\u00e1te, za jakou skupinou pacient\u016f chcete chodit.<\/p>\n<p><span style=\"text-decoration: underline\">Nev\u00fdhody (pokud n\u011bjak\u00e9):<\/span> M\u016f\u017ee se st\u00e1t rutinou, n\u011bkdy o dobrovoln\u00edka nen\u00ed z\u00e1jem a jedete zase dom\u016f.<\/p>\n<p><span style=\"text-decoration: underline\">Odm\u011bny za pr\u00e1ci:<\/span> P\u0159\u00edm\u00e1 praxe, mo\u017enost vyzkou\u0161et si n\u011bkter\u00e9 psychol.techniky, z\u00edsk\u00e1n\u00ed zku\u0161enost\u00ed z nemocni\u010dn\u00edho prost\u0159ed\u00ed a se superviz\u00ed.<\/p>\n<p><span style=\"text-decoration: underline\">Webov\u00e9 str\u00e1nky organizace:<\/span> <a href=\"http:\/\/www.lekorice.com\">www.lekorice.com<\/a><\/p>\n<hr \/>\n<p><span style=\"text-decoration: underline\"><strong>N\u00e1zev organizace:<\/strong><\/span> <strong><span style=\"color: #ff9900\">NAUTIS<\/span><\/strong><\/p>\n<p><span style=\"text-decoration: underline\">N\u00e1zev pozice:<\/span> Osobn\u00ed asistence<\/p>\n<p><span style=\"text-decoration: underline\">Popis pr\u00e1ce:<\/span> Osobn\u00ed asistentka k d\u011btem s autismem &#8211; doprovod dom\u016f ze \u0161koly, tr\u00e1ven\u00ed voln\u00e9ho \u010dasu<\/p>\n<p><span style=\"text-decoration: underline\">V\u00fdhody:<\/span> Dobr\u00fd pocit, praxe, je to placen\u00e9<\/p>\n<p><span style=\"text-decoration: underline\">Nev\u00fdhody (pokud n\u011bjak\u00e9):<\/span> Z\u00e1le\u017e\u00ed na klientovi, ale nap\u0159\u00edklad vy\u0161\u0161\u00ed n\u00e1ro\u010dnost, z\u00e1vazek min. na rok, mo\u017en\u00e9 vyho\u0159en\u00ed<\/p>\n<p><span style=\"text-decoration: underline\">Odm\u011bny za pr\u00e1ci:<\/span> \u0160kolen\u00ed, supervize, i finan\u010dn\u00ed<\/p>\n<p><span style=\"text-decoration: underline\">Webov\u00e9 str\u00e1nky organizace:<\/span> www.praha.apla.cz<\/p>\n<hr \/>\n<p><span style=\"text-decoration: underline\"><strong>N\u00e1zev organizace:<\/strong><\/span> <strong><span style=\"color: #666699\">LATA<\/span><\/strong><\/p>\n<p><span style=\"text-decoration: underline\">N\u00e1zev pozice:<\/span> Dobrovoln\u00edk<\/p>\n<p><span style=\"text-decoration: underline\">Popis pr\u00e1ce:<\/span> V\u00a0r\u00e1mci programu \u201eVe dvou se to l\u00e9pe t\u00e1hne\u201c jsem se jednou t\u00fddn\u011b st\u00fdkala s\u00a0klientem \u2013 13let\u00fdm chlapcem, a pl\u00e1novali jsme spolu r\u016fzn\u00e9 aktivity (sport, hry, proch\u00e1zky\u2026)<\/p>\n<p><span style=\"text-decoration: underline\">V\u00fdhody:<\/span> Pom\u011brn\u011b popul\u00e1rn\u00ed organizace, mo\u017enost sbl\u00ed\u017een\u00ed se po\u0159\u00e1dn\u011b s\u00a0jedn\u00edm konkr\u00e9tn\u00edm klientem, hodnotn\u00e9 tr\u00e1ven\u00ed voln\u00e9ho \u010dasu<\/p>\n<p><span style=\"text-decoration: underline\">Nev\u00fdhody:<\/span> N\u011bkdy je s\u00a0klienty t\u011b\u017ek\u00e1 domluva, obvykle jsou to puber\u0165\u00e1ci a nejsou ob\u010das \u00fapln\u011b motivovan\u00ed<\/p>\n<p><span style=\"text-decoration: underline\">Odm\u011bny za pr\u00e1ci:<\/span> \u0160kolen\u00ed, supervize, voln\u00e9 vstupy na n\u011bkter\u00e9 aktivity s klientem<\/p>\n<p><span style=\"text-decoration: underline\">Webov\u00e9 str\u00e1nky organizace:<\/span>\u00a0<a href=\"http:\/\/www.lata.cz\/dobrovolnictvi\/\">www.lata.cz\/dobrovolnictvi\/<\/a><\/p>\n<hr \/>\n<p><span style=\"text-decoration: underline\"><strong>N\u00e1zev organizace:<\/strong><\/span> <strong><span style=\"color: #339966\">Psychiatrick\u00e1 nemocnice Bohnice<\/span><\/strong><\/p>\n<p><span style=\"text-decoration: underline\">N\u00e1zev pozice:<\/span> Asistent ve zdravotnictv\u00ed<\/p>\n<p><span style=\"text-decoration: underline\">Popis pr\u00e1ce:<\/span> \u010clov\u011bk pracuje ve zdravotnick\u00e9m za\u0159\u00edzen\u00ed, setk\u00e1v\u00e1 se s psychiatrick\u00fdmi pacienty, pom\u00e1h\u00e1 zdravotnick\u00e9mu person\u00e1lu, vid\u00ed pr\u00e1ci terapeuta ve skupin\u00e1ch, m\u016f\u017ee nav\u0161t\u00edvit d\u00edlny, m\u016f\u017ee dostat do skupin na jin\u00e9m odd\u011blen\u00ed, vid\u00ed chod ps. L\u00e9\u010debny<\/p>\n<p><span style=\"text-decoration: underline\">V\u00fdhody:<\/span> Placen\u00e1 praxe<\/p>\n<p><span style=\"text-decoration: underline\">Nev\u00fdhody (pokud n\u011bjak\u00e9):<\/span> Ob\u010das mus\u00ed d\u011blat v\u011bci, co \u00fapln\u011b nechce a nejsou \u00fapln\u011b spojeny s psychologickou prac\u00ed<\/p>\n<p><span style=\"text-decoration: underline\">Odm\u011bny za pr\u00e1ci:<\/span> Plat, pr\u00e1ce 5 dn\u00ed v t\u00fddnu, jeden, nebo dva m\u011bs\u00edce, 4 dny dovolen\u00e9, nepracuje se o v\u00edkendech<\/p>\n<p><span style=\"text-decoration: underline\">Webov\u00e9 str\u00e1nky organizace:<\/span> kontakt: asistentka hl. sestry-Havlov\u00e1, mail na webu<\/p>\n<hr \/>\n<p><span style=\"text-decoration: underline\"><strong>N\u00e1zev organizace:<\/strong><\/span> <span style=\"color: #993300\"><strong>Fokus Praha<\/strong><\/span><\/p>\n<p><span style=\"text-decoration: underline\">N\u00e1zev pozice:<\/span> Dobrovoln\u00edk<\/p>\n<p><span style=\"text-decoration: underline\">Popis pr\u00e1ce:<\/span> Volno\u010dasov\u00fd klub &#8211; konverzace a hran\u00ed her s lidmi s du\u0161evn\u00edm onemocn\u011bn\u00edm<\/p>\n<p><span style=\"text-decoration: underline\">V\u00fdhody:<\/span> Z\u00edsk\u00e1n\u00ed zku\u0161enost\u00ed s lidmi s du\u0161evn\u00edm onemocn\u011bn\u00edm, zbo\u0159en\u00ed p\u0159edsudk\u016f, \u010dasov\u00e1 variabilita, nen\u00ed nutn\u00e9 se nijak p\u0159ipravovat, dobr\u00e1 atmosf\u00e9ra, kousek od Mysl\u00edkovky<\/p>\n<p><span style=\"text-decoration: underline\">Odm\u011bny za pr\u00e1ci:<\/span> Supervize, smysluplnost<\/p>\n<p><span style=\"text-decoration: underline\">Webov\u00e9 str\u00e1nky organizace:<\/span> www.fokus-praha.cz<\/p>\n<hr \/>\n<p><strong><span style=\"text-decoration: underline\">N\u00e1zev organizace:<\/span><\/strong> <span style=\"color: #808000\"><strong>Jules a Jim<\/strong><\/span><\/p>\n<p><span style=\"text-decoration: underline\">N\u00e1zev pozice:<\/span> Lektor prim\u00e1rn\u00ed prevence<\/p>\n<p><span style=\"text-decoration: underline\">Popis pr\u00e1ce:<\/span> Vykon\u00e1v\u00e1n\u00ed semin\u00e1\u0159\u016f dle p\u0159ipraven\u00fdch metodik (od 3. t\u0159\u00eddy Z\u0160 po ro\u010dn\u00edky S\u0160)<\/p>\n<p><span style=\"text-decoration: underline\">V\u00fdhody:<\/span> Mo\u017enost zvolit si pracovn\u00ed dny a hodiny, \u00favodn\u00ed pro\u0161kolen\u00ed, intervize, supervize, skv\u011bl\u00ed kolegov\u00e9, n\u00e1vazn\u00e9 \u0161kolen\u00ed, mo\u017enost pro\u0161kolit se v dal\u0161\u00edch prevenc\u00edch, kter\u00e9 Jules a Jim nab\u00edz\u00ed (nap\u0159. vztahov\u00e1 prevence, duhov\u00e1 prevence&#8230;)<\/p>\n<p><span style=\"text-decoration: underline\">Nev\u00fdhody (pokud n\u011bjak\u00e9):<\/span> Nevhodn\u00e9 pro lidi, kte\u0159\u00ed neradi mluv\u00ed p\u0159ed t\u0159\u00eddou d\u011bt\u00ed<\/p>\n<p><span style=\"text-decoration: underline\">Odm\u011bny za pr\u00e1ci:<\/span> Finan\u010dn\u00ed ohodnocen\u00ed, mo\u017eno stoupat po \u017eeb\u0159\u00ed\u010dku &#8220;platu za hodinu&#8221;<\/p>\n<p><span style=\"text-decoration: underline\">Webov\u00e9 str\u00e1nky organizace:<\/span> www.julesajim.cz<\/p>\n<hr \/>\n<p><strong><span style=\"text-decoration: underline\">N\u00e1zev organizace:<\/span><\/strong> <span style=\"color: #333399\"><strong>Compitum<\/strong><\/span><\/p>\n<p><span style=\"text-decoration: underline\">N\u00e1zev pozice:<\/span> Dobrovoln\u00edk<\/p>\n<p><span style=\"text-decoration: underline\">Popis pr\u00e1ce:<\/span> Bezplatn\u00e9 dou\u010dov\u00e1n\u00ed \u017e\u00e1k\u016f z ekonomicky slab\u00fdch rodin<\/p>\n<p><span style=\"text-decoration: underline\">V\u00fdhody:<\/span> Mil\u00e1 spole\u010dnost koleg\u016f, intervize, supervize<\/p>\n<p><span style=\"text-decoration: underline\">Nev\u00fdhody (pokud n\u011bjak\u00e9):<\/span> Finan\u010dn\u011b neohodnoceno<\/p>\n<p><span style=\"text-decoration: underline\">Odm\u011bny za pr\u00e1ci:<\/span> Dobr\u00fd pocit<\/p>\n<p><span style=\"text-decoration: underline\">Webov\u00e9 str\u00e1nky organizace:<\/span> www.compitum.eu<\/p>\n<hr \/>\n<p><span style=\"text-decoration: underline\"><strong>N\u00e1zev organizace:<\/strong><\/span> <span style=\"color: #008080\"><strong><span style=\"color: #339966\">Bona o.p.s<\/span>.<\/strong><\/span>; <span style=\"color: #339966\"><strong>Z\u0160 Curie<\/strong><\/span>; <span style=\"color: #339966\"><strong>K\u0159es\u0165ansk\u00e1 pedagogicko-psychologick\u00e1 poradna<\/strong><\/span>; <span style=\"color: #339966\"><strong>Goodcall<\/strong><\/span><\/p>\n<p><span style=\"text-decoration: underline\">N\u00e1zev pozice:<\/span> recep\u010dn\u00ed pracovn\u00edk v chr\u00e1n\u011bn\u00e9m bydlen\u00ed pro psychotiky; asistentka pedagoga; lektorka prim\u00e1rn\u00ed prevence; Talent sourcer &#8211; konzultant v HR<\/p>\n<p><span style=\"text-decoration: underline\">Popis pr\u00e1ce:<\/span> aktiviza\u010dn\u00ed a soci\u00e1ln\u00ed pr\u00e1ce s lidmi se schizofrenn\u00edm onemocn\u011bn\u00edm na chr\u00e1n\u011bn\u00e9m bydlen\u00ed, podpora v osvojen\u00ed si z\u00e1kladn\u00edch n\u00e1vyk\u016f a op\u011btovn\u00e9 za\u0159azen\u00ed do spole\u010dnosti, vyd\u00e1v\u00e1n\u00ed medikace; asistence chlapci s ADHD v r\u00e1mci hodiny, s dom\u00e1c\u00edmi \u00fakoly, se \u010dten\u00edm, kontrola \u00fakol\u016f; lektorov\u00e1n\u00ed ve t\u0159\u00edd\u00e1ch Z\u0160 spole\u010dn\u011b s par\u0165\u00e1kem, podpora soudr\u017enosti kolektivu a zdrav\u00fdch vztah\u016f ve t\u0159\u00edd\u011b, prevence proti z\u00e1vislostn\u00edmu chov\u00e1n\u00ed, \u0161ikan\u011b atd., aktivity na to zam\u011b\u0159en\u00e9, sn\u00edm\u00e1n\u00ed sociometrie v r\u00e1mci kolektivu, komunikace s u\u010diteli a s pedpsych poradnou; vyhled\u00e1v\u00e1n\u00ed vhodn\u00fdch kandid\u00e1t\u016f na soci\u00e1ln\u00edch s\u00edt\u00edch, hl. Linkedinu a jejich telefonick\u00e9 kontaktov\u00e1n\u00ed, veden\u00ed pohovor\u016f p\u0159es telefon, uve\u0159ej\u0148ov\u00e1n\u00ed pracovn\u00edch inzer\u00e1t\u016f na internetu, headhunting, administrativa s t\u00edm spojen\u00e1, \u00fa\u010dastn\u011bn\u00ed se pohovor\u016f s kandid\u00e1ty<\/p>\n<p><span style=\"text-decoration: underline\">V\u00fdhody:<\/span> roz\u0161\u00ed\u0159en\u00ed obzor\u016f, z\u00edsk\u00e1n\u00ed z\u00e1kladn\u00edho p\u0159ehledu, co mohu se sv\u00fdm vzd\u011bl\u00e1n\u00edm d\u011blat v budoucnu, z\u00edsk\u00e1n\u00ed kontakt\u016f, lep\u0161\u00ed zmapov\u00e1n\u00ed si sama sebe, co chci a co nechci d\u011blat<\/p>\n<p><span style=\"text-decoration: underline\">Nev\u00fdhody (pokud n\u011bjak\u00e9):<\/span> bylo to samoz\u0159ejm\u011b stresuj\u00edc\u00ed, nov\u00e9 prost\u0159ed\u00ed, z\u00edsk\u00e1v\u00e1n\u00ed nov\u00fdch n\u00e1vyk\u016f<\/p>\n<p><span style=\"text-decoration: underline\">Odm\u011bny za pr\u00e1ci:<\/span> ve v\u0161ech uveden\u00fdch prac\u00edch jsem dost\u00e1vala plat, v\u011bt\u0161inou jsem pracovala na DPP nebo DP\u010c<\/p>\n<p><span style=\"text-decoration: underline\">Webov\u00e9 str\u00e1nky organizace:<\/span> www.bona-ops.cz; www.zscurie.cz; www.kppp.cz; www.goodcall.eu<\/p>\n<hr \/>\n<p><span style=\"text-decoration: underline\"><strong>N\u00e1zev organizace:<\/strong><\/span> <strong><span style=\"color: #ff9900\">Krou\u017eky<\/span><\/strong><\/p>\n<p><span style=\"text-decoration: underline\">N\u00e1zev pozice:<\/span> Lektor v krou\u017eku va\u0159en\u00ed<\/p>\n<p><span style=\"text-decoration: underline\">Popis pr\u00e1ce:<\/span> V\u00fduka z\u00e1kladn\u00edch dovednostn\u00edch znalost\u00ed v kuchyni, jednoduch\u00e9 recepty, manu\u00e1ln\u00ed obratnost &#8211; jemn\u00e1 motorika. P\u0159\u00edprava recept\u016f pro spr\u00e1vnou v\u011bkovou kategorii.<\/p>\n<p><span style=\"text-decoration: underline\">V\u00fdhody:<\/span> mo\u017enost p\u0159evz\u00edt zodpov\u011bdnost a nau\u010dit se jednat s d\u011btmi, zvl\u00e1dat situace, budov\u00e1n\u00ed respektu, pozn\u00e1n\u00ed mentality d\u011bt\u00ed v dan\u00e9 v\u011bkov\u00e9 skupin\u011b<\/p>\n<p><span style=\"text-decoration: underline\">Nev\u00fdhody (pokud n\u011bjak\u00e9):<\/span> Pr\u00e1ce zadarmo, p\u0159\u00edli\u0161 n\u00e1ro\u010dn\u00e1 p\u0159\u00edprava, p\u0159\u00edprava, kuchyn\u011b, \u00faklid kuchyn\u011b, mal\u00e1 \u010dasov\u00e1 dotace na va\u0159en\u00ed. Nedostate\u010dn\u00e1 vybavenost \u0161kol pro tento krou\u017eek.<\/p>\n<p><span style=\"text-decoration: underline\">Odm\u011bny za pr\u00e1ci:<\/span> 150k\u010d\/1hod , dobr\u00fd pocit, pochvaly rodi\u010d\u016f, ve\u0159ejn\u00e1 pochvala zam\u011bstnavatele.<\/p>\n<p><span style=\"text-decoration: underline\">Webov\u00e9 str\u00e1nky organizace:<\/span> www.krouzky.cz<\/p>\n","protected":false},"excerpt":{"rendered":"<p>Mo\u017enosti praxe pro studenty bakal\u00e1\u0159sk\u00e9ho programu Mnoz\u00ed \u010dasto v\u00e1haj\u00ed, kde by m\u011bli sb\u00edrat cenn\u00e9 praktick\u00e9 zku\u0161enosti, zejm\u00e9na v\u00a0pr\u016fb\u011bhu bakal\u00e1\u0159sk\u00e9ho studia. Zeptali jsme se proto student\u016f samotn\u00fdch, jakou oni m\u011bli praxi v\u00a0pr\u016fb\u011bhu bakal\u00e1\u0159sk\u00e9ho studia (nebo je\u0161t\u011b p\u0159edt\u00edm). Tady jsou jejich odpov\u011bdi: N\u00e1zev organizace: Jedli\u010dk\u016fv \u00fastav a \u0161koly N\u00e1zev pozice:\u00a0Asistent pedagoga Popis pr\u00e1ce:\u00a0Pomoc u\u010diteli a jin\u00fdm pedagog\u016fm [&hellip;]<\/p>\n","protected":false},"author":431,"featured_media":0,"parent":33,"menu_order":0,"comment_status":"closed","ping_status":"closed","template":"","meta":{"footnotes":""},"class_list":["post-523","page","type-page","status-publish","hentry"],"_links":{"self":[{"href":"https:\/\/pages.pedf.cuni.cz\/psychorada\/wp-json\/wp\/v2\/pages\/523","targetHints":{"allow":["GET"]}}],"collection":[{"href":"https:\/\/pages.pedf.cuni.cz\/psychorada\/wp-json\/wp\/v2\/pages"}],"about":[{"href":"https:\/\/pages.pedf.cuni.cz\/psychorada\/wp-json\/wp\/v2\/types\/page"}],"author":[{"embeddable":true,"href":"https:\/\/pages.pedf.cuni.cz\/psychorada\/wp-json\/wp\/v2\/users\/431"}],"replies":[{"embeddable":true,"href":"https:\/\/pages.pedf.cuni.cz\/psychorada\/wp-json\/wp\/v2\/comments?post=523"}],"version-history":[{"count":11,"href":"https:\/\/pages.pedf.cuni.cz\/psychorada\/wp-json\/wp\/v2\/pages\/523\/revisions"}],"predecessor-version":[{"id":535,"href":"https:\/\/pages.pedf.cuni.cz\/psychorada\/wp-json\/wp\/v2\/pages\/523\/revisions\/535"}],"up":[{"embeddable":true,"href":"https:\/\/pages.pedf.cuni.cz\/psychorada\/wp-json\/wp\/v2\/pages\/33"}],"wp:attachment":[{"href":"https:\/\/pages.pedf.cuni.cz\/psychorada\/wp-json\/wp\/v2\/media?parent=523"}],"curies":[{"name":"wp","href":"https:\/\/api.w.org\/{rel}","templated":true}]}}