{"id":559,"date":"2017-03-27T09:58:51","date_gmt":"2017-03-27T07:58:51","guid":{"rendered":"http:\/\/pages.pedf.cuni.cz\/psychorada\/?page_id=559"},"modified":"2018-08-21T14:18:59","modified_gmt":"2018-08-21T12:18:59","slug":"letni-skoly","status":"publish","type":"page","link":"https:\/\/pages.pedf.cuni.cz\/psychorada\/erasmus\/letni-skoly\/","title":{"rendered":"Letn\u00ed \u0161koly"},"content":{"rendered":"<p>Mezin\u00e1rodn\u00ed letn\u00ed \u0161koly jsou skv\u011blou p\u0159\u00edle\u017eitost\u00ed roz\u0161\u00ed\u0159it sv\u00e9 znalosti ve vybran\u00e9m p\u0159edm\u011btu, za\u017e\u00edt studium v zahrani\u010d\u00ed, \u010di procvi\u010dit ciz\u00ed jazyk, ani\u017e byste zame\u0161kali v\u00fduku doma. Aktu\u00e1ln\u00ed nab\u00eddku letn\u00edch \u0161kol najdete na <a href=\"https:\/\/www.summerschoolsineurope.eu\/\">evropsk\u00e9m port\u00e1lu letn\u00edch \u0161kol<\/a>, nebo v <a href=\"http:\/\/www.pedf.cuni.cz\/PEDF-393.html\">aktualit\u00e1ch<\/a> Odd\u011blen\u00ed pro zahrani\u010dn\u00ed vztahy,. Nap\u0159\u00edklad studentka Barbora Z\u016fnov\u00e1 se z\u00fa\u010dastnila <em>Summer School in Human Sciences<\/em> na finsk\u00e9 <em>University of Jyv\u00e4skyl<\/em>\u00e4: \u201eNejzaj\u00edmav\u011bj\u0161\u00ed mi p\u0159ipadal p\u0159edm\u011bt Introduction to Dance Movement Therapy, kter\u00fd byl opravdu hodn\u011b prakticky zam\u011b\u0159en\u00fd, vyzkou\u0161eli jsme si spoustu cvi\u010den\u00ed z\u00a0tane\u010dn\u00ed terapie.\u201c D\u00e1le m\u016f\u017eeme doporu\u010dit letn\u00ed \u0161koly v nizozemsk\u00e9m Utrechtu.<\/p>\n<p>Pobyt na letn\u00ed \u0161kole m\u016f\u017ee b\u00fdt podpo\u0159en zvl\u00e1\u0161tn\u00edm stipendiem, pro bli\u017e\u0161\u00ed informace je nutn\u00e9 individu\u00e1ln\u011b kontaktovat <a href=\"https:\/\/www.pedf.cuni.cz\/PEDF-167.html\">Odd\u011blen\u00ed pro zahrani\u010dn\u00ed vztahy<\/a>.<\/p>\n","protected":false},"excerpt":{"rendered":"<p>Mezin\u00e1rodn\u00ed letn\u00ed \u0161koly jsou skv\u011blou p\u0159\u00edle\u017eitost\u00ed roz\u0161\u00ed\u0159it sv\u00e9 znalosti ve vybran\u00e9m p\u0159edm\u011btu, za\u017e\u00edt studium v zahrani\u010d\u00ed, \u010di procvi\u010dit ciz\u00ed jazyk, ani\u017e byste zame\u0161kali v\u00fduku doma. Aktu\u00e1ln\u00ed nab\u00eddku letn\u00edch \u0161kol najdete na evropsk\u00e9m port\u00e1lu letn\u00edch \u0161kol, nebo v aktualit\u00e1ch Odd\u011blen\u00ed pro zahrani\u010dn\u00ed vztahy,. Nap\u0159\u00edklad studentka Barbora Z\u016fnov\u00e1 se z\u00fa\u010dastnila Summer School in Human Sciences na finsk\u00e9 [&hellip;]<\/p>\n","protected":false},"author":431,"featured_media":0,"parent":24,"menu_order":0,"comment_status":"closed","ping_status":"closed","template":"","meta":{"footnotes":""},"class_list":["post-559","page","type-page","status-publish","hentry"],"_links":{"self":[{"href":"https:\/\/pages.pedf.cuni.cz\/psychorada\/wp-json\/wp\/v2\/pages\/559","targetHints":{"allow":["GET"]}}],"collection":[{"href":"https:\/\/pages.pedf.cuni.cz\/psychorada\/wp-json\/wp\/v2\/pages"}],"about":[{"href":"https:\/\/pages.pedf.cuni.cz\/psychorada\/wp-json\/wp\/v2\/types\/page"}],"author":[{"embeddable":true,"href":"https:\/\/pages.pedf.cuni.cz\/psychorada\/wp-json\/wp\/v2\/users\/431"}],"replies":[{"embeddable":true,"href":"https:\/\/pages.pedf.cuni.cz\/psychorada\/wp-json\/wp\/v2\/comments?post=559"}],"version-history":[{"count":4,"href":"https:\/\/pages.pedf.cuni.cz\/psychorada\/wp-json\/wp\/v2\/pages\/559\/revisions"}],"predecessor-version":[{"id":650,"href":"https:\/\/pages.pedf.cuni.cz\/psychorada\/wp-json\/wp\/v2\/pages\/559\/revisions\/650"}],"up":[{"embeddable":true,"href":"https:\/\/pages.pedf.cuni.cz\/psychorada\/wp-json\/wp\/v2\/pages\/24"}],"wp:attachment":[{"href":"https:\/\/pages.pedf.cuni.cz\/psychorada\/wp-json\/wp\/v2\/media?parent=559"}],"curies":[{"name":"wp","href":"https:\/\/api.w.org\/{rel}","templated":true}]}}