{"id":127,"date":"2017-05-11T11:53:11","date_gmt":"2017-05-11T09:53:11","guid":{"rendered":"http:\/\/pages.pedf.cuni.cz\/sc1\/?page_id=127"},"modified":"2017-05-11T14:33:29","modified_gmt":"2017-05-11T12:33:29","slug":"spolecenstvi-praxe","status":"publish","type":"page","link":"https:\/\/pages.pedf.cuni.cz\/sc1\/spolecenstvi-praxe\/","title":{"rendered":"Prvn\u00ed setk\u00e1n\u00ed spole\u010denstv\u00ed praxe 28. 4. 2017"},"content":{"rendered":"<p><strong>O projektu <\/strong><\/p>\n<ul>\n<li><a href=\"https:\/\/pages.pedf.cuni.cz\/sc1\/files\/2017\/05\/OPVVV-SC1_Spolecenstvi_praxe.pdf\">Podpora pregramotnost\u00ed v p\u0159ed\u0161koln\u00edm vzd\u011bl\u00e1v\u00e1n\u00ed reg \u010d. CZ.02.3.68\/0.0\/0.0\/16_011\/0000663a<\/a><\/li>\n<\/ul>\n<p><strong>Modul didaktika p\u0159ed\u0161koln\u00edho vzd\u011bl\u00e1v\u00e1n\u00ed<\/strong><\/p>\n<ul>\n<li><a href=\"https:\/\/pages.pedf.cuni.cz\/sc1\/files\/2017\/05\/Podpora_pregramotnosti-1.pdf\">Podpora pregramotnost\u00ed v p\u0159ed\u0161koln\u00edm vzd\u011bl\u00e1v\u00e1n\u00ed 1<\/a><\/li>\n<li><a href=\"https:\/\/pages.pedf.cuni.cz\/sc1\/files\/2017\/05\/Podpora_pregramotnosti-2.pdf\">Podpora pregramotnost\u00ed v p\u0159ed\u0161koln\u00edm vzd\u011bl\u00e1v\u00e1n\u00ed 2<\/a><\/li>\n<li><a href=\"https:\/\/pages.pedf.cuni.cz\/sc1\/files\/2017\/05\/Metody-prace.pdf\">Metody pr\u00e1ce v p\u0159ed\u0161koln\u00edm vzd\u011bl\u00e1v\u00e1n\u00ed se zam\u011b\u0159en\u00edm na pro\u017eitkov\u00e9 a situa\u010dn\u00ed u\u010den\u00ed v praxi mate\u0159sk\u00fdch \u0161kol<\/a><\/li>\n<li><a href=\"https:\/\/pages.pedf.cuni.cz\/sc1\/files\/2017\/05\/Efektivni-formy-spoluprace.pdf\">Efektivn\u00ed formy spolupr\u00e1ce M\u0160 s rodi\u010di, poradensk\u00fdmi za\u0159\u00edzen\u00edmi a Z\u0160 sm\u011b\u0159uj\u00edc\u00ed\u00a0 k prov\u00e1zanosti preprim\u00e1rn\u00edho a prim\u00e1rn\u00edho vzd\u011bl\u00e1v\u00e1n\u00ed<\/a><\/li>\n<li><a href=\"https:\/\/pages.pedf.cuni.cz\/sc1\/files\/2017\/05\/Rozvoj_prirodovedne_pregramotnosti.pdf\">Podpora a rozvoj p\u0159\u00edrodov\u011bdn\u00e9 pregramotnosti v mate\u0159sk\u00e9 \u0161kole<\/a><\/li>\n<\/ul>\n<p><strong>Modul matematick\u00e9 pregramotnosti<\/strong><\/p>\n<ul>\n<li><a href=\"https:\/\/pages.pedf.cuni.cz\/sc1\/files\/2017\/05\/RVP-PV-matpregram.pdf\">RVP &#8211; p\u0159ed\u0161koln\u00ed vzd\u011bl\u00e1v\u00e1n\u00ed matematick\u00e1 pregramotnost<\/a><\/li>\n<li><a href=\"https:\/\/pages.pedf.cuni.cz\/sc1\/files\/2017\/05\/Navrhy_temat_obecna_matematika.pdf\">N\u00e1vrhy t\u00e9mat pro rozvoj matematick\u00e9 pregramotnosti<\/a><\/li>\n<li><a href=\"https:\/\/pages.pedf.cuni.cz\/sc1\/files\/2017\/05\/Mira.pdf\">M\u00edra<\/a><\/li>\n<li><a href=\"https:\/\/pages.pedf.cuni.cz\/sc1\/files\/2017\/05\/Logika.pdf\">Logika<\/a><\/li>\n<li><a href=\"https:\/\/pages.pedf.cuni.cz\/sc1\/files\/2017\/05\/Kvantita.pdf\">Kvantita<\/a><\/li>\n<li><a href=\"https:\/\/pages.pedf.cuni.cz\/sc1\/files\/2017\/05\/Prace_s_daty.pdf\">Pr\u00e1ce s daty<\/a><\/li>\n<li><a href=\"https:\/\/pages.pedf.cuni.cz\/sc1\/files\/2017\/05\/Orientace_v_prostoru_a_rovine.pdf\">Orientace v prostoru a v rovin\u011b<\/a><\/li>\n<li>\u00a0<a href=\"https:\/\/pages.pedf.cuni.cz\/sc1\/files\/2017\/05\/Vnimani_a_organizace_prostoru.pdf\">Vn\u00edm\u00e1n\u00ed a organizace prostoru<\/a><\/li>\n<\/ul>\n<p><strong>Modul \u010dten\u00e1\u0159sk\u00e9 pregramotnosti<\/strong><\/p>\n<ul>\n<li><a href=\"https:\/\/pages.pedf.cuni.cz\/sc1\/files\/2017\/05\/Motivace-pro-ctenarstvi.pdf\">Motivace ke \u010dten\u00e1\u0159stv\u00ed<\/a><\/li>\n<li><a href=\"https:\/\/pages.pedf.cuni.cz\/sc1\/files\/2017\/05\/inst.spoluprace.pdf\">Spolupr\u00e1ce rodiny a p\u0159ed\u0161koln\u00edch za\u0159\u00edzen\u00ed<\/a><\/li>\n<li><a href=\"https:\/\/pages.pedf.cuni.cz\/sc1\/files\/2017\/05\/Pedagogicka_diagnostikaJCU.pdf\">Pedagogick\u00e1 diagnostika v oblasti \u010dten\u00e1\u0159sk\u00e9 pregramotnosti<\/a><\/li>\n<li><a href=\"https:\/\/pages.pedf.cuni.cz\/sc1\/files\/2017\/05\/Rozvoj_predctenarskych_dovednosti.pdf\">Rozvoj p\u0159ed\u010dten\u00e1\u0159sk\u00fdch dovednost\u00ed<\/a><\/li>\n<li><a href=\"https:\/\/pages.pedf.cuni.cz\/sc1\/files\/2017\/05\/Podpora_ctenarskych_strategii.pdf\">Podpora \u010dten\u00e1\u0159sk\u00fdch strategi\u00ed se specifick\u00fdm z\u0159etelem k rozvoji porozum\u011bn\u00ed a sd\u00edlen\u00ed<\/a><b><br \/>\n<\/b><\/li>\n<li><a href=\"https:\/\/pages.pedf.cuni.cz\/sc1\/files\/2017\/05\/META-VM-Ctenar-pregramotnost.pdf\">Rozvoj p\u0159ed\u010dten\u00e1\u0159sk\u00e9 gramotnosti u d\u011bt\u00ed s odli\u0161n\u00fdm mate\u0159sk\u00fdm jazykem (OMJ)<\/a><\/li>\n<\/ul>\n","protected":false},"excerpt":{"rendered":"<p>O projektu Podpora pregramotnost\u00ed v p\u0159ed\u0161koln\u00edm vzd\u011bl\u00e1v\u00e1n\u00ed reg \u010d. CZ.02.3.68\/0.0\/0.0\/16_011\/0000663a Modul didaktika p\u0159ed\u0161koln\u00edho vzd\u011bl\u00e1v\u00e1n\u00ed Podpora pregramotnost\u00ed v p\u0159ed\u0161koln\u00edm vzd\u011bl\u00e1v\u00e1n\u00ed 1 Podpora pregramotnost\u00ed v p\u0159ed\u0161koln\u00edm vzd\u011bl\u00e1v\u00e1n\u00ed 2 Metody pr\u00e1ce v p\u0159ed\u0161koln\u00edm&#8230; <\/p>\n","protected":false},"author":464,"featured_media":0,"parent":0,"menu_order":0,"comment_status":"closed","ping_status":"closed","template":"","meta":{"footnotes":""},"class_list":["post-127","page","type-page","status-publish","hentry"],"jetpack_sharing_enabled":true,"_links":{"self":[{"href":"https:\/\/pages.pedf.cuni.cz\/sc1\/wp-json\/wp\/v2\/pages\/127","targetHints":{"allow":["GET"]}}],"collection":[{"href":"https:\/\/pages.pedf.cuni.cz\/sc1\/wp-json\/wp\/v2\/pages"}],"about":[{"href":"https:\/\/pages.pedf.cuni.cz\/sc1\/wp-json\/wp\/v2\/types\/page"}],"author":[{"embeddable":true,"href":"https:\/\/pages.pedf.cuni.cz\/sc1\/wp-json\/wp\/v2\/users\/464"}],"replies":[{"embeddable":true,"href":"https:\/\/pages.pedf.cuni.cz\/sc1\/wp-json\/wp\/v2\/comments?post=127"}],"version-history":[{"count":7,"href":"https:\/\/pages.pedf.cuni.cz\/sc1\/wp-json\/wp\/v2\/pages\/127\/revisions"}],"predecessor-version":[{"id":168,"href":"https:\/\/pages.pedf.cuni.cz\/sc1\/wp-json\/wp\/v2\/pages\/127\/revisions\/168"}],"wp:attachment":[{"href":"https:\/\/pages.pedf.cuni.cz\/sc1\/wp-json\/wp\/v2\/media?parent=127"}],"curies":[{"name":"wp","href":"https:\/\/api.w.org\/{rel}","templated":true}]}}