{"id":26,"date":"2017-02-19T08:08:15","date_gmt":"2017-02-19T07:08:15","guid":{"rendered":"http:\/\/pages.pedf.cuni.cz\/sc1\/?page_id=26"},"modified":"2017-05-12T11:57:10","modified_gmt":"2017-05-12T09:57:10","slug":"klicove-aktivity","status":"publish","type":"page","link":"https:\/\/pages.pedf.cuni.cz\/sc1\/klicove-aktivity\/","title":{"rendered":"Popis kl\u00ed\u010dov\u00fdch aktivit OP VVV projektu"},"content":{"rendered":"<ul>\n<li><a href=\"https:\/\/pages.pedf.cuni.cz\/sc1\/ka01\/\"><strong>KA01 &#8211; \u0158\u00edzen\u00ed projektu<\/strong><\/a><\/li>\n<li><strong><a href=\"https:\/\/pages.pedf.cuni.cz\/sc1\/ka02\/\">KA02 &#8211; Spolupr\u00e1ce akademik\u016f<\/a><\/strong><\/li>\n<li><a href=\"https:\/\/pages.pedf.cuni.cz\/sc1\/ka03\/\"><strong>KA03 &#8211; Spole\u010denstv\u00ed praxe<\/strong><\/a><\/li>\n<li><a href=\"https:\/\/pages.pedf.cuni.cz\/sc1\/ka04\/\"><strong>KA04 \u2013 Mentoring<\/strong><\/a><\/li>\n<li><a href=\"https:\/\/pages.pedf.cuni.cz\/sc1\/ka05\/\"><strong>KA05 &#8211; Ak\u010dn\u00ed v\u00fdzkum student\u016f v mate\u0159sk\u00fdch \u0161kol\u00e1ch\u00a0 <\/strong><\/a><\/li>\n<li><strong><a href=\"https:\/\/pages.pedf.cuni.cz\/sc1\/ka06\/\">KA06 &#8211; Konference<\/a><\/strong><\/li>\n<\/ul>\n<hr \/>\n<p>&nbsp;<\/p>\n","protected":false},"excerpt":{"rendered":"<p>KA01 &#8211; \u0158\u00edzen\u00ed projektu KA02 &#8211; Spolupr\u00e1ce akademik\u016f KA03 &#8211; Spole\u010denstv\u00ed praxe KA04 \u2013 Mentoring KA05 &#8211; Ak\u010dn\u00ed v\u00fdzkum student\u016f v mate\u0159sk\u00fdch \u0161kol\u00e1ch\u00a0 KA06 &#8211; Konference &nbsp;<\/p>\n","protected":false},"author":464,"featured_media":0,"parent":0,"menu_order":0,"comment_status":"closed","ping_status":"closed","template":"","meta":{"footnotes":""},"class_list":["post-26","page","type-page","status-publish","hentry"],"jetpack_sharing_enabled":true,"_links":{"self":[{"href":"https:\/\/pages.pedf.cuni.cz\/sc1\/wp-json\/wp\/v2\/pages\/26","targetHints":{"allow":["GET"]}}],"collection":[{"href":"https:\/\/pages.pedf.cuni.cz\/sc1\/wp-json\/wp\/v2\/pages"}],"about":[{"href":"https:\/\/pages.pedf.cuni.cz\/sc1\/wp-json\/wp\/v2\/types\/page"}],"author":[{"embeddable":true,"href":"https:\/\/pages.pedf.cuni.cz\/sc1\/wp-json\/wp\/v2\/users\/464"}],"replies":[{"embeddable":true,"href":"https:\/\/pages.pedf.cuni.cz\/sc1\/wp-json\/wp\/v2\/comments?post=26"}],"version-history":[{"count":10,"href":"https:\/\/pages.pedf.cuni.cz\/sc1\/wp-json\/wp\/v2\/pages\/26\/revisions"}],"predecessor-version":[{"id":176,"href":"https:\/\/pages.pedf.cuni.cz\/sc1\/wp-json\/wp\/v2\/pages\/26\/revisions\/176"}],"wp:attachment":[{"href":"https:\/\/pages.pedf.cuni.cz\/sc1\/wp-json\/wp\/v2\/media?parent=26"}],"curies":[{"name":"wp","href":"https:\/\/api.w.org\/{rel}","templated":true}]}}