{"id":532,"date":"2019-09-16T14:36:25","date_gmt":"2019-09-16T12:36:25","guid":{"rendered":"http:\/\/pages.pedf.cuni.cz\/sc1\/?page_id=532"},"modified":"2020-05-13T00:03:49","modified_gmt":"2020-05-12T22:03:49","slug":"videa-matematicka-pregramotnost","status":"publish","type":"page","link":"https:\/\/pages.pedf.cuni.cz\/sc1\/videa-matematicka-pregramotnost\/","title":{"rendered":"Videa &#8211; Rozvoj matematick\u00e9 pregramotnosti"},"content":{"rendered":"<h3>M\u00edra<\/h3>\n<table style=\"width: 100%\" border=\"1\" cellspacing=\"0\" cellpadding=\"0\">\n<tbody>\n<tr>\n<td valign=\"top\" width=\"25%\">T\u00e9ma:<\/td>\n<td><strong>Prost\u0159ed\u00ed Parkety <\/strong><\/td>\n<\/tr>\n<tr>\n<td valign=\"top\" width=\"25%\">Video:<\/td>\n<td valign=\"top\">\n<ul>\n<li><a href=\"https:\/\/drive.google.com\/file\/d\/1aqO_Df_VM9JsYnTRRWjNWwB0uFz9lhLX\/view?usp=sharing\">Jak jsme skl\u00e1dali podlahu.mp4<\/a><\/li>\n<li><a href=\"https:\/\/drive.google.com\/file\/d\/1fm_fbgPTE2tL66BOCVJZx81M4lEF-E2q\/view?usp=sharing\">Nejkrat\u0161\u00ed a nejdel\u0161\u00ed cesta.mp4<\/a><\/li>\n<li><a href=\"https:\/\/drive.google.com\/file\/d\/1ocfHYgcE4Vaize5TSNpGpSJphs-xzfJD\/view?usp=sharing\">Podlah\u00e1\u0159i \u2013 \u00favod.mp4<\/a><\/li>\n<li><a href=\"https:\/\/drive.google.com\/file\/d\/1yR41pGZPxwY49aLR6xiftt3Zpb_E7iX1\/view?usp=sharing\">Podlah\u00e1\u0159i \u2013 instrukce.mp4<\/a><\/li>\n<li><a href=\"https:\/\/drive.google.com\/file\/d\/1WU0r9-QDFflKgT5Ajw5dIGFEUipTT2Aq\/view?usp=sharing\">Podlah\u00e1\u0159i &#8211; s\u00ed\u0165.mp4<\/a><\/li>\n<li><a href=\"https:\/\/drive.google.com\/file\/d\/1FytFsglHl4ItSfcBrIW_9d0v8HcnWWa5\/view?usp=sharing\">Podlah\u00e1\u0159i \u2013 sova.mp4<\/a><\/li>\n<li><a href=\"https:\/\/drive.google.com\/file\/d\/1N7UZBMAyvmwGLgDDr0E4CNrTutz5VgML\/view?usp=sharing\">Pokl\u00e1d\u00e1n\u00ed pap\u00edrov\u00fdch parket.mp4<\/a><\/li>\n<li><a href=\"https:\/\/drive.google.com\/file\/d\/1_l72n5o-H4_EYoa0Z-qnUAWpHFTESWP8\/view?usp=sharing\">Za\u010d\u00edn\u00e1me s parketami.mp4<\/a><\/li>\n<\/ul>\n<\/td>\n<\/tr>\n<tr>\n<td valign=\"top\">Vyu\u010duj\u00edc\u00ed:<\/td>\n<td valign=\"top\">Barbora \u0160t\u011bp\u00e1nkov\u00e1, Zuzana Rauchov\u00e1<\/td>\n<\/tr>\n<tr>\n<td valign=\"top\">\u0160kola:<\/td>\n<td valign=\"top\">M\u0160 Z\u00e1horsk\u00e9ho, Praha 5 &#8211; Barrandov<\/td>\n<\/tr>\n<tr>\n<td valign=\"top\">T\u0159\u00edda:<\/td>\n<td valign=\"top\">V\u010delky (4 \u2013 5 let) Mot\u00fdlci (5 \u2013 6 let)<\/td>\n<\/tr>\n<tr>\n<td valign=\"top\">Datum po\u0159\u00edzen\u00ed nahr\u00e1vky:<\/td>\n<td valign=\"top\">2. 4. 2018<\/td>\n<\/tr>\n<\/tbody>\n<\/table>\n<table style=\"width: 100%\" border=\"1\" cellspacing=\"0\" cellpadding=\"0\">\n<tbody>\n<tr>\n<td valign=\"top\" width=\"25%\">T\u00e9ma:<\/td>\n<td><strong>Vyst\u0159ihov\u00e1n\u00ed<\/strong><\/td>\n<\/tr>\n<tr>\n<td valign=\"top\" width=\"25%\">Video:<\/td>\n<td valign=\"top\">\n<ul>\n<li><a href=\"https:\/\/drive.google.com\/file\/d\/1ICLRQGvmR1kVg00GFEGXitMyeEBWAkBp\/view?usp=sharing\">Lepen\u00e9 zoo \u2013 instrukce.mp4<\/a><\/li>\n<li><a href=\"https:\/\/drive.google.com\/file\/d\/1yb4z9siqB9Ex3AWQ8CSk3h8ZRZRik-6i\/view?usp=sharing\">Lepen\u00ed zoo \u2013 pr\u00e1ce ve skupin\u011b.mp4<\/a><\/li>\n<li><a href=\"https:\/\/drive.google.com\/file\/d\/1koud-hp7Y4IhaSjK-dFJ3l56SEbfarzV\/view?usp=sharing\">Odhalen\u00ed zoo.mp4<\/a><\/li>\n<li><a href=\"https:\/\/drive.google.com\/file\/d\/1a_S9YYK3SLjlmUQEqxbFIVxiMtzDhq0b\/view?usp=sharing\">Skl\u00e1d\u00e1n\u00ed zv\u00ed\u0159ec\u00edch stop ve skupin\u00e1ch.mp4<\/a><\/li>\n<\/ul>\n<\/td>\n<\/tr>\n<tr>\n<td valign=\"top\">Vyu\u010duj\u00edc\u00ed:<\/td>\n<td valign=\"top\">Barbora \u0160t\u011bp\u00e1nkov\u00e1, Zuzana Rauchov\u00e1<\/td>\n<\/tr>\n<tr>\n<td valign=\"top\">\u0160kola:<\/td>\n<td valign=\"top\">M\u0160 Z\u00e1horsk\u00e9ho, Praha 5 &#8211; Barrandov<\/td>\n<\/tr>\n<tr>\n<td valign=\"top\">T\u0159\u00edda:<\/td>\n<td valign=\"top\">V\u010delky (4 \u2013 5 let) Mot\u00fdlci (5 \u2013 6 let)<\/td>\n<\/tr>\n<tr>\n<td valign=\"top\">Datum po\u0159\u00edzen\u00ed nahr\u00e1vky:<\/td>\n<td valign=\"top\">12. 4. 2018<\/td>\n<\/tr>\n<\/tbody>\n<\/table>\n<h3>Rytmus<\/h3>\n<table style=\"width: 100%\" border=\"1\" cellspacing=\"0\" cellpadding=\"0\">\n<tbody>\n<tr>\n<td valign=\"top\" width=\"25%\">T\u00e9ma:<\/td>\n<td><strong>D\u0159\u00edvka<\/strong><\/td>\n<\/tr>\n<tr>\n<td valign=\"top\" width=\"25%\">Video:<\/td>\n<td valign=\"top\"><a href=\"https:\/\/drive.google.com\/file\/d\/16kt5uynd3RH6Mzk0Ub9wtGwyT_AwCxCa\/view?usp=sharing\">D\u0159\u00edvka \u2013 spole\u010dn\u00e1 stavba.mp4<\/a><\/td>\n<\/tr>\n<tr>\n<td valign=\"top\">Vyu\u010duj\u00edc\u00ed:<\/td>\n<td valign=\"top\">Jana Susov\u00e1<\/td>\n<\/tr>\n<tr>\n<td valign=\"top\">\u0160kola:<\/td>\n<td valign=\"top\">M\u0160 Pe\u0161kova, Praha 5 &#8211; Barrandov<\/td>\n<\/tr>\n<tr>\n<td valign=\"top\">T\u0159\u00edda:<\/td>\n<td valign=\"top\">Mot\u00fdlci (5 \u2013 6 let)<\/td>\n<\/tr>\n<tr>\n<td valign=\"top\">Datum po\u0159\u00edzen\u00ed nahr\u00e1vky:<\/td>\n<td valign=\"top\">30. 10. 2018<\/td>\n<\/tr>\n<\/tbody>\n<\/table>\n<p>&nbsp;<\/p>\n<table style=\"width: 100%\" border=\"1\" cellspacing=\"0\" cellpadding=\"0\">\n<tbody>\n<tr>\n<td valign=\"top\" width=\"25%\">T\u00e9ma:<\/td>\n<td><strong>prost\u0159ed\u00ed Krokov\u00e1n\u00ed, Schody<\/strong><\/td>\n<\/tr>\n<tr>\n<td valign=\"top\" width=\"25%\">Video:<\/td>\n<td valign=\"top\">\n<ul>\n<li><a href=\"https:\/\/drive.google.com\/file\/d\/1v39d-b2AU0jaA5OYiqitphfuX_4AGq8g\/view?usp=sharing\">Krokov\u00e1n\u00ed \u2013 hra.mp4<\/a><\/li>\n<li><a href=\"https:\/\/drive.google.com\/file\/d\/1iTfmIpnlfjxgUSnjzdkHVJkUaNhvu21e\/view?usp=sharing\">Krokov\u00e1n\u00ed &#8211; Krokovac\u00ed p\u00e1sy.mp4<\/a><\/li>\n<li><a href=\"https:\/\/drive.google.com\/file\/d\/1SFj3EsR8A0dOBHsHiRV2gh_nj83gdJVl\/view?usp=sharing\">Krokov\u00e1n\u00ed &#8211; M\u011bla babka \u010dty\u0159i jabka.mp4<\/a><\/li>\n<li><a href=\"https:\/\/drive.google.com\/file\/d\/1ki9OAgE-ZS1q1m-DNIiaXRNvl7t-XQ6i\/view?usp=sharing\">Krokov\u00e1n\u00ed &#8211; Krokov\u00e1n\u00ed s kostkou.mp4<\/a><\/li>\n<li><a href=\"https:\/\/drive.google.com\/file\/d\/1QNXE2nzciMLphN0doCyWb5NuYI6Hc5U7\/view?usp=sharing\">Krokov\u00e1n\u00ed &#8211; Pec n\u00e1m spadla.mp4<\/a><\/li>\n<li><a href=\"https:\/\/drive.google.com\/file\/d\/1sGyaCgemBOJU0cxZEnhWwyxwNHEWGjbh\/view?usp=sharing\">Krokov\u00e1n\u00ed &#8211; \u0158\u00edkanky.mp4<\/a><\/li>\n<li><a href=\"https:\/\/drive.google.com\/file\/d\/1csGlMDAym9PdmhAcWQhMuVhdlishlOdf\/view?usp=sharing\">Schody \u2013 hra venku.mp4<\/a><\/li>\n<\/ul>\n<\/td>\n<\/tr>\n<tr>\n<td valign=\"top\">Vyu\u010duj\u00edc\u00ed:<\/td>\n<td valign=\"top\">Jana Susov\u00e1, Tereza Pond\u011bl\u00edkov\u00e1<\/td>\n<\/tr>\n<tr>\n<td valign=\"top\">\u0160kola:<\/td>\n<td valign=\"top\">M\u0160 Barrandov, Praha<\/td>\n<\/tr>\n<tr>\n<td valign=\"top\">T\u0159\u00edda:<\/td>\n<td valign=\"top\">Mot\u00fdlci (5 \u2013 6 let)<\/td>\n<\/tr>\n<tr>\n<td valign=\"top\">Datum po\u0159\u00edzen\u00ed nahr\u00e1vky:<\/td>\n<td valign=\"top\">10. 1. 2018<\/td>\n<\/tr>\n<\/tbody>\n<\/table>\n<p>&nbsp;<\/p>\n<table style=\"width: 100%\" border=\"1\" cellspacing=\"0\" cellpadding=\"0\">\n<tbody>\n<tr>\n<td valign=\"top\" width=\"25%\">T\u00e9ma:<\/td>\n<td><strong>Krychlov\u00e9 stavby<\/strong><\/td>\n<\/tr>\n<tr>\n<td valign=\"top\" width=\"25%\">Video:<\/td>\n<td valign=\"top\">\n<ul>\n<li><a href=\"https:\/\/drive.google.com\/file\/d\/1ehaSRZsOhBPMgu35IzgAlOZybMi-qDQP\/view?usp=sharing\">Krychlov\u00e9 stavby \u2013 zad\u00e1n\u00ed.mp4<\/a><\/li>\n<li><a href=\"https:\/\/drive.google.com\/file\/d\/1oYmWWurhI3let2a5KhvjMdpyx2K9ZZJB\/view?usp=sharing\">Krychlov\u00e9 stavby \u2013 \u010d\u00edm se li\u0161\u00ed.mp4<\/a><\/li>\n<li><a href=\"https:\/\/drive.google.com\/file\/d\/1AD631p9-wE2DTkrxh34LFOlgM7wdWweT\/view?usp=sharing\">Stavitel\u00e9 t\u0159\u00edlet\u00ed \u2013 nev\u00edme jak.mp4<\/a><\/li>\n<li><a href=\"https:\/\/drive.google.com\/file\/d\/1QVNLO5WXlVLpUnSenEpBwPF2Snrw30PL\/view?usp=sharing\">Stavitel\u00e9 t\u0159\u00edlet\u00ed \u2013 sn\u011bhul\u00e1ci.mp4<\/a><\/li>\n<li><a href=\"https:\/\/drive.google.com\/file\/d\/1OsakFSdM-I7QK9BBgso1nrOoklgL61sT\/view?usp=sharing\">Stavitel\u00e9 \u2013 telefon \u2013 p\u0159ed a za.mp4<\/a><\/li>\n<li><a href=\"https:\/\/drive.google.com\/file\/d\/1nPhSy2shA3oTMRqk3GgvQyIm7eWjHJH_\/view?usp=sharing\">Stavitel\u00e9 \u2013 telefon \u2013kdy\u017e se to nepovede.mp4<\/a><\/li>\n<li><a href=\"https:\/\/drive.google.com\/file\/d\/1mt2aks7mmhmuuBegkHGLOLIUyw0ARnTM\/view?usp=sharing\">Stavitel\u00e9 \u2013 telefon \u2013 nevzdej se.mp4<\/a><\/li>\n<li><a href=\"https:\/\/drive.google.com\/file\/d\/1sFA6Opeg99GsEH05XT5o5pqibcu2vlVW\/view?usp=sharing\">Stavitel\u00e9 \u2013 telefon \u2013 porozum\u011bn\u00ed.mp4<\/a><\/li>\n<li><a href=\"https:\/\/drive.google.com\/file\/d\/1s7qm5U2iHkwdEjgvOUR46Fx8Mxj47g3P\/view?usp=sharing\">Stavitel\u00e9 \u2013 telefon \u2013 t\u011b\u017ek\u00e9.mp4<\/a><\/li>\n<\/ul>\n<\/td>\n<\/tr>\n<tr>\n<td valign=\"top\">Vyu\u010duj\u00edc\u00ed:<\/td>\n<td valign=\"top\">Zuzana Rauchov\u00e1, R\u016f\u017eena Kufrov\u00e1<\/td>\n<\/tr>\n<tr>\n<td valign=\"top\">\u0160kola:<\/td>\n<td valign=\"top\">M\u0160 Z\u00e1horsk\u00e9ho, Praha 5 &#8211; Barrandov<\/td>\n<\/tr>\n<tr>\n<td valign=\"top\">T\u0159\u00edda:<\/td>\n<td valign=\"top\">3 let\u00e9 d\u011bti V\u010delky (4 \u2013 5 let) Mot\u00fdlci (5 \u2013 6 let)<\/td>\n<\/tr>\n<tr>\n<td valign=\"top\">Datum po\u0159\u00edzen\u00ed nahr\u00e1vky:<\/td>\n<td valign=\"top\">30. 3. 2018<\/td>\n<\/tr>\n<\/tbody>\n<\/table>\n<p>&nbsp;<\/p>\n<table style=\"width: 100%\" border=\"1\" cellspacing=\"0\" cellpadding=\"0\">\n<tbody>\n<tr>\n<td valign=\"top\" width=\"25%\">T\u00e9ma:<\/td>\n<td><strong>Schody<\/strong><\/td>\n<\/tr>\n<tr>\n<td valign=\"top\" width=\"25%\">Video:<\/td>\n<td valign=\"top\">\n<ul>\n<li><a href=\"https:\/\/drive.google.com\/file\/d\/1kWx3TjNRGLW35upyODlE_6HV9EjKh0QS\/view?usp=sharing\">Kde bydl\u00ed \u2013 ot\u00e1zky.mp4<\/a><\/li>\n<li><a href=\"https:\/\/drive.google.com\/a\/geg.pedf.cuni.cz\/file\/d\/1VA30ZVUHHkqsdf_YrBHHz89AygZ6pSWs\/view?usp=sharing\">Kde za\u010d\u00edn\u00e1 a kon\u010d\u00ed schod.mp4<\/a><\/li>\n<li><a href=\"https:\/\/drive.google.com\/file\/d\/15053SUY2P74vB2-JAAQqPhvps7E3vbqM\/view?usp=sharing\">P\u0159\u00edprava na hru.mp4<\/a><\/li>\n<li><a href=\"https:\/\/drive.google.com\/file\/d\/1dRTO7kkd44jzT2M6XIP9OIg2dxuk2iVY\/view?usp=sharing\">Po\u010d\u00edt\u00e1n\u00ed schod\u016f.mp4<\/a><\/li>\n<li><a href=\"https:\/\/drive.google.com\/file\/d\/11SO6-BH6APjseBF32R3c4eXKMn3x3YWk\/view?usp=sharing\">Jak Alex vymyslel schr\u00e1nky.mp4<\/a><\/li>\n<\/ul>\n<\/td>\n<\/tr>\n<tr>\n<td valign=\"top\">Vyu\u010duj\u00edc\u00ed:<\/td>\n<td valign=\"top\">Jana Susov\u00e1<\/td>\n<\/tr>\n<tr>\n<td valign=\"top\">\u0160kola:<\/td>\n<td valign=\"top\">M\u0160 Pe\u0161kova, Praha 5 &#8211; Barrandov<\/td>\n<\/tr>\n<tr>\n<td valign=\"top\">T\u0159\u00edda:<\/td>\n<td valign=\"top\">Mot\u00fdlci (5 \u2013 6 let)<\/td>\n<\/tr>\n<tr>\n<td valign=\"top\">Datum po\u0159\u00edzen\u00ed nahr\u00e1vky:<\/td>\n<td valign=\"top\">29. 3. 2018<\/td>\n<\/tr>\n<\/tbody>\n<\/table>\n<p>&nbsp;<\/p>\n<h3>Kvantita<\/h3>\n<table style=\"width: 100%\" border=\"1\" cellspacing=\"0\" cellpadding=\"0\">\n<tbody>\n<tr>\n<td valign=\"top\" width=\"25%\">T\u00e9ma:<\/td>\n<td><strong>Kvantita<\/strong><\/td>\n<\/tr>\n<tr>\n<td valign=\"top\" width=\"25%\">Video:<\/td>\n<td valign=\"top\">\n<ul>\n<li><a href=\"https:\/\/drive.google.com\/file\/d\/1JRLN0MfhByMzAG_xuN1xMA38lMKGuG1S\/view?usp=sharing\">Kvantita 1.mp4<\/a><\/li>\n<li><a href=\"https:\/\/drive.google.com\/file\/d\/1M0z35fS8pD0mJGpCR9qbsHFq_DJdnNoF\/view?usp=sharing\">Kvantita 2.mp4<\/a><\/li>\n<li><a href=\"https:\/\/drive.google.com\/file\/d\/1VaVVs0ClPIOFbO9uIY39heUQ_kEZpWU3\/view?usp=sharing\">Kvantita 3.mp4<\/a><\/li>\n<\/ul>\n<\/td>\n<\/tr>\n<tr>\n<td valign=\"top\">Vyu\u010duj\u00edc\u00ed:<\/td>\n<td valign=\"top\">Mgr. Stanick\u00e1<\/td>\n<\/tr>\n<tr>\n<td valign=\"top\">\u0160kola:<\/td>\n<td valign=\"top\">M\u0160 Okru\u017en\u00ed 7, B\u0159eclav<\/td>\n<\/tr>\n<tr>\n<td valign=\"top\">T\u0159\u00edda:<\/td>\n<td valign=\"top\">5 let (9 d\u011bt\u00ed)<\/td>\n<\/tr>\n<tr>\n<td valign=\"top\">Datum po\u0159\u00edzen\u00ed nahr\u00e1vky:<\/td>\n<td valign=\"top\">24. 10. 2017<\/td>\n<\/tr>\n<\/tbody>\n<\/table>\n","protected":false},"excerpt":{"rendered":"<p>M\u00edra T\u00e9ma: Prost\u0159ed\u00ed Parkety Video: Jak jsme skl\u00e1dali podlahu.mp4 Nejkrat\u0161\u00ed a nejdel\u0161\u00ed cesta.mp4 Podlah\u00e1\u0159i \u2013 \u00favod.mp4 Podlah\u00e1\u0159i \u2013 instrukce.mp4 Podlah\u00e1\u0159i &#8211; s\u00ed\u0165.mp4 Podlah\u00e1\u0159i \u2013 sova.mp4 Pokl\u00e1d\u00e1n\u00ed pap\u00edrov\u00fdch parket.mp4 Za\u010d\u00edn\u00e1me s&#8230; <\/p>\n","protected":false},"author":464,"featured_media":0,"parent":0,"menu_order":0,"comment_status":"closed","ping_status":"closed","template":"","meta":{"footnotes":""},"class_list":["post-532","page","type-page","status-publish","hentry"],"jetpack_sharing_enabled":true,"_links":{"self":[{"href":"https:\/\/pages.pedf.cuni.cz\/sc1\/wp-json\/wp\/v2\/pages\/532","targetHints":{"allow":["GET"]}}],"collection":[{"href":"https:\/\/pages.pedf.cuni.cz\/sc1\/wp-json\/wp\/v2\/pages"}],"about":[{"href":"https:\/\/pages.pedf.cuni.cz\/sc1\/wp-json\/wp\/v2\/types\/page"}],"author":[{"embeddable":true,"href":"https:\/\/pages.pedf.cuni.cz\/sc1\/wp-json\/wp\/v2\/users\/464"}],"replies":[{"embeddable":true,"href":"https:\/\/pages.pedf.cuni.cz\/sc1\/wp-json\/wp\/v2\/comments?post=532"}],"version-history":[{"count":11,"href":"https:\/\/pages.pedf.cuni.cz\/sc1\/wp-json\/wp\/v2\/pages\/532\/revisions"}],"predecessor-version":[{"id":642,"href":"https:\/\/pages.pedf.cuni.cz\/sc1\/wp-json\/wp\/v2\/pages\/532\/revisions\/642"}],"wp:attachment":[{"href":"https:\/\/pages.pedf.cuni.cz\/sc1\/wp-json\/wp\/v2\/media?parent=532"}],"curies":[{"name":"wp","href":"https:\/\/api.w.org\/{rel}","templated":true}]}}