{"id":79,"date":"2017-04-27T17:03:35","date_gmt":"2017-04-27T15:03:35","guid":{"rendered":"http:\/\/pages.pedf.cuni.cz\/sc1\/?page_id=79"},"modified":"2018-01-16T14:52:03","modified_gmt":"2018-01-16T13:52:03","slug":"casovy-harmonogram","status":"publish","type":"page","link":"https:\/\/pages.pedf.cuni.cz\/sc1\/casovy-harmonogram\/","title":{"rendered":"\u010casov\u00fd harmonogram"},"content":{"rendered":"<p><strong>\u00a0<\/strong><\/p>\n<p><a href=\"https:\/\/pages.pedf.cuni.cz\/sc1\/files\/2017\/04\/plan.png\"><img loading=\"lazy\" decoding=\"async\" width=\"1440\" height=\"1080\" class=\"alignnone size-full wp-image-83\" src=\"https:\/\/pages.pedf.cuni.cz\/sc1\/files\/2017\/04\/plan.png\" srcset=\"https:\/\/pages.pedf.cuni.cz\/sc1\/files\/2017\/04\/plan.png 1440w, https:\/\/pages.pedf.cuni.cz\/sc1\/files\/2017\/04\/plan-300x225.png 300w, https:\/\/pages.pedf.cuni.cz\/sc1\/files\/2017\/04\/plan-768x576.png 768w, https:\/\/pages.pedf.cuni.cz\/sc1\/files\/2017\/04\/plan-1024x768.png 1024w, https:\/\/pages.pedf.cuni.cz\/sc1\/files\/2017\/04\/plan-240x180.png 240w\" sizes=\"auto, (max-width: 1440px) 100vw, 1440px\" \/><\/a><\/p>\n<p><strong>Zm\u011bna:<\/strong> M\u0160MT schv\u00e1lilo\u00a0 zm\u011bnu projektu t\u00fdkaj\u00edc\u00ed se zm\u011bny harmonogramu KA05 Ak\u010dn\u00ed v\u00fdzkum. Tato aktivita bude zah\u00e1jena ji\u017e v z\u00e1\u0159\u00ed 2018.<\/p>\n<p><strong>Nov\u00fd harmonogram pro rok 2018:<\/strong><\/p>\n<table style=\"height: 148px\" width=\"981\">\n<tbody>\n<tr>\n<td width=\"171\">Rok realizace projektu<\/td>\n<td colspan=\"12\" width=\"453\">20<em>18<\/em><\/td>\n<\/tr>\n<tr>\n<td width=\"171\">M\u011bs\u00edc<\/td>\n<td width=\"37\">I.<\/td>\n<td width=\"38\">II.<\/td>\n<td width=\"38\">III.<\/td>\n<td width=\"38\">IV.<\/td>\n<td width=\"38\">V.<\/td>\n<td width=\"38\">VI.<\/td>\n<td width=\"38\">VII.<\/td>\n<td width=\"39\">VIII.<\/td>\n<td width=\"38\">IX.<\/td>\n<td width=\"37\">X.<\/td>\n<td width=\"38\">XI.<\/td>\n<td width=\"38\">XII.<\/td>\n<\/tr>\n<tr>\n<td width=\"171\"><strong><em>\u0158\u00edzen\u00ed projektu<\/em><\/strong><\/td>\n<td width=\"37\">X<\/td>\n<td width=\"38\">X<\/td>\n<td width=\"38\">X<\/td>\n<td width=\"38\">X<\/td>\n<td width=\"38\">X<\/td>\n<td width=\"38\">X<\/td>\n<td width=\"38\">X<\/td>\n<td width=\"39\">X<\/td>\n<td width=\"38\">X<\/td>\n<td width=\"37\">X<\/td>\n<td width=\"38\">X<\/td>\n<td width=\"38\">X<\/td>\n<\/tr>\n<tr>\n<td width=\"171\"><strong><em>Spolupupr\u00e1ce oborov\u00fdch didaktik\u016f s\u00a0katedrami spol. z\u00e1kladu<\/em><\/strong><\/td>\n<td width=\"37\">X<\/td>\n<td width=\"38\">X<\/td>\n<td width=\"38\">X<\/td>\n<td width=\"38\">X<\/td>\n<td width=\"38\">X<\/td>\n<td width=\"38\">X<\/td>\n<td width=\"38\">X<\/td>\n<td width=\"39\">X<\/td>\n<td width=\"38\">X<\/td>\n<td width=\"37\">X<\/td>\n<td width=\"38\">X<\/td>\n<td width=\"38\">X<\/td>\n<\/tr>\n<tr>\n<td width=\"171\"><strong><em>Spole\u010denstv\u00ed praxe<\/em><\/strong><\/td>\n<td width=\"37\">X<\/td>\n<td width=\"38\">X<\/td>\n<td width=\"38\">X<\/td>\n<td width=\"38\">X<\/td>\n<td width=\"38\">X<\/td>\n<td width=\"38\">X<\/td>\n<td width=\"38\">X<\/td>\n<td width=\"39\">X<\/td>\n<td width=\"38\"><\/td>\n<td width=\"37\"><\/td>\n<td width=\"38\"><\/td>\n<td width=\"38\"><\/td>\n<\/tr>\n<tr>\n<td width=\"171\"><strong><em>Mentoring<\/em><\/strong><\/td>\n<td width=\"37\"><\/td>\n<td width=\"38\"><\/td>\n<td width=\"38\"><\/td>\n<td width=\"38\"><\/td>\n<td width=\"38\"><\/td>\n<td width=\"38\"><\/td>\n<td width=\"38\">X<\/td>\n<td width=\"39\">X<\/td>\n<td width=\"38\">X<\/td>\n<td width=\"37\">X<\/td>\n<td width=\"38\">X<\/td>\n<td width=\"38\">X<\/td>\n<\/tr>\n<tr>\n<td width=\"171\"><strong><em>Ak\u010dn\u00ed v\u00fdzkum<\/em><\/strong><\/td>\n<td width=\"37\"><\/td>\n<td width=\"38\"><\/td>\n<td width=\"38\"><\/td>\n<td width=\"38\"><\/td>\n<td width=\"38\"><\/td>\n<td width=\"38\"><\/td>\n<td width=\"38\"><\/td>\n<td width=\"39\"><\/td>\n<td width=\"38\">X<\/td>\n<td width=\"37\">X<\/td>\n<td width=\"38\">X<\/td>\n<td width=\"38\">X<\/td>\n<\/tr>\n<tr>\n<td width=\"171\"><strong><em>Konference<\/em><\/strong><\/td>\n<td width=\"37\"><\/td>\n<td width=\"38\"><\/td>\n<td width=\"38\"><\/td>\n<td width=\"38\"><\/td>\n<td width=\"38\"><\/td>\n<td width=\"38\"><\/td>\n<td width=\"38\"><\/td>\n<td width=\"39\"><\/td>\n<td width=\"38\"><\/td>\n<td width=\"37\"><\/td>\n<td width=\"38\"><\/td>\n<td width=\"38\"><\/td>\n<\/tr>\n<\/tbody>\n<\/table>\n<p><strong>\u00a0<\/strong><\/p>\n","protected":false},"excerpt":{"rendered":"<p>\u00a0 Zm\u011bna: M\u0160MT schv\u00e1lilo\u00a0 zm\u011bnu projektu t\u00fdkaj\u00edc\u00ed se zm\u011bny harmonogramu KA05 Ak\u010dn\u00ed v\u00fdzkum. Tato aktivita bude zah\u00e1jena ji\u017e v z\u00e1\u0159\u00ed 2018. Nov\u00fd harmonogram pro rok 2018: Rok realizace projektu 2018&#8230; <\/p>\n","protected":false},"author":464,"featured_media":0,"parent":0,"menu_order":0,"comment_status":"closed","ping_status":"closed","template":"","meta":{"footnotes":""},"class_list":["post-79","page","type-page","status-publish","hentry"],"jetpack_sharing_enabled":true,"_links":{"self":[{"href":"https:\/\/pages.pedf.cuni.cz\/sc1\/wp-json\/wp\/v2\/pages\/79","targetHints":{"allow":["GET"]}}],"collection":[{"href":"https:\/\/pages.pedf.cuni.cz\/sc1\/wp-json\/wp\/v2\/pages"}],"about":[{"href":"https:\/\/pages.pedf.cuni.cz\/sc1\/wp-json\/wp\/v2\/types\/page"}],"author":[{"embeddable":true,"href":"https:\/\/pages.pedf.cuni.cz\/sc1\/wp-json\/wp\/v2\/users\/464"}],"replies":[{"embeddable":true,"href":"https:\/\/pages.pedf.cuni.cz\/sc1\/wp-json\/wp\/v2\/comments?post=79"}],"version-history":[{"count":8,"href":"https:\/\/pages.pedf.cuni.cz\/sc1\/wp-json\/wp\/v2\/pages\/79\/revisions"}],"predecessor-version":[{"id":419,"href":"https:\/\/pages.pedf.cuni.cz\/sc1\/wp-json\/wp\/v2\/pages\/79\/revisions\/419"}],"wp:attachment":[{"href":"https:\/\/pages.pedf.cuni.cz\/sc1\/wp-json\/wp\/v2\/media?parent=79"}],"curies":[{"name":"wp","href":"https:\/\/api.w.org\/{rel}","templated":true}]}}