{"id":88,"date":"2017-05-04T10:57:01","date_gmt":"2017-05-04T08:57:01","guid":{"rendered":"http:\/\/pages.pedf.cuni.cz\/sc1\/?page_id=88"},"modified":"2017-05-11T14:25:19","modified_gmt":"2017-05-11T12:25:19","slug":"ka01","status":"publish","type":"page","link":"https:\/\/pages.pedf.cuni.cz\/sc1\/ka01\/","title":{"rendered":"KA01 \u2013 \u0158\u00edzen\u00ed projektu"},"content":{"rendered":"<p><strong>C\u00edle<\/strong>: N\u00e1pln\u00ed KA01 je organizace a \u0159\u00edzen\u00ed cel\u00e9ho projektu.<br \/>\n<strong>Harmonogram:<\/strong> 1. 1. 2017 &#8211; 31. 12. 2019.<\/p>\n<p>Na z\u00e1klad\u011b uzav\u0159en\u00e9 partnersk\u00e9 smlouvy hlavn\u00edho \u0159e\u0161itele (UK) s dal\u0161\u00edmi \u010dty\u0159mi vysok\u00fdmi \u0161kolami (MU, J\u010cU, TUL a UPOL) a NNO bude \u0159\u00edzen\u00ed projektu dvou\u00farov\u0148ov\u00e9. Prvn\u00ed \u00farove\u0148 \u0159\u00edzen\u00ed bude zaji\u0161\u0165ovat \u0159e\u0161itel projektu &#8211; a to jak z hlediska \u0159\u00edzen\u00ed cel\u00e9ho projektu, tak z hlediska \u0159\u00edzen\u00ed na dan\u00e9 V\u0160 (UK). Druh\u00e1 \u00farove\u0148 \u0159\u00edzen\u00ed spo\u010d\u00edv\u00e1 v \u0159\u00edzen\u00ed na partnersk\u00e9 V\u0160 a NNO. Hlavn\u00ed mana\u017eer partnera komunikuje s hlavn\u00edm mana\u017eerem projektu, svol\u00e1v\u00e1 \u0158\u00edd\u00edc\u00ed t\u00fdm.<\/p>\n","protected":false},"excerpt":{"rendered":"<p>C\u00edle: N\u00e1pln\u00ed KA01 je organizace a \u0159\u00edzen\u00ed cel\u00e9ho projektu. Harmonogram: 1. 1. 2017 &#8211; 31. 12. 2019. Na z\u00e1klad\u011b uzav\u0159en\u00e9 partnersk\u00e9 smlouvy hlavn\u00edho \u0159e\u0161itele (UK) s dal\u0161\u00edmi \u010dty\u0159mi vysok\u00fdmi \u0161kolami&#8230; <\/p>\n","protected":false},"author":464,"featured_media":0,"parent":0,"menu_order":0,"comment_status":"closed","ping_status":"closed","template":"","meta":{"footnotes":""},"class_list":["post-88","page","type-page","status-publish","hentry"],"jetpack_sharing_enabled":true,"_links":{"self":[{"href":"https:\/\/pages.pedf.cuni.cz\/sc1\/wp-json\/wp\/v2\/pages\/88","targetHints":{"allow":["GET"]}}],"collection":[{"href":"https:\/\/pages.pedf.cuni.cz\/sc1\/wp-json\/wp\/v2\/pages"}],"about":[{"href":"https:\/\/pages.pedf.cuni.cz\/sc1\/wp-json\/wp\/v2\/types\/page"}],"author":[{"embeddable":true,"href":"https:\/\/pages.pedf.cuni.cz\/sc1\/wp-json\/wp\/v2\/users\/464"}],"replies":[{"embeddable":true,"href":"https:\/\/pages.pedf.cuni.cz\/sc1\/wp-json\/wp\/v2\/comments?post=88"}],"version-history":[{"count":2,"href":"https:\/\/pages.pedf.cuni.cz\/sc1\/wp-json\/wp\/v2\/pages\/88\/revisions"}],"predecessor-version":[{"id":163,"href":"https:\/\/pages.pedf.cuni.cz\/sc1\/wp-json\/wp\/v2\/pages\/88\/revisions\/163"}],"wp:attachment":[{"href":"https:\/\/pages.pedf.cuni.cz\/sc1\/wp-json\/wp\/v2\/media?parent=88"}],"curies":[{"name":"wp","href":"https:\/\/api.w.org\/{rel}","templated":true}]}}