{"id":90,"date":"2017-05-04T10:57:44","date_gmt":"2017-05-04T08:57:44","guid":{"rendered":"http:\/\/pages.pedf.cuni.cz\/sc1\/?page_id=90"},"modified":"2017-05-11T14:26:06","modified_gmt":"2017-05-11T12:26:06","slug":"ka02","status":"publish","type":"page","link":"https:\/\/pages.pedf.cuni.cz\/sc1\/ka02\/","title":{"rendered":"KA02 \u2013 Spolupr\u00e1ce oborov\u00fdch didaktik\u016f s katedrami zab\u00fdvaj\u00edc\u00edmi se psychologi\u00ed, obecnou didaktikou, psychodidaktikou a speci\u00e1ln\u00ed pedagogikou."},"content":{"rendered":"<p>Pedagogi\u010dt\u00ed pracovn\u00edci zab\u00fdvaj\u00edc\u00ed se psychologi\u00ed, obecnou didaktikou, psychodidaktikou a speci\u00e1ln\u00ed pedagogikou budou zapojeni u \u0159e\u0161itele projektu i v partnersk\u00fdch V\u0160 po celou dobu realizace KA. Budou participovat na v\u0161ech odborn\u00fdch aktivit\u00e1ch projektu a jejich \u00faloha se bude podobn\u011b jako u pedagogick\u00fdch pracovn\u00edk\u016f &#8211; didaktik\u016f prom\u011b\u0148ovat podle c\u00edl\u016f a n\u00e1pln\u011b jednotliv\u00fdch KA. Budou v\u017edy ned\u00edlnou sou\u010d\u00e1st\u00ed \u0159e\u0161itelsk\u00e9ho t\u00fdmu. V r\u00e1mci KA02 dojde k propojen\u00ed \u010dinnosti kateder a partner\u016f p\u0159i spolupr\u00e1ci s pedagogy ve spole\u010denstv\u00ed praxe. Do realizace budou na \u00farovni p\u0159\u00edjemce zapojeny katedry prim\u00e1rn\u00ed pedagogiky, psychologie, speci\u00e1ln\u00ed pedagogiky. Pro d\u00edl\u010d\u00ed oblasti pregramotnost\u00ed a didaktiky p\u0159ed\u0161koln\u00edho vzd\u011bl\u00e1v\u00e1n\u00ed pak katedry \u010desk\u00e9ho jazyka, matematiky a didaktiky matematiky, didaktiky p\u0159ed\u0161koln\u00edho vzd\u011bl\u00e1v\u00e1n\u00ed \u010di z\u00e1stupci \u00fastavu v\u00fdzkumu rozvoje vzd\u011bl\u00e1v\u00e1n\u00ed. Na pln\u011bn\u00ed KA02 se budou pod\u00edlet i dal\u0161\u00ed fakulty UK, nap\u0159. MFF, P\u0159F \u010di FF.<\/p>\n<p>Popis KA02 je dle v\u00fdzvy \u010d. 02_16_011 obsa\u017een v popisu ostatn\u00edch kl\u00ed\u010dov\u00fdch aktivit projektu.<\/p>\n","protected":false},"excerpt":{"rendered":"<p>Pedagogi\u010dt\u00ed pracovn\u00edci zab\u00fdvaj\u00edc\u00ed se psychologi\u00ed, obecnou didaktikou, psychodidaktikou a speci\u00e1ln\u00ed pedagogikou budou zapojeni u \u0159e\u0161itele projektu i v partnersk\u00fdch V\u0160 po celou dobu realizace KA. Budou participovat na v\u0161ech odborn\u00fdch&#8230; <\/p>\n","protected":false},"author":464,"featured_media":0,"parent":0,"menu_order":0,"comment_status":"closed","ping_status":"closed","template":"","meta":{"footnotes":""},"class_list":["post-90","page","type-page","status-publish","hentry"],"jetpack_sharing_enabled":true,"_links":{"self":[{"href":"https:\/\/pages.pedf.cuni.cz\/sc1\/wp-json\/wp\/v2\/pages\/90","targetHints":{"allow":["GET"]}}],"collection":[{"href":"https:\/\/pages.pedf.cuni.cz\/sc1\/wp-json\/wp\/v2\/pages"}],"about":[{"href":"https:\/\/pages.pedf.cuni.cz\/sc1\/wp-json\/wp\/v2\/types\/page"}],"author":[{"embeddable":true,"href":"https:\/\/pages.pedf.cuni.cz\/sc1\/wp-json\/wp\/v2\/users\/464"}],"replies":[{"embeddable":true,"href":"https:\/\/pages.pedf.cuni.cz\/sc1\/wp-json\/wp\/v2\/comments?post=90"}],"version-history":[{"count":2,"href":"https:\/\/pages.pedf.cuni.cz\/sc1\/wp-json\/wp\/v2\/pages\/90\/revisions"}],"predecessor-version":[{"id":164,"href":"https:\/\/pages.pedf.cuni.cz\/sc1\/wp-json\/wp\/v2\/pages\/90\/revisions\/164"}],"wp:attachment":[{"href":"https:\/\/pages.pedf.cuni.cz\/sc1\/wp-json\/wp\/v2\/media?parent=90"}],"curies":[{"name":"wp","href":"https:\/\/api.w.org\/{rel}","templated":true}]}}