{"id":92,"date":"2017-05-04T10:58:35","date_gmt":"2017-05-04T08:58:35","guid":{"rendered":"http:\/\/pages.pedf.cuni.cz\/sc1\/?page_id=92"},"modified":"2017-05-11T14:34:36","modified_gmt":"2017-05-11T12:34:36","slug":"ka03","status":"publish","type":"page","link":"https:\/\/pages.pedf.cuni.cz\/sc1\/ka03\/","title":{"rendered":"KA03 \u2013 Spole\u010denstv\u00ed praxe"},"content":{"rendered":"<p>KA03 zast\u0159e\u0161uje soubor systematicky prov\u00e1zan\u00fdch aktivit, kter\u00e9 podporuj\u00ed profesn\u00ed rozvoj v\u0161ech zapojen\u00fdch akt\u00e9r\u016f. Podrobn\u011b je KA03 pops\u00e1na v P\u0159\u00edloze \u010d. X.<\/p>\n<p><strong>C\u00edle<\/strong>: Zv\u00fd\u0161en\u00ed kvality p\u0159ed\u0161koln\u00edho vzd\u011bl\u00e1v\u00e1n\u00ed.<br \/>\n<strong>Harmonogram<\/strong><span class=\"Apple-converted-space\">\u00a0<\/span><strong>a struktura<\/strong>: KA03 bude prob\u00edhat 33 m\u011bs\u00edc\u016f; realizace bude rozd\u011blena do dvou f\u00e1z\u00ed:<\/p>\n<p><strong>P\u0159\u00edpravn\u00e1 a realiza\u010dn\u00ed f\u00e1ze: 1. 2. 2017 \u2013 31. 10. 2018<\/strong><\/p>\n<ul>\n<li><strong>P\u0159\u00edpravn\u00e1 f\u00e1ze<\/strong>: p\u0159\u00edprava realiza\u010dn\u00edho t\u00fdmu, organizace a rozm\u00edst\u011bn\u00ed spole\u010dn\u00fdch setk\u00e1n\u00ed Spole\u010denstv\u00ed, koncep\u010dn\u00ed p\u0159\u00edprava vzd\u011bl\u00e1vac\u00edch modul\u016f pro jednotliv\u00e1 podt\u00e9mata SC1.<\/li>\n<li><strong>Realiza\u010dn\u00ed f\u00e1ze<\/strong>: setk\u00e1v\u00e1n\u00ed se v r\u00e1mci Spole\u010denstv\u00ed, p\u0159\u00edm\u00e1 podpora u\u010ditel\u016f a jejich rozvoj ve dvou typech pracovn\u00edch skupin: (a) horizont\u00e1ln\u00ed skupiny \u010dlen\u011bn\u00e9 podle t\u00e9mat v\u00fdzvy, tj. \u010dten\u00e1\u0159sk\u00e1 a matematick\u00e1 pregramotnost a didaktika p\u0159ed\u0161koln\u00edho vzd\u011bl\u00e1v\u00e1n\u00ed; (b) vertik\u00e1ln\u00ed skupiny podporuj\u00edc\u00ed sd\u00edlen\u00ed nap\u0159\u00ed\u010d t\u00e9maty v\u00fdzvy, tj. nap\u0159. rozvoj mezip\u0159edm\u011btov\u00fdch vztah\u016f \u010di kl\u00ed\u010dov\u00fdch kompetenc\u00ed. Pom\u011br \u010dinnost\u00ed bude 2:1 ve prosp\u011bch pr\u00e1ce v r\u00e1mci horizont\u00e1ln\u00ed skupiny.<\/li>\n<li><strong><a href=\"https:\/\/pages.pedf.cuni.cz\/sc1\/spolecenstvi-praxe\/\">Prvn\u00ed setk\u00e1n\u00ed spole\u010denstv\u00ed praxe 28. 4. 2017<\/a><\/strong><\/li>\n<\/ul>\n<p><strong>Z\u00e1v\u011bre\u010dn\u00e1 f\u00e1ze: 1. 4. 2019 \u2013 31. 10. 2019<\/strong><\/p>\n<ul>\n<li>Zhodnocen\u00ed pr\u00e1ce ve Spole\u010denstv\u00ed, prezentace analyzovan\u00fdch v\u00fdstup\u016f v r\u00e1mci semin\u00e1\u0159\u016f pro v\u0161echny z\u00fa\u010dastn\u011bn\u00e9 akt\u00e9ry.<\/li>\n<\/ul>\n<p>Obsahov\u00e9 zam\u011b\u0159en\u00ed jednotliv\u00fdch aktivit ve Spole\u010denstv\u00ed praxe bude r\u016fznorod\u011b zam\u011b\u0159eno. Trajektorie obsahov\u00e9ho zam\u011b\u0159en\u00ed bude rozd\u011blena do t\u0159\u00ed blok\u016f:<\/p>\n<ol>\n<li>Zam\u011b\u0159en\u00ed na kurikulum, obsah a c\u00edle vzd\u011bl\u00e1v\u00e1n\u00ed.<\/li>\n<li>Zam\u011b\u0159en\u00ed na metody v\u00fduky.<\/li>\n<li>Zam\u011b\u0159en\u00ed na akt\u00e9ry vyu\u010dovac\u00edho procesu.<\/li>\n<\/ol>\n","protected":false},"excerpt":{"rendered":"<p>KA03 zast\u0159e\u0161uje soubor systematicky prov\u00e1zan\u00fdch aktivit, kter\u00e9 podporuj\u00ed profesn\u00ed rozvoj v\u0161ech zapojen\u00fdch akt\u00e9r\u016f. Podrobn\u011b je KA03 pops\u00e1na v P\u0159\u00edloze \u010d. X. C\u00edle: Zv\u00fd\u0161en\u00ed kvality p\u0159ed\u0161koln\u00edho vzd\u011bl\u00e1v\u00e1n\u00ed. Harmonogram\u00a0a struktura: KA03 bude&#8230; <\/p>\n","protected":false},"author":464,"featured_media":0,"parent":0,"menu_order":0,"comment_status":"closed","ping_status":"closed","template":"","meta":{"footnotes":""},"class_list":["post-92","page","type-page","status-publish","hentry"],"jetpack_sharing_enabled":true,"_links":{"self":[{"href":"https:\/\/pages.pedf.cuni.cz\/sc1\/wp-json\/wp\/v2\/pages\/92","targetHints":{"allow":["GET"]}}],"collection":[{"href":"https:\/\/pages.pedf.cuni.cz\/sc1\/wp-json\/wp\/v2\/pages"}],"about":[{"href":"https:\/\/pages.pedf.cuni.cz\/sc1\/wp-json\/wp\/v2\/types\/page"}],"author":[{"embeddable":true,"href":"https:\/\/pages.pedf.cuni.cz\/sc1\/wp-json\/wp\/v2\/users\/464"}],"replies":[{"embeddable":true,"href":"https:\/\/pages.pedf.cuni.cz\/sc1\/wp-json\/wp\/v2\/comments?post=92"}],"version-history":[{"count":3,"href":"https:\/\/pages.pedf.cuni.cz\/sc1\/wp-json\/wp\/v2\/pages\/92\/revisions"}],"predecessor-version":[{"id":169,"href":"https:\/\/pages.pedf.cuni.cz\/sc1\/wp-json\/wp\/v2\/pages\/92\/revisions\/169"}],"wp:attachment":[{"href":"https:\/\/pages.pedf.cuni.cz\/sc1\/wp-json\/wp\/v2\/media?parent=92"}],"curies":[{"name":"wp","href":"https:\/\/api.w.org\/{rel}","templated":true}]}}