{"id":94,"date":"2017-05-04T10:59:18","date_gmt":"2017-05-04T08:59:18","guid":{"rendered":"http:\/\/pages.pedf.cuni.cz\/sc1\/?page_id=94"},"modified":"2017-05-04T10:59:18","modified_gmt":"2017-05-04T08:59:18","slug":"ka04","status":"publish","type":"page","link":"https:\/\/pages.pedf.cuni.cz\/sc1\/ka04\/","title":{"rendered":"KA04 \u2013 Mentoring"},"content":{"rendered":"<p><strong>C\u00edle<\/strong>: KA04 je zam\u011b\u0159ena na podporu rozvoje mentorsk\u00fdch dovednost\u00ed zapojen\u00fdch u\u010ditel\u016f. Z\u00e1m\u011brem projektu je systematicky roz\u0161i\u0159ovat \u0159ady mentor\u016f ze skupiny u\u010ditel\u016f mate\u0159sk\u00fdch \u0161kol, tzv. leadr\u016f. C\u00edlem t\u00e9to KA bude podpo\u0159it profesn\u00ed rozvoj zapojen\u00fdch u\u010ditel\u016f v oblasti mentoringu v r\u00e1mci Spole\u010denstv\u00ed praxe (v budoucnu i pro za\u010d\u00ednaj\u00edc\u00ed u\u010ditele v praxi). Sou\u010dasn\u011b p\u0159iprav\u00edme mentory pro pr\u00e1ci na ak\u010dn\u00edm v\u00fdzkumu (KA05), kter\u00fd budou realizovat se studenty u\u010ditelstv\u00ed (budouc\u00edmi u\u010diteli v mate\u0159sk\u00fdch \u0161kol\u00e1ch).<\/p>\n<p><strong>T\u00e9mata<\/strong>: Vzhledem k tomu, \u017ee v t\u00e9to oblasti zat\u00edm neexistuje obecn\u011b p\u0159ij\u00edman\u00e1 n\u00e1pl\u0148 \u010dinnost\u00ed mentora, av\u0161ak existuje naopak shoda ohledn\u011b kontextu\u00e1ln\u00edho charakteru mentoringu, zam\u011b\u0159\u00edme se tematicky jednak na obecn\u011b definovan\u00e9 mentorsk\u00e9 dovednosti\/strategie, ale sou\u010dasn\u011b i na oborov\u011b specifick\u00e9 mentorsk\u00e9 dovednosti. Konkr\u00e9tn\u011b se budeme v\u011bnovat rozvoji profesn\u00edch kompetenc\u00ed v \u010dten\u00e1\u0159sk\u00e9 a matematick\u00e9 pregramotnosti a didaktiky p\u0159ed\u0161koln\u00edho vzd\u011bl\u00e1v\u00e1n\u00ed. V r\u00e1mci KA budou rovn\u011b\u017e rozv\u00edjeny r\u016fzn\u00e9 reflektivn\u00ed techniky, nap\u0159. veden\u00ed portfolia, reflektivn\u00edch den\u00edk\u016f, pr\u00e1ce s videonahr\u00e1vkami v\u00fduky, uplat\u0148ov\u00e1n\u00ed metodiky 3A (tj. anotace, anal\u00fdza a alterace v\u00fduky, p\u0159\u00edp. v\u00fdukov\u00fdch situac\u00ed), uplat\u0148ov\u00e1n\u00ed metody lesson study (tj. cyklus: stanovov\u00e1n\u00ed c\u00edl\u016f, pl\u00e1nov\u00e1n\u00ed, implementace a z\u00e1v\u011bre\u010dn\u00e1 anal\u00fdza a shrnut\u00ed).<\/p>\n<p><strong>Harmonogram<\/strong>: 1. 7. 2018 \u2013 31. 12. 2018<\/p>\n","protected":false},"excerpt":{"rendered":"<p>C\u00edle: KA04 je zam\u011b\u0159ena na podporu rozvoje mentorsk\u00fdch dovednost\u00ed zapojen\u00fdch u\u010ditel\u016f. Z\u00e1m\u011brem projektu je systematicky roz\u0161i\u0159ovat \u0159ady mentor\u016f ze skupiny u\u010ditel\u016f mate\u0159sk\u00fdch \u0161kol, tzv. leadr\u016f. C\u00edlem t\u00e9to KA bude podpo\u0159it&#8230; <\/p>\n","protected":false},"author":464,"featured_media":0,"parent":0,"menu_order":0,"comment_status":"closed","ping_status":"closed","template":"","meta":{"footnotes":""},"class_list":["post-94","page","type-page","status-publish","hentry"],"jetpack_sharing_enabled":true,"_links":{"self":[{"href":"https:\/\/pages.pedf.cuni.cz\/sc1\/wp-json\/wp\/v2\/pages\/94","targetHints":{"allow":["GET"]}}],"collection":[{"href":"https:\/\/pages.pedf.cuni.cz\/sc1\/wp-json\/wp\/v2\/pages"}],"about":[{"href":"https:\/\/pages.pedf.cuni.cz\/sc1\/wp-json\/wp\/v2\/types\/page"}],"author":[{"embeddable":true,"href":"https:\/\/pages.pedf.cuni.cz\/sc1\/wp-json\/wp\/v2\/users\/464"}],"replies":[{"embeddable":true,"href":"https:\/\/pages.pedf.cuni.cz\/sc1\/wp-json\/wp\/v2\/comments?post=94"}],"version-history":[{"count":1,"href":"https:\/\/pages.pedf.cuni.cz\/sc1\/wp-json\/wp\/v2\/pages\/94\/revisions"}],"predecessor-version":[{"id":95,"href":"https:\/\/pages.pedf.cuni.cz\/sc1\/wp-json\/wp\/v2\/pages\/94\/revisions\/95"}],"wp:attachment":[{"href":"https:\/\/pages.pedf.cuni.cz\/sc1\/wp-json\/wp\/v2\/media?parent=94"}],"curies":[{"name":"wp","href":"https:\/\/api.w.org\/{rel}","templated":true}]}}