{"id":96,"date":"2017-05-04T11:00:03","date_gmt":"2017-05-04T09:00:03","guid":{"rendered":"http:\/\/pages.pedf.cuni.cz\/sc1\/?page_id=96"},"modified":"2018-01-10T15:46:42","modified_gmt":"2018-01-10T14:46:42","slug":"ka05","status":"publish","type":"page","link":"https:\/\/pages.pedf.cuni.cz\/sc1\/ka05\/","title":{"rendered":"KA05 \u2013 Ak\u010dn\u00ed v\u00fdzkum student\u016f v mate\u0159sk\u00fdch \u0161kol\u00e1ch"},"content":{"rendered":"<p><strong>C\u00edle<\/strong>: KA zam\u011b\u0159en\u00e1 na ak\u010dn\u00ed v\u00fdzkum (AV) c\u00edl\u00ed na podporu rozvoje porozum\u011bn\u00ed v\u00fdukov\u00e9mu procesu, na schopnost pl\u00e1novat, implementovat, vyhodnocovat a odborn\u011b argumentovat v\u00fdsledky implementovan\u00fdch zm\u011bn v kontextu v\u00fduky.<\/p>\n<p><strong>Harmonogram<\/strong>: 1. 9. 2018 \u2013 30. 6. 2019<br \/>\nTematicky budou AV zam\u011b\u0159eny na r\u016fzn\u00e9 aspekty \u010dten\u00e1\u0159sk\u00e9 a matematick\u00e9 pregramotnosti a didaktiky p\u0159ed\u0161koln\u00edho vzd\u011bl\u00e1v\u00e1n\u00ed.<\/p>\n<h4>Etapy:<\/h4>\n<p><strong>1. etapa \u2013 p\u0159\u00edpravn\u00e1:<\/strong><\/p>\n<ul>\n<li>Identifikace zam\u011b\u0159en\u00ed AV (u\u010ditel ve spolupr\u00e1ci se studentem a s ohledem na znalost kontextu vlastn\u00ed t\u0159\u00eddy).<\/li>\n<li>N\u00e1vrh mo\u017en\u00fdch p\u0159\u00ed\u010din identifikovan\u00e9ho probl\u00e9mu, tzv. hypot\u00e9z (u\u010ditel a student s oporou o teoretick\u00e9 zdroje a za podpory akademick\u00e9ho pracovn\u00edka).<\/li>\n<li>N\u00e1vrh interven\u010dn\u00edho pl\u00e1nu a metod ov\u011b\u0159en\u00ed jeho efektivity v praxi (student s oporou o teoretick\u00e9 zdroje a za podpory akademick\u00e9ho pracovn\u00edka; diskuse s u\u010ditelem).<\/li>\n<\/ul>\n<p><strong>2. etapa \u2013 implementa\u010dn\u00ed:<\/strong><\/p>\n<ul>\n<li>Realizace navr\u017een\u00e9ho interven\u010dn\u00edho pl\u00e1nu v praxi (u\u010ditel ve sv\u00e9 vlastn\u00ed t\u0159\u00edd\u011b a v\u00fduce; student bude pr\u016fb\u011b\u017en\u011b pozorovat d\u011bn\u00ed ve v\u00fduce, finalizovat r\u016fzn\u00e9 n\u00e1stroje sb\u011bru dat; v z\u00e1v\u011bru zapo\u010dne f\u00e1ze hodnocen\u00ed, tj. sb\u011br pot\u0159ebn\u00fdch dat k vyhodnocen\u00ed efektivity interven\u010dn\u00edho pl\u00e1nu).<\/li>\n<\/ul>\n<p><strong>3. etapa \u2013 vyhodnocov\u00e1n\u00ed:<\/strong><\/p>\n<ul>\n<li>Sb\u011br dat (student).<\/li>\n<li>Vyhodnocen\u00ed z\u00edskan\u00fdch dat (student s oporou o teoretick\u00e9 zdroje a za podpory akademick\u00e9ho pracovn\u00edka; diskuse s u\u010ditelem).<\/li>\n<li>Zpracov\u00e1n\u00ed z\u00e1v\u011bre\u010dn\u00e9 zpr\u00e1vy z AV (student s oporou o teoretick\u00e9 zdroje a za podpory akademick\u00e9ho pracovn\u00edka; diskuse s u\u010ditelem).<\/li>\n<\/ul>\n<p><strong>4. etapa \u2013 sd\u00edlen\u00ed v\u00fdsledk\u016f:<\/strong><\/p>\n<ul>\n<li>Prezentace AV p\u0159i setk\u00e1n\u00ed student\u016f, mentor\u016f a vysoko\u0161kolsk\u00fdch pedagog\u016f.<\/li>\n<\/ul>\n","protected":false},"excerpt":{"rendered":"<p>C\u00edle: KA zam\u011b\u0159en\u00e1 na ak\u010dn\u00ed v\u00fdzkum (AV) c\u00edl\u00ed na podporu rozvoje porozum\u011bn\u00ed v\u00fdukov\u00e9mu procesu, na schopnost pl\u00e1novat, implementovat, vyhodnocovat a odborn\u011b argumentovat v\u00fdsledky implementovan\u00fdch zm\u011bn v kontextu v\u00fduky. Harmonogram: 1&#8230;. <\/p>\n","protected":false},"author":464,"featured_media":0,"parent":0,"menu_order":0,"comment_status":"closed","ping_status":"closed","template":"","meta":{"footnotes":""},"class_list":["post-96","page","type-page","status-publish","hentry"],"jetpack_sharing_enabled":true,"_links":{"self":[{"href":"https:\/\/pages.pedf.cuni.cz\/sc1\/wp-json\/wp\/v2\/pages\/96","targetHints":{"allow":["GET"]}}],"collection":[{"href":"https:\/\/pages.pedf.cuni.cz\/sc1\/wp-json\/wp\/v2\/pages"}],"about":[{"href":"https:\/\/pages.pedf.cuni.cz\/sc1\/wp-json\/wp\/v2\/types\/page"}],"author":[{"embeddable":true,"href":"https:\/\/pages.pedf.cuni.cz\/sc1\/wp-json\/wp\/v2\/users\/464"}],"replies":[{"embeddable":true,"href":"https:\/\/pages.pedf.cuni.cz\/sc1\/wp-json\/wp\/v2\/comments?post=96"}],"version-history":[{"count":3,"href":"https:\/\/pages.pedf.cuni.cz\/sc1\/wp-json\/wp\/v2\/pages\/96\/revisions"}],"predecessor-version":[{"id":416,"href":"https:\/\/pages.pedf.cuni.cz\/sc1\/wp-json\/wp\/v2\/pages\/96\/revisions\/416"}],"wp:attachment":[{"href":"https:\/\/pages.pedf.cuni.cz\/sc1\/wp-json\/wp\/v2\/media?parent=96"}],"curies":[{"name":"wp","href":"https:\/\/api.w.org\/{rel}","templated":true}]}}