{"id":98,"date":"2017-05-04T11:00:37","date_gmt":"2017-05-04T09:00:37","guid":{"rendered":"http:\/\/pages.pedf.cuni.cz\/sc1\/?page_id=98"},"modified":"2020-01-16T09:49:30","modified_gmt":"2020-01-16T08:49:30","slug":"ka06","status":"publish","type":"page","link":"https:\/\/pages.pedf.cuni.cz\/sc1\/ka06\/","title":{"rendered":"KA06 \u2013 Konference"},"content":{"rendered":"<p><strong>C\u00edle<\/strong>: Shrnut\u00ed v\u00fdstup\u016f z projektu; sd\u00edlen\u00ed v\u00fdstup\u016f mezi participanty projektu a poskytov\u00e1n\u00ed a \u0161\u00ed\u0159en\u00ed v\u00fdstup\u016f projektu. Z\u00e1jmem projektu je reflektovat v\u0161echny odborn\u00e9 aktivity, podat p\u0159\u00edklady dobr\u00e9 praxe, sezn\u00e1mit s nov\u00fdmi p\u0159\u00edstupy v \u0159e\u0161en\u00fdch oblastech.<\/p>\n<p>Vybran\u00ed z\u00e1stupci realiza\u010dn\u00edho tmu budou prezentovat v\u00fdstupy pr\u00e1ce t\u00fdm\u016f pracuj\u00edc\u00edch v r\u00e1mci projektu; \u00fa\u010dast na konferenci se bude t\u00fdkat v\u0161ech zapojen\u00fdch osob z hlediska realiza\u010dn\u00edho t\u00fdmu, ale tak\u00e9 z hlediska c\u00edlov\u00e9 skupiny. Krom\u011b \u00fa\u010dastn\u00edk\u016f projektu bude ur\u010dena akademick\u00e9 ve\u0159ejnosti vysok\u00fdch \u0161kol i v\u0161em dal\u0161\u00edm z\u00e1jemc\u016fm.<\/p>\n<p>P\u0159ednesen\u00e9 prezentace budou zve\u0159ejn\u011bny na webu projektu, co\u017e usnadn\u00ed p\u0159enos poznatk\u016f do praxe s c\u00edlem poskytnout inspiraci dal\u0161\u00edm u\u010ditel\u016fm mate\u0159sk\u00fdch \u0161kol, student\u016fm u\u010ditelstv\u00ed i \u0161ir\u0161\u00ed ve\u0159ejnosti.<\/p>\n<p>Sborn\u00edk bude obsahovat minim\u00e1ln\u011b 8 hlavn\u00edch v\u00fdstup\u016f \u2013 dva obecn\u011bji zam\u011b\u0159en\u00e9 a po dvou za ka\u017ed\u00e9 d\u00edl\u010d\u00ed t\u00e9ma v\u00fdzvy. Sborn\u00edk bude rovn\u011b\u017e dostupn\u00fd v elektronick\u00e9 podob\u011b na webu projektu. Publikovan\u00e9 materi\u00e1ly budou slou\u017eit jako studijn\u00ed materi\u00e1l student\u016fm u\u010ditelsk\u00fdch obor\u016f i u\u010ditel\u016fm v praxi.<\/p>\n<p><strong>Z\u00e1v\u011bre\u010dn\u00e1 konference projektu Podpora pregramotnost\u00ed v p\u0159ed\u0161koln\u00edm vzd\u011bl\u00e1v\u00e1n\u00ed<br \/>\n<\/strong>19. &#8211; 20. 9. 2019 v Praze, PEDAGOGICK\u00c1 FAKULTA UNIVERZITY KARLOVY \u010dtvrtek 19. 9. 2019<strong><br \/>\n<\/strong><\/p>\n<ul>\n<li><a href=\"https:\/\/pages.pedf.cuni.cz\/sc1\/abstrakty-zaverecna-konference\/\">Abstrakty a prezentace ke sta\u017een\u00ed<\/a><\/li>\n<li><a href=\"https:\/\/www.flickr.com\/photos\/145636261@N02\/sets\/72157711069402181\/\">Fotogalerie<\/a><\/li>\n<li><a href=\"https:\/\/pages.pedf.cuni.cz\/sc1\/files\/2020\/01\/Sborn\u00edk-z-konference-OPVVV-SC1_Ulicna.pdf\">Sborn\u00edk p\u0159\u00edsp\u011bvk\u016f z konference OPVVV SC1 <\/a>(PDF, 5MB)<\/li>\n<\/ul>\n<p>&nbsp;<\/p>\n","protected":false},"excerpt":{"rendered":"<p>C\u00edle: Shrnut\u00ed v\u00fdstup\u016f z projektu; sd\u00edlen\u00ed v\u00fdstup\u016f mezi participanty projektu a poskytov\u00e1n\u00ed a \u0161\u00ed\u0159en\u00ed v\u00fdstup\u016f projektu. Z\u00e1jmem projektu je reflektovat v\u0161echny odborn\u00e9 aktivity, podat p\u0159\u00edklady dobr\u00e9 praxe, sezn\u00e1mit s nov\u00fdmi&#8230; <\/p>\n","protected":false},"author":464,"featured_media":0,"parent":0,"menu_order":0,"comment_status":"closed","ping_status":"closed","template":"","meta":{"footnotes":""},"class_list":["post-98","page","type-page","status-publish","hentry"],"jetpack_sharing_enabled":true,"_links":{"self":[{"href":"https:\/\/pages.pedf.cuni.cz\/sc1\/wp-json\/wp\/v2\/pages\/98","targetHints":{"allow":["GET"]}}],"collection":[{"href":"https:\/\/pages.pedf.cuni.cz\/sc1\/wp-json\/wp\/v2\/pages"}],"about":[{"href":"https:\/\/pages.pedf.cuni.cz\/sc1\/wp-json\/wp\/v2\/types\/page"}],"author":[{"embeddable":true,"href":"https:\/\/pages.pedf.cuni.cz\/sc1\/wp-json\/wp\/v2\/users\/464"}],"replies":[{"embeddable":true,"href":"https:\/\/pages.pedf.cuni.cz\/sc1\/wp-json\/wp\/v2\/comments?post=98"}],"version-history":[{"count":8,"href":"https:\/\/pages.pedf.cuni.cz\/sc1\/wp-json\/wp\/v2\/pages\/98\/revisions"}],"predecessor-version":[{"id":604,"href":"https:\/\/pages.pedf.cuni.cz\/sc1\/wp-json\/wp\/v2\/pages\/98\/revisions\/604"}],"wp:attachment":[{"href":"https:\/\/pages.pedf.cuni.cz\/sc1\/wp-json\/wp\/v2\/media?parent=98"}],"curies":[{"name":"wp","href":"https:\/\/api.w.org\/{rel}","templated":true}]}}