{"id":1478,"date":"2020-02-04T21:34:29","date_gmt":"2020-02-04T20:34:29","guid":{"rendered":"http:\/\/pages.pedf.cuni.cz\/sc25\/?page_id=1478"},"modified":"2020-02-25T08:34:04","modified_gmt":"2020-02-25T07:34:04","slug":"dalsi-vystupy","status":"publish","type":"page","link":"https:\/\/pages.pedf.cuni.cz\/sc25\/vystupy-z-projektu\/dalsi-vystupy\/","title":{"rendered":"Dal\u0161\u00ed v\u00fdstupy"},"content":{"rendered":"<p>Dal\u0161\u00ed v\u00fdstupy v r\u00e1mci projektu Spole\u010denstv\u00ed praxe<\/p>\n<p><strong>PUBLIKACE ZAPOJEN\u00c9 NNO \u2013 META <\/strong><\/p>\n<p><strong>META &#8211; Pr\u016fvodce za\u010dle\u0148ov\u00e1n\u00edm \u017e\u00e1k\u016f s odli\u0161n\u00fdm mate\u0159sk\u00fdm jazykem<\/strong><\/p>\n<div class=\"gmail_default\">\n<p>Pr\u016fvodce za\u010dle\u0148ov\u00e1n\u00edm \u017e\u00e1k\u016f s\u00a0odli\u0161n\u00fdm mate\u0159sk\u00fdm jazykem je praktick\u00e1 p\u0159\u00edru\u010dka pro z\u00e1kladn\u00ed \u0161koly, v\u00a0nich\u017e se vzd\u011bl\u00e1vaj\u00ed \u017e\u00e1ci s\u00a0odli\u0161n\u00fdm mate\u0159sk\u00fdm jazykem. Je vhodn\u00e1 pro v\u0161echny pedagogick\u00e9 pracovn\u00edky, kte\u0159\u00ed se p\u0159i sv\u00e9 pr\u00e1ci s\u00a0t\u011bmito \u017e\u00e1ky setk\u00e1vaj\u00ed. Je ur\u010dena jak pro \u0161koly, kter\u00e9 se za\u010dle\u0148ov\u00e1n\u00edm t\u011bchto \u017e\u00e1k\u016f teprve za\u010d\u00ednaj\u00ed, tak pro ty, kter\u00e9 ji\u017e maj\u00ed ur\u010dit\u00e9 zku\u0161enosti, ale cht\u011bly by vzd\u011bl\u00e1v\u00e1n\u00ed t\u011bchto \u017e\u00e1k\u016f v\u00edce systematizovat. Publikace zachycuje cel\u00fd proces za\u010dle\u0148ov\u00e1n\u00ed \u017e\u00e1k\u016f s\u00a0OMJ, po\u010d\u00ednaje jejich p\u0159\u00edchodem do \u0161koly a\u00a0nav\u00e1z\u00e1n\u00ed komunikace s\u00a0rodi\u010di, p\u0159es adaptaci t\u011bchto d\u011bt\u00ed do \u0161koln\u00edho prost\u0159ed\u00ed a\u00a0socializaci v\u00a0t\u0159\u00eddn\u00edm kolektivu, zaji\u0161t\u011bn\u00ed v\u00fduky \u010de\u0161tiny jako druh\u00e9ho jazyka a\u00a0zapojen\u00ed \u017e\u00e1k\u016f s\u00a0OMJ do b\u011b\u017en\u00e9 v\u00fduky, a\u017e po dlouhodob\u00e9 sledov\u00e1n\u00ed a\u00a0vyhodnocov\u00e1n\u00ed nejen jejich \u0161koln\u00edch pokrok\u016f, ale i\u00a0celkov\u00e9 psychick\u00e9 \u201epohody&#8220; a\u00a0m\u00edry integrace.<\/p>\n<p>Publikace ke sta\u017een\u00ed <a href=\"https:\/\/pages.pedf.cuni.cz\/sc25\/files\/2020\/02\/META_Pr\u016fvodce-za\u010dle\u0148ov\u00e1n\u00edm-\u017e\u00e1k\u016f-s-odli\u0161n\u00fdm-mate\u0159sk\u00fdm-jazykem.pdf\"><strong>zde<\/strong><\/a><\/p>\n<p>&nbsp;<\/p>\n<\/div>\n<p><strong>PUBLIKACE K\u00a0MEZIP\u0158EDM\u011aTOV\u00ddM VZTAH\u016eM <\/strong><\/p>\n<p><strong>Rozvoj mezip\u0159edm\u011btov\u00fdch vztah\u016f ve \u0161kole<\/strong> (Karel Star\u00fd, Martin Rusek)<\/p>\n<p>Tato publikace je jedn\u00edm z v\u00fdstup\u016f projektu OP VVV: Zv\u00fd\u0161en\u00ed kvality vzd\u011bl\u00e1v\u00e1n\u00ed \u017e\u00e1k\u016f, rozvoje<br \/>\nkl\u00ed\u010dov\u00fdch kompetenc\u00ed, oblast\u00ed vzd\u011bl\u00e1v\u00e1n\u00ed a gramotnost\u00ed. Auto\u0159i se v n\u00ed v\u011bnuj\u00ed problematice<br \/>\nuplat\u0148ov\u00e1n\u00ed mezip\u0159edm\u011btov\u00fdch vztah\u016f, a to jak v oblasti humanitn\u00edch, tak i p\u0159\u00edrodov\u011bdn\u00fdch<br \/>\nobor\u016f. Mimo teoretick\u00fd \u00favod k interdisciplinarit\u011b ve vztahu ke \u0161koln\u00ed realit\u011b a R\u00e1mcov\u00fdm<br \/>\nvzd\u011bl\u00e1vac\u00edm program\u016fm jsou za\u0159azeny praktick\u00e9 uk\u00e1zky aktivit ur\u010den\u00fdch k rozvoji mezip\u0159edm\u011btov\u00fdch<br \/>\nvztah\u016f. P\u0159edstaven je materi\u00e1l k projektu Mezin\u00e1rodn\u00ed den ob\u011bt\u00ed holocaustu<br \/>\numo\u017e\u0148uj\u00edc\u00ed integraci v\u011bt\u0161iny humanitn\u011b zam\u011b\u0159en\u00fdch obor\u016f se siln\u00fdm d\u016frazem na rozvoj<br \/>\nkl\u00ed\u010dov\u00fdch kompetenc\u00ed. D\u00e1le jsou v t\u00e9to publikaci za\u0159azeny badatelsk\u00e9 aktivity integruj\u00edc\u00ed<br \/>\np\u0159ev\u00e1\u017en\u011b fyziku, chemii a p\u0159\u00edrodopis\/biologii s informa\u010dn\u00edmi technologiemi v podob\u011b vyu\u017eit\u00ed<br \/>\nsenzor\u016f k m\u011b\u0159en\u00ed sledovan\u00fdch veli\u010din. Tato publikace tak m\u00e1 ambici b\u00fdt jak oporou u\u010diteli<br \/>\nza\u010d\u00ednaj\u00edc\u00edmu s integrovan\u00fdm pojet\u00edm t\u00e9mat v\u00fduky, tak podkladem k dal\u0161\u00edmu rozv\u00edjen\u00ed praxe<br \/>\nzam\u011b\u0159en\u00e9 na p\u0159irozen\u00e9 pr\u016fniky tradi\u010dn\u00edch \u0161koln\u00edch p\u0159edm\u011bt\u016f.<\/p>\n<p>Publikace ke sta\u017een\u00ed <strong><a href=\"https:\/\/pages.pedf.cuni.cz\/sc25\/files\/2020\/02\/Rozvoj_mezipredmetovych_vztahu_.pdf\">zde<\/a><\/strong><\/p>\n","protected":false},"excerpt":{"rendered":"<p>Dal\u0161\u00ed v\u00fdstupy v r\u00e1mci projektu Spole\u010denstv\u00ed praxe PUBLIKACE ZAPOJEN\u00c9 NNO \u2013 META META &#8211; Pr\u016fvodce za\u010dle\u0148ov\u00e1n\u00edm \u017e\u00e1k\u016f s odli\u0161n\u00fdm mate\u0159sk\u00fdm jazykem Pr\u016fvodce za\u010dle\u0148ov\u00e1n\u00edm \u017e\u00e1k\u016f s\u00a0odli\u0161n\u00fdm mate\u0159sk\u00fdm jazykem je praktick\u00e1 p\u0159\u00edru\u010dka pro z\u00e1kladn\u00ed \u0161koly, v\u00a0nich\u017e se vzd\u011bl\u00e1vaj\u00ed \u017e\u00e1ci s\u00a0odli\u0161n\u00fdm mate\u0159sk\u00fdm jazykem. Je vhodn\u00e1 pro v\u0161echny pedagogick\u00e9 pracovn\u00edky, kte\u0159\u00ed se p\u0159i sv\u00e9 pr\u00e1ci s\u00a0t\u011bmito \u017e\u00e1ky setk\u00e1vaj\u00ed. Je &hellip; <a href=\"https:\/\/pages.pedf.cuni.cz\/sc25\/vystupy-z-projektu\/dalsi-vystupy\/\">Continue reading <span class=\"meta-nav\">&rarr;<\/span><\/a><\/p>\n","protected":false},"author":465,"featured_media":0,"parent":907,"menu_order":0,"comment_status":"closed","ping_status":"closed","template":"","meta":{"footnotes":""},"class_list":["post-1478","page","type-page","status-publish","hentry"],"_links":{"self":[{"href":"https:\/\/pages.pedf.cuni.cz\/sc25\/wp-json\/wp\/v2\/pages\/1478","targetHints":{"allow":["GET"]}}],"collection":[{"href":"https:\/\/pages.pedf.cuni.cz\/sc25\/wp-json\/wp\/v2\/pages"}],"about":[{"href":"https:\/\/pages.pedf.cuni.cz\/sc25\/wp-json\/wp\/v2\/types\/page"}],"author":[{"embeddable":true,"href":"https:\/\/pages.pedf.cuni.cz\/sc25\/wp-json\/wp\/v2\/users\/465"}],"replies":[{"embeddable":true,"href":"https:\/\/pages.pedf.cuni.cz\/sc25\/wp-json\/wp\/v2\/comments?post=1478"}],"version-history":[{"count":14,"href":"https:\/\/pages.pedf.cuni.cz\/sc25\/wp-json\/wp\/v2\/pages\/1478\/revisions"}],"predecessor-version":[{"id":1653,"href":"https:\/\/pages.pedf.cuni.cz\/sc25\/wp-json\/wp\/v2\/pages\/1478\/revisions\/1653"}],"up":[{"embeddable":true,"href":"https:\/\/pages.pedf.cuni.cz\/sc25\/wp-json\/wp\/v2\/pages\/907"}],"wp:attachment":[{"href":"https:\/\/pages.pedf.cuni.cz\/sc25\/wp-json\/wp\/v2\/media?parent=1478"}],"curies":[{"name":"wp","href":"https:\/\/api.w.org\/{rel}","templated":true}]}}