{"id":169,"date":"2017-03-12T13:31:35","date_gmt":"2017-03-12T12:31:35","guid":{"rendered":"http:\/\/pages.pedf.cuni.cz\/sc25\/?page_id=169"},"modified":"2020-02-19T12:48:08","modified_gmt":"2020-02-19T11:48:08","slug":"chemie","status":"publish","type":"page","link":"https:\/\/pages.pedf.cuni.cz\/sc25\/chemie\/","title":{"rendered":"Chemie"},"content":{"rendered":"<p><strong>Pr\u016f\u0159ezov\u00e1 t\u00e9mata v Chemii<\/strong><\/p>\n<p>U\u010ditel si vyb\u00edr\u00e1 3 t\u00e9mata z jednoho p\u0159edm\u011btu (z organiza\u010dn\u00edch d\u016fvod\u016f nen\u00ed mo\u017en\u00fd v\u00fdb\u011br t\u00e9mat nap\u0159\u00ed\u010d p\u0159edm\u011bty).<\/p>\n<p><strong>1. \u0160koln\u00ed chemick\u00fd experiment a jeho vyu\u017eit\u00ed ve v\u00fduce<\/strong><br \/>\nMo\u017enosti a p\u0159ek\u00e1\u017eky za\u0159azen\u00ed chemick\u00e9ho experimentu do v\u00fduky. Pokusy s b\u011b\u017en\u011b dostupn\u00fdmi l\u00e1tkami a jednoduch\u00e9 pokusy z oblasti nanov\u011bdy. V\u00fdsledkem bude soubor osv\u011bd\u010den\u00fdch a snadno provediteln\u00fdch \u0161koln\u00edch chemick\u00fdch experiment\u016f.<\/p>\n<p><strong>2. Hodnocen\u00ed v\u00fdsledk\u016f v\u00fduky chemie<\/strong><br \/>\nKrit\u00e9ria kvalitn\u00edho testu a p\u0159edstaven\u00ed n\u00e1stroje k hodnocen\u00ed kvality test\u016f. V\u00fdsledkem budou p\u0159ipraven\u00e9 testy k vybran\u00fdm t\u00e9mat\u016fm u\u010diva chemie.<\/p>\n<p><strong>3. Badatelsky orientovan\u00e9 a projektov\u00e9 vyu\u010dov\u00e1n\u00ed ve v\u00fduce chemie<\/strong><br \/>\nZ\u00e1kladn\u00ed principy a anal\u00fdza konkr\u00e9tn\u00edch badatelsk\u00fdch aktivit a \u0161koln\u00edch projekt\u016f. V\u00fdsledkem budou n\u00e1vrhy badatelsk\u00fdch aktivit a projekt\u016f pro praxi.<\/p>\n<p><strong>4. U\u010debnice pro v\u00fduku chemie na Z\u0160 a odpov\u00eddaj\u00edc\u00edm stupni v\u00edcelet\u00fdch gymn\u00e1zi\u00ed<\/strong><br \/>\nP\u0159edstaven\u00ed u\u010debnic pro v\u00fduku chemie na Z\u0160, zp\u016fsoby pou\u017eit\u00ed konkr\u00e9tn\u00edch \u010d\u00e1st\u00ed u\u010debnic chemie, krit\u00e9ria hodnocen\u00ed u\u010debnic (chemie) a propojen\u00ed obsahu u\u010debnice s dal\u0161\u00edmi u\u010debn\u00edmi \u010dinnostmi.<\/p>\n<p><strong>5. \u0160koln\u00ed vzd\u011bl\u00e1vac\u00ed program \u2013 vzd\u011bl\u00e1vac\u00ed obor Chemie<\/strong><br \/>\nAnal\u00fdza \u0160VP vzd\u011bl\u00e1vac\u00edho oboru chemie a p\u0159\u00edklady kvalitn\u011b zpracovan\u00fdch \u0160VP jako opory pr\u00e1ce u\u010ditele chemie. V\u00fdsledkem budou konkr\u00e9tn\u00ed \u00fapravy \u010d\u00e1st\u00ed \u0160VP \u0161kol jednotliv\u00fdch u\u010ditel\u016f.<\/p>\n<p>&nbsp;<\/p>\n<p><strong>Ov\u011b\u0159ov\u00e1n\u00ed n\u011bkter\u00fdch z\u00a0t\u011bchto t\u00e9mat je sou\u010d\u00e1st\u00ed v\u00fdstup\u016f projektu, dostupn\u00e9 <a href=\"https:\/\/pages.pedf.cuni.cz\/sc25\/clovek-a-priroda\/\">zde<\/a><\/strong><\/p>\n","protected":false},"excerpt":{"rendered":"<p>Pr\u016f\u0159ezov\u00e1 t\u00e9mata v Chemii U\u010ditel si vyb\u00edr\u00e1 3 t\u00e9mata z jednoho p\u0159edm\u011btu (z organiza\u010dn\u00edch d\u016fvod\u016f nen\u00ed mo\u017en\u00fd v\u00fdb\u011br t\u00e9mat nap\u0159\u00ed\u010d p\u0159edm\u011bty). 1. \u0160koln\u00ed chemick\u00fd experiment a jeho vyu\u017eit\u00ed ve v\u00fduce Mo\u017enosti a p\u0159ek\u00e1\u017eky za\u0159azen\u00ed chemick\u00e9ho experimentu do v\u00fduky. Pokusy s b\u011b\u017en\u011b dostupn\u00fdmi l\u00e1tkami a jednoduch\u00e9 pokusy z oblasti nanov\u011bdy. V\u00fdsledkem bude soubor osv\u011bd\u010den\u00fdch a snadno &hellip; <a href=\"https:\/\/pages.pedf.cuni.cz\/sc25\/chemie\/\">Continue reading <span class=\"meta-nav\">&rarr;<\/span><\/a><\/p>\n","protected":false},"author":465,"featured_media":0,"parent":0,"menu_order":0,"comment_status":"closed","ping_status":"closed","template":"","meta":{"footnotes":""},"class_list":["post-169","page","type-page","status-publish","hentry"],"_links":{"self":[{"href":"https:\/\/pages.pedf.cuni.cz\/sc25\/wp-json\/wp\/v2\/pages\/169","targetHints":{"allow":["GET"]}}],"collection":[{"href":"https:\/\/pages.pedf.cuni.cz\/sc25\/wp-json\/wp\/v2\/pages"}],"about":[{"href":"https:\/\/pages.pedf.cuni.cz\/sc25\/wp-json\/wp\/v2\/types\/page"}],"author":[{"embeddable":true,"href":"https:\/\/pages.pedf.cuni.cz\/sc25\/wp-json\/wp\/v2\/users\/465"}],"replies":[{"embeddable":true,"href":"https:\/\/pages.pedf.cuni.cz\/sc25\/wp-json\/wp\/v2\/comments?post=169"}],"version-history":[{"count":5,"href":"https:\/\/pages.pedf.cuni.cz\/sc25\/wp-json\/wp\/v2\/pages\/169\/revisions"}],"predecessor-version":[{"id":1531,"href":"https:\/\/pages.pedf.cuni.cz\/sc25\/wp-json\/wp\/v2\/pages\/169\/revisions\/1531"}],"wp:attachment":[{"href":"https:\/\/pages.pedf.cuni.cz\/sc25\/wp-json\/wp\/v2\/media?parent=169"}],"curies":[{"name":"wp","href":"https:\/\/api.w.org\/{rel}","templated":true}]}}