{"id":203,"date":"2017-03-14T22:28:46","date_gmt":"2017-03-14T21:28:46","guid":{"rendered":"http:\/\/pages.pedf.cuni.cz\/sc25\/?page_id=203"},"modified":"2019-04-18T23:31:10","modified_gmt":"2019-04-18T21:31:10","slug":"kontakty-na-pracovniky","status":"publish","type":"page","link":"https:\/\/pages.pedf.cuni.cz\/sc25\/kontakty-na-pracovniky\/","title":{"rendered":"Kontakty na pracovn\u00edky"},"content":{"rendered":"<table width=\"569\">\n<tbody>\n<tr>\n<td width=\"266\"><strong>\u0158\u00cdD\u00cdC\u00cd T\u00ddM SC2\/SC5<\/strong><\/td>\n<td width=\"218\"><strong>KONTAKT<\/strong><\/td>\n<td width=\"86\"><strong>PRACOVI\u0160T\u011a<\/strong><\/td>\n<\/tr>\n<tr>\n<td width=\"266\">doc. PhDr. PaedDr. Anna Kucharsk\u00e1, Ph.D.<\/td>\n<td width=\"218\">anna.kucharska@pedf.cuni.cz<\/td>\n<td width=\"86\">PedF UK<\/td>\n<\/tr>\n<tr>\n<td width=\"266\">Ing. Petra Tobol\u00e1\u0159ov\u00e1<\/td>\n<td width=\"218\">petra.tobolarova@pedf.cuni.cz<\/td>\n<td width=\"86\">PedF UK<\/td>\n<\/tr>\n<tr>\n<td width=\"266\">Mgr. Monika Kadrno\u017ekov\u00e1, Ph.D.<\/td>\n<td width=\"218\">monika.kadrnozkova@pedf.cuni.cz<\/td>\n<td width=\"86\">PedF UK<\/td>\n<\/tr>\n<tr>\n<td width=\"266\">Terezie \u0160turmov\u00e1<\/td>\n<td width=\"218\">terezie.sturmova@pedf.cuni.cz<\/td>\n<td width=\"86\">PedF UK<\/td>\n<\/tr>\n<tr>\n<td width=\"266\">PhDr. Kl\u00e1ra \u0160pa\u010dkov\u00e1, Ph.D.<\/td>\n<td width=\"218\">klara.spackova@pedf.cuni.cz<\/td>\n<td width=\"86\">PedF UK<\/td>\n<\/tr>\n<tr>\n<td width=\"266\">doc. RNDr. Miroslav Brzezina<\/td>\n<td width=\"218\">miroslav.brzezina@tul.cz<\/td>\n<td width=\"86\">FP TUL<\/td>\n<\/tr>\n<tr>\n<td width=\"266\">Ing. Ivana Cvr\u010dkov\u00e1, Ph.D.<\/td>\n<td width=\"218\">ivana.cvrckova@tul.cz<\/td>\n<td width=\"86\">FP TUL<\/td>\n<\/tr>\n<tr>\n<td width=\"266\">Romana Kru\u0161kov\u00e1<\/td>\n<td width=\"218\">romana.kruskova@tul.cz<\/td>\n<td width=\"86\">FP TUL<\/td>\n<\/tr>\n<tr>\n<td width=\"266\">doc. Dr. PaedDr. Petr Urb\u00e1nek<\/td>\n<td width=\"218\">petr.urbanek@tul.cz<\/td>\n<td width=\"86\">PF U<\/td>\n<\/tr>\n<tr>\n<td width=\"266\">doc. RNDr. Helena Koldov\u00e1, Ph.D.<\/td>\n<td width=\"218\">hbinter@pf.jcu.cz<\/td>\n<td width=\"86\">PF JU<\/td>\n<\/tr>\n<tr>\n<td width=\"266\">PhDr. Iva \u017dl\u00e1bkov\u00e1, Ph.D.<\/td>\n<td width=\"218\">zlabkovai@pf.jcu.cz<\/td>\n<td width=\"86\">PF JU<\/td>\n<\/tr>\n<tr>\n<td width=\"266\">Mgr.\u00a0Jana\u00a0Ka\u0148kov\u00e1<\/td>\n<td width=\"218\">kankoj01@pf.jcu.cz<\/td>\n<td width=\"86\">PF JU<\/td>\n<\/tr>\n<tr>\n<td width=\"266\">Mgr. Martina Faltov\u00e1<\/td>\n<td width=\"218\">faltova@pf.jcu.cz<\/td>\n<td width=\"86\">PF JU<\/td>\n<\/tr>\n<tr>\n<td width=\"266\">Milena Eiblov\u00e1<\/td>\n<td width=\"218\">meiblova@jcu.cz<\/td>\n<td width=\"86\">PF JU<\/td>\n<\/tr>\n<tr>\n<td width=\"266\">V\u011bra B\u011bhounkov\u00e1<\/td>\n<td width=\"218\">vbehounk@jcu.cz<\/td>\n<td width=\"86\">PF JU<\/td>\n<\/tr>\n<tr>\n<td width=\"266\">doc. Mgr. Petr Knecht, Ph.D.<\/td>\n<td width=\"218\">knecht@ped.muni.cz<\/td>\n<td width=\"86\">PdF MU<\/td>\n<\/tr>\n<tr>\n<td width=\"266\">Mgr. Jitka Sedl\u00e1\u010dkov\u00e1, Ph.D.<\/td>\n<td width=\"218\">sedlackova@ped.muni.cz<\/td>\n<td width=\"86\">PdF MU<\/td>\n<\/tr>\n<tr>\n<td width=\"266\">Ji\u0159ina Fu\u010d\u00edkov\u00e1<\/td>\n<td width=\"218\">honigova@ped.muni.cz<\/td>\n<td width=\"86\">PdF MU<\/td>\n<\/tr>\n<tr>\n<td width=\"266\">Mgr. Dagmar Kyselov\u00e1<\/td>\n<td width=\"218\">kyselova@ped.muni.cz<\/td>\n<td width=\"86\">PdF MU<\/td>\n<\/tr>\n<\/tbody>\n<\/table>\n<p>&nbsp;<\/p>\n<table width=\"569\">\n<tbody>\n<tr>\n<td width=\"221\"><strong>KOORDIN\u00c1TO\u0158I<\/strong><\/td>\n<td colspan=\"2\" width=\"232\"><strong>KONTAKT<\/strong><\/td>\n<td width=\"108\"><strong>PRACOVI\u0160T\u011a<\/strong><\/td>\n<\/tr>\n<tr>\n<td colspan=\"3\" width=\"455\"><strong>\u010cTEN\u00c1\u0158SK\u00c1 GRAMOTNOST<\/strong><\/td>\n<td width=\"108\"><strong>\u00a0<\/strong><\/td>\n<\/tr>\n<tr>\n<td colspan=\"2\" width=\"231\">PhDr. Kl\u00e1ra \u0160pa\u010dkov\u00e1, Ph.D.<\/td>\n<td width=\"222\">klara.spackova@pedf.cuni.cz<\/td>\n<td width=\"108\">PedF UK<\/td>\n<\/tr>\n<tr>\n<td colspan=\"2\" width=\"231\">Mgr. Hana Lavi\u010dkov\u00e1, Ph.D.<\/td>\n<td width=\"222\">lavickova@ped.muni.cz<\/td>\n<td width=\"108\">PdF MU<\/td>\n<\/tr>\n<tr>\n<td colspan=\"2\" width=\"231\">PhDr. Martin Schacherl, Ph.D.<\/td>\n<td width=\"222\">schacherl@pf.jcu.cz<\/td>\n<td width=\"108\">PF JU<\/td>\n<\/tr>\n<tr>\n<td colspan=\"2\" width=\"231\">Mgr. Jarmila Sulovsk\u00e1<\/td>\n<td width=\"222\">jarmila.sulovska@tul.cz<\/td>\n<td width=\"108\">FP TUL<\/td>\n<\/tr>\n<tr>\n<td colspan=\"3\" width=\"455\"><strong>MATEMATICK\u00c1 GRAMOTNOST<\/strong><\/td>\n<td width=\"108\"><strong>\u00a0<\/strong><\/td>\n<\/tr>\n<tr>\n<td colspan=\"2\" width=\"231\">doc. RNDr. Jarmila Robov\u00e1, CSc.<\/td>\n<td width=\"222\">robova@karlin.mff.cuni.cz<\/td>\n<td width=\"108\">MFF UK\/KDM<\/td>\n<\/tr>\n<tr>\n<td colspan=\"2\" width=\"231\">RNDr. R\u016f\u017eena Bla\u017ekov\u00e1, CSc.<\/td>\n<td width=\"222\">310@mail.muni.cz<\/td>\n<td width=\"108\">PdF MU<\/td>\n<\/tr>\n<tr>\n<td colspan=\"2\" width=\"231\">RNDr. Libu\u0161e Samkov\u00e1, Ph.D.<\/td>\n<td width=\"222\">\u00a0lsamkova@pf.jcu.cz<\/td>\n<td width=\"108\">PF JU<\/td>\n<\/tr>\n<tr>\n<td colspan=\"2\" width=\"231\">Mgr. Ji\u0159\u00ed B\u0159ehovsk\u00fd, Ph.D.<\/td>\n<td width=\"222\">jiri.brehovsky@tul.cz<\/td>\n<td width=\"108\">FP TUL<\/td>\n<\/tr>\n<tr>\n<td colspan=\"3\" width=\"455\"><strong>INFORMA\u010cN\u00cd GRAMOTNOST<\/strong><\/td>\n<td width=\"108\"><strong>\u00a0<\/strong><\/td>\n<\/tr>\n<tr>\n<td colspan=\"2\" width=\"231\">PhDr. Petra Va\u0148kov\u00e1, Ph.D.<\/td>\n<td width=\"222\">petra.vankova@pedf.cuni.cz<\/td>\n<td width=\"108\">PedF UK<\/td>\n<\/tr>\n<tr>\n<td colspan=\"2\" width=\"231\">Mgr. Pavl\u00edna Maz\u00e1\u010dov\u00e1, Ph.D.<\/td>\n<td width=\"222\">pmazacov@phil.muni.cz<\/td>\n<td width=\"108\">PdF MU<\/td>\n<\/tr>\n<tr>\n<td colspan=\"2\" width=\"231\">Mgr. Josef Lombart<\/td>\n<td width=\"222\">lombart@zspohurecka.cz<\/td>\n<td width=\"108\">PF JU<\/td>\n<\/tr>\n<tr>\n<td colspan=\"2\" width=\"231\">Mgr. Ji\u0159\u00ed B\u0159ehovsk\u00fd, Ph.D.<\/td>\n<td width=\"222\">jiri.brehovsky@tul.cz<\/td>\n<td width=\"108\">FP TUL<\/td>\n<\/tr>\n<tr>\n<td colspan=\"3\" width=\"455\"><strong>OB\u010cANSK\u00c9 A SOCI\u00c1LN\u00cd KOMPETENCE<\/strong><\/td>\n<td width=\"108\"><strong>\u00a0<\/strong><\/td>\n<\/tr>\n<tr>\n<td colspan=\"2\" width=\"231\">doc. PhDr. Nad\u011b\u017eda Pelcov\u00e1, CSc.<\/td>\n<td width=\"222\">nadezda.pelcova@pedf.cuni.cz<\/td>\n<td width=\"108\">PedF UK<\/td>\n<\/tr>\n<tr>\n<td colspan=\"2\" width=\"231\">PhDr. Radim \u0160t\u011brba, Ph.D.<\/td>\n<td width=\"222\">43487@mail.muni.cz<\/td>\n<td width=\"108\">PdF MU<\/td>\n<\/tr>\n<tr>\n<td colspan=\"2\" width=\"231\">PhDr. Jan Samoh\u00fdl, Th.D.<\/td>\n<td width=\"222\">samohyl@tf.jcu.cz<\/td>\n<td width=\"108\">PF JU<\/td>\n<\/tr>\n<tr>\n<td colspan=\"2\" width=\"231\">PaedDr. ICLic. Michal Podzimek, Ph.D.<\/td>\n<td width=\"222\">michal.podzimek@tul.cz<\/td>\n<td width=\"108\">FP TUL<\/td>\n<\/tr>\n<tr>\n<td colspan=\"3\" width=\"455\"><strong>\u010cLOV\u011aK A P\u0158\u00cdRODA &#8211; FYZIKA<\/strong><\/td>\n<td width=\"108\"><strong>\u00a0<\/strong><\/td>\n<\/tr>\n<tr>\n<td colspan=\"2\" width=\"231\">RNDr. Irena Dvo\u0159\u00e1kov\u00e1, Ph.D.<\/td>\n<td width=\"222\">irena.dvorakova@mff.cuni.cz<\/td>\n<td width=\"108\">MFF UK<\/td>\n<\/tr>\n<tr>\n<td colspan=\"2\" width=\"231\">Mgr. Vladim\u00edr Vochozka<\/td>\n<td width=\"222\">vvochozka@pf.jcu.cz<\/td>\n<td width=\"108\">PF JU<\/td>\n<\/tr>\n<tr>\n<td colspan=\"2\" width=\"231\">Mgr. Kl\u00e1ra Sever\u00fdnov\u00e1 Popkov\u00e1, Ph. D.<\/td>\n<td width=\"222\">klara.severynova.popkova@tul.cz<\/td>\n<td width=\"108\">FP TUL<\/td>\n<\/tr>\n<tr>\n<td colspan=\"3\" width=\"455\"><strong>\u010cLOV\u011aK A P\u0158\u00cdRODA &#8211; CHEMIE<\/strong><\/td>\n<td width=\"108\"><strong>\u00a0<\/strong><\/td>\n<\/tr>\n<tr>\n<td colspan=\"2\" width=\"231\">PhDr. Martin Rusek, Ph.D.<\/td>\n<td width=\"222\">martin.rusek@pedf.cuni.cz<\/td>\n<td width=\"108\">PedF UK<\/td>\n<\/tr>\n<tr>\n<td colspan=\"2\" width=\"231\">Mgr. Kl\u00e1ra Sever\u00fdnov\u00e1 Popkov\u00e1, Ph. D.<\/td>\n<td width=\"222\">klara.severynova.popkova@tul.cz<\/td>\n<td width=\"108\">FP TUL<\/td>\n<\/tr>\n<tr>\n<td colspan=\"3\" width=\"455\"><strong>\u010cLOV\u011aK A P\u0158\u00cdRODA &#8211; P\u0158\u00cdRODOPIS<\/strong><\/td>\n<td width=\"108\"><strong>\u00a0<\/strong><\/td>\n<\/tr>\n<tr>\n<td colspan=\"2\" width=\"231\">RNDr. Lenka Pavlasov\u00e1, Ph.D.<\/td>\n<td width=\"222\">lenka.pavlasova@pedf.cuni.cz<\/td>\n<td width=\"108\">PedF UK<\/td>\n<\/tr>\n<tr>\n<td colspan=\"2\" width=\"231\">Luk\u00e1\u0161 Rokos, Mgr.<\/td>\n<td width=\"222\">lrokos@pf.jcu.cz<\/td>\n<td width=\"108\">PF JU<\/td>\n<\/tr>\n<tr>\n<td colspan=\"3\" width=\"455\"><strong>\u010cLOV\u011aK A P\u0158\u00cdRODA &#8211; ZEM\u011aPIS<\/strong><\/td>\n<td width=\"108\"><strong>\u00a0<\/strong><\/td>\n<\/tr>\n<tr>\n<td colspan=\"2\" width=\"231\">Mgr. Kl\u00e1ra Sever\u00fdnov\u00e1 Popkov\u00e1, Ph. D.<\/td>\n<td width=\"222\">klara.severynova.popkova@tul.cz<\/td>\n<td width=\"108\">FP TUL<\/td>\n<\/tr>\n<tr>\n<td colspan=\"2\" width=\"231\">Mgr. Ji\u0159\u00ed Rypl, Ph.D.<\/td>\n<td width=\"222\">rypl@pf.jcu.cz<\/td>\n<td width=\"108\">PF JU<\/td>\n<\/tr>\n<tr>\n<td width=\"224\"><\/td>\n<td width=\"10\"><\/td>\n<td width=\"224\"><\/td>\n<td width=\"111\"><\/td>\n<\/tr>\n<\/tbody>\n<\/table>\n<p>&nbsp;<\/p>\n<table width=\"625\">\n<tbody>\n<tr>\n<td width=\"248\"><strong>ODBORN\u00cd PRACOVN\u00cdCI<\/strong><\/td>\n<td width=\"239\"><strong>KONTAKT<\/strong><\/td>\n<td width=\"130\"><strong>PRACOVI\u0160T\u011a<\/strong><\/td>\n<\/tr>\n<tr>\n<td colspan=\"2\" width=\"489\"><strong>\u010cTEN\u00c1\u0158SK\u00c1 GRAMOTNOST<\/strong><\/td>\n<td width=\"130\"><strong>\u00a0<\/strong><\/td>\n<\/tr>\n<tr>\n<td width=\"248\">Mgr. Jolana Ronkov\u00e1, Ph.D.<\/td>\n<td width=\"239\">jolana.ronkova@pedf.cuni.cz<\/td>\n<td width=\"130\">PedF UK \/ KPP<\/td>\n<\/tr>\n<tr>\n<td width=\"248\">Mgr. Zuzana Wildov\u00e1<\/td>\n<td width=\"239\">zuzana.wildova@pedf.cuni.cz<\/td>\n<td width=\"130\">PedF UK \/ K\u010cJ<\/td>\n<\/tr>\n<tr>\n<td width=\"248\">Mgr. Marie Rychl\u00edkov\u00e1, Ph.D.<\/td>\n<td width=\"239\">mery.bartova@seznam.cz<\/td>\n<td width=\"130\">PedF UK \/ KPP<\/td>\n<\/tr>\n<tr>\n<td width=\"248\">PhDr. Kl\u00e1ra \u0160pa\u010dkov\u00e1, Ph.D.<\/td>\n<td width=\"239\">klara.spackova@pedf.cuni.cz<\/td>\n<td width=\"130\">PedF UK \/ KPsy<\/td>\n<\/tr>\n<tr>\n<td width=\"248\">Mgr. Hana Prok\u0161ov\u00e1<\/td>\n<td width=\"239\">hana.proksova@ff.cuni.cz<\/td>\n<td width=\"130\">FF UK \/ \u00da\u010cJTK<\/td>\n<\/tr>\n<tr>\n<td width=\"248\">Prof. PhDr. Karel \u0160ebesta, CSc.<\/td>\n<td width=\"239\">karel.sebesta@ff.cuni.cz<\/td>\n<td width=\"130\">FF UK \/ \u00da\u010cJTK<\/td>\n<\/tr>\n<tr>\n<td width=\"248\">Mgr. Kate\u0159ina \u0160ormov\u00e1, Ph.D.<\/td>\n<td width=\"239\">katerina.sormova@ff.cuni.cz<\/td>\n<td width=\"130\">FF UK \/ \u00da\u010cJTK<\/td>\n<\/tr>\n<tr>\n<td width=\"248\">doc. PhDr. Ond\u0159ej Hn\u00edk, Ph.D.<\/td>\n<td width=\"239\">ondrej.hnik@pedf.cuni.cz<\/td>\n<td width=\"130\">PedF UK \/ K\u010cJ<\/td>\n<\/tr>\n<tr>\n<td width=\"248\">PaedDr. Eva Mar\u00e1dov\u00e1, CSc.<\/td>\n<td width=\"239\">eva.maradova@pedf.cuni.cz<\/td>\n<td width=\"130\">PedF UK \/ KSpg<\/td>\n<\/tr>\n<tr>\n<td width=\"248\">PhDr. Veronika Laufkov\u00e1, Ph.D.<\/td>\n<td width=\"239\">veronika.laufkova@pedf.cuni.cz<\/td>\n<td width=\"130\">PedF UK \/ UVRV<\/td>\n<\/tr>\n<tr>\n<td width=\"248\">Mgr. Hana Lavi\u010dkov\u00e1, Ph.D.<\/td>\n<td width=\"239\">lavickova@mail.muni.cz<\/td>\n<td width=\"130\">PdF MU \/ K\u010cJL<\/td>\n<\/tr>\n<tr>\n<td width=\"248\">Mgr. Jitka Cholastov\u00e1<\/td>\n<td width=\"239\">cholastova@mail.muni.cz<\/td>\n<td width=\"130\">FF MU \/ \u00da\u010cL<\/td>\n<\/tr>\n<tr>\n<td width=\"248\">PhDr. Lenka Gajzlerov\u00e1, Ph.D.<\/td>\n<td width=\"239\">gajzlerova@ped.muni.cz<\/td>\n<td width=\"130\">PdF MU \/ IVIV<\/td>\n<\/tr>\n<tr>\n<td width=\"248\">PhDr. Martin Schacherl, Ph.D.<\/td>\n<td width=\"239\">44780@mail.muni.cz<\/td>\n<td width=\"130\">PdF MU \/ KBH<\/td>\n<\/tr>\n<tr>\n<td width=\"248\">Mgr. Alena Nohavov\u00e1, Ph.D.<\/td>\n<td width=\"239\">nohava01@pf.jcu.cz<\/td>\n<td width=\"130\">PF JU \/ KPE<\/td>\n<\/tr>\n<tr>\n<td width=\"248\">Mgr. Olga Malinovsk\u00e1<\/td>\n<td width=\"239\">omalinovska@pf.jcu.cz<\/td>\n<td width=\"130\">PF JU \/ KPE<\/td>\n<\/tr>\n<tr>\n<td width=\"248\">PhDr. Magda Ni\u0161ponsk\u00e1, Ph.D.<\/td>\n<td width=\"239\">magda.nisponska@gmail.com<\/td>\n<td width=\"130\">FP TUL \/ KPP<\/td>\n<\/tr>\n<tr>\n<td colspan=\"2\" width=\"489\"><strong>MATEMATICK\u00c1 GRAMOTNOST<\/strong><\/td>\n<td width=\"130\"><strong>\u00a0<\/strong><\/td>\n<\/tr>\n<tr>\n<td width=\"248\">doc. RNDr. Darina Jirotkov\u00e1, Ph.D.<\/td>\n<td width=\"239\">darina.jirotkova@pedf.cuni.cz<\/td>\n<td width=\"130\">PedF UK \/ KMDM<\/td>\n<\/tr>\n<tr>\n<td width=\"248\">doc. RNDr. Na\u010fa Vondrov\u00e1, Ph.D.<\/td>\n<td width=\"239\">nada.vondrova@pedf.cuni.cz<\/td>\n<td width=\"130\">PedF UK \/ KMDM<\/td>\n<\/tr>\n<tr>\n<td width=\"248\">prof. RNDr. Jarmila Novotn\u00e1, CSc.<\/td>\n<td width=\"239\">jarmila.novotna@pedf.cuni.cz<\/td>\n<td width=\"130\">PedF UK \/ KMDM<\/td>\n<\/tr>\n<tr>\n<td width=\"248\">Ing. Karol\u00edna Duschinsk\u00e1, Ph.D.<\/td>\n<td width=\"239\">karolina.duschinska@pedf.cuni.cz<\/td>\n<td width=\"130\">PedF UK \/ KPg<\/td>\n<\/tr>\n<tr>\n<td width=\"248\">doc. RNDr. Jarmila Robov\u00e1, CSc.<\/td>\n<td width=\"239\">robova@karlin.mff.cuni.cz<\/td>\n<td width=\"130\">MFF UK \/ KDM<\/td>\n<\/tr>\n<tr>\n<td width=\"248\">RNDr. Vlasta Moravcov\u00e1, Ph.D.<\/td>\n<td width=\"239\">morava@karlin.mff.cuni.cz<\/td>\n<td width=\"130\">MFF UK \/ KDM<\/td>\n<\/tr>\n<tr>\n<td width=\"248\">doc. RNDr. Anton\u00edn Jan\u010da\u0159\u00edk, Ph.D.<\/td>\n<td width=\"239\">antonin.jancarik@pedf.cuni.cz<\/td>\n<td width=\"130\">PedF UK \/ KMDM<\/td>\n<\/tr>\n<tr>\n<td width=\"248\">Mgr. Jaroslava Kloubou\u010dkov\u00e1<\/td>\n<td width=\"239\">jaroslava.klobouckova@pedf.cuni.cz<\/td>\n<td width=\"130\">PedF UK \/ KMDM<\/td>\n<\/tr>\n<tr>\n<td width=\"248\">PhDr. Hana Sot\u00e1kov\u00e1<\/td>\n<td width=\"239\">hana.sotakova@pedf.cuni.cz<\/td>\n<td width=\"130\">PedF UK \/ KPsy<\/td>\n<\/tr>\n<tr>\n<td width=\"248\">Mgr. Zuzana Wildov\u00e1<\/td>\n<td width=\"239\">zuzana.wildova@pedf.cuni.cz<\/td>\n<td width=\"130\">PedF UK \/ K\u010cJ<\/td>\n<\/tr>\n<tr>\n<td width=\"248\">Mgr. Jolana Ronkov\u00e1, Ph.D.<\/td>\n<td width=\"239\">jolana.<em>ronkova@pedf<\/em>.cuni.cz<\/td>\n<td width=\"130\">PedF UK \/ KPP<\/td>\n<\/tr>\n<tr>\n<td width=\"248\">RNDr. R\u016f\u017eena Bla\u017ekov\u00e1, CSc.<\/td>\n<td width=\"239\">blazkova@ped.muni.cz<\/td>\n<td width=\"130\">PdF MU \/ KM<\/td>\n<\/tr>\n<tr>\n<td width=\"248\">Mgr. Irena Bud\u00ednov\u00e1, Ph.D.<\/td>\n<td width=\"239\">budinova@ped.muni.cz<\/td>\n<td width=\"130\">PdF MU \/ KM<\/td>\n<\/tr>\n<tr>\n<td width=\"248\">RNDr. Eva Trnov\u00e1, PhD.<\/td>\n<td width=\"239\">trnova@ped.muni.cz<\/td>\n<td width=\"130\">PdF MU \/ KPg<\/td>\n<\/tr>\n<tr>\n<td width=\"248\">Mgr. Daniela B\u00edmov\u00e1, Ph.D.<\/td>\n<td width=\"239\">daniela.bimova@tul.cz<\/td>\n<td width=\"130\">FP TUL \/ KMDM<\/td>\n<\/tr>\n<tr>\n<td width=\"248\">RNDr. Libu\u0161e Samkov\u00e1, Ph.D.<\/td>\n<td width=\"239\">lsamkova@pf.jcu.cz<\/td>\n<td width=\"130\">PF JU<\/td>\n<\/tr>\n<tr>\n<td colspan=\"2\" width=\"489\"><strong>INFORMA\u010cN\u00cd GRAMOTNOST <\/strong><\/td>\n<td width=\"130\"><strong>\u00a0<\/strong><\/td>\n<\/tr>\n<tr>\n<td width=\"248\">PhDr. Daniel Toch\u00e1\u010dek<\/td>\n<td width=\"239\">daniel.tochacek@pedf.cuni.cz<\/td>\n<td width=\"130\">PedF UK \/ KITTV<\/td>\n<\/tr>\n<tr>\n<td width=\"248\">PhDr. Petra Va\u0148kov\u00e1, Ph.D.<\/td>\n<td width=\"239\">petra.vankova@pedf.cuni.cz<\/td>\n<td width=\"130\">PedF UK \/ KITTV<\/td>\n<\/tr>\n<tr>\n<td width=\"248\">PhDr.Jaroslav \u0160aroch, Ph.D.<\/td>\n<td width=\"239\">jaroslav.saroch@pedf.cuni.cz<\/td>\n<td width=\"130\">PedF UK \/ KPg<\/td>\n<\/tr>\n<tr>\n<td width=\"248\">PaedDr. Eva Mar\u00e1dov\u00e1, CSc.<\/td>\n<td width=\"239\">eva.maradova@pedf.cuni.cz<\/td>\n<td width=\"130\">PedF UK \/ KSpg<\/td>\n<\/tr>\n<tr>\n<td width=\"248\">doc. PhDr. Ond\u0159ej Hn\u00edk<\/td>\n<td width=\"239\">ondrej.hnik@pedf.cuni.cz<\/td>\n<td width=\"130\">PedF UK \/ K\u010cJ<\/td>\n<\/tr>\n<tr>\n<td width=\"248\">PhDr. Pavla Presslerov\u00e1, Ph.D.<\/td>\n<td width=\"239\">pavla.presslerova@pedf.cuni.cz<\/td>\n<td width=\"130\">PedF UK \/ KPsy<\/td>\n<\/tr>\n<tr>\n<td width=\"248\">Ing. Bo\u0159ivoj Brdi\u010dka, Ph.D.<\/td>\n<td width=\"239\">borivoj.brdicka@pedf.cuni.cz<\/td>\n<td width=\"130\">PedF UK \/ KITTV<\/td>\n<\/tr>\n<tr>\n<td width=\"248\">Mgr. Marie Rychl\u00edkov\u00e1, Ph.D.<\/td>\n<td width=\"239\">marie.rychlikova@pedf.cuni.cz<\/td>\n<td width=\"130\">PedF UK \/ OPRP<\/td>\n<\/tr>\n<tr>\n<td width=\"248\">Mgr. Pavl\u00edna Maz\u00e1\u010dov\u00e1, Ph.D.<\/td>\n<td width=\"239\">pmazacov@phil.muni.cz<\/td>\n<td width=\"130\">FF MU \/ KISK<\/td>\n<\/tr>\n<tr>\n<td width=\"248\">Mgr. Lucie \u0160karkov\u00e1<\/td>\n<td width=\"239\">skarkova@ped.muni.cz<\/td>\n<td width=\"130\">PdF MU \/ KPg<\/td>\n<\/tr>\n<tr>\n<td colspan=\"2\" width=\"489\"><strong>OB\u010cANSK\u00c9 A SOCI\u00c1LN\u00cd KOMPETENCE<\/strong><\/td>\n<td width=\"130\"><strong>\u00a0<\/strong><\/td>\n<\/tr>\n<tr>\n<td width=\"248\">PhDr. Hana Havl\u016fjov\u00e1, Ph.D.<\/td>\n<td width=\"239\">hana.havlujova@pedf.cuni.cz<\/td>\n<td width=\"130\">PedF UK \/ KDDD<\/td>\n<\/tr>\n<tr>\n<td width=\"248\">Mgr. Zbyn\u011bk Zicha, Ph.D.<\/td>\n<td width=\"239\">zbynek.zicha@pedf.cuni.cz<\/td>\n<td width=\"130\">PedF UK \/ KOVF<\/td>\n<\/tr>\n<tr>\n<td width=\"248\">Ing. Michaela Dvo\u0159\u00e1kov\u00e1, Ph.D.<\/td>\n<td width=\"239\">michaela.dvorakova@pedf.cuni.cz<\/td>\n<td width=\"130\">PedF UK \/ KOVF<\/td>\n<\/tr>\n<tr>\n<td width=\"248\">PaedDr. Zde\u0148ka Hankov\u00e1<\/td>\n<td width=\"239\">zdenka.hankova@pedf.cuni.cz<\/td>\n<td width=\"130\">PedF UK \/ KPg<\/td>\n<\/tr>\n<tr>\n<td width=\"248\">PhDr. Zbyn\u011bk N\u011bmec, Ph.D.<\/td>\n<td width=\"239\">zbynek.nemec@pedf.cuni.cz<\/td>\n<td width=\"130\">PedF UK \/ KSpg<\/td>\n<\/tr>\n<tr>\n<td width=\"248\">PhDr. Pavla Presslerov\u00e1, Ph.D.<\/td>\n<td width=\"239\">pavla.presslerova@pedf.cuni.cz<\/td>\n<td width=\"130\">PedF UK \/ Kpsy<\/td>\n<\/tr>\n<tr>\n<td width=\"248\">PhDr. Mgr. Radim \u0160t\u011brba, Ph.D.<\/td>\n<td width=\"239\">43487@mail.muni.cz<\/td>\n<td width=\"130\">PdF MU \/ KOV<\/td>\n<\/tr>\n<tr>\n<td width=\"248\">PhDr. Kamil \u0160t\u011bp\u00e1nek, CSc.<\/td>\n<td width=\"239\">stepanek@ped.muni.cz<\/td>\n<td width=\"130\">PdF MU \/ KH<\/td>\n<\/tr>\n<tr>\n<td width=\"248\">PaedDr. Hana Stadlerov\u00e1, Ph.D.<\/td>\n<td width=\"239\">stadlerova@ped.muni.cz<\/td>\n<td width=\"130\">PdF MU \/ KVV<\/td>\n<\/tr>\n<tr>\n<td width=\"248\">Mgr. et Mgr. Jan Mare\u0161, Ph.D.<\/td>\n<td width=\"239\">mares@ped.muni.cz<\/td>\n<td width=\"130\">PdF MU \/ KPsy<\/td>\n<\/tr>\n<tr>\n<td width=\"248\">Mgr. Daniela Taylor, Ph.D.<\/td>\n<td width=\"239\">taylor@ped.muni.cz<\/td>\n<td width=\"130\">PdF MU \/ KHV<\/td>\n<\/tr>\n<tr>\n<td width=\"248\">PhDr. Helena Pavli\u010d\u00edkov\u00e1, CSc.<\/td>\n<td width=\"239\">pavlic@pf.jcu.cz<\/td>\n<td width=\"130\">PF JU<\/td>\n<\/tr>\n<tr>\n<td colspan=\"2\" width=\"489\"><strong>\u010cLOV\u011aK A P\u0158\u00cdRODA &#8211; FYZIKA<\/strong><\/td>\n<td width=\"130\"><strong>\u00a0<\/strong><\/td>\n<\/tr>\n<tr>\n<td width=\"248\">RNDr. Irena Dvo\u0159\u00e1kov\u00e1, Ph.D.<\/td>\n<td width=\"239\">irena.dvorakova@mff.cuni.cz<\/td>\n<td width=\"130\">MFF UK \/ KDF<\/td>\n<\/tr>\n<tr>\n<td width=\"248\">doc. RNDr. Leo\u0161 Dvo\u0159\u00e1k, CSc.<\/td>\n<td width=\"239\">leos.dvorak@mff.cuni.cz<\/td>\n<td width=\"130\">MFF UK \/ KDF<\/td>\n<\/tr>\n<tr>\n<td width=\"248\">RNDr. a Mgr. Vojt\u011bch \u017d\u00e1k, Ph.D.<\/td>\n<td width=\"239\">vojtech.zak@mff.cuni.cz<\/td>\n<td width=\"130\">MFF UK \/ KDF<\/td>\n<\/tr>\n<tr>\n<td width=\"248\">Mgr. Marie Such\u00e1nkov\u00e1, Ph.D.<\/td>\n<td width=\"239\">marie.suchankova@tul.cz<\/td>\n<td width=\"130\">FP TUL \/ KF<\/td>\n<\/tr>\n<tr>\n<td colspan=\"2\" width=\"489\"><strong>\u010cLOV\u011aK A P\u0158\u00cdRODA &#8211; CHEMIE<\/strong><\/td>\n<td width=\"130\"><strong>\u00a0<\/strong><\/td>\n<\/tr>\n<tr>\n<td width=\"248\">PhDr. Martin Rusek, Ph.D.<\/td>\n<td width=\"239\">martin.rusek@pedf.cuni.cz<\/td>\n<td width=\"130\">PedF UK \/ KCHDCH<\/td>\n<\/tr>\n<tr>\n<td width=\"248\">Ing. Karol\u00edna Duschinsk\u00e1, Ph.D.<\/td>\n<td width=\"239\">karolina.duschinska@pedf.cuni.cz<\/td>\n<td width=\"130\">PedF UK \/ KPg<\/td>\n<\/tr>\n<tr>\n<td width=\"248\">Mgr. Karel Voj\u00ed\u0159<\/td>\n<td width=\"239\">karel.vojir@pedf.cuni.cz<\/td>\n<td width=\"130\">PedF UK \/ KCHDCH<\/td>\n<\/tr>\n<tr>\n<td width=\"248\">RNDr. Hana \u010ctrn\u00e1ctov\u00e1, prof., CSc.<\/td>\n<td width=\"239\">ctr@natur.cuni.cz<\/td>\n<td width=\"130\">P\u0159F UK \/ KUDCH<\/td>\n<\/tr>\n<tr>\n<td width=\"248\">RNDr. Petr \u0160mejkal, Ph.D.<\/td>\n<td width=\"239\">petr.smejkal@natur.cuni.cz<\/td>\n<td width=\"130\">P\u0159F UK \/ KUDCH<\/td>\n<\/tr>\n<tr>\n<td width=\"248\">RNDr. Milada Tepl\u00e1, Ph.D.<\/td>\n<td width=\"239\">milada.tepla@natur.cuni.cz<\/td>\n<td width=\"130\">P\u0159F UK \/ KUDCH<\/td>\n<\/tr>\n<tr>\n<td colspan=\"2\" width=\"489\"><strong>\u010cLOV\u011aK A P\u0158\u00cdRODA &#8211; P\u0158\u00cdRODOPIS<\/strong><\/td>\n<td width=\"130\"><strong>\u00a0<\/strong><\/td>\n<\/tr>\n<tr>\n<td width=\"248\">RNDr. Lenka Pavlasov\u00e1, Ph.D.<\/td>\n<td width=\"239\">lenka.pavlasova@pedf.cuni.cz<\/td>\n<td width=\"130\">PedF UK \/ KBES<\/td>\n<\/tr>\n<tr>\n<td width=\"248\">Zde\u0148ka Hankov\u00e1, Ph.D.<\/td>\n<td width=\"239\">zdenka.hankova@pedf.cuni.cz<\/td>\n<td width=\"130\">PedF UK \/ KPg<\/td>\n<\/tr>\n<tr>\n<td width=\"248\">RNDr. Jana Sk\u00fdbov\u00e1, Ph.D.<\/td>\n<td width=\"239\">jana.skybova@pedf.cuni.cz<\/td>\n<td width=\"130\">PedF UK \/ KBES<\/td>\n<\/tr>\n<tr>\n<td width=\"248\">PaedDr. Eva Mar\u00e1dov\u00e1, CSc.<\/td>\n<td width=\"239\">eva.maradova@pedf.cuni.cz<\/td>\n<td width=\"130\">PedF UK\/ KSpPg<\/td>\n<\/tr>\n<tr>\n<td colspan=\"2\" width=\"489\"><strong>\u010cLOV\u011aK A P\u0158\u00cdRODA &#8211; ZEM\u011aPIS<\/strong><\/td>\n<td width=\"130\"><strong>\u00a0<\/strong><\/td>\n<\/tr>\n<tr>\n<td width=\"248\">Mgr. Kl\u00e1ra Sever\u00fdnov\u00e1 Popkov\u00e1, Ph. D.<\/td>\n<td width=\"239\">klara.severynova.popkova@tul.cz<\/td>\n<td width=\"130\">FP TUL<\/td>\n<\/tr>\n<tr>\n<td width=\"248\">Mgr. Ji\u0159\u00ed Rypl, Ph.D.<\/td>\n<td width=\"239\">rypl@pf.jcu.cz<\/td>\n<td width=\"130\">PF JU<\/td>\n<\/tr>\n<tr>\n<td colspan=\"2\" width=\"489\"><strong>META, o.p.s. &#8211; Spole\u010dnost pro p\u0159\u00edle\u017eitosti<\/strong><\/td>\n<td width=\"130\"><strong>\u00a0<\/strong><\/td>\n<\/tr>\n<tr>\n<td width=\"248\">Mgr. Barbora Nos\u00e1lov\u00e1<\/td>\n<td width=\"239\">nosalova@meta-ops.cz<\/td>\n<td width=\"130\">META<\/td>\n<\/tr>\n<tr>\n<td width=\"248\">Mgr. Jana V\u00e1vrov\u00e1<\/td>\n<td width=\"239\">vavrova@meta-ops.cz<\/td>\n<td width=\"130\">META<\/td>\n<\/tr>\n<\/tbody>\n<\/table>\n","protected":false},"excerpt":{"rendered":"<p>\u0158\u00cdD\u00cdC\u00cd T\u00ddM SC2\/SC5 KONTAKT PRACOVI\u0160T\u011a doc. PhDr. PaedDr. Anna Kucharsk\u00e1, Ph.D. anna.kucharska@pedf.cuni.cz PedF UK Ing. Petra Tobol\u00e1\u0159ov\u00e1 petra.tobolarova@pedf.cuni.cz PedF UK Mgr. Monika Kadrno\u017ekov\u00e1, Ph.D. monika.kadrnozkova@pedf.cuni.cz PedF UK Terezie \u0160turmov\u00e1 terezie.sturmova@pedf.cuni.cz PedF UK PhDr. Kl\u00e1ra \u0160pa\u010dkov\u00e1, Ph.D. klara.spackova@pedf.cuni.cz PedF UK doc. RNDr. Miroslav Brzezina miroslav.brzezina@tul.cz FP TUL Ing. Ivana Cvr\u010dkov\u00e1, Ph.D. ivana.cvrckova@tul.cz FP TUL Romana Kru\u0161kov\u00e1 &hellip; <a href=\"https:\/\/pages.pedf.cuni.cz\/sc25\/kontakty-na-pracovniky\/\">Continue reading <span class=\"meta-nav\">&rarr;<\/span><\/a><\/p>\n","protected":false},"author":465,"featured_media":0,"parent":0,"menu_order":0,"comment_status":"closed","ping_status":"closed","template":"","meta":{"footnotes":""},"class_list":["post-203","page","type-page","status-publish","hentry"],"_links":{"self":[{"href":"https:\/\/pages.pedf.cuni.cz\/sc25\/wp-json\/wp\/v2\/pages\/203","targetHints":{"allow":["GET"]}}],"collection":[{"href":"https:\/\/pages.pedf.cuni.cz\/sc25\/wp-json\/wp\/v2\/pages"}],"about":[{"href":"https:\/\/pages.pedf.cuni.cz\/sc25\/wp-json\/wp\/v2\/types\/page"}],"author":[{"embeddable":true,"href":"https:\/\/pages.pedf.cuni.cz\/sc25\/wp-json\/wp\/v2\/users\/465"}],"replies":[{"embeddable":true,"href":"https:\/\/pages.pedf.cuni.cz\/sc25\/wp-json\/wp\/v2\/comments?post=203"}],"version-history":[{"count":76,"href":"https:\/\/pages.pedf.cuni.cz\/sc25\/wp-json\/wp\/v2\/pages\/203\/revisions"}],"predecessor-version":[{"id":1291,"href":"https:\/\/pages.pedf.cuni.cz\/sc25\/wp-json\/wp\/v2\/pages\/203\/revisions\/1291"}],"wp:attachment":[{"href":"https:\/\/pages.pedf.cuni.cz\/sc25\/wp-json\/wp\/v2\/media?parent=203"}],"curies":[{"name":"wp","href":"https:\/\/api.w.org\/{rel}","templated":true}]}}