{"id":403,"date":"2017-06-04T16:32:01","date_gmt":"2017-06-04T14:32:01","guid":{"rendered":"http:\/\/pages.pedf.cuni.cz\/sc25\/?page_id=403"},"modified":"2017-12-12T12:16:32","modified_gmt":"2017-12-12T11:16:32","slug":"informacni-gramotnost-neverejne","status":"publish","type":"page","link":"https:\/\/pages.pedf.cuni.cz\/sc25\/informacni-gramotnost-neverejne\/","title":{"rendered":"Informa\u010dn\u00ed gramotnost &#8211; sd\u00edlen\u00e9 prost\u0159ed\u00ed"},"content":{"rendered":"","protected":true},"excerpt":{"rendered":"","protected":true},"author":464,"featured_media":0,"parent":0,"menu_order":0,"comment_status":"closed","ping_status":"closed","template":"","meta":{"footnotes":""},"class_list":["post-403","page","type-page","status-publish","post-password-required","hentry"],"_links":{"self":[{"href":"https:\/\/pages.pedf.cuni.cz\/sc25\/wp-json\/wp\/v2\/pages\/403","targetHints":{"allow":["GET"]}}],"collection":[{"href":"https:\/\/pages.pedf.cuni.cz\/sc25\/wp-json\/wp\/v2\/pages"}],"about":[{"href":"https:\/\/pages.pedf.cuni.cz\/sc25\/wp-json\/wp\/v2\/types\/page"}],"author":[{"embeddable":true,"href":"https:\/\/pages.pedf.cuni.cz\/sc25\/wp-json\/wp\/v2\/users\/464"}],"replies":[{"embeddable":true,"href":"https:\/\/pages.pedf.cuni.cz\/sc25\/wp-json\/wp\/v2\/comments?post=403"}],"version-history":[{"count":11,"href":"https:\/\/pages.pedf.cuni.cz\/sc25\/wp-json\/wp\/v2\/pages\/403\/revisions"}],"predecessor-version":[{"id":644,"href":"https:\/\/pages.pedf.cuni.cz\/sc25\/wp-json\/wp\/v2\/pages\/403\/revisions\/644"}],"wp:attachment":[{"href":"https:\/\/pages.pedf.cuni.cz\/sc25\/wp-json\/wp\/v2\/media?parent=403"}],"curies":[{"name":"wp","href":"https:\/\/api.w.org\/{rel}","templated":true}]}}