{"id":407,"date":"2017-06-04T16:32:54","date_gmt":"2017-06-04T14:32:54","guid":{"rendered":"http:\/\/pages.pedf.cuni.cz\/sc25\/?page_id=407"},"modified":"2018-11-17T20:13:41","modified_gmt":"2018-11-17T19:13:41","slug":"clovek-a-priroda-neverejne","status":"publish","type":"page","link":"https:\/\/pages.pedf.cuni.cz\/sc25\/clovek-a-priroda-neverejne\/","title":{"rendered":"\u010clov\u011bk a p\u0159\u00edroda &#8211; Fyzika, P\u0159\u00edrodopis, Chemie, Zem\u011bpis &#8211; sd\u00edlen\u00e9 prost\u0159ed\u00ed"},"content":{"rendered":"","protected":true},"excerpt":{"rendered":"","protected":true},"author":464,"featured_media":0,"parent":0,"menu_order":0,"comment_status":"closed","ping_status":"closed","template":"","meta":{"footnotes":""},"class_list":["post-407","page","type-page","status-publish","post-password-required","hentry"],"_links":{"self":[{"href":"https:\/\/pages.pedf.cuni.cz\/sc25\/wp-json\/wp\/v2\/pages\/407","targetHints":{"allow":["GET"]}}],"collection":[{"href":"https:\/\/pages.pedf.cuni.cz\/sc25\/wp-json\/wp\/v2\/pages"}],"about":[{"href":"https:\/\/pages.pedf.cuni.cz\/sc25\/wp-json\/wp\/v2\/types\/page"}],"author":[{"embeddable":true,"href":"https:\/\/pages.pedf.cuni.cz\/sc25\/wp-json\/wp\/v2\/users\/464"}],"replies":[{"embeddable":true,"href":"https:\/\/pages.pedf.cuni.cz\/sc25\/wp-json\/wp\/v2\/comments?post=407"}],"version-history":[{"count":39,"href":"https:\/\/pages.pedf.cuni.cz\/sc25\/wp-json\/wp\/v2\/pages\/407\/revisions"}],"predecessor-version":[{"id":1238,"href":"https:\/\/pages.pedf.cuni.cz\/sc25\/wp-json\/wp\/v2\/pages\/407\/revisions\/1238"}],"wp:attachment":[{"href":"https:\/\/pages.pedf.cuni.cz\/sc25\/wp-json\/wp\/v2\/media?parent=407"}],"curies":[{"name":"wp","href":"https:\/\/api.w.org\/{rel}","templated":true}]}}