{"id":55,"date":"2017-02-23T12:38:04","date_gmt":"2017-02-23T11:38:04","guid":{"rendered":"http:\/\/pages.pedf.cuni.cz\/sc25\/?page_id=55"},"modified":"2020-02-23T13:03:42","modified_gmt":"2020-02-23T12:03:42","slug":"ka06-konference","status":"publish","type":"page","link":"https:\/\/pages.pedf.cuni.cz\/sc25\/ka06-konference\/","title":{"rendered":"KA06 \u2013 Konference"},"content":{"rendered":"<p>C\u00edlem je z\u00e1v\u011bre\u010dn\u00e1 konference projektu s n\u00e1zvem Spole\u010denstv\u00ed praxe jako \u00fa\u010dinn\u00fd faktor rozvoje z\u00e1kladn\u00edho a st\u0159edn\u00edho vzd\u011bl\u00e1v\u00e1n\u00ed \u2013 propojen\u00ed teorie a praxe \u2013 umo\u017en\u00ed diseminaci v\u00fdstup\u016f z projektu.<\/p>\n<p><strong>Harmonogram:<\/strong><br \/>\nAktivita bude zah\u00e1jena 1. 5. 2019 a bude ukon\u010dena 30. 10. 2019.<\/p>\n<p>Konference bude nab\u00eddnuta v\u0161em zapojen\u00fdm osob\u00e1m \u2013 realiza\u010dn\u00edmu t\u00fdmu, akademik\u016fm a c\u00edlov\u00e9 skupin\u011b (u\u010ditel\u00e9 z\u00e1kladn\u00edch i st\u0159edn\u00edch \u0161kol, studenti u\u010ditelsk\u00fdch obor\u016f).<\/p>\n<p>Z\u00e1jmem konference je reflektovat v\u0161echny odborn\u00e9 aktivity a postupy, podat p\u0159\u00edklady dobr\u00e9 praxe, sezn\u00e1mit s nov\u00fdmi p\u0159\u00edstupy v oblasti rozvoje vybran\u00fdch gramotnost\u00ed, vzd\u011bl\u00e1vac\u00edch oblast\u00ed (resp. vybran\u00fdch studijn\u00edch p\u0159edm\u011bt\u016f), mezip\u0159edm\u011btov\u00fdch vztah\u016f a kl\u00ed\u010dov\u00fdch kompetenc\u00ed. Prezentov\u00e1ny budou tak\u00e9 v\u00fdsledky ak\u010dn\u00edch v\u00fdzkum\u016f, se kter\u00fdmi vystoup\u00ed studenti partnersk\u00fdch vysok\u00fdch \u0161kol a jejich mento\u0159i \u2013 u\u010ditel\u00e9 z\u00e1kladn\u00edch a st\u0159edn\u00edch \u0161kol.<\/p>\n<p>P\u0159ednesen\u00e9 p\u0159\u00edsp\u011bvky (prezentace) budou zve\u0159ejn\u011bny na webu projektu \u2013 usnadn\u011bn\u00ed p\u0159enosu poznatk\u016f do praxe s c\u00edlem poskytnout inspiraci dal\u0161\u00edm u\u010ditel\u016fm Z\u0160\/S\u0160\/V\u0160.<\/p>\n<p>Sborn\u00edk z konference s 10 hlavn\u00edmi v\u00fdstupy (dva obecn\u011bji lad\u011bn\u00e9, po jednom z d\u00edl\u010d\u00edch t\u00e9mat SC2 a SC5, kter\u00e1 byla v projektu \u0159e\u0161ena) bude dostupn\u00fd v elektronick\u00e9 podob\u011b na webu projektu. Vyu\u017eij\u00ed ho nejenom u\u010ditel\u00e9 Z\u0160\/S\u0160\/V\u0160 jako materi\u00e1l pro dal\u0161\u00ed profesn\u00ed rozvoj, ale tak\u00e9 studenti jako u\u010debn\u00ed text.<\/p>\n<p>&nbsp;<\/p>\n<p><strong>Realizace\u00a0<\/strong><\/p>\n<p>Konference\u00a0<strong>Spole\u010denstv\u00ed praxe jako \u00fa\u010dinn\u00fd faktor rozvoje z\u00e1kladn\u00edho a st\u0159edn\u00edho vzd\u011bl\u00e1v\u00e1n\u00ed \u2013 propojen\u00ed teorie a praxe<\/strong>\u00a0se konala dne se konala dne 18. 10. 2020 v\u00a0hotelu Grandium, Praha 1, na kterou byli pozv\u00e1ni v\u0161ichni u\u010ditel\u00e9, akademi\u010dt\u00ed pracovn\u00edci, studenti a \u0159editel\u00e9 zapojeni do projektu Spole\u010denstv\u00ed praxe (Zv\u00fd\u0161en\u00ed kvality vzd\u011bl\u00e1v\u00e1n\u00ed \u017e\u00e1k\u016f, rozvoje kl\u00ed\u010dov\u00fdch kompetenc\u00ed, oblast\u00ed vzd\u011bl\u00e1v\u00e1n\u00ed a gramotnost\u00ed, Reg. \u010d. CZ.02.3.68\/0.0\/0.0\/16_011\/0000664) a dal\u0161\u00ed host\u00e9.<\/p>\n<p>Program konference<strong> <a href=\"https:\/\/pages.pedf.cuni.cz\/sc25\/files\/2020\/02\/Pozvanka_konference_KA6_pdf.pdf\">zde<\/a><\/strong><\/p>\n<p>Z konference byl vyd\u00e1n sborn\u00edk, dostupn\u00fd <strong>zde.\u00a0<\/strong><\/p>\n<p><strong>D\u011bkujeme za v\u0161em za \u00fa\u010dast a za podn\u011btn\u00e9 p\u0159\u00edsp\u011bvky na konferenci!\u00a0<\/strong><\/p>\n","protected":false},"excerpt":{"rendered":"<p>C\u00edlem je z\u00e1v\u011bre\u010dn\u00e1 konference projektu s n\u00e1zvem Spole\u010denstv\u00ed praxe jako \u00fa\u010dinn\u00fd faktor rozvoje z\u00e1kladn\u00edho a st\u0159edn\u00edho vzd\u011bl\u00e1v\u00e1n\u00ed \u2013 propojen\u00ed teorie a praxe \u2013 umo\u017en\u00ed diseminaci v\u00fdstup\u016f z projektu. Harmonogram: Aktivita bude zah\u00e1jena 1. 5. 2019 a bude ukon\u010dena 30. 10. 2019. Konference bude nab\u00eddnuta v\u0161em zapojen\u00fdm osob\u00e1m \u2013 realiza\u010dn\u00edmu t\u00fdmu, akademik\u016fm a c\u00edlov\u00e9 skupin\u011b (u\u010ditel\u00e9 &hellip; <a href=\"https:\/\/pages.pedf.cuni.cz\/sc25\/ka06-konference\/\">Continue reading <span class=\"meta-nav\">&rarr;<\/span><\/a><\/p>\n","protected":false},"author":448,"featured_media":0,"parent":0,"menu_order":0,"comment_status":"closed","ping_status":"closed","template":"","meta":{"footnotes":""},"class_list":["post-55","page","type-page","status-publish","hentry"],"_links":{"self":[{"href":"https:\/\/pages.pedf.cuni.cz\/sc25\/wp-json\/wp\/v2\/pages\/55","targetHints":{"allow":["GET"]}}],"collection":[{"href":"https:\/\/pages.pedf.cuni.cz\/sc25\/wp-json\/wp\/v2\/pages"}],"about":[{"href":"https:\/\/pages.pedf.cuni.cz\/sc25\/wp-json\/wp\/v2\/types\/page"}],"author":[{"embeddable":true,"href":"https:\/\/pages.pedf.cuni.cz\/sc25\/wp-json\/wp\/v2\/users\/448"}],"replies":[{"embeddable":true,"href":"https:\/\/pages.pedf.cuni.cz\/sc25\/wp-json\/wp\/v2\/comments?post=55"}],"version-history":[{"count":6,"href":"https:\/\/pages.pedf.cuni.cz\/sc25\/wp-json\/wp\/v2\/pages\/55\/revisions"}],"predecessor-version":[{"id":1618,"href":"https:\/\/pages.pedf.cuni.cz\/sc25\/wp-json\/wp\/v2\/pages\/55\/revisions\/1618"}],"wp:attachment":[{"href":"https:\/\/pages.pedf.cuni.cz\/sc25\/wp-json\/wp\/v2\/media?parent=55"}],"curies":[{"name":"wp","href":"https:\/\/api.w.org\/{rel}","templated":true}]}}