{"id":670,"date":"2017-10-23T15:03:12","date_gmt":"2017-10-23T13:03:12","guid":{"rendered":"http:\/\/pages.pedf.cuni.cz\/sc25\/?page_id=670"},"modified":"2017-10-23T15:46:59","modified_gmt":"2017-10-23T13:46:59","slug":"2-setkani-s-uciteli","status":"publish","type":"page","link":"https:\/\/pages.pedf.cuni.cz\/sc25\/2-setkani-s-uciteli\/","title":{"rendered":"Druh\u00e9 setk\u00e1n\u00ed s u\u010diteli"},"content":{"rendered":"<p><strong>Setk\u00e1n\u00ed s u\u010diteli za\u010dlen\u011bn\u00fdmi do Spole\u010denstv\u00ed praxe v projektu Zv\u00fd\u0161en\u00ed kvality vzd\u011bl\u00e1v\u00e1n\u00ed \u017e\u00e1k\u016f, rozvoje kl\u00ed\u010dov\u00fdch kompetenc\u00ed, oblast\u00ed vzd\u011bl\u00e1v\u00e1n\u00ed a gramotnost\u00ed<\/strong><\/p>\n<p>Dne <strong>15. 9. a 22. 9. 2017<\/strong> prob\u011bhlo na Pedagogick\u00e9 fakult\u011b Univerzity Karlovy druh\u00e9 setk\u00e1n\u00ed s u\u010diteli za\u010dlen\u011bn\u00fdmi do Spole\u010denstv\u00ed praxe v r\u00e1mci projektu Zv\u00fd\u0161en\u00ed kvality vzd\u011bl\u00e1v\u00e1n\u00ed \u017e\u00e1k\u016f, rozvoje kl\u00ed\u010dov\u00fdch kompetenc\u00ed, oblast\u00ed vzd\u011bl\u00e1v\u00e1n\u00ed a gramotnost\u00ed (reg. \u010d. CZ.02.3.68\/0.0\/0.0\/16_011\/0000664).<\/p>\n<p>Spole\u010dn\u00fd dopoledn\u00ed program byl zam\u011b\u0159en na tvorbu portfolia u\u010ditele, odpoledn\u00ed program v jednotliv\u00fdch sekc\u00edch vzd\u011bl\u00e1vac\u00edch modul\u016f se zab\u00fdval anal\u00fdzou \u0160VP, workshopy a d\u00edlnami vybran\u00fdch t\u00e9mat dan\u00fdch gramotnost\u00ed. Do projektu jsou zapojeny Pedagogick\u00e1 fakulta Univerzity Karlovy, Pedagogick\u00e1 fakulta Masarykovy univerzity,\u00a0 Pedagogika fakulta Jiho\u010desk\u00e9 univerzity v \u010cesk\u00fdch Bud\u011bjovic\u00edch, Fakulta p\u0159\u00edrodov\u011bdn\u011b-humanitn\u00ed a pedagogick\u00e1 Technick\u00e9 univerzity v Liberci a neziskov\u00e1 organizace META. Projektu se \u00fa\u010datn\u00ed tak\u00e9 u\u010ditel\u00e9 z\u00e1kladn\u00edch a st\u0159edn\u00edch \u0161kol a gymn\u00e1zi\u00ed z cel\u00e9 \u010cesk\u00e9 republiky.<\/p>\n<p>Program spole\u010dn\u00e9ho setk\u00e1n\u00ed ke st\u00e1hnut\u00ed <a href=\"https:\/\/pages.pedf.cuni.cz\/sc25\/program-2-setkani-zvyseni-kvality-vzdelavani-zaku-rozvoje-klicovych-kompetenci-oblasti-vzdelavani-a-gramotnosti\/\">zde<\/a>.<\/p>\n","protected":false},"excerpt":{"rendered":"<p>Setk\u00e1n\u00ed s u\u010diteli za\u010dlen\u011bn\u00fdmi do Spole\u010denstv\u00ed praxe v projektu Zv\u00fd\u0161en\u00ed kvality vzd\u011bl\u00e1v\u00e1n\u00ed \u017e\u00e1k\u016f, rozvoje kl\u00ed\u010dov\u00fdch kompetenc\u00ed, oblast\u00ed vzd\u011bl\u00e1v\u00e1n\u00ed a gramotnost\u00ed Dne 15. 9. a 22. 9. 2017 prob\u011bhlo na Pedagogick\u00e9 fakult\u011b Univerzity Karlovy druh\u00e9 setk\u00e1n\u00ed s u\u010diteli za\u010dlen\u011bn\u00fdmi do Spole\u010denstv\u00ed praxe v r\u00e1mci projektu Zv\u00fd\u0161en\u00ed kvality vzd\u011bl\u00e1v\u00e1n\u00ed \u017e\u00e1k\u016f, rozvoje kl\u00ed\u010dov\u00fdch kompetenc\u00ed, oblast\u00ed vzd\u011bl\u00e1v\u00e1n\u00ed a gramotnost\u00ed &hellip; <a href=\"https:\/\/pages.pedf.cuni.cz\/sc25\/2-setkani-s-uciteli\/\">Continue reading <span class=\"meta-nav\">&rarr;<\/span><\/a><\/p>\n","protected":false},"author":465,"featured_media":0,"parent":0,"menu_order":0,"comment_status":"closed","ping_status":"closed","template":"","meta":{"footnotes":""},"class_list":["post-670","page","type-page","status-publish","hentry"],"_links":{"self":[{"href":"https:\/\/pages.pedf.cuni.cz\/sc25\/wp-json\/wp\/v2\/pages\/670","targetHints":{"allow":["GET"]}}],"collection":[{"href":"https:\/\/pages.pedf.cuni.cz\/sc25\/wp-json\/wp\/v2\/pages"}],"about":[{"href":"https:\/\/pages.pedf.cuni.cz\/sc25\/wp-json\/wp\/v2\/types\/page"}],"author":[{"embeddable":true,"href":"https:\/\/pages.pedf.cuni.cz\/sc25\/wp-json\/wp\/v2\/users\/465"}],"replies":[{"embeddable":true,"href":"https:\/\/pages.pedf.cuni.cz\/sc25\/wp-json\/wp\/v2\/comments?post=670"}],"version-history":[{"count":5,"href":"https:\/\/pages.pedf.cuni.cz\/sc25\/wp-json\/wp\/v2\/pages\/670\/revisions"}],"predecessor-version":[{"id":682,"href":"https:\/\/pages.pedf.cuni.cz\/sc25\/wp-json\/wp\/v2\/pages\/670\/revisions\/682"}],"wp:attachment":[{"href":"https:\/\/pages.pedf.cuni.cz\/sc25\/wp-json\/wp\/v2\/media?parent=670"}],"curies":[{"name":"wp","href":"https:\/\/api.w.org\/{rel}","templated":true}]}}