{"id":7,"date":"2014-10-24T10:13:56","date_gmt":"2014-10-24T10:13:56","guid":{"rendered":"http:\/\/pages.pedf.cuni.cz\/sc25\/?page_id=7"},"modified":"2017-03-06T21:52:02","modified_gmt":"2017-03-06T20:52:02","slug":"lide","status":"publish","type":"page","link":"https:\/\/pages.pedf.cuni.cz\/sc25\/lide\/","title":{"rendered":"Zapojen\u00e9 vysok\u00e9 \u0161koly"},"content":{"rendered":"<p><strong>Spole\u010denstv\u00ed praxe pro SC2 a SC5:<\/strong><\/p>\n<p>Pedagogick\u00e1 fakulta Univerzity Karlovy<br \/>\nPedagogick\u00e1 fakulta Masarykovy univerzity<br \/>\nPedagogika fakulta Jiho\u010desk\u00e9 univerzity v \u010cesk\u00fdch Bud\u011bjovic\u00edch<br \/>\nFakulta p\u0159\u00edrodov\u011bdn\u011b-humanitn\u00ed a pedagogick\u00e1 Technick\u00e9 univerzity v Liberci<\/p>\n<p>META, o.p.s. &#8211; neziskov\u00e1 organizace<\/p>\n","protected":false},"excerpt":{"rendered":"<p>Spole\u010denstv\u00ed praxe pro SC2 a SC5: Pedagogick\u00e1 fakulta Univerzity Karlovy Pedagogick\u00e1 fakulta Masarykovy univerzity Pedagogika fakulta Jiho\u010desk\u00e9 univerzity v \u010cesk\u00fdch Bud\u011bjovic\u00edch Fakulta p\u0159\u00edrodov\u011bdn\u011b-humanitn\u00ed a pedagogick\u00e1 Technick\u00e9 univerzity v Liberci META, o.p.s. &#8211; neziskov\u00e1 organizace<\/p>\n","protected":false},"author":1,"featured_media":0,"parent":0,"menu_order":0,"comment_status":"closed","ping_status":"closed","template":"","meta":{"footnotes":""},"class_list":["post-7","page","type-page","status-publish","hentry"],"_links":{"self":[{"href":"https:\/\/pages.pedf.cuni.cz\/sc25\/wp-json\/wp\/v2\/pages\/7","targetHints":{"allow":["GET"]}}],"collection":[{"href":"https:\/\/pages.pedf.cuni.cz\/sc25\/wp-json\/wp\/v2\/pages"}],"about":[{"href":"https:\/\/pages.pedf.cuni.cz\/sc25\/wp-json\/wp\/v2\/types\/page"}],"author":[{"embeddable":true,"href":"https:\/\/pages.pedf.cuni.cz\/sc25\/wp-json\/wp\/v2\/users\/1"}],"replies":[{"embeddable":true,"href":"https:\/\/pages.pedf.cuni.cz\/sc25\/wp-json\/wp\/v2\/comments?post=7"}],"version-history":[{"count":3,"href":"https:\/\/pages.pedf.cuni.cz\/sc25\/wp-json\/wp\/v2\/pages\/7\/revisions"}],"predecessor-version":[{"id":139,"href":"https:\/\/pages.pedf.cuni.cz\/sc25\/wp-json\/wp\/v2\/pages\/7\/revisions\/139"}],"wp:attachment":[{"href":"https:\/\/pages.pedf.cuni.cz\/sc25\/wp-json\/wp\/v2\/media?parent=7"}],"curies":[{"name":"wp","href":"https:\/\/api.w.org\/{rel}","templated":true}]}}