{"id":83,"date":"2017-02-24T15:05:59","date_gmt":"2017-02-24T14:05:59","guid":{"rendered":"http:\/\/pages.pedf.cuni.cz\/sc25\/?page_id=83"},"modified":"2020-02-19T12:55:35","modified_gmt":"2020-02-19T11:55:35","slug":"vzdelavaci-oblast-clovek-a-priroda","status":"publish","type":"page","link":"https:\/\/pages.pedf.cuni.cz\/sc25\/vzdelavaci-oblast-clovek-a-priroda\/","title":{"rendered":"Vzd\u011bl\u00e1vac\u00ed oblast \u010clov\u011bk a p\u0159\u00edroda"},"content":{"rendered":"<p>Zde naleznete aktu\u00e1ln\u00ed t\u00e9mata vzd\u011bl\u00e1vac\u00edho modulu \u010clov\u011bk a p\u0159\u00edroda, kter\u00e9 se d\u00e1le specifikuj\u00ed:<\/p>\n<ul>\n<li><a href=\"https:\/\/pages.pedf.cuni.cz\/sc25\/fyzika\/\">Fyzika<\/a><\/li>\n<li><a href=\"https:\/\/pages.pedf.cuni.cz\/sc25\/chemie\/\">Chemie<\/a><\/li>\n<li><a href=\"https:\/\/pages.pedf.cuni.cz\/sc25\/prirodopis\/\">P\u0159\u00edrodopis<\/a><\/li>\n<li><a href=\"https:\/\/pages.pedf.cuni.cz\/sc25\/zemepis\/\">Zem\u011bpis<\/a><\/li>\n<\/ul>\n<p>U\u010ditel si vyb\u00edr\u00e1 v\u017edy 3 z nab\u00edzen\u00fdch t\u00e9mat v jedn\u00e9 podkategorii.<\/p>\n<p><strong>Ov\u011b\u0159ov\u00e1n\u00ed n\u011bkter\u00fdch z\u00a0t\u011bchto t\u00e9mat je sou\u010d\u00e1st\u00ed v\u00fdstup\u016f projektu, dostupn\u00e9 <a href=\"https:\/\/pages.pedf.cuni.cz\/sc25\/clovek-a-priroda\/\">zde<\/a><\/strong><\/p>\n","protected":false},"excerpt":{"rendered":"<p>Zde naleznete aktu\u00e1ln\u00ed t\u00e9mata vzd\u011bl\u00e1vac\u00edho modulu \u010clov\u011bk a p\u0159\u00edroda, kter\u00e9 se d\u00e1le specifikuj\u00ed: Fyzika Chemie P\u0159\u00edrodopis Zem\u011bpis U\u010ditel si vyb\u00edr\u00e1 v\u017edy 3 z nab\u00edzen\u00fdch t\u00e9mat v jedn\u00e9 podkategorii. Ov\u011b\u0159ov\u00e1n\u00ed n\u011bkter\u00fdch z\u00a0t\u011bchto t\u00e9mat je sou\u010d\u00e1st\u00ed v\u00fdstup\u016f projektu, dostupn\u00e9 zde<\/p>\n","protected":false},"author":448,"featured_media":0,"parent":0,"menu_order":0,"comment_status":"closed","ping_status":"closed","template":"","meta":{"footnotes":""},"class_list":["post-83","page","type-page","status-publish","hentry"],"_links":{"self":[{"href":"https:\/\/pages.pedf.cuni.cz\/sc25\/wp-json\/wp\/v2\/pages\/83","targetHints":{"allow":["GET"]}}],"collection":[{"href":"https:\/\/pages.pedf.cuni.cz\/sc25\/wp-json\/wp\/v2\/pages"}],"about":[{"href":"https:\/\/pages.pedf.cuni.cz\/sc25\/wp-json\/wp\/v2\/types\/page"}],"author":[{"embeddable":true,"href":"https:\/\/pages.pedf.cuni.cz\/sc25\/wp-json\/wp\/v2\/users\/448"}],"replies":[{"embeddable":true,"href":"https:\/\/pages.pedf.cuni.cz\/sc25\/wp-json\/wp\/v2\/comments?post=83"}],"version-history":[{"count":24,"href":"https:\/\/pages.pedf.cuni.cz\/sc25\/wp-json\/wp\/v2\/pages\/83\/revisions"}],"predecessor-version":[{"id":1535,"href":"https:\/\/pages.pedf.cuni.cz\/sc25\/wp-json\/wp\/v2\/pages\/83\/revisions\/1535"}],"wp:attachment":[{"href":"https:\/\/pages.pedf.cuni.cz\/sc25\/wp-json\/wp\/v2\/media?parent=83"}],"curies":[{"name":"wp","href":"https:\/\/api.w.org\/{rel}","templated":true}]}}