{"id":909,"date":"2018-05-11T09:17:07","date_gmt":"2018-05-11T07:17:07","guid":{"rendered":"http:\/\/pages.pedf.cuni.cz\/sc25\/?page_id=909"},"modified":"2020-03-07T07:59:01","modified_gmt":"2020-03-07T06:59:01","slug":"ctenarska-gramotnost-2","status":"publish","type":"page","link":"https:\/\/pages.pedf.cuni.cz\/sc25\/ctenarska-gramotnost-2\/","title":{"rendered":"\u010cten\u00e1\u0159sk\u00e1 gramotnost"},"content":{"rendered":"<p>Zde naleznete v\u00fdstupy vzd\u011bl\u00e1vac\u00edho modulu \u010cten\u00e1\u0159sk\u00e1 gramotnost.<\/p>\n<p><strong>Vzd\u011bl\u00e1vac\u00ed modul s metodikou <\/strong>(Kl\u00e1ra \u0160pa\u010dkov\u00e1 a kol.)<\/p>\n<p>ke sta\u017een\u00ed<strong> <a href=\"https:\/\/pages.pedf.cuni.cz\/sc25\/files\/2020\/01\/Ctenarska_gramotnost_metodika_Final.pdf\">zde<\/a><\/strong><\/p>\n<p><strong>Databanka<\/strong><\/p>\n<p>ke sta\u017een\u00ed <a href=\"https:\/\/pages.pedf.cuni.cz\/sc25\/files\/2020\/02\/\u010cten\u00e1\u0159sk\u00e1-gramotnost_databanka.pdf\"><strong>zde<\/strong><\/a><\/p>\n<p>&nbsp;<\/p>\n<p><strong>V projektu realizovan\u00e1 a ov\u011b\u0159en\u00e1 t\u00e9mata dle nab\u00eddky vzd\u011bl\u00e1vac\u00edho modulu. <\/strong><\/p>\n<p>Nab\u00eddka ov\u011b\u0159ovan\u00fdch t\u00e9mat je k dispozici <strong><a href=\"https:\/\/pages.pedf.cuni.cz\/sc25\/ctenarska-gramotnost\/\">zde<\/a>.\u00a0<\/strong><\/p>\n<p><strong>T\u00e9ma \u010d\u00edslo 1: Gramotnostn\u00ed dovednosti v obdob\u00ed mlad\u0161\u00edho \u0161koln\u00edho v\u011bku \u2013 mo\u017enosti rozvoje a diagnostiky. Pracovn\u00ed listy. <\/strong>(\u0160pa\u010dkov\u00e1 a kol.)<\/p>\n<p>ke sta\u017een\u00ed\u00a0 <a href=\"https:\/\/pages.pedf.cuni.cz\/sc25\/files\/2020\/02\/1_CG_Gramotnostni_dovednosti_Pracovni_listy-1.pdf\"><strong>zde<\/strong><\/a><\/p>\n<p><strong>T\u00e9ma \u010d\u00edslo 2: <\/strong><strong>Projekt Zv\u00fd\u0161en\u00ed kvality vzd\u011bl\u00e1v\u00e1n\u00ed \u017e\u00e1k\u016f, rozvoje kl\u00ed\u010dov\u00fdch kompetenc\u00ed, oblast\u00ed vzd\u011bl\u00e1v\u00e1n\u00ed a gramotnost\u00ed: pr\u00e1ce s p\u00eds\u0148ov\u00fdmi texty p\u0159i rozvoji \u010dten\u00e1\u0159sk\u00e9 gramotnosti<\/strong> (Martin Schacherl \u2014 Zuzana Wildov\u00e1)<\/p>\n<p>ke sta\u017een\u00ed <a href=\"https:\/\/pages.pedf.cuni.cz\/sc25\/files\/2020\/01\/Zv\u00fd\u0161en\u00ed-kvality-vzd\u011bl\u00e1v\u00e1n\u00ed-\u017e\u00e1k\u016f-rozvoje-kl\u00ed\u010dov\u00fdch-kompetenc\u00ed.pdf\"><strong>zde<\/strong><\/a><\/p>\n<p><strong>T\u00e9ma \u010d\u00edslo 6: <\/strong><strong>Lapbook a Squashbook jako prost\u0159edek rozvoje hlub\u0161\u00edho porozum\u011bn\u00ed textu \u2013 pracovn\u00ed listy<\/strong> (Jolana Ronkov\u00e1, Jana H\u00e1jkov\u00e1, Blanka Waldhansov\u00e1, V\u011bra Malinov\u00e1, Kl\u00e1ra \u0160pa\u010dkov\u00e1)<\/p>\n<p>ke sta\u017een\u00ed <strong><a href=\"https:\/\/pages.pedf.cuni.cz\/sc25\/files\/2020\/02\/3_CG_Lapbook-a-Squashbook_Soubor_pracovnich_listu.pdf\">zde<\/a><\/strong><\/p>\n<p><strong>T\u00e9ma \u010d\u00edslo 2, 7 a 8:<\/strong> <strong>Pracovn\u00ed listy \u2013 podklady k rozvoji \u010dten\u00e1\u0159sk\u00e9 gramotnosti <\/strong>(Jitka Cholastov\u00e1, Hana Lavi\u010dkov\u00e1, Hana Prok\u0161ov\u00e1, Kate\u0159ina \u0160ormov\u00e1, Zuzana Wildov\u00e1)<\/p>\n<p>ke sta\u017een\u00ed<strong> <a href=\"https:\/\/pages.pedf.cuni.cz\/sc25\/files\/2020\/02\/Pracovn\u00ed-listy_podklady-k-rozvoji-\u010dten\u00e1\u0159sk\u00e9-gramotnosti_FINAL.pdf\">zde<\/a><\/strong><\/p>\n<p>&nbsp;<\/p>\n<p><strong>Dal\u0161\u00ed v\u00fdstupy\u00a0<\/strong><\/p>\n<p>1. <strong>\u010cten\u00e1\u0159sk\u00e1 gramotnost z pohledu r\u00e1mcov\u00fdch a \u0161koln\u00edch vzd\u011bl\u00e1vac\u00edch program\u016f<\/strong> (Veronika Laufkov\u00e1)<\/p>\n<p>ke sta\u017een\u00ed <a href=\"https:\/\/pages.pedf.cuni.cz\/sc25\/files\/2020\/01\/\u010cten\u00e1\u0159sk\u00e1-gramotnost-z-pohledu-r\u00e1mcov\u00fdch-vzd\u011bl\u00e1vac\u00edch-a-\u0161koln\u00edch-program\u016f.pdf\"><strong>zde<\/strong><\/a><\/p>\n<p>2.<strong>Gramotnostn\u00ed dovednosti v obdob\u00ed mlad\u0161\u00edho \u0161koln\u00edho v\u011bku \u2013 mo\u017enosti rozvoje a diagnostiky. Teoretick\u00e1 \u010d\u00e1st. <\/strong>(Kl\u00e1ra \u0160pa\u010dkov\u00e1 a kol.)<\/p>\n<p>ke sta\u017een\u00ed <a href=\"https:\/\/pages.pedf.cuni.cz\/sc25\/files\/2020\/03\/2_CG_Gramotnostni_dovednosti_v_obdobi_mladsiho_skolniho_veku_.pdf\"><strong>zde<\/strong><\/a><\/p>\n<p>3. <strong>Lapbook a Squashbook jako prost\u0159edek rozvoje hlub\u0161\u00edho porozum\u011bn\u00ed textu &#8211; teoretick\u00e1 \u010d\u00e1st <\/strong>(Jolana Ronkov\u00e1, Jana H\u00e1jkov\u00e1, Blanka Waldhansov\u00e1, V\u011bra Malinov\u00e1, Kl\u00e1ra \u0160pa\u010dkov\u00e1)<strong><br \/>\n<\/strong><\/p>\n<p>ke sta\u017een\u00ed <strong><a href=\"https:\/\/pages.pedf.cuni.cz\/sc25\/files\/2020\/01\/Lapbook-a-Squashbook.pdf\">zde<\/a><\/strong><\/p>\n<p>&nbsp;<\/p>\n<p><strong>Publicita<\/strong> (konference bez p\u0159\u00edsp\u011bvk\u016f ve sborn\u00edc\u00edch, panely aj.)<\/p>\n<p>Minikonference odborn\u00e9ho panelu \u010dten\u00e1\u0159sk\u00e9 gramotnosti, N\u00e1rodn\u00ed \u00fastav pro vzd\u011bl\u00e1v\u00e1n\u00ed, Projekt Podpora pr\u00e1ce u\u010ditel\u016f. Praha, N\u011bmeck\u00e1 \u0161kola, 22.11.2017 (organiz\u00e1tor Petr Koubek, N\u00daV, \u00fa\u010dastn\u00edk za OP VVV SC2 doc.<br \/>\nPhDr. Anna Kucharsk\u00e1, Ph.D.)<\/p>\n<p>\u010cten\u00e1\u0159sk\u00e1 gramotnost v projektu OP VVV \u2013 Zv\u00fd\u0161en\u00ed kvality vzd\u011bl\u00e1v\u00e1n\u00ed \u017e\u00e1k\u016f, rozvoje kl\u00ed\u010dov\u00fdch kompetenc\u00ed, oblast\u00ed vzd\u011bl\u00e1v\u00e1n\u00ed a gramotnost\u00ed (PhDr. Kl\u00e1ra \u0160pa\u010dkov\u00e1, Ph.D., konference \u010ctu a st\u00e1v\u00e1m se \u010dten\u00e1\u0159em, Praha: PedF UK, 26. 9. 2018, viz\u00a0<a href=\"https:\/\/pages.pedf.cuni.cz\/konference-ctu\/files\/2019\/02\/Program_bez-anotac%c3%ad.pdf\" target=\"_blank\" rel=\"noopener noreferrer\">https:\/\/pages.pedf.cuni.cz\/konference-ctu\/files\/2019\/02\/Program_bez-anotac%c3%ad.pdf<\/a>)<\/p>\n<p>\u010cten\u00e1\u0159sk\u00e1 gramotnost z pohledu r\u00e1mcov\u00fdch a \u0161koln\u00edch vzd\u011bl\u00e1vac\u00edch program\u016f (PhDr. Veronika Laufkov\u00e1, Ph.D.,\u00a0konference \u010ctu a st\u00e1v\u00e1m se \u010dten\u00e1\u0159em, Praha: PedF UK, 26. 9. 2018, viz\u00a0<a href=\"https:\/\/pages.pedf.cuni.cz\/konference-ctu\/files\/2019\/02\/Program_bez-anotac%c3%ad.pdf\" target=\"_blank\" rel=\"noopener noreferrer\">https:\/\/pages.pedf.cuni.cz\/konference-ctu\/files\/2019\/02\/Program_bez-anotac%c3%ad.pdf<\/a>)<\/p>\n<p>\u0160pa\u010dkov\u00e1, K., Kucharsk\u00e1 A. (2017). Increasing Quality in the Education of Pupils and the Development of Key Competencies, Educational Areas and Literacies. <em>Gramotnost, pregramotnost a vzd\u011bl\u00e1v\u00e1n\u00ed<\/em>, <em>1<\/em>(3) &#8211; ke sta\u017een\u00ed <strong><a href=\"https:\/\/pages.pedf.cuni.cz\/sc25\/files\/2020\/01\/Increasing-quality-in-education-of-pupils.pdf\">zde<\/a><\/strong><\/p>\n","protected":false},"excerpt":{"rendered":"<p>Zde naleznete v\u00fdstupy vzd\u011bl\u00e1vac\u00edho modulu \u010cten\u00e1\u0159sk\u00e1 gramotnost. Vzd\u011bl\u00e1vac\u00ed modul s metodikou (Kl\u00e1ra \u0160pa\u010dkov\u00e1 a kol.) ke sta\u017een\u00ed zde Databanka ke sta\u017een\u00ed zde &nbsp; V projektu realizovan\u00e1 a ov\u011b\u0159en\u00e1 t\u00e9mata dle nab\u00eddky vzd\u011bl\u00e1vac\u00edho modulu. Nab\u00eddka ov\u011b\u0159ovan\u00fdch t\u00e9mat je k dispozici zde.\u00a0 T\u00e9ma \u010d\u00edslo 1: Gramotnostn\u00ed dovednosti v obdob\u00ed mlad\u0161\u00edho \u0161koln\u00edho v\u011bku \u2013 mo\u017enosti rozvoje a diagnostiky. &hellip; <a href=\"https:\/\/pages.pedf.cuni.cz\/sc25\/ctenarska-gramotnost-2\/\">Continue reading <span class=\"meta-nav\">&rarr;<\/span><\/a><\/p>\n","protected":false},"author":465,"featured_media":0,"parent":0,"menu_order":0,"comment_status":"closed","ping_status":"closed","template":"","meta":{"footnotes":""},"class_list":["post-909","page","type-page","status-publish","hentry"],"_links":{"self":[{"href":"https:\/\/pages.pedf.cuni.cz\/sc25\/wp-json\/wp\/v2\/pages\/909","targetHints":{"allow":["GET"]}}],"collection":[{"href":"https:\/\/pages.pedf.cuni.cz\/sc25\/wp-json\/wp\/v2\/pages"}],"about":[{"href":"https:\/\/pages.pedf.cuni.cz\/sc25\/wp-json\/wp\/v2\/types\/page"}],"author":[{"embeddable":true,"href":"https:\/\/pages.pedf.cuni.cz\/sc25\/wp-json\/wp\/v2\/users\/465"}],"replies":[{"embeddable":true,"href":"https:\/\/pages.pedf.cuni.cz\/sc25\/wp-json\/wp\/v2\/comments?post=909"}],"version-history":[{"count":47,"href":"https:\/\/pages.pedf.cuni.cz\/sc25\/wp-json\/wp\/v2\/pages\/909\/revisions"}],"predecessor-version":[{"id":1667,"href":"https:\/\/pages.pedf.cuni.cz\/sc25\/wp-json\/wp\/v2\/pages\/909\/revisions\/1667"}],"wp:attachment":[{"href":"https:\/\/pages.pedf.cuni.cz\/sc25\/wp-json\/wp\/v2\/media?parent=909"}],"curies":[{"name":"wp","href":"https:\/\/api.w.org\/{rel}","templated":true}]}}