{"id":920,"date":"2018-05-11T09:48:19","date_gmt":"2018-05-11T07:48:19","guid":{"rendered":"http:\/\/pages.pedf.cuni.cz\/sc25\/?page_id=920"},"modified":"2018-11-04T21:36:37","modified_gmt":"2018-11-04T20:36:37","slug":"fyzika-2","status":"publish","type":"page","link":"https:\/\/pages.pedf.cuni.cz\/sc25\/fyzika-2\/","title":{"rendered":"Fyzika"},"content":{"rendered":"<p>Zde nalezne v\u00fdstupy ze vzd\u011bl\u00e1vac\u00edho modulu \u010clov\u011bk a p\u0159\u00edroda &#8211; oblast Fyzika.<\/p>\n<p>Irena Dvo\u0159\u00e1kov\u00e1, Lenka Podzimkov\u00e1: EarthKAM-vyu\u017eit\u00ed mezin\u00e1rodn\u00edho projektu NASA ve \u0161kole. 31.8.-2.9.2018, P\u0159\u00edrodov\u011bdeck\u00e1 fakulta Jiho\u010desk\u00e9 univerzity. Dostupn\u00e9 z: <a href=\"http:\/\/home.pf.jcu.cz\/%7Evnufcb\/index.php\">http:\/\/home.pf.jcu.cz\/~vnufcb\/index.php<\/a><br \/>\nOdkaz na projekt NASA ve \u0161kole\/Sally Ride EarthKAM \u2013 dostupn\u00e9 z: <a href=\"https:\/\/earthkam.pythonanywhere.com\/o-projektu\/\">https:\/\/earthkam.pythonanywhere.com\/o-projektu\/<\/a><\/p>\n<p>Hana Bure\u0161ov\u00e1: PASCO v Ratibo\u0159ick\u00e9 aneb Digit\u00e1ln\u00ed gramotnost v hodin\u00e1c fyziky. 7. 6. 2017. Dostupn\u00e9 z: <a href=\"https:\/\/spomocnik.rvp.cz\/clanek\/21765\/SKOLA-JAKO-MISTO-PRO-PRACI.html\">https:\/\/spomocnik.rvp.cz\/clanek\/21765\/SKOLA-JAKO-MISTO-PRO-PRACI.html<\/a><\/p>\n<p>&nbsp;<\/p>\n","protected":false},"excerpt":{"rendered":"<p>Zde nalezne v\u00fdstupy ze vzd\u011bl\u00e1vac\u00edho modulu \u010clov\u011bk a p\u0159\u00edroda &#8211; oblast Fyzika. Irena Dvo\u0159\u00e1kov\u00e1, Lenka Podzimkov\u00e1: EarthKAM-vyu\u017eit\u00ed mezin\u00e1rodn\u00edho projektu NASA ve \u0161kole. 31.8.-2.9.2018, P\u0159\u00edrodov\u011bdeck\u00e1 fakulta Jiho\u010desk\u00e9 univerzity. Dostupn\u00e9 z: http:\/\/home.pf.jcu.cz\/~vnufcb\/index.php Odkaz na projekt NASA ve \u0161kole\/Sally Ride EarthKAM \u2013 dostupn\u00e9 z: https:\/\/earthkam.pythonanywhere.com\/o-projektu\/ Hana Bure\u0161ov\u00e1: PASCO v Ratibo\u0159ick\u00e9 aneb Digit\u00e1ln\u00ed gramotnost v hodin\u00e1c fyziky. 7. 6. &hellip; <a href=\"https:\/\/pages.pedf.cuni.cz\/sc25\/fyzika-2\/\">Continue reading <span class=\"meta-nav\">&rarr;<\/span><\/a><\/p>\n","protected":false},"author":465,"featured_media":0,"parent":0,"menu_order":0,"comment_status":"closed","ping_status":"closed","template":"","meta":{"footnotes":""},"class_list":["post-920","page","type-page","status-publish","hentry"],"_links":{"self":[{"href":"https:\/\/pages.pedf.cuni.cz\/sc25\/wp-json\/wp\/v2\/pages\/920","targetHints":{"allow":["GET"]}}],"collection":[{"href":"https:\/\/pages.pedf.cuni.cz\/sc25\/wp-json\/wp\/v2\/pages"}],"about":[{"href":"https:\/\/pages.pedf.cuni.cz\/sc25\/wp-json\/wp\/v2\/types\/page"}],"author":[{"embeddable":true,"href":"https:\/\/pages.pedf.cuni.cz\/sc25\/wp-json\/wp\/v2\/users\/465"}],"replies":[{"embeddable":true,"href":"https:\/\/pages.pedf.cuni.cz\/sc25\/wp-json\/wp\/v2\/comments?post=920"}],"version-history":[{"count":4,"href":"https:\/\/pages.pedf.cuni.cz\/sc25\/wp-json\/wp\/v2\/pages\/920\/revisions"}],"predecessor-version":[{"id":1219,"href":"https:\/\/pages.pedf.cuni.cz\/sc25\/wp-json\/wp\/v2\/pages\/920\/revisions\/1219"}],"wp:attachment":[{"href":"https:\/\/pages.pedf.cuni.cz\/sc25\/wp-json\/wp\/v2\/media?parent=920"}],"curies":[{"name":"wp","href":"https:\/\/api.w.org\/{rel}","templated":true}]}}