{"id":28,"date":"2018-04-19T15:34:43","date_gmt":"2018-04-19T13:34:43","guid":{"rendered":"http:\/\/pages.pedf.cuni.cz\/skolpsy\/?page_id=28"},"modified":"2022-03-31T18:38:44","modified_gmt":"2022-03-31T16:38:44","slug":"prihlaska-aktivni-i-pasivni-ucast","status":"publish","type":"page","link":"https:\/\/pages.pedf.cuni.cz\/skolpsy\/prihlaska-aktivni-i-pasivni-ucast\/","title":{"rendered":"P\u0159ihl\u00e1\u0161ka (aktivn\u00ed i pasivn\u00ed \u00fa\u010dast)"},"content":{"rendered":"<p><strong>P\u0159ihl\u00e1\u0161ka na konferenci zde: <\/strong><a href=\"https:\/\/forms.gle\/vRYBgz1nkiw8HRiW7\">https:\/\/forms.gle\/vRYBgz1nkiw8HRiW7<\/a><\/p>\n<p><strong>Aktivn\u00ed vystoupen\u00ed na konferenci:<\/strong><\/p>\n<p>Pokud jste ochotni s kolegy sd\u00edlet sv\u00e9 zku\u0161enosti z uveden\u00fdch t\u00e9mat, ocen\u00edme to! Nev\u00e1hejte se p\u0159ihl\u00e1sit a vystoupit se sv\u00fdm p\u0159\u00edsp\u011bvkem v\u00a0rozsahu cca 20 minut, je mo\u017en\u00e9 p\u0159ipravit i interaktivn\u00ed workshop cca na 60 \u2013 90 minut. Anotace p\u0159\u00edsp\u011bvk\u016f zas\u00edlejte do <strong>\u00a025. 4. 2<\/strong><strong>022<\/strong> mailem na: <a href=\"mailto:hana.sotakova@pedf.cuni.cz\">hana.sotakova@pedf.cuni.cz<\/a> nebo v p\u0159\u00edhla\u0161ovac\u00edm formul\u00e1\u0159i (v\u00fd\u0161e)<\/p>\n<p><strong>Uz\u00e1v\u011brka p\u0159ihl\u00e1\u0161ek<\/strong>:<strong>\u00a0 8. 5. 2022<\/strong> nebo p\u0159i napln\u011bn\u00ed kapacity<\/p>\n<p>\u0158\u00e1dn\u011b p\u0159ihl\u00e1\u0161en\u00ed \u00fa\u010dastn\u00edci a studenti Katedry psychologie PedF UK nehrad\u00ed \u017e\u00e1dn\u00fd konferen\u010dn\u00ed poplatek,<strong> registrace je v\u0161ak nutn\u00e1 vzhledem k omezen\u00e9 kapacit\u011b setk\u00e1n\u00ed.<\/strong><\/p>\n","protected":false},"excerpt":{"rendered":"<p>P\u0159ihl\u00e1\u0161ka na konferenci zde: https:\/\/forms.gle\/vRYBgz1nkiw8HRiW7 Aktivn\u00ed vystoupen\u00ed na konferenci: Pokud jste ochotni s kolegy sd\u00edlet sv\u00e9 zku\u0161enosti z uveden\u00fdch t\u00e9mat, ocen\u00edme to! Nev\u00e1hejte se p\u0159ihl\u00e1sit a vystoupit se sv\u00fdm p\u0159\u00edsp\u011bvkem v\u00a0rozsahu cca 20 minut, je mo\u017en\u00e9 p\u0159ipravit i interaktivn\u00ed workshop<\/p>\n","protected":false},"author":447,"featured_media":0,"parent":0,"menu_order":0,"comment_status":"closed","ping_status":"closed","template":"","meta":{"footnotes":""},"class_list":["post-28","page","type-page","status-publish","hentry"],"_links":{"self":[{"href":"https:\/\/pages.pedf.cuni.cz\/skolpsy\/wp-json\/wp\/v2\/pages\/28","targetHints":{"allow":["GET"]}}],"collection":[{"href":"https:\/\/pages.pedf.cuni.cz\/skolpsy\/wp-json\/wp\/v2\/pages"}],"about":[{"href":"https:\/\/pages.pedf.cuni.cz\/skolpsy\/wp-json\/wp\/v2\/types\/page"}],"author":[{"embeddable":true,"href":"https:\/\/pages.pedf.cuni.cz\/skolpsy\/wp-json\/wp\/v2\/users\/447"}],"replies":[{"embeddable":true,"href":"https:\/\/pages.pedf.cuni.cz\/skolpsy\/wp-json\/wp\/v2\/comments?post=28"}],"version-history":[{"count":6,"href":"https:\/\/pages.pedf.cuni.cz\/skolpsy\/wp-json\/wp\/v2\/pages\/28\/revisions"}],"predecessor-version":[{"id":190,"href":"https:\/\/pages.pedf.cuni.cz\/skolpsy\/wp-json\/wp\/v2\/pages\/28\/revisions\/190"}],"wp:attachment":[{"href":"https:\/\/pages.pedf.cuni.cz\/skolpsy\/wp-json\/wp\/v2\/media?parent=28"}],"curies":[{"name":"wp","href":"https:\/\/api.w.org\/{rel}","templated":true}]}}