{"id":3,"date":"2014-10-24T09:50:19","date_gmt":"2014-10-24T07:50:19","guid":{"rendered":"http:\/\/pages.pedf.cuni.cz\/skolpsy\/?page_id=3"},"modified":"2022-03-31T18:30:47","modified_gmt":"2022-03-31T16:30:47","slug":"uvodni-stranka","status":"publish","type":"page","link":"https:\/\/pages.pedf.cuni.cz\/skolpsy\/uvodni-stranka\/","title":{"rendered":"O konferenci"},"content":{"rendered":"<p>Konference Den se \u0161koln\u00ed psychologi\u00ed slou\u017e\u00ed jako platforma setk\u00e1v\u00e1n\u00ed akademik\u016f a \u0161koln\u00edch poradensk\u00fdch pracovn\u00edk\u016f, kde se diskutuj\u00ed aktu\u00e1ln\u00ed t\u00e9mata \u0161koln\u00ed psychologie a \u0161koln\u00ed poradensk\u00e9 pr\u00e1ce. Doposud prob\u011bhly t\u0159i ro\u010dn\u00edky zam\u011b\u0159en\u00e9 na t\u00e9mata: motivace, t\u0159\u00edda jako soci\u00e1ln\u00ed skupina a u\u010ditel,\u00a0 \u017d\u00e1k a jeho variabilita ve spole\u010dn\u00e9m vzd\u011bl\u00e1v\u00e1n\u00ed.<\/p>\n<p><strong>Po dvoulet\u00e9 pauze je leto\u0161n\u00ed ro\u010dn\u00edk pojmenov\u00e1n: \u201cNov\u00e9 v\u00fdzvy pro pr\u00e1ci psychologa ve \u0161kole\u201d<\/strong><\/p>\n<p><strong>Leto\u0161n\u00ed konference bude reflektovat aktu\u00e1ln\u00ed situaci ve \u0161kol\u00e1ch i st\u00e1le nov\u00e9 a m\u011bn\u00edc\u00ed se n\u00e1roky na pedagogick\u00e9 pracovn\u00edky, \u0161koln\u00ed speci\u00e1ln\u00ed pedagogy a \u0161koln\u00ed psychology.<br \/>\n<\/strong><\/p>\n<ul>\n<li><strong>Psychick\u00e9 zdrav\u00ed \u017e\u00e1k\u016f<\/strong><\/li>\n<li><strong>Zku\u0161enosti z adaptace \u017e\u00e1k\u016f p\u0159i p\u0159echodu z online prost\u0159ed\u00ed do prezen\u010dn\u00ed v\u00fduky<\/strong><\/li>\n<li><strong>Podpora u\u010ditel\u016f p\u0159i zvl\u00e1d\u00e1n\u00ed n\u00e1ro\u010dn\u00fdch situac\u00ed<\/strong><\/li>\n<li><strong>Spolupr\u00e1ce ve \u0161koln\u00edm poradensk\u00e9m pracovi\u0161ti<\/strong><\/li>\n<li><strong>Krizov\u00e1 intervence ve \u0161kole<\/strong><\/li>\n<li><strong>Za\u010dle\u0148ov\u00e1n\u00ed \u017e\u00e1k\u016f z Ukrajiny<\/strong><\/li>\n<li><strong>Pr\u00e1ce s traumatem<\/strong><\/li>\n<\/ul>\n<p><strong>\u00a0<\/strong><\/p>\n<ul>\n<li>\u0160koln\u00ed psycholo\u017eky a psychologov\u00e9 se st\u00e1vaj\u00ed b\u011b\u017enou sou\u010d\u00e1st\u00ed z\u00e1kladn\u00edch \u0161kol v \u010cesk\u00e9 republice. Zm\u011bny ve spole\u010dnosti, kter\u00e9 se z\u00e1konit\u011b odr\u00e1\u017eej\u00ed i ve v\u00fdvoji d\u011bt\u00ed a dosp\u00edvaj\u00edc\u00edch, p\u0159in\u00e1\u0161\u00ed specifick\u00e9<br \/>\nv\u00fdzvy, jim\u017e mus\u00ed \u010delit. D\u00edky sv\u00e9mu postaven\u00ed ve \u0161kole se nav\u00edc mohou \u010dast\u011bji ocitat bez podpory koleg\u016f \u010di nad\u0159\u00edzen\u00fdch, stejn\u011b tak nemus\u00ed m\u00edt dostate\u010dn\u00fd p\u0159\u00edstup k metodick\u00e9 a supervizn\u00ed pomoci.<\/li>\n<li>C\u00edlem konference je poskytnout \u0161koln\u00edm psycholo\u017ek\u00e1m a psycholog\u016fm (jako\u017e i dal\u0161\u00edmpracovn\u00edk\u016fm ve \u0161kolstv\u00ed se z\u00e1jmem o \u0161koln\u00ed psychologii) teoretick\u00e9 a zejm\u00e9na praktick\u00e9 informace, kter\u00e9 by mohli uplatnit p\u0159i sv\u00e9 pr\u00e1ci, a umo\u017enit jim vz\u00e1jemn\u00e9 sd\u00edlen\u00ed zku\u0161enost\u00ed.<\/li>\n<\/ul>\n<ul>\n<li>Pro prvn\u00ed ro\u010dn\u00edk konference (2018) byla zvolena dv\u011b hlavn\u00ed t\u00e9mata: <strong>Motivace ve \u0161kole a Pr\u00e1ce se \u0161koln\u00ed <\/strong><strong>t\u0159\u00eddou jako soci\u00e1ln\u00ed skupinou.<\/strong> Ka\u017ed\u00e9mu z t\u00e9mat se v\u011bnoval samostatn\u00fd blok, kter\u00fd se\u00a0 skl\u00e1dal z teoreticko-v\u00fdzkumn\u00e9 \u010d\u00e1sti a n\u00e1sledn\u011b z p\u0159\u00edsp\u011bvk\u016f mapuj\u00edc\u00edch dan\u00e9 t\u00e9ma v praxi. D\u016fle\u017eitou sou\u010d\u00e1st\u00ed byla tak\u00e9 diskuze mezi \u00fa\u010dastn\u00edky konference.<\/li>\n<li>Pro druh\u00fd ro\u010dn\u00edk konference (2019) bylo zvoleno t\u00e9ma: <strong>Zam\u011b\u0159eno na u\u010ditele<\/strong>. Spojuj\u00edc\u00edm t\u00e9matem tohoto setk\u00e1n\u00ed je pr\u00e1ce \u0161koln\u00edho psychologa s u\u010ditelem nebo skupinou u\u010ditel\u016f, a\u0165 u\u017e se jedn\u00e1 o pr\u00e1ci s u\u010diteli na osobn\u00edm rozvoji, prevenci proti vyho\u0159en\u00ed, podporu p\u0159i zav\u00e1d\u011bn\u00ed podp\u016frn\u00fdch opat\u0159en\u00ed nebo \u0159e\u0161en\u00ed probl\u00e9m\u016f se \u017e\u00e1ky \u010di v komunikaci s rodi\u010di.<\/li>\n<li>T\u0159et\u00ed ro\u010dn\u00edk (2020) se v\u011bnoval\u00a0 \u017e\u00e1kovi\u00a0 &#8211; <strong>\u017d\u00e1k a jeho variabilita ve spole\u010dn\u00e9m vzd\u011bl\u00e1v\u00e1n\u00ed. <\/strong>Spojuj\u00edc\u00edm t\u00e9matem tohoto setk\u00e1n\u00ed je \u017e\u00e1k. Zab\u00fdvali jsme se\u00a0 nejen \u017e\u00e1ky se speci\u00e1ln\u00edmi vzd\u011bl\u00e1vac\u00edmi pot\u0159ebami, ale r\u016fzn\u00fdmi typy \u017e\u00e1k\u016f a jejich specifiky.\u00a0 C\u00edl\u00edme tedy nap\u0159\u00edklad na \u017e\u00e1ky s probl\u00e9mov\u00fdm chov\u00e1n\u00edm (SPCH), \u017e\u00e1ky cizince (s odli\u0161n\u00fdm mate\u0159sk\u00fdm jazykem), \u017e\u00e1ky s poruchou autistick\u00e9ho spektra nebo \u017e\u00e1ky ze znev\u00fdhodn\u011bn\u00e9ho rodinn\u00e9ho prost\u0159ed\u00ed. Nechceme v\u0161ak opomenout ani \u017e\u00e1ky vy\u017eaduj\u00edc\u00ed podporu v rozvoji soci\u00e1ln\u00edch vztah\u016f, u\u010debn\u00edch strategi\u00ed atd. Zam\u011b\u0159ili jsme se na mo\u017enosti pr\u00e1ce ze strany \u0161koln\u00edho psychologa a jeho spolupr\u00e1ci s rodinou, pedagogy i dal\u0161\u00edmi institucemi.<\/li>\n<\/ul>\n","protected":false},"excerpt":{"rendered":"<p>Konference Den se \u0161koln\u00ed psychologi\u00ed slou\u017e\u00ed jako platforma setk\u00e1v\u00e1n\u00ed akademik\u016f a \u0161koln\u00edch poradensk\u00fdch pracovn\u00edk\u016f, kde se diskutuj\u00ed aktu\u00e1ln\u00ed t\u00e9mata \u0161koln\u00ed psychologie a \u0161koln\u00ed poradensk\u00e9 pr\u00e1ce. Doposud prob\u011bhly t\u0159i ro\u010dn\u00edky zam\u011b\u0159en\u00e9 na t\u00e9mata: motivace, t\u0159\u00edda jako soci\u00e1ln\u00ed skupina a u\u010ditel,\u00a0 \u017d\u00e1k<\/p>\n","protected":false},"author":1,"featured_media":0,"parent":0,"menu_order":0,"comment_status":"closed","ping_status":"closed","template":"","meta":{"footnotes":""},"class_list":["post-3","page","type-page","status-publish","hentry"],"_links":{"self":[{"href":"https:\/\/pages.pedf.cuni.cz\/skolpsy\/wp-json\/wp\/v2\/pages\/3","targetHints":{"allow":["GET"]}}],"collection":[{"href":"https:\/\/pages.pedf.cuni.cz\/skolpsy\/wp-json\/wp\/v2\/pages"}],"about":[{"href":"https:\/\/pages.pedf.cuni.cz\/skolpsy\/wp-json\/wp\/v2\/types\/page"}],"author":[{"embeddable":true,"href":"https:\/\/pages.pedf.cuni.cz\/skolpsy\/wp-json\/wp\/v2\/users\/1"}],"replies":[{"embeddable":true,"href":"https:\/\/pages.pedf.cuni.cz\/skolpsy\/wp-json\/wp\/v2\/comments?post=3"}],"version-history":[{"count":17,"href":"https:\/\/pages.pedf.cuni.cz\/skolpsy\/wp-json\/wp\/v2\/pages\/3\/revisions"}],"predecessor-version":[{"id":183,"href":"https:\/\/pages.pedf.cuni.cz\/skolpsy\/wp-json\/wp\/v2\/pages\/3\/revisions\/183"}],"wp:attachment":[{"href":"https:\/\/pages.pedf.cuni.cz\/skolpsy\/wp-json\/wp\/v2\/media?parent=3"}],"curies":[{"name":"wp","href":"https:\/\/api.w.org\/{rel}","templated":true}]}}