{"id":30,"date":"2018-04-19T15:35:48","date_gmt":"2018-04-19T13:35:48","guid":{"rendered":"http:\/\/pages.pedf.cuni.cz\/skolpsy\/?page_id=30"},"modified":"2018-04-23T22:32:21","modified_gmt":"2018-04-23T20:32:21","slug":"jak-se-k-nam-dostanete","status":"publish","type":"page","link":"https:\/\/pages.pedf.cuni.cz\/skolpsy\/jak-se-k-nam-dostanete\/","title":{"rendered":"Jak se k n\u00e1m dostanete"},"content":{"rendered":"<p><strong>M\u00edsto kon\u00e1n\u00ed konference<\/strong>:<\/p>\n<p><em>PedF UK (deta\u0161ovan\u00e9 pracovi\u0161t\u011b)<\/em><\/p>\n<p><em>Mysl\u00edkova 7<\/em><\/p>\n<p><em>110 00 Praha 1<\/em><\/p>\n<p>Interaktivn\u00ed mapa: <a href=\"https:\/\/www.google.cz\/maps\/place\/Mysl%C3%ADkova+208%2F7,+110+00+Praha+1-Nov%C3%A9+M%C4%9Bsto\/@50.0774856,14.4156727,17z\/data=!4m8!1m2!2m1!1sMysl%C3%ADkova+7,+Praha+2https:%2F%2Fjizdnirady.idnes.cz%2Fvlakyautobusymhdvse%2Fspojeni%2F1!3m4!1s0x470b94f13e1c70fb:0x2058908f72959e67!8m2!3d50.077673!4d14.4156825\">zde<\/a><\/p>\n<p>MHD: metro B N\u00e1rodn\u00ed t\u0159\u00edda (v\u00fdstup v\u00fdtahem) nebo Karlovo n\u00e1m\u011bst\u00ed (pot\u00e9 cca 7 min.p\u011b\u0161ky)<\/p>\n<p>Tramvaj: nejbli\u017e\u0161\u00ed zast\u00e1vky: Mysl\u00edkova, Lazarsk\u00e1, p\u0159\u00edpadn\u011b Jir\u00e1skovo n\u00e1b\u0159e\u017e\u00ed, Karlovo n\u00e1m\u011bst\u00ed<\/p>\n<p>Popis cesty z Hlavn\u00edho n\u00e1dra\u017e\u00ed: nejpohodln\u011bj\u0161\u00ed je j\u00edt od budovy n\u00e1dra\u017e\u00ed sm\u011brem na zast\u00e1vku tramvaje Jind\u0159i\u0161sk\u00e1, pot\u00e9 tramvaj\u00ed (\u010d. 3, 5, 6, 9, 14 nebo 24) cca 5 min. j\u00edzdy do zast\u00e1vky Lazarsk\u00e1 (odtud je budova PedF UK v Mysl\u00edkov\u011b ulici) cca 5 min. ch\u016fze. Tramvaj \u010d. 5\u00a0 m\u00e1 zast\u00e1vku p\u0159\u00edmo v ulici Mysl\u00edkova, od m\u00edsta kon\u00e1n\u00ed cca 2 min. ch\u016fze.<\/p>\n<p>\u010casov\u011b po\u010d\u00edtejte\u00a0 od vystoupen\u00ed z vlaku po p\u0159\u00edchod na m\u00edsto kon\u00e1n\u00ed konference kolem cca 25 -30 minut.<\/p>\n<p>Konkr\u00e9tn\u00ed j\u00edzdn\u00ed \u0159\u00e1dy: <a href=\"https:\/\/jizdnirady.idnes.cz\/vlakyautobusymhdvse\/spojeni\/\">https:\/\/jizdnirady.idnes.cz\/vlakyautobusymhdvse\/spojeni\/<\/a><\/p>\n<p><strong>Mapa:<\/strong><\/p>\n<p><a href=\"https:\/\/pages.pedf.cuni.cz\/poradny\/files\/2017\/11\/myslikova.png\"><img loading=\"lazy\" decoding=\"async\" class=\"alignnone size-full wp-image-145\" src=\"https:\/\/pages.pedf.cuni.cz\/poradny\/files\/2017\/11\/myslikova.png\" alt=\"\" width=\"321\" height=\"360\" \/><\/a><\/p>\n","protected":false},"excerpt":{"rendered":"<p>M\u00edsto kon\u00e1n\u00ed konference: PedF UK (deta\u0161ovan\u00e9 pracovi\u0161t\u011b) Mysl\u00edkova 7 110 00 Praha 1 Interaktivn\u00ed mapa: zde MHD: metro B N\u00e1rodn\u00ed t\u0159\u00edda (v\u00fdstup v\u00fdtahem) nebo Karlovo n\u00e1m\u011bst\u00ed (pot\u00e9 cca 7 min.p\u011b\u0161ky) Tramvaj: nejbli\u017e\u0161\u00ed zast\u00e1vky: Mysl\u00edkova, Lazarsk\u00e1, p\u0159\u00edpadn\u011b Jir\u00e1skovo n\u00e1b\u0159e\u017e\u00ed, Karlovo n\u00e1m\u011bst\u00ed<\/p>\n","protected":false},"author":447,"featured_media":0,"parent":0,"menu_order":0,"comment_status":"closed","ping_status":"closed","template":"","meta":{"footnotes":""},"class_list":["post-30","page","type-page","status-publish","hentry"],"_links":{"self":[{"href":"https:\/\/pages.pedf.cuni.cz\/skolpsy\/wp-json\/wp\/v2\/pages\/30","targetHints":{"allow":["GET"]}}],"collection":[{"href":"https:\/\/pages.pedf.cuni.cz\/skolpsy\/wp-json\/wp\/v2\/pages"}],"about":[{"href":"https:\/\/pages.pedf.cuni.cz\/skolpsy\/wp-json\/wp\/v2\/types\/page"}],"author":[{"embeddable":true,"href":"https:\/\/pages.pedf.cuni.cz\/skolpsy\/wp-json\/wp\/v2\/users\/447"}],"replies":[{"embeddable":true,"href":"https:\/\/pages.pedf.cuni.cz\/skolpsy\/wp-json\/wp\/v2\/comments?post=30"}],"version-history":[{"count":4,"href":"https:\/\/pages.pedf.cuni.cz\/skolpsy\/wp-json\/wp\/v2\/pages\/30\/revisions"}],"predecessor-version":[{"id":72,"href":"https:\/\/pages.pedf.cuni.cz\/skolpsy\/wp-json\/wp\/v2\/pages\/30\/revisions\/72"}],"wp:attachment":[{"href":"https:\/\/pages.pedf.cuni.cz\/skolpsy\/wp-json\/wp\/v2\/media?parent=30"}],"curies":[{"name":"wp","href":"https:\/\/api.w.org\/{rel}","templated":true}]}}