{"id":32,"date":"2018-04-19T15:36:04","date_gmt":"2018-04-19T13:36:04","guid":{"rendered":"http:\/\/pages.pedf.cuni.cz\/skolpsy\/?page_id=32"},"modified":"2019-02-24T23:33:22","modified_gmt":"2019-02-24T22:33:22","slug":"kontakty","status":"publish","type":"page","link":"https:\/\/pages.pedf.cuni.cz\/skolpsy\/kontakty\/","title":{"rendered":"Kontakty"},"content":{"rendered":"<p>Kontaktn\u00ed osoba:<\/p>\n<p>PhDr. Hana Sot\u00e1kov\u00e1<\/p>\n<p>Email: <a href=\"mailto:hana.sotakova@pedf.cuni.cz\">hana.sotakova@pedf.cuni.cz<\/a><\/p>\n<p>&nbsp;<\/p>\n","protected":false},"excerpt":{"rendered":"<p>Kontaktn\u00ed osoba: PhDr. Hana Sot\u00e1kov\u00e1 Email: hana.sotakova@pedf.cuni.cz &nbsp;<\/p>\n","protected":false},"author":447,"featured_media":0,"parent":0,"menu_order":0,"comment_status":"closed","ping_status":"closed","template":"","meta":{"footnotes":""},"class_list":["post-32","page","type-page","status-publish","hentry"],"_links":{"self":[{"href":"https:\/\/pages.pedf.cuni.cz\/skolpsy\/wp-json\/wp\/v2\/pages\/32","targetHints":{"allow":["GET"]}}],"collection":[{"href":"https:\/\/pages.pedf.cuni.cz\/skolpsy\/wp-json\/wp\/v2\/pages"}],"about":[{"href":"https:\/\/pages.pedf.cuni.cz\/skolpsy\/wp-json\/wp\/v2\/types\/page"}],"author":[{"embeddable":true,"href":"https:\/\/pages.pedf.cuni.cz\/skolpsy\/wp-json\/wp\/v2\/users\/447"}],"replies":[{"embeddable":true,"href":"https:\/\/pages.pedf.cuni.cz\/skolpsy\/wp-json\/wp\/v2\/comments?post=32"}],"version-history":[{"count":4,"href":"https:\/\/pages.pedf.cuni.cz\/skolpsy\/wp-json\/wp\/v2\/pages\/32\/revisions"}],"predecessor-version":[{"id":106,"href":"https:\/\/pages.pedf.cuni.cz\/skolpsy\/wp-json\/wp\/v2\/pages\/32\/revisions\/106"}],"wp:attachment":[{"href":"https:\/\/pages.pedf.cuni.cz\/skolpsy\/wp-json\/wp\/v2\/media?parent=32"}],"curies":[{"name":"wp","href":"https:\/\/api.w.org\/{rel}","templated":true}]}}