{"id":39,"date":"2018-04-23T21:11:27","date_gmt":"2018-04-23T19:11:27","guid":{"rendered":"http:\/\/pages.pedf.cuni.cz\/skolpsy\/?page_id=39"},"modified":"2022-03-31T18:37:30","modified_gmt":"2022-03-31T16:37:30","slug":"lide-2","status":"publish","type":"page","link":"https:\/\/pages.pedf.cuni.cz\/skolpsy\/lide-2\/","title":{"rendered":"Organiza\u010dn\u00ed v\u00fdbor"},"content":{"rendered":"<p><strong>Odborn\u00fd t\u00fdm konference:<\/strong><\/p>\n<p>prof. PhDr. Stanislav \u0160tech, CSc.,<\/p>\n<p>doc. PhDr. PaedDr. Anna Kucharsk\u00e1, Ph.D.,<\/p>\n<p>doc. PhDr. Irena Smet\u00e1\u010dkov\u00e1, Ph.D.,<\/p>\n<p>PhDr. Hana Sot\u00e1kov\u00e1, Ph.D.<\/p>\n","protected":false},"excerpt":{"rendered":"<p>Odborn\u00fd t\u00fdm konference: prof. PhDr. Stanislav \u0160tech, CSc., doc. PhDr. PaedDr. Anna Kucharsk\u00e1, Ph.D., doc. PhDr. Irena Smet\u00e1\u010dkov\u00e1, Ph.D., PhDr. Hana Sot\u00e1kov\u00e1, Ph.D.<\/p>\n","protected":false},"author":447,"featured_media":0,"parent":0,"menu_order":0,"comment_status":"closed","ping_status":"closed","template":"","meta":{"footnotes":""},"class_list":["post-39","page","type-page","status-publish","hentry"],"_links":{"self":[{"href":"https:\/\/pages.pedf.cuni.cz\/skolpsy\/wp-json\/wp\/v2\/pages\/39","targetHints":{"allow":["GET"]}}],"collection":[{"href":"https:\/\/pages.pedf.cuni.cz\/skolpsy\/wp-json\/wp\/v2\/pages"}],"about":[{"href":"https:\/\/pages.pedf.cuni.cz\/skolpsy\/wp-json\/wp\/v2\/types\/page"}],"author":[{"embeddable":true,"href":"https:\/\/pages.pedf.cuni.cz\/skolpsy\/wp-json\/wp\/v2\/users\/447"}],"replies":[{"embeddable":true,"href":"https:\/\/pages.pedf.cuni.cz\/skolpsy\/wp-json\/wp\/v2\/comments?post=39"}],"version-history":[{"count":4,"href":"https:\/\/pages.pedf.cuni.cz\/skolpsy\/wp-json\/wp\/v2\/pages\/39\/revisions"}],"predecessor-version":[{"id":189,"href":"https:\/\/pages.pedf.cuni.cz\/skolpsy\/wp-json\/wp\/v2\/pages\/39\/revisions\/189"}],"wp:attachment":[{"href":"https:\/\/pages.pedf.cuni.cz\/skolpsy\/wp-json\/wp\/v2\/media?parent=39"}],"curies":[{"name":"wp","href":"https:\/\/api.w.org\/{rel}","templated":true}]}}