{"id":97,"date":"2018-07-06T23:21:21","date_gmt":"2018-07-06T21:21:21","guid":{"rendered":"http:\/\/pages.pedf.cuni.cz\/skolpsy\/?page_id=97"},"modified":"2022-06-17T18:03:38","modified_gmt":"2022-06-17T16:03:38","slug":"prezentace-ustnich-prispevku","status":"publish","type":"page","link":"https:\/\/pages.pedf.cuni.cz\/skolpsy\/prezentace-ustnich-prispevku\/","title":{"rendered":"Prezentace \u00fastn\u00edch p\u0159\u00edsp\u011bvk\u016f"},"content":{"rendered":"<p><strong>Ro\u010dn\u00edk 2022<\/strong><\/p>\n<p><a href=\"https:\/\/pages.pedf.cuni.cz\/skolpsy\/files\/2022\/06\/22-den-skolni-psychologie_TraumauDeti_ver1.pdf\"><span dir=\"ltr\" role=\"presentation\">Jaroslav<\/span> <span dir=\"ltr\" role=\"presentation\">\u0160<\/span><span dir=\"ltr\" role=\"presentation\">ejvl:<\/span> <span dir=\"ltr\" role=\"presentation\">P<\/span><span dir=\"ltr\" role=\"presentation\">ilotn\u00ed ov<\/span><span dir=\"ltr\" role=\"presentation\">\u011b\u0159<\/span><span dir=\"ltr\" role=\"presentation\">en\u00ed region\u00e1ln\u00edho vzd<\/span><span dir=\"ltr\" role=\"presentation\">\u011b<\/span><span dir=\"ltr\" role=\"presentation\">l\u00e1vac\u00edho<\/span> <span dir=\"ltr\" role=\"presentation\">modulu preven<\/span><span dir=\"ltr\" role=\"presentation\">&#8211;<\/span><\/a><br role=\"presentation\" \/><span dir=\"ltr\" role=\"presentation\">ce<\/span> <span dir=\"ltr\" role=\"presentation\">du<\/span><span dir=\"ltr\" role=\"presentation\">\u0161<\/span><span dir=\"ltr\" role=\"presentation\">evn\u00edho onemocn<\/span><span dir=\"ltr\" role=\"presentation\">\u011b<\/span><span dir=\"ltr\" role=\"presentation\">n\u00ed d<\/span><span dir=\"ltr\" role=\"presentation\">\u011b<\/span><span dir=\"ltr\" role=\"presentation\">t\u00ed<\/span> <span dir=\"ltr\" role=\"presentation\">a<\/span> <span dir=\"ltr\" role=\"presentation\">dosp\u00edvaj\u00edc\u00edch<\/span> <span dir=\"ltr\" role=\"presentation\">s<\/span> <span dir=\"ltr\" role=\"presentation\">d<\/span><span dir=\"ltr\" role=\"presentation\">\u016f<\/span><span dir=\"ltr\" role=\"presentation\">razem<\/span> <span dir=\"ltr\" role=\"presentation\">na<\/span> <span dir=\"ltr\" role=\"presentation\">rizikov\u00e9 chov\u00e1n\u00ed \u2013 v<\/span><span dir=\"ltr\" role=\"presentation\">\u00fd<\/span><span dir=\"ltr\" role=\"presentation\">choz\u00ed<\/span> <span dir=\"ltr\" role=\"presentation\">stav,<\/span> <span dir=\"ltr\" role=\"presentation\">z\u00e1m<\/span><span dir=\"ltr\" role=\"presentation\">\u011b<\/span><span dir=\"ltr\" role=\"presentation\">r<\/span><\/p>\n<p><a href=\"https:\/\/pages.pedf.cuni.cz\/skolpsy\/files\/2022\/06\/22-den-skolni-psychologie_TraumauDeti_ver1.pdf\">Gabriela Dyme\u0161ov\u00e1: <span dir=\"ltr\" role=\"presentation\">Zku<\/span><span dir=\"ltr\" role=\"presentation\">\u0161<\/span><span dir=\"ltr\" role=\"presentation\">enosti z pr\u00e1ce s traumatem nejen u d<\/span><span dir=\"ltr\" role=\"presentation\">\u011b<\/span><span dir=\"ltr\" role=\"presentation\">t\u00ed<\/span><\/a><br role=\"presentation\" \/><span dir=\"ltr\" role=\"presentation\">v\u00e1le<\/span><span dir=\"ltr\" role=\"presentation\">\u010d<\/span><span dir=\"ltr\" role=\"presentation\">n<\/span><span dir=\"ltr\" role=\"presentation\">\u00fd<\/span><span dir=\"ltr\" role=\"presentation\">ch uprchl\u00edk<\/span><span dir=\"ltr\" role=\"presentation\">\u016f <\/span><\/p>\n<p><a href=\"https:\/\/pages.pedf.cuni.cz\/skolpsy\/files\/2022\/06\/Chodit-na-stredni-z-ustavu-.pdf\">Pavla Presslerov\u00e1: Chodit na st\u0159edn\u00ed z \u00fastavu<\/a><\/p>\n<p><a href=\"https:\/\/pages.pedf.cuni.cz\/skolpsy\/files\/2022\/06\/MDT-reforma.pptx\">Nat\u00e1lie Machov\u00e1 &#8211; Reforma psychiatrick\u00e9 p\u00e9\u010de o d\u011bti a dosp\u00edvaj\u00edc\u00ed<\/a><\/p>\n<p><strong>Ro\u010dn\u00edk 2018<\/strong><\/p>\n<p>Nora Jakobov\u00e1:\u00a0 <a href=\"https:\/\/pages.pedf.cuni.cz\/skolpsy\/files\/2018\/07\/Karty-jako-n\u00e1stroj-pr\u00e1ce-s-motivac\u00ed.pdf\">Karty jako n\u00e1stroj pr\u00e1ce s motivac\u00ed<\/a><\/p>\n<p><a href=\"https:\/\/pages.pedf.cuni.cz\/skolpsy\/files\/2019\/02\/Vyhoen\u00ed_Smet\u00e1kov\u00e1-2.pdf\">Irena Smet\u00e1\u010dkov\u00e1 :\u00a0<\/a><a href=\"https:\/\/pages.pedf.cuni.cz\/skolpsy\/files\/2019\/02\/Vyhoen\u00ed_Smet\u00e1kov\u00e1-2.pdf\">(Pro\u010d) tr\u00e1p\u00ed u\u010ditelky a u\u010ditele Z\u0160 vyho\u0159en\u00ed? <\/a><\/p>\n<p><a href=\"https:\/\/pages.pedf.cuni.cz\/skolpsy\/files\/2019\/02\/Vyhoen\u00ed_Bartoov\u00e1-1.pdf\">Vyho\u0159en\u00ed_Barto\u0161ov\u00e1<\/a><\/p>\n<p><a href=\"https:\/\/pages.pedf.cuni.cz\/skolpsy\/files\/2019\/02\/Uitel-tce-zkrouen\u00e1-profese_tech-1.pdf\">U\u010ditel t\u011b\u017ece zk(r)ou\u0161en\u00e1 profese_\u0160tech<\/a><\/p>\n<p><a href=\"https:\/\/pages.pedf.cuni.cz\/skolpsy\/files\/2019\/02\/Supervize-s-uiteli_Pavlas-Martanova-1.pdf\">Supervize s u\u010diteli_Pavlas Martanova<\/a><\/p>\n<p><a href=\"https:\/\/pages.pedf.cuni.cz\/skolpsy\/files\/2019\/02\/PP_Zapletalov\u00e1-1.pdf\">PP_Zapletalov\u00e1<\/a><\/p>\n<p><a href=\"https:\/\/pages.pedf.cuni.cz\/skolpsy\/files\/2019\/02\/Nuda_Pavelkov\u00e1-1.pdf\">Nuda_Pavelkov\u00e1<\/a><\/p>\n<p><a href=\"https:\/\/pages.pedf.cuni.cz\/skolpsy\/files\/2019\/02\/Co-nebr\u00e1n\u00ed-vyuuj\u00edc\u00edm-ve-sd\u00edlen\u00ed_Franke-1.pdf\">Co (ne)br\u00e1n\u00ed vyu\u010duj\u00edc\u00edm ve sd\u00edlen\u00ed_Franke<\/a><\/p>\n<p><a href=\"https:\/\/pages.pedf.cuni.cz\/skolpsy\/files\/2019\/02\/ikana-ve-kole_Kressa.pdf\">\u0160ikana ve \u0161kole_Kressa<\/a><\/p>\n","protected":false},"excerpt":{"rendered":"<p><a href=\"https:\/\/pages.pedf.cuni.cz\/skolpsy\/files\/2022\/06\/MDT-reforma.pptx\">MDT-reforma<\/a><\/p>\n<p><a href=\"https:\/\/pages.pedf.cuni.cz\/skolpsy\/files\/2022\/06\/Chodit-na-stredni-z-ustavu-.pdf\">Chodit na st\u0159edn\u00ed z \u00fastavu<\/a><a href=\"https:\/\/pages.pedf.cuni.cz\/skolpsy\/files\/2022\/06\/2022_05_10_coperisk_ped_fak.pdf\">2022_<\/a><\/p>\n<p><a href=\"https:\/\/pages.pedf.cuni.cz\/skolpsy\/files\/2022\/06\/2022_05_10_coperisk_ped_fak.pdf\">05_10_coperisk_ped_fak<\/a><\/p>\n<p><a href=\"https:\/\/pages.pedf.cuni.cz\/skolpsy\/files\/2022\/06\/22-den-skolni-psychologie_TraumauDeti_ver1.pdf\">22 den skolni psychologie_TraumauDeti_ver1<\/a><\/p>\n<p>&nbsp;<\/p>\n<p><a href=\"https:\/\/pages.pedf.cuni.cz\/skolpsy\/files\/2022\/06\/Chodit-na-stredni-z-ustavu-.pdf\">Chodit na st\u0159edn\u00ed z \u00fastavu<\/a><\/p>\n","protected":false},"author":447,"featured_media":0,"parent":0,"menu_order":0,"comment_status":"closed","ping_status":"closed","template":"","meta":{"footnotes":""},"class_list":["post-97","page","type-page","status-publish","hentry"],"_links":{"self":[{"href":"https:\/\/pages.pedf.cuni.cz\/skolpsy\/wp-json\/wp\/v2\/pages\/97","targetHints":{"allow":["GET"]}}],"collection":[{"href":"https:\/\/pages.pedf.cuni.cz\/skolpsy\/wp-json\/wp\/v2\/pages"}],"about":[{"href":"https:\/\/pages.pedf.cuni.cz\/skolpsy\/wp-json\/wp\/v2\/types\/page"}],"author":[{"embeddable":true,"href":"https:\/\/pages.pedf.cuni.cz\/skolpsy\/wp-json\/wp\/v2\/users\/447"}],"replies":[{"embeddable":true,"href":"https:\/\/pages.pedf.cuni.cz\/skolpsy\/wp-json\/wp\/v2\/comments?post=97"}],"version-history":[{"count":16,"href":"https:\/\/pages.pedf.cuni.cz\/skolpsy\/wp-json\/wp\/v2\/pages\/97\/revisions"}],"predecessor-version":[{"id":219,"href":"https:\/\/pages.pedf.cuni.cz\/skolpsy\/wp-json\/wp\/v2\/pages\/97\/revisions\/219"}],"wp:attachment":[{"href":"https:\/\/pages.pedf.cuni.cz\/skolpsy\/wp-json\/wp\/v2\/media?parent=97"}],"curies":[{"name":"wp","href":"https:\/\/api.w.org\/{rel}","templated":true}]}}