{"id":2,"date":"2021-10-20T22:13:18","date_gmt":"2021-10-20T20:13:18","guid":{"rendered":"https:\/\/pages.pedf.cuni.cz\/specinfo\/?page_id=2"},"modified":"2022-09-05T17:55:17","modified_gmt":"2022-09-05T15:55:17","slug":"zkusebni-stranka","status":"publish","type":"page","link":"https:\/\/pages.pedf.cuni.cz\/specinfo\/","title":{"rendered":"\u00davod"},"content":{"rendered":"\n<p>V\u00e1\u017een\u00e9 studentky, v\u00e1\u017een\u00ed studenti,<\/p>\n\n\n\n<p>v\u00edt\u00e1me v\u00e1s na Pedagogick\u00e9 fakult\u011b Univerzity Karlovy. V souladu s obecn\u00fdmi pr\u00e1vn\u00edmi p\u0159edpisyi vnit\u0159n\u00edmi p\u0159edpisy Pedagogick\u00e9 fakulty Univerzity Karlovy maj\u00ed studenti a uchaze\u010dio studium se speci\u00e1ln\u00edmi pot\u0159ebami pr\u00e1vo z\u00edskat vysoko\u0161kolsk\u00e9 vzd\u011bl\u00e1n\u00ed jako jejich kolegov\u00e9<br>bez speci\u00e1ln\u00edch pot\u0159eb. Univerzita Karlova proto poskytuje ka\u017ed\u00e9mu studentovi a uchaze\u010dio studium se speci\u00e1ln\u00edmi pot\u0159ebami takovou podporu nebo \u00fapravy studia a prost\u0159ed\u00ed, abyvytvo\u0159ila podm\u00ednky pro maxim\u00e1ln\u00ed vyu\u017eit\u00ed potenci\u00e1lu t\u011bchto student\u016f a uchaze\u010d\u016f o studium<br>v akademick\u00e9m \u017eivot\u011b (Opat\u0159en\u00ed rektora, \u010d. 23\/2017).<\/p>\n\n\n\n<p>C\u00edlem Pedagogick\u00e9 fakulty v oblasti podpory student\u016f se speci\u00e1ln\u00edmi pot\u0159ebami je umo\u017enit v\u0161em student\u016fm a uchaze\u010d\u016fm o studium, bez ohledu na povahu a stupe\u0148 jejich posti\u017een\u00ed, rovn\u00fd p\u0159\u00edstup ke studiu, a vytvo\u0159it srovnateln\u00e9 podm\u00ednky studia a podpo\u0159it jejich celo\u017eivotn\u00ed u\u010den\u00ed za \u00fa\u010delem rozvoje jejich osobnosti, talentu, tv\u016fr\u010d\u00edch, intelektu\u00e1ln\u00edch i t\u011blesn\u00fdch schopnost\u00ed.<\/p>\n\n\n\n<p>Garantkou podpory student\u016f se speci\u00e1ln\u00edmi pot\u0159ebami je doc. Anna Kucharsk\u00e1, prod\u011bkanka pro akreditace a kvalitu vzd\u011bl\u00e1vac\u00ed \u010dinnosti, kter\u00e1 tak\u00e9 zast\u00e1v\u00e1 na fakult\u011b roli kontaktn\u00ed osoby. D\u00e1le se budete setk\u00e1vat s referentkou pro studenty se speci\u00e1ln\u00edmi pot\u0159ebami, dr. Jany\u0161kovou. V textu, kter\u00fd v\u00e1m nyn\u00ed p\u0159edkl\u00e1d\u00e1me, najdete kontakty na dal\u0161\u00ed pracovn\u00edky person\u00e1ln\u00ed podpory, nap\u0159. diagnostiky pro jednotliv\u00e9 kategorie speci\u00e1ln\u00edch pot\u0159eb, pracovn\u00edky Akademick\u00e9 poradny, pracovn\u00edky Studijn\u00edho odd\u011blen\u00ed a kontaktn\u00edmi pracovn\u00edky kateder a knihovny.<\/p>\n\n\n\n<p>O vytvo\u0159en\u00e9m modelu podpory se m\u016f\u017eete dozv\u011bd\u011bt v\u00edce v n\u00e1sleduj\u00edc\u00edm textu, kter\u00fd je logicky \u010dlen\u011bn podle jednotliv\u00fdch oblast\u00ed. Nejprve v\u00e1s sezn\u00e1m\u00edme s procesem registrace mezi studenty se speci\u00e1ln\u00edmi pot\u0159ebami, d\u00e1le v\u00e1m osv\u011btl\u00edme v\u00fdznam a postup p\u0159i vyu\u017eit\u00ed posudku funk\u010dn\u00ed diagnostiky, p\u0159ehledn\u011b v\u00e1m p\u0159edstav\u00edme seznam pracovn\u00edk\u016f, na kter\u00e9 se m\u016f\u017eete obr\u00e1tit a shrneme d\u016fle\u017eit\u00e9 informace, kter\u00e9 byste p\u0159ed za\u010d\u00e1tkem semestru m\u011bli v\u011bd\u011bt. Pro bli\u017e\u0161\u00ed informace o studiu jako takov\u00e9m v\u00e1m doporu\u010dujeme pro\u010d\u00edst p\u0159\u00edru\u010dku PedInfo.<\/p>\n\n\n\n<p>\u00dasp\u011b\u0161n\u00fd vstup do studia v\u00e1m p\u0159eje<\/p>\n\n\n\n<p><strong>Anna Kucharsk\u00e1<\/strong>, kontaktn\u00ed osoba pro studenty se speci\u00e1ln\u00edmi pot\u0159ebami na PedF UK, <strong>Krist\u00fdna Jany\u0161kov\u00e1<\/strong>, referentka pro uchaze\u010de a studenty se speci\u00e1ln\u00edmi pot\u0159ebami <strong>a t\u00fdm pracovn\u00edk\u016f Akademick\u00e9 poradny<\/strong><\/p>\n\n\n\n<a href=\"https:\/\/pages.pedf.cuni.cz\/specinfo\/1-statut-studenta-se-specialnimi-potrebami\/\"> dal\u0161\u00ed str\u00e1nka \u2192 <\/a>\n\n\n\n<p><\/p>\n","protected":false},"excerpt":{"rendered":"<p>V\u00e1\u017een\u00e9 studentky, v\u00e1\u017een\u00ed studenti, v\u00edt\u00e1me v\u00e1s na Pedagogick\u00e9 fakult\u011b Univerzity Karlovy. V souladu s obecn\u00fdmi pr\u00e1vn\u00edmi p\u0159edpisyi vnit\u0159n\u00edmi p\u0159edpisy Pedagogick\u00e9 fakulty Univerzity Karlovy maj\u00ed studenti a uchaze\u010dio studium se speci\u00e1ln\u00edmi pot\u0159ebami pr\u00e1vo z\u00edskat vysoko\u0161kolsk\u00e9 vzd\u011bl\u00e1n\u00ed jako jejich kolegov\u00e9bez speci\u00e1ln\u00edch pot\u0159eb. Univerzita Karlova proto poskytuje ka\u017ed\u00e9mu studentovi a uchaze\u010dio studium se speci\u00e1ln\u00edmi pot\u0159ebami takovou podporu nebo &hellip; <a href=\"https:\/\/pages.pedf.cuni.cz\/specinfo\/\" class=\"more-link\">Pokra\u010dov\u00e1n\u00ed textu <span class=\"screen-reader-text\">\u00davod<\/span><\/a><\/p>\n","protected":false},"author":482,"featured_media":0,"parent":0,"menu_order":0,"comment_status":"closed","ping_status":"open","template":"","meta":{"footnotes":""},"class_list":["post-2","page","type-page","status-publish","hentry"],"_links":{"self":[{"href":"https:\/\/pages.pedf.cuni.cz\/specinfo\/wp-json\/wp\/v2\/pages\/2","targetHints":{"allow":["GET"]}}],"collection":[{"href":"https:\/\/pages.pedf.cuni.cz\/specinfo\/wp-json\/wp\/v2\/pages"}],"about":[{"href":"https:\/\/pages.pedf.cuni.cz\/specinfo\/wp-json\/wp\/v2\/types\/page"}],"author":[{"embeddable":true,"href":"https:\/\/pages.pedf.cuni.cz\/specinfo\/wp-json\/wp\/v2\/users\/482"}],"replies":[{"embeddable":true,"href":"https:\/\/pages.pedf.cuni.cz\/specinfo\/wp-json\/wp\/v2\/comments?post=2"}],"version-history":[{"count":4,"href":"https:\/\/pages.pedf.cuni.cz\/specinfo\/wp-json\/wp\/v2\/pages\/2\/revisions"}],"predecessor-version":[{"id":47,"href":"https:\/\/pages.pedf.cuni.cz\/specinfo\/wp-json\/wp\/v2\/pages\/2\/revisions\/47"}],"wp:attachment":[{"href":"https:\/\/pages.pedf.cuni.cz\/specinfo\/wp-json\/wp\/v2\/media?parent=2"}],"curies":[{"name":"wp","href":"https:\/\/api.w.org\/{rel}","templated":true}]}}