{"id":107,"date":"2015-03-30T16:29:54","date_gmt":"2015-03-30T14:29:54","guid":{"rendered":"http:\/\/pages.pedf.cuni.cz\/specpeda\/?page_id=107"},"modified":"2021-03-03T10:56:00","modified_gmt":"2021-03-03T09:56:00","slug":"publikacni-etika","status":"publish","type":"page","link":"https:\/\/pages.pedf.cuni.cz\/specpeda\/publikacni-etika\/","title":{"rendered":"Publika\u010dn\u00ed etika"},"content":{"rendered":"<p><!--:cs--><strong>Z\u00e1vazek redakce a vydavatele \u010dasopisu <em>Speci\u00e1ln\u00ed pedagogika<\/em> k\u00a0dodr\u017eov\u00e1n\u00ed publika\u010dn\u00ed etiky.<\/strong><\/p>\n<p>\u010casopis <em>Speci\u00e1ln\u00ed pedagogika<\/em> programov\u011b db\u00e1 na dodr\u017eov\u00e1n\u00ed nejvy\u0161\u0161\u00edho standardu publika\u010dn\u00ed etiky, a to explicitn\u011b t\u00edmto zp\u016fsobem:<\/p>\n<ol>\n<li style=\"text-align: left\">\u00a0<em>Auto\u0159i<\/em> jsou zavazov\u00e1ni ke stvrzen\u00ed:\n<ul>\n<li style=\"text-align: left\">\u017ee jimi p\u0159edkl\u00e1dan\u00e9 texty jsou jejich p\u016fvodn\u00edmi d\u00edly, tj. \u017ee nejsou ops\u00e1ny ani \u010d\u00e1ste\u010dn\u011b z\u00a0jejich vlastn\u00edch \u010di ciz\u00edch prac\u00ed, a \u017ee pokud u\u017eili doslovn\u00e9 \u010di parafr\u00e1zovan\u00e9 pas\u00e1\u017ee z\u00a0vlastn\u00edho d\u00edla, u\u010dinili tak s\u00a0odkazem na toto d\u00edlo,<\/li>\n<li style=\"text-align: left\">\u017ee se vyhnuli st\u0159et\u016fm jejich odborn\u00e9ho z\u00e1jmu se z\u00e1jmy jin\u00e9ho charakteru.<\/li>\n<\/ul>\n<\/li>\n<li>\u00a0<em>Redakce<\/em> zaru\u010duje:\n<ul>\n<li>\u017ee recenzn\u00ed \u0159\u00edzen\u00ed je v\u017edy dvojit\u011b slep\u00e9, tj. \u017ee autor nezn\u00e1 identitu recenzent\u016f a tot\u00e9\u017e plat\u00ed i naopak,<\/li>\n<li>\u017ee pisatel a recenzent nepoch\u00e1zej\u00ed z\u00a0jedn\u00e9 organizace \u010di instituce,<\/li>\n<li>\u017ee v\u00a0p\u0159\u00edpad\u011b v\u011bcn\u00fdch rozpor\u016f mezi recenzenty, recenzenty a autorem, autorem a redakc\u00ed je text podroben supervizi posuzovatele, kter\u00fd dosud do dan\u00e9ho recenzn\u00edho \u0159\u00edzen\u00ed nevstoupil,<\/li>\n<li>\u017ee prok\u00e1\u017ee-li se u zve\u0159ejn\u011bn\u00e9ho p\u0159\u00edsp\u011bvku autorsk\u00e9, redak\u010dn\u00ed \u010di editorsk\u00e9 pochyben\u00ed proti publika\u010dn\u00ed etice, bude tento fakt v\u00a0\u010d\u00edsle nejbl\u00ed\u017ee n\u00e1sleduj\u00edc\u00edm zve\u0159ejn\u011bn.<\/li>\n<\/ul>\n<\/li>\n<li><em>Vydavatel<\/em> zaru\u010duje \u00fa\u010dinnou kontrolu dodr\u017eov\u00e1n\u00ed v\u00fd\u0161e uveden\u00fdch pravidel.<\/li>\n<\/ol>\n<p><!--:--><\/p>\n","protected":false},"excerpt":{"rendered":"<p>Z\u00e1vazek redakce a vydavatele \u010dasopisu Speci\u00e1ln\u00ed pedagogika k\u00a0dodr\u017eov\u00e1n\u00ed publika\u010dn\u00ed etiky. \u010casopis Speci\u00e1ln\u00ed pedagogika programov\u011b db\u00e1 na dodr\u017eov\u00e1n\u00ed nejvy\u0161\u0161\u00edho standardu publika\u010dn\u00ed etiky, a to explicitn\u011b t\u00edmto zp\u016fsobem: \u00a0Auto\u0159i jsou zavazov\u00e1ni ke stvrzen\u00ed: \u017ee jimi p\u0159edkl\u00e1dan\u00e9 texty jsou jejich p\u016fvodn\u00edmi d\u00edly, tj. <a class=\"more-link\" href=\"https:\/\/pages.pedf.cuni.cz\/specpeda\/publikacni-etika\/\">Cel\u00fd \u010dl\u00e1nek  <span class=\"screen-reader-text\">  Publika\u010dn\u00ed etika<\/span><span class=\"meta-nav\">&rarr;<\/span><\/a><\/p>\n","protected":false},"author":296,"featured_media":0,"parent":0,"menu_order":0,"comment_status":"closed","ping_status":"closed","template":"","meta":{"footnotes":""},"class_list":["post-107","page","type-page","status-publish","hentry"],"_links":{"self":[{"href":"https:\/\/pages.pedf.cuni.cz\/specpeda\/wp-json\/wp\/v2\/pages\/107","targetHints":{"allow":["GET"]}}],"collection":[{"href":"https:\/\/pages.pedf.cuni.cz\/specpeda\/wp-json\/wp\/v2\/pages"}],"about":[{"href":"https:\/\/pages.pedf.cuni.cz\/specpeda\/wp-json\/wp\/v2\/types\/page"}],"author":[{"embeddable":true,"href":"https:\/\/pages.pedf.cuni.cz\/specpeda\/wp-json\/wp\/v2\/users\/296"}],"replies":[{"embeddable":true,"href":"https:\/\/pages.pedf.cuni.cz\/specpeda\/wp-json\/wp\/v2\/comments?post=107"}],"version-history":[{"count":1,"href":"https:\/\/pages.pedf.cuni.cz\/specpeda\/wp-json\/wp\/v2\/pages\/107\/revisions"}],"predecessor-version":[{"id":249,"href":"https:\/\/pages.pedf.cuni.cz\/specpeda\/wp-json\/wp\/v2\/pages\/107\/revisions\/249"}],"wp:attachment":[{"href":"https:\/\/pages.pedf.cuni.cz\/specpeda\/wp-json\/wp\/v2\/media?parent=107"}],"curies":[{"name":"wp","href":"https:\/\/api.w.org\/{rel}","templated":true}]}}