{"id":121,"date":"2015-12-01T12:23:29","date_gmt":"2015-12-01T11:23:29","guid":{"rendered":"http:\/\/pages.pedf.cuni.cz\/specpeda\/?page_id=121"},"modified":"2021-03-03T11:14:20","modified_gmt":"2021-03-03T10:14:20","slug":"podrobneji","status":"publish","type":"page","link":"https:\/\/pages.pedf.cuni.cz\/specpeda\/podrobneji\/","title":{"rendered":"\u010casov\u00e9 prom\u011bny odborn\u00e9ho \u010dasopisu pro speci\u00e1ln\u00ed pedagogiku"},"content":{"rendered":"<p>V \u010cesk\u00e9 republice je toho \u010dasu jedin\u00fd odborn\u00fd \u010dasopis pro v\u011bdn\u00ed obor <strong>speci\u00e1ln\u00ed pedagogika<\/strong>. Vych\u00e1z\u00ed pod stejnojmenn\u00fdm n\u00e1zvem \u010dty\u0159ikr\u00e1t ro\u010dn\u011b a jeho vydavatelem je Pedagogick\u00e1 fakulta Univerzity Karlovy v Praze.<br \/>\nRada pro v\u00fdzkum a v\u00fdvoj v roce 2008 Speci\u00e1ln\u00ed pedagogiku za\u0159adila do kategorie <a href=\"http:\/\/www.vyzkum.cz\/FrontClanek.aspx?idsekce=495942\" target=\"_blank\" rel=\"noopener noreferrer\">recenzovan\u00fdch \u010dasopis\u016f<\/a>.<br \/>\nRedakce \u010dasopisu podporovan\u00e1 jeho redak\u010dn\u00ed radou nejen s ohledem na v\u00fd\u0161e uveden\u00e9, ale i proto, \u017ee jej\u00edm \u00fakolem je poskytovat prostor teorii i praxi oboru, tak napl\u0148uje recenzovan\u00fdmi texty pravideln\u00e9 i ob\u010dasn\u00e9 rubriky a z\u00e1rove\u0148 umo\u017e\u0148uje zve\u0159ej\u0148ov\u00e1n\u00ed p\u0159\u00edsp\u011bvk\u016f diskusn\u00edch a stat\u00ed o zku\u0161enostech praktikuj\u00edc\u00edch speci\u00e1ln\u00edch pedagog\u016f. Pon\u011bvad\u017e speci\u00e1ln\u011bpedagogick\u00e1 t\u00e9matika se nez\u0159\u00eddka interdisciplin\u00e1rn\u011b prot\u00edn\u00e1 s medic\u00ednsk\u00fdm, pr\u00e1vnick\u00fdm a soci\u00e1ln\u00edm n\u00e1hledem na tyt\u00e9\u017e probl\u00e9my, na\u0161i auto\u0159i nejsou jen speci\u00e1ln\u00ed pedagogov\u00e9, ale rekrutuj\u00ed se i ze spolupracuj\u00edc\u00edch obor\u016f. Tento p\u0159\u00edstup je ov\u011b\u0159en letitou zku\u0161enost\u00ed.<br \/>\nN\u00e1\u0161 \u010dasopis, v roce 2015 zavr\u0161uj\u00edc\u00ed <strong>25. ro\u010dn\u00edk sv\u00e9ho trv\u00e1n\u00ed<\/strong>, m\u00e1 tradici mnohem del\u0161\u00ed. Od \u010das\u016f, kdy speci\u00e1ln\u00ed pedagogika byla n\u00e1pravnou pedagogikou a p\u0159itom je\u0161t\u011b nebyla univerzitn\u00edm oborem, p\u0159es dobu defektologie, kdy se stala oborem na vysok\u00fdch \u0161kol\u00e1ch studovan\u00fdm, a\u017e po \u010das, kdy o zam\u011b\u0159en\u00ed oboru jako\u017eto speci\u00e1ln\u00ed pedagogiky bylo jasno, tu st\u00e1le byl \u010dasopis jeden: jen m\u011bnil n\u00e1zvy podle dobov\u00e9ho \u00fazu a tak\u00e9 vydavatele. Je pozoruhodn\u00e9, jak za v\u0161ech pom\u011br\u016f spole\u010densk\u00fdch resp. politick\u00fdch si tento \u010dasopis dok\u00e1zal udr\u017eet sv\u00e9 odborn\u00e9 zam\u011b\u0159en\u00ed a linii, kter\u00e1 p\u0159esahovala dobov\u00e9 -ismy. Stoj\u00ed za to p\u0159ipomenout si, jak\u00fdmi peripetiemi \u010dasopis proch\u00e1zel.<\/p>\n<p>V roce 1924 vznikl <em>\u010casopis pro v\u00fdzkum a v\u00fdchovu ml\u00e1de\u017ee slabomysln\u00e9, hluchon\u011bm\u00e9, slep\u00e9, mravn\u011b vadn\u00e9 a zmrza\u010del\u00e9<\/em>. Kdybychom neuvedli c\u00edlov\u00e9 skupiny ml\u00e1de\u017ee, na kter\u00e9 se od po\u010d\u00e1tku toto periodikum zam\u011b\u0159ovalo, jeho n\u00e1zev <strong><em>\u00dachyln\u00e1 ml\u00e1de\u017e<\/em><\/strong> by verb\u00e1ln\u011b hyperkorektn\u00edho sou\u010dasn\u00edka znejistil a\u017e pohor\u0161il. Dobov\u00e9ho \u010dten\u00e1\u0159e nikoliv, nebo\u0165 od I. ro\u010dn\u00edku 1924\/1925, kdy za redak\u010dn\u00edho veden\u00ed prof. MUDr. Karla Herforta a inspektora ministerstva \u0161kolstv\u00ed a n\u00e1rodn\u00ed osv\u011bty Josefa Zemana vy\u0161lo prvn\u00edch p\u011bt \u010d\u00edsel, a\u017e po ro\u010dn\u00edk XX. v roce 1944 a po\u010det \u010d\u00edsel za rok u\u017e dos\u00e1hl deseti, n\u00e1zev se nezm\u011bnil. Jen podtitul byl jin\u00fd: <em>Revue pro pedopathologii, n\u00e1pravnou pedagogiku, soci\u00e1ln\u00ed p\u00e9\u010di pro \u00fachylnou ml\u00e1de\u017e<\/em>. Rubriky nebyly d\u011bleny podle n\u011bjak\u00fdch specializac\u00ed, v z\u00e1sad\u011b to byly st\u00e1le stati \u0161ir\u0161\u00edho v\u00fdznamu, p\u0159ehled o knih\u00e1ch a \u010dasopisech, zpr\u00e1vy a pozn\u00e1mky. Za okupace odpadla shrnut\u00ed ve francouz\u0161tin\u011b. Zodpov\u011bdn\u00fdmi redaktory byly osobnosti, kter\u00e9 v dan\u00e9 dob\u011b byly v aktivn\u00ed slu\u017eb\u011b.<br \/>\nVydavatelem byl <em>Spolek pro p\u00e9\u010di o slabomysln\u00e9 v R\u010cS<\/em>.<\/p>\n<p>Je\u0161t\u011b za v\u00e1lky bylo p\u0159ipraveno pokra\u010dov\u00e1n\u00ed <em>\u00dachyln\u00e9 ml\u00e1de\u017ee<\/em> pod n\u00e1zvem <strong><em>Pedologick\u00e9 rozhledy<\/em><\/strong> s podtitulem <em>\u010casopis pro pedologii, pedopathologii, soci\u00e1ln\u00ed pedagogiku<\/em>. Redakci vedli prof. MUDr. Jan \u0160ebek a inspektor ministerstva \u0161kolstv\u00ed a osv\u011bty RNDr. et PhDr. Franti\u0161ek \u0160tampach. Struktura rubrik byla pest\u0159ej\u0161\u00ed: krom\u011b stat\u00ed z\u00e1sadn\u011bj\u0161\u00edho r\u00e1zu tu byly stati z praxe n\u00e1pravn\u00e9 a soci\u00e1ln\u00ed pedagogiky, zpr\u00e1vy ze \u017eivota d\u011bt\u00ed a dor\u016fstaj\u00edc\u00ed ml\u00e1de\u017ee, rozhledy po knih\u00e1ch a \u010dasopisech, odpov\u011bdi \u010dten\u00e1\u0159\u016fm a blahop\u0159\u00e1n\u00ed.<br \/>\nPedologick\u00fdch rozhled\u016f vy\u0161ly t\u0159i ro\u010dn\u00edky v letech 1945 a\u017e 1948. Jejich vyd\u00e1v\u00e1n\u00ed zaji\u0161\u0165ovaly dva spolky: krom\u011b <em>Spolku o p\u00e9\u010di o slabomysln\u00e9<\/em> je\u0161t\u011b <em>\u00dast\u0159ed\u00ed pro p\u00e9\u010di o hluchon\u011bm\u00e9<\/em>.<\/p>\n<p>N\u00e1sleduj\u00edc\u00ed desetilet\u00ed bude nutno podrobn\u011bji prozkoumat. V\u00edme, \u017ee roku 1949 vych\u00e1zela <strong><em>N\u00e1pravn\u00e1 pedagogika<\/em><\/strong>, pozd\u011bji se objevila <strong><em>\u0160peci\u00e1lna \u0161kola<\/em><\/strong>. Toto obdob\u00ed bylo pro cel\u00fd obor a jeho p\u0159edstavitele velmi t\u011b\u017ek\u00e9, zejm\u00e9na v za\u010d\u00e1tku pades\u00e1t\u00fdch let za \u201ekritiky bur\u017eoazn\u00edch pav\u011bd\u201c, mezi n\u011b\u017e byly v\u0159azeny i nauka o d\u00edt\u011bti (tehdej\u0161\u00ed pedologie) a reformn\u00ed pedagogika. Nepochybn\u011b souvisl\u00e1 \u0159ada na sebe navazuj\u00edc\u00edch na\u0161ich odborn\u00fdch \u010dasopis\u016f tu byla p\u0159eru\u0161ena.<\/p>\n<p>A\u017e v roce 1959 za\u010daly I. ro\u010dn\u00edkem vych\u00e1zet <strong><em>Ot\u00e1zky defektologie<\/em><\/strong> s podtitulem <em>\u010casopis pro teorii a praxi na \u0161kol\u00e1ch a v za\u0159\u00edzen\u00edch pro ml\u00e1de\u017e vy\u017eaduj\u00edc\u00ed zvl\u00e1\u0161tn\u00ed p\u00e9\u010de<\/em>. Ministerstvo \u0161kolstv\u00ed a kultury pov\u011b\u0159ilo jejich vyd\u00e1v\u00e1n\u00edm St\u00e1tn\u00ed pedagogick\u00e9 nakladatelstv\u00ed, v t\u00e9 dob\u011b jedinou instituci vyd\u00e1vaj\u00edc\u00ed u\u010debnice pro z\u00e1kladn\u00ed a st\u0159edn\u00ed \u0161koly. Prvn\u00edm vedouc\u00edm redaktorem se stal Franti\u0161ek Ludv\u00edk z V\u00fdzkumn\u00e9ho \u00fastavu pedagogick\u00e9ho a poprv\u00e9 byla ustavena funkce v\u00fdkonn\u00e9ho redaktora. Rubrik\u00e1m strukturovan\u00fdch podle tehdy uzn\u00e1van\u00fdch vad p\u0159edch\u00e1zela rubrika s t\u00e9matikou politickou (zpo\u010d\u00e1tku) a obecn\u011b pedagogickou.<br \/>\nOt\u00e1zky defektologie a\u017e na v\u00fdjimky m\u011bly po deseti \u010d\u00edslech v ro\u010dn\u00edku. \u010casem se jejich ofici\u00e1ln\u00edm vydavatelem stalo ministerstvo \u0161kolstv\u00ed. XXX. ro\u010dn\u00edk pod t\u00edmto n\u00e1zvem vy\u0161el s vro\u010den\u00edm 1987\u20131988 jako posledn\u00ed.<\/p>\n<p>Pot\u00e9 plynule nav\u00e1zal <em>\u010dasopis pro pracovn\u00edky na \u0161kol\u00e1ch a za\u0159\u00edzen\u00edch vy\u017eaduj\u00edc\u00edch zvl\u00e1\u0161tn\u00ed p\u00e9\u010di<\/em>\u00a0<em><strong>Teorie a praxe speci\u00e1ln\u00ed pedagogiky<\/strong><\/em>. Vydavatelem bylo op\u011bt ministerstvo \u2013 tentokr\u00e1t ministerstvo \u0161kolstv\u00ed, ml\u00e1de\u017ee a t\u011blov\u00fdchovy. Vedouc\u00ed redaktor Jaroslav Stanka z V\u00fdzkumn\u00e9ho \u00fastavu pedagogick\u00e9ho a v\u00fdkonn\u00fd redaktor doc. dr. Ji\u0159\u00ed Krac\u00edk z Pedagogick\u00e9 fakulty UK zam\u011b\u0159ili obsah \u010dasopisu na jednotliv\u00e9 segmenty onoho \u0161kolstv\u00ed pro ml\u00e1de\u017e vy\u017eaduj\u00edc\u00ed zvl\u00e1\u0161tn\u00ed p\u00e9\u010di. Toto trvalo po dva ro\u010dn\u00edky 1988\/1989 a 1989\/1990.<\/p>\n<p>V obdob\u00ed 1990\/1991se v zam\u011b\u0159en\u00ed na c\u00edlov\u00e9 \u010dten\u00e1\u0159sk\u00e9 skupiny nezm\u011bnilo nic, i vydavatel z\u016fstal stejn\u00fd, zm\u011bnil se v\u0161ak n\u00e1zev \u010dasopisu. Od tohoto ro\u010dn\u00edku toti\u017e za\u010dala vych\u00e1zet <em><strong>Speci\u00e1ln\u00ed pedagogika<\/strong><\/em>.<br \/>\nPo prvn\u00edch \u010dty\u0159ech \u010d\u00edslech vych\u00e1zej\u00edc\u00edch po m\u011bs\u00edci za nastal\u00e9 velmi obt\u00ed\u017en\u00e9 ekonomick\u00e9 situace hrozilo, \u017ee \u010dasopis zanikne. P\u0159ece jen se tak nestalo a p\u0159eklenout toto kritick\u00e9 obdob\u00ed se poda\u0159ilo dv\u011bma mimo\u0159\u00e1dn\u00fdmi \u010d\u00edsly, jejich\u017e vydavatelem ji\u017e byla Pedagogick\u00e1 fakulta UK v Praze. Toto anga\u017em\u00e1 pra\u017esk\u00e9 pedagogick\u00e9 fakulty trv\u00e1 dosud.<br \/>\nVedouc\u00edm redaktorem do \u010d\u00edsla 3\/1996 v\u010detn\u011b byl doc. dr. Ji\u0159\u00ed Krac\u00edk. (Od \u010d\u00edsla 4\/1996 je vedouc\u00edm redaktorem jeho vedouc\u00ed redaktor sou\u010dasn\u00fd.)<br \/>\n\u0158\u00edzen\u00ed redak\u010dn\u00ed rady se postupn\u011b ujali prof. dr. Franti\u0161ek K\u00e1bele, CSc., doc. dr. Marie \u010cern\u00e1, CSc. a doc. dr. Lea Kv\u011bto\u0148ov\u00e1, Ph.D.<br \/>\nPo\u010det \u010d\u00edsel vyd\u00e1van\u00fdch v ro\u010dn\u00edku se ust\u00e1lil na \u010dty\u0159ech, tak\u017ee nyn\u00ed je <em>Speci\u00e1ln\u00ed pedagogika<\/em> vlastn\u011b \u010dtvrtletn\u00edkem.<br \/>\nHlavn\u00edmi rubrikami jsou: Stati a zpr\u00e1vy z v\u00fdzkumu, Stati didaktick\u00e9 a metodick\u00e9, Zku\u0161enosti, Objevujeme zapomenut\u00e9, Diskuse.<br \/>\nAbstrakta (v\u00fdtahy ze stat\u00ed) jsou ti\u0161t\u011bna v angli\u010dtin\u011b.<\/p>\n<p>V\u00fdhled na dal\u0161\u00ed l\u00e9ta je pro tento \u010dasopis zcela otev\u0159enou z\u00e1le\u017eitost\u00ed. Nezd\u00e1 se, \u017ee by jeho existenci mohly ohrozit t\u011b\u017ekosti ekonomick\u00e9 ani vlivy vysloven\u011b politick\u00e9. Nejen tento \u010dasopis, ale p\u0159edev\u0161\u00edm cel\u00fd obor speci\u00e1ln\u00ed pedagogiky v\u0161ak mohou v\u00e1\u017en\u011b po\u0161kodit sami speci\u00e1ln\u00ed pedagogov\u00e9, pokud se budou zpronev\u011b\u0159ovat sv\u00e9mu pedagogick\u00e9mu posl\u00e1n\u00ed a pokud obor, kter\u00fd tolikr\u00e1t prok\u00e1zal svou opodstatn\u011bnost, neza\u010dnou tvo\u0159iv\u011b a aktivn\u011b posouvat za hranice sou\u010dasn\u00e9ho pozn\u00e1n\u00ed.<\/p>\n<p style=\"text-align: right;\">doc. PhDr. Boris Titzl, Ph.D.<\/p>\n<p><!--more--><\/p>\n","protected":false},"excerpt":{"rendered":"<p>V \u010cesk\u00e9 republice je toho \u010dasu jedin\u00fd odborn\u00fd \u010dasopis pro v\u011bdn\u00ed obor speci\u00e1ln\u00ed pedagogika. Vych\u00e1z\u00ed pod stejnojmenn\u00fdm n\u00e1zvem \u010dty\u0159ikr\u00e1t ro\u010dn\u011b a jeho vydavatelem je Pedagogick\u00e1 fakulta Univerzity Karlovy v Praze. Rada pro v\u00fdzkum a v\u00fdvoj v roce 2008 Speci\u00e1ln\u00ed pedagogiku <a class=\"more-link\" href=\"https:\/\/pages.pedf.cuni.cz\/specpeda\/podrobneji\/\">Cel\u00fd \u010dl\u00e1nek  <span class=\"screen-reader-text\">  \u010casov\u00e9 prom\u011bny odborn\u00e9ho \u010dasopisu pro speci\u00e1ln\u00ed pedagogiku<\/span><span class=\"meta-nav\">&rarr;<\/span><\/a><\/p>\n","protected":false},"author":296,"featured_media":0,"parent":0,"menu_order":0,"comment_status":"closed","ping_status":"closed","template":"","meta":{"footnotes":""},"class_list":["post-121","page","type-page","status-publish","hentry"],"_links":{"self":[{"href":"https:\/\/pages.pedf.cuni.cz\/specpeda\/wp-json\/wp\/v2\/pages\/121","targetHints":{"allow":["GET"]}}],"collection":[{"href":"https:\/\/pages.pedf.cuni.cz\/specpeda\/wp-json\/wp\/v2\/pages"}],"about":[{"href":"https:\/\/pages.pedf.cuni.cz\/specpeda\/wp-json\/wp\/v2\/types\/page"}],"author":[{"embeddable":true,"href":"https:\/\/pages.pedf.cuni.cz\/specpeda\/wp-json\/wp\/v2\/users\/296"}],"replies":[{"embeddable":true,"href":"https:\/\/pages.pedf.cuni.cz\/specpeda\/wp-json\/wp\/v2\/comments?post=121"}],"version-history":[{"count":8,"href":"https:\/\/pages.pedf.cuni.cz\/specpeda\/wp-json\/wp\/v2\/pages\/121\/revisions"}],"predecessor-version":[{"id":268,"href":"https:\/\/pages.pedf.cuni.cz\/specpeda\/wp-json\/wp\/v2\/pages\/121\/revisions\/268"}],"wp:attachment":[{"href":"https:\/\/pages.pedf.cuni.cz\/specpeda\/wp-json\/wp\/v2\/media?parent=121"}],"curies":[{"name":"wp","href":"https:\/\/api.w.org\/{rel}","templated":true}]}}