{"id":149,"date":"2018-02-15T19:53:20","date_gmt":"2018-02-15T18:53:20","guid":{"rendered":"http:\/\/pages.pedf.cuni.cz\/specpeda\/?page_id=149"},"modified":"2021-03-03T10:57:40","modified_gmt":"2021-03-03T09:57:40","slug":"aktuality","status":"publish","type":"page","link":"https:\/\/pages.pedf.cuni.cz\/specpeda\/aktuality\/","title":{"rendered":"Star\u0161\u00ed sd\u011blen\u00ed"},"content":{"rendered":"<p>V\u00e1\u017een\u00e9 \u010dten\u00e1\u0159ky a v\u00e1\u017een\u00ed \u010dten\u00e1\u0159i,<\/p>\n<p>V redakci \u010dasopisu prob\u011bhly v pr\u016fb\u011bhu roku 2017 zm\u011bny v person\u00e1ln\u00edm obsazen\u00ed a jejich zav\u00e1d\u011bn\u00ed se bohu\u017eel neobe\u0161lo bez men\u0161\u00edch i v\u011bt\u0161\u00edch obt\u00ed\u017e\u00ed a zdr\u017een\u00ed. P\u0159ijm\u011bte tedy pros\u00edm na\u0161i omluvu za zpo\u017ed\u011bn\u00ed s vyd\u00e1n\u00edm dvoj\u010d\u00edsla 3\u20134 ro\u010dn\u00edku 2017 (distribuov\u00e1no bude v b\u0159eznu). V\u011b\u0159\u00edme, \u017ee toto zpo\u017ed\u011bn\u00ed pochop\u00edte a \u017ee i nad\u00e1le na\u0161emu \u010dasopis zachov\u00e1te svoji p\u0159\u00edze\u0148.<\/p>\n<p>Za redak\u010dn\u00ed radu \u010dasopisu Speci\u00e1ln\u00ed pedagogika<\/p>\n<p>Mgr. Marie Komorn\u00e1<\/p>\n","protected":false},"excerpt":{"rendered":"<p>V\u00e1\u017een\u00e9 \u010dten\u00e1\u0159ky a v\u00e1\u017een\u00ed \u010dten\u00e1\u0159i, V redakci \u010dasopisu prob\u011bhly v pr\u016fb\u011bhu roku 2017 zm\u011bny v person\u00e1ln\u00edm obsazen\u00ed a jejich zav\u00e1d\u011bn\u00ed se bohu\u017eel neobe\u0161lo bez men\u0161\u00edch i v\u011bt\u0161\u00edch obt\u00ed\u017e\u00ed a zdr\u017een\u00ed. P\u0159ijm\u011bte tedy pros\u00edm na\u0161i omluvu za zpo\u017ed\u011bn\u00ed s vyd\u00e1n\u00edm dvoj\u010d\u00edsla <a class=\"more-link\" href=\"https:\/\/pages.pedf.cuni.cz\/specpeda\/aktuality\/\">Cel\u00fd \u010dl\u00e1nek  <span class=\"screen-reader-text\">  Star\u0161\u00ed sd\u011blen\u00ed<\/span><span class=\"meta-nav\">&rarr;<\/span><\/a><\/p>\n","protected":false},"author":296,"featured_media":0,"parent":0,"menu_order":0,"comment_status":"closed","ping_status":"closed","template":"","meta":{"footnotes":""},"class_list":["post-149","page","type-page","status-publish","hentry"],"_links":{"self":[{"href":"https:\/\/pages.pedf.cuni.cz\/specpeda\/wp-json\/wp\/v2\/pages\/149","targetHints":{"allow":["GET"]}}],"collection":[{"href":"https:\/\/pages.pedf.cuni.cz\/specpeda\/wp-json\/wp\/v2\/pages"}],"about":[{"href":"https:\/\/pages.pedf.cuni.cz\/specpeda\/wp-json\/wp\/v2\/types\/page"}],"author":[{"embeddable":true,"href":"https:\/\/pages.pedf.cuni.cz\/specpeda\/wp-json\/wp\/v2\/users\/296"}],"replies":[{"embeddable":true,"href":"https:\/\/pages.pedf.cuni.cz\/specpeda\/wp-json\/wp\/v2\/comments?post=149"}],"version-history":[{"count":6,"href":"https:\/\/pages.pedf.cuni.cz\/specpeda\/wp-json\/wp\/v2\/pages\/149\/revisions"}],"predecessor-version":[{"id":252,"href":"https:\/\/pages.pedf.cuni.cz\/specpeda\/wp-json\/wp\/v2\/pages\/149\/revisions\/252"}],"wp:attachment":[{"href":"https:\/\/pages.pedf.cuni.cz\/specpeda\/wp-json\/wp\/v2\/media?parent=149"}],"curies":[{"name":"wp","href":"https:\/\/api.w.org\/{rel}","templated":true}]}}