{"id":15,"date":"2013-06-19T10:21:33","date_gmt":"2013-06-19T10:21:33","guid":{"rendered":"http:\/\/userweb.pedf.cuni.cz\/wp\/specpeda\/?page_id=15"},"modified":"2025-10-14T07:29:25","modified_gmt":"2025-10-14T05:29:25","slug":"english-contact-and-subscriptions","status":"publish","type":"page","link":"https:\/\/pages.pedf.cuni.cz\/specpeda\/english-contact-and-subscriptions\/","title":{"rendered":"Kontakt a p\u0159edplatn\u00e9"},"content":{"rendered":"<h3>Adresa redakce<\/h3>\n<p>UK PedF \u2013 Vydavatelstv\u00ed<br \/>\nMgr. Magdalena Blahutov\u00e1<br \/>\nM. D. Rettigov\u00e9 4, 116 39 Praha 1<br \/>\ntel. 221 900 153<br \/>\ne-mail: specialni.pedagogika@pedf.cuni.cz<\/p>\n<h3>Administrace, objedn\u00e1vky a fakturace<\/h3>\n<p>P\u0159edplatn\u00e9 zaji\u0161\u0165uje:<br \/>\nADISERVIS s.r.o.<br \/>\nNa niv\u00e1ch 18, 141 00 Praha 4 \u2013 Michle<br \/>\ntel.: +420 241 484 521<br \/>\ne-mail: adiservis@seznam.cz<\/p>\n<h3>Cena<\/h3>\n<p>Cena jednotliv\u00e9ho v\u00fdtisku 70 K\u010d<br \/>\nRo\u010dn\u00ed p\u0159edplatn\u00e9 280 K\u010d + po\u0161tovn\u00e9 a baln\u00e9<\/p>\n","protected":false},"excerpt":{"rendered":"<p>Adresa redakce UK PedF \u2013 Vydavatelstv\u00ed Mgr. Magdalena Blahutov\u00e1 M. D. Rettigov\u00e9 4, 116 39 Praha 1 tel. 221 900 153 e-mail: specialni.pedagogika@pedf.cuni.cz Administrace, objedn\u00e1vky a fakturace P\u0159edplatn\u00e9 zaji\u0161\u0165uje: ADISERVIS s.r.o. Na niv\u00e1ch 18, 141 00 Praha 4 \u2013 Michle <a class=\"more-link\" href=\"https:\/\/pages.pedf.cuni.cz\/specpeda\/english-contact-and-subscriptions\/\">Cel\u00fd \u010dl\u00e1nek  <span class=\"screen-reader-text\">  Kontakt a p\u0159edplatn\u00e9<\/span><span class=\"meta-nav\">&rarr;<\/span><\/a><\/p>\n","protected":false},"author":1,"featured_media":0,"parent":0,"menu_order":0,"comment_status":"closed","ping_status":"closed","template":"","meta":{"footnotes":""},"class_list":["post-15","page","type-page","status-publish","hentry"],"_links":{"self":[{"href":"https:\/\/pages.pedf.cuni.cz\/specpeda\/wp-json\/wp\/v2\/pages\/15","targetHints":{"allow":["GET"]}}],"collection":[{"href":"https:\/\/pages.pedf.cuni.cz\/specpeda\/wp-json\/wp\/v2\/pages"}],"about":[{"href":"https:\/\/pages.pedf.cuni.cz\/specpeda\/wp-json\/wp\/v2\/types\/page"}],"author":[{"embeddable":true,"href":"https:\/\/pages.pedf.cuni.cz\/specpeda\/wp-json\/wp\/v2\/users\/1"}],"replies":[{"embeddable":true,"href":"https:\/\/pages.pedf.cuni.cz\/specpeda\/wp-json\/wp\/v2\/comments?post=15"}],"version-history":[{"count":5,"href":"https:\/\/pages.pedf.cuni.cz\/specpeda\/wp-json\/wp\/v2\/pages\/15\/revisions"}],"predecessor-version":[{"id":339,"href":"https:\/\/pages.pedf.cuni.cz\/specpeda\/wp-json\/wp\/v2\/pages\/15\/revisions\/339"}],"wp:attachment":[{"href":"https:\/\/pages.pedf.cuni.cz\/specpeda\/wp-json\/wp\/v2\/media?parent=15"}],"curies":[{"name":"wp","href":"https:\/\/api.w.org\/{rel}","templated":true}]}}