{"id":256,"date":"2021-03-03T11:00:47","date_gmt":"2021-03-03T10:00:47","guid":{"rendered":"http:\/\/pages.pedf.cuni.cz\/specpeda\/?page_id=256"},"modified":"2021-03-03T11:00:48","modified_gmt":"2021-03-03T10:00:48","slug":"publisher-and-editorial-board","status":"publish","type":"page","link":"https:\/\/pages.pedf.cuni.cz\/specpeda\/en\/publisher-and-editorial-board\/","title":{"rendered":"Publisher and Editorial Board"},"content":{"rendered":"\n<h3 class=\"wp-block-heading\">The journal Speci\u00e1ln\u00ed Pedagogika is published by:<\/h3>\n\n\n\n<ul class=\"wp-block-list\"><li><a href=\"http:\/\/www.pedf.cuni.cz\" target=\"_blank\" rel=\"noreferrer noopener\">Charles University in Prague \u2013 Faculty of Education<\/a> [link opens in new window]<\/li><\/ul>\n\n\n\n<h3 class=\"wp-block-heading\">It is directed by the editorial board:<\/h3>\n\n\n\n<ul class=\"wp-block-list\"><li>doc. PhDr. Lea Kv\u011bto\u0148ov\u00e1, Ph.D., p\u0159edsedkyn\u011b<\/li><li>doc. PaedDr. Stanislav Bendl, Ph.D.<\/li><li>doc. PhDr. Marie \u010cern\u00e1, CSc.<\/li><li>doc. PaedDr. Ter\u00e9zia Har\u010dar\u00edkov\u00e1, Ph.D.<\/li><li>doc. PaedDr. Ladislav Hor\u0148\u00e1k, Ph.D.<\/li><li>PaedDr. Jind\u0159ich Kuja<\/li><li>doc. PhDr. Jaroslav Kysu\u010dan, CSc.<\/li><li>prof. MUDr. Milan La\u0161\u0165ovka, DrSc.<\/li><li>prof. PhDr. Viktor Lechta, CSc.<\/li><li>PaedDr. Zdena Michalov\u00e1, Ph.D.<\/li><li>PaedDr. Petr Petr\u00e1\u0161<\/li><li>Mgr. Marie Schifferov\u00e1<\/li><li>doc. PhDr. Iva Strnadov\u00e1, Ph.D.<\/li><li>Mgr. Zuzana Truhl\u00e1\u0159ov\u00e1, Ph.D.<\/li><li>prof. PhDr. RNDr. Marie V\u00e1gnerov\u00e1, CSc.<\/li><li>prof. PhDr. Marie V\u00edtkov\u00e1, CSc.<\/li><li>PhDr. Tibor Vojtko, Ph.D.<\/li><\/ul>\n\n\n\n<h3 class=\"wp-block-heading\">Editorial Team:<\/h3>\n\n\n\n<ul class=\"wp-block-list\"><li>doc. PhDr. Boris Titzl, Ph.D., vedouc\u00ed redaktor<\/li><li>Mgr. Jana Jindrov\u00e1, v\u00fdkonn\u00e1 redaktorka<\/li><li>Mgr. Ivana \u010cechov\u00e1<\/li><li>RNDr. Pavel Pe\u0161at, Ph.D.<\/li><li>PhDr. Dagmar P\u0159inosilov\u00e1, Ph.D.<\/li><li>doc. PhDr. Eva Souralov\u00e1, Ph.D.<\/li><li>doc. PhDr. Bohumil Stejskal, CSc.<\/li><\/ul>\n","protected":false},"excerpt":{"rendered":"<p>The journal Speci\u00e1ln\u00ed Pedagogika is published by: Charles University in Prague \u2013 Faculty of Education [link opens in new window] It is directed by the editorial board: doc. PhDr. Lea Kv\u011bto\u0148ov\u00e1, Ph.D., p\u0159edsedkyn\u011b doc. PaedDr. Stanislav Bendl, Ph.D. doc. PhDr. <a class=\"more-link\" href=\"https:\/\/pages.pedf.cuni.cz\/specpeda\/en\/publisher-and-editorial-board\/\">Cel\u00fd \u010dl\u00e1nek  <span class=\"screen-reader-text\">  Publisher and Editorial Board<\/span><span class=\"meta-nav\">&rarr;<\/span><\/a><\/p>\n","protected":false},"author":1,"featured_media":0,"parent":0,"menu_order":0,"comment_status":"closed","ping_status":"closed","template":"","meta":{"footnotes":""},"class_list":["post-256","page","type-page","status-publish","hentry"],"_links":{"self":[{"href":"https:\/\/pages.pedf.cuni.cz\/specpeda\/wp-json\/wp\/v2\/pages\/256","targetHints":{"allow":["GET"]}}],"collection":[{"href":"https:\/\/pages.pedf.cuni.cz\/specpeda\/wp-json\/wp\/v2\/pages"}],"about":[{"href":"https:\/\/pages.pedf.cuni.cz\/specpeda\/wp-json\/wp\/v2\/types\/page"}],"author":[{"embeddable":true,"href":"https:\/\/pages.pedf.cuni.cz\/specpeda\/wp-json\/wp\/v2\/users\/1"}],"replies":[{"embeddable":true,"href":"https:\/\/pages.pedf.cuni.cz\/specpeda\/wp-json\/wp\/v2\/comments?post=256"}],"version-history":[{"count":1,"href":"https:\/\/pages.pedf.cuni.cz\/specpeda\/wp-json\/wp\/v2\/pages\/256\/revisions"}],"predecessor-version":[{"id":258,"href":"https:\/\/pages.pedf.cuni.cz\/specpeda\/wp-json\/wp\/v2\/pages\/256\/revisions\/258"}],"wp:attachment":[{"href":"https:\/\/pages.pedf.cuni.cz\/specpeda\/wp-json\/wp\/v2\/media?parent=256"}],"curies":[{"name":"wp","href":"https:\/\/api.w.org\/{rel}","templated":true}]}}