{"id":95,"date":"2015-03-30T15:59:21","date_gmt":"2015-03-30T13:59:21","guid":{"rendered":"http:\/\/pages.pedf.cuni.cz\/specpeda\/?page_id=95"},"modified":"2021-03-03T11:27:49","modified_gmt":"2021-03-03T10:27:49","slug":"pro-autory","status":"publish","type":"page","link":"https:\/\/pages.pedf.cuni.cz\/specpeda\/pro-autory\/","title":{"rendered":"Pro p\u0159isp\u011bvatele"},"content":{"rendered":"<p><!--:cs-->\u010casopis <em>Speci\u00e1ln\u00ed pedagogika<\/em> p\u0159ij\u00edm\u00e1 k publikov\u00e1n\u00ed stati, v\u00fdzkumn\u00e1 sd\u011blen\u00ed, p\u0159ehledov\u00e9 studie, diskusn\u00ed p\u0159\u00edsp\u011bvky, informace z&nbsp;praxe, zpr\u00e1vy a recenze. Z\u00e1kladn\u00edm po\u017eadavkem na tyto texty je <strong>p\u016fvodnost<\/strong>.<!--:--><\/p>\n","protected":false},"excerpt":{"rendered":"<p>\u010casopis Speci\u00e1ln\u00ed pedagogika p\u0159ij\u00edm\u00e1 k publikov\u00e1n\u00ed stati, v\u00fdzkumn\u00e1 sd\u011blen\u00ed, p\u0159ehledov\u00e9 studie, diskusn\u00ed p\u0159\u00edsp\u011bvky, informace z&nbsp;praxe, zpr\u00e1vy a recenze. Z\u00e1kladn\u00edm po\u017eadavkem na tyto texty je p\u016fvodnost.<\/p>\n","protected":false},"author":296,"featured_media":0,"parent":0,"menu_order":0,"comment_status":"closed","ping_status":"closed","template":"","meta":{"footnotes":""},"class_list":["post-95","page","type-page","status-publish","hentry"],"_links":{"self":[{"href":"https:\/\/pages.pedf.cuni.cz\/specpeda\/wp-json\/wp\/v2\/pages\/95","targetHints":{"allow":["GET"]}}],"collection":[{"href":"https:\/\/pages.pedf.cuni.cz\/specpeda\/wp-json\/wp\/v2\/pages"}],"about":[{"href":"https:\/\/pages.pedf.cuni.cz\/specpeda\/wp-json\/wp\/v2\/types\/page"}],"author":[{"embeddable":true,"href":"https:\/\/pages.pedf.cuni.cz\/specpeda\/wp-json\/wp\/v2\/users\/296"}],"replies":[{"embeddable":true,"href":"https:\/\/pages.pedf.cuni.cz\/specpeda\/wp-json\/wp\/v2\/comments?post=95"}],"version-history":[{"count":1,"href":"https:\/\/pages.pedf.cuni.cz\/specpeda\/wp-json\/wp\/v2\/pages\/95\/revisions"}],"predecessor-version":[{"id":264,"href":"https:\/\/pages.pedf.cuni.cz\/specpeda\/wp-json\/wp\/v2\/pages\/95\/revisions\/264"}],"wp:attachment":[{"href":"https:\/\/pages.pedf.cuni.cz\/specpeda\/wp-json\/wp\/v2\/media?parent=95"}],"curies":[{"name":"wp","href":"https:\/\/api.w.org\/{rel}","templated":true}]}}