{"id":595,"date":"2018-12-14T21:24:15","date_gmt":"2018-12-14T20:24:15","guid":{"rendered":"http:\/\/pages.pedf.cuni.cz\/uvrv-en\/?page_id=595"},"modified":"2018-12-18T13:18:53","modified_gmt":"2018-12-18T12:18:53","slug":"dr-ivan-ropovik","status":"publish","type":"page","link":"https:\/\/pages.pedf.cuni.cz\/uvrv-en\/dr-ivan-ropovik\/","title":{"rendered":"Dr. Ivan Ropovik"},"content":{"rendered":"<h2><img loading=\"lazy\" decoding=\"async\" class=\" wp-image-4965 alignleft\" src=\"https:\/\/pages.pedf.cuni.cz\/uvrv\/files\/2018\/12\/Ivan-Ropovik-240x300.png\" alt=\"\" width=\"132\" height=\"165\" \/><\/h2>\n<p>&nbsp;<\/p>\n<p>&nbsp;<\/p>\n<p>&nbsp;<\/p>\n<p>&nbsp;<\/p>\n<p>&nbsp;<\/p>\n<h5 class=\"collapseomatic highlight\" id=\"id69fac0997026f\"  tabindex=\"0\" title=\"Qualifications\"    >Qualifications<\/h5><div id=\"target-id69fac0997026f\" class=\"collapseomatic_content \">\n<ul>\n<li>2009\u00a0<span class=\"gmail_default\">MA,<\/span>\u00a0<span class=\"gmail_default\">English language teaching &#8211; German language teaching<\/span><br \/>\nFa<span class=\"gmail_default\">culty of Humanities and Natural Sciences, University of Presov, Slovakia<\/span><\/li>\n<li>2012 PhD.,\u00a0<span class=\"gmail_default\">Preschool and elementary education<\/span><br \/>\n<span class=\"gmail_default\">Faculty of education,\u00a0<\/span>University of Presov, Slovakia<\/div><\/li>\n<\/ul>\n<h5 class=\"collapseomatic highlight\" id=\"id69fac09970354\"  tabindex=\"0\" title=\"Employment\"    >Employment<\/h5><div id=\"target-id69fac09970354\" class=\"collapseomatic_content \">\n<ul>\n<li><strong>2018 &#8211; 2019<\/strong><br \/>\nPost-Doc<br \/>\nInstitute for Research and Development of Education, Faculty of Education, Charles university<\/li>\n<li><strong>2012 &#8211; present<\/strong><br \/>\nResearcher<br \/>\nFaculty of Education,\u00a0University of Presov, Slovakia<\/div><\/li>\n<\/ul>\n<h5 class=\"collapseomatic highlight\" id=\"id69fac09970395\"  tabindex=\"0\" title=\"Publications\"    >Publications<\/h5><div id=\"target-id69fac09970395\" class=\"collapseomatic_content \">\n<p>List of publications and citations available <a href=\"https:\/\/scholar.google.sk\/citations?user=IKB8HIIAAAAJ&amp;hl=sk&amp;oi=ao\">here<\/a>.<\/p>\n<p style=\"font-weight: 400\"><strong>Current Contents papers (quartile and impact factor)<\/strong><\/p>\n<ul>\n<li style=\"font-weight: 400\">Ropovik, I. (2014a). Do executive functions predict the ability to learn problem-solving principles?\u00a0<em>Intelligence<\/em>,<em>44<\/em>, 64\u201374.\u00a0Q1 journal, IF = 3.4<\/li>\n<li style=\"font-weight: 400\">Ropovik, I., Bobakova, M., Ferjencik, J., Filickova, M., Kovalcikova, I., &amp; Slavkovska, M. (2015). The utility of set-loss error scores in the general population.\u00a0<em>Psychological assessment<\/em>,\u00a0<em>27<\/em>(3), 755\u2013762. Q1 journal, IF = 3.2<\/li>\n<li style=\"font-weight: 400\">Ropovik, I. (2015). A cautionary note on testing latent variable models.\u00a0<em>Frontiers in psychology<\/em>,\u00a0<em>6<\/em>, 1715. Q1 journal, IF = 2.4<\/li>\n<li style=\"font-weight: 400\">Ropovik, I. (2014b). Validita merania: h\u013eadanie d\u00f4vodov absencie konsenzu.\u00a0<em>\u010ceskoslovensk\u00e1 Psychologie<\/em>,<em>58<\/em>(6), 580\u2013593. Q4 journal, IF = 0.2<\/li>\n<li style=\"font-weight: 400\">Ropovik, I. (2017b). O v\u00fdzname p-hodn\u00f4t: reflexia na silnej\u00facu kritiku testov v\u00fdznamnosti.\u00a0<em>\u010ceskoslovensk\u00e1 Psychologie<\/em>,\u00a0<em>61<\/em>(5), 502\u2013516. Q4 journal, IF = 0.1<\/li>\n<li style=\"font-weight: 400\">Ropovik, I., Bob\u00e1kov\u00e1, M., Ferjenc\u00edk, J., Filickov\u00e1, M., Kovalcikov\u00e1, I., &amp; Slavkovsk\u00e1, M. (2016). Explaining the ability to learn analogies: the role of executive functions and fluid intelligence.\u00a0<em>Studia Psychologica<\/em>,\u00a0<em>58<\/em>(4), 322\u2013335. Q4 journal, IF = 0.3<\/li>\n<li style=\"font-weight: 400\">O&#8217;Donnell, M., Nelson, L. D., Ackermann, E., Aczel, &#8230; Ropovik, I., et al. (2018). Registered Replication Report: Dijksterhuis and van Knippenberg (1998).\u00a0<em>Perspectives on Psychological Science<\/em>,\u00a0<em>13<\/em>(2), 268\u2013294. Q1 journal, IF = 9.0<\/li>\n<li style=\"font-weight: 400\">Filickova, M., Kovalcikova, I., &amp; Ropovik, I. (2016). The role of simultaneous and successive processing in EFL reading.\u00a0<em>International Journal of Psychology<\/em>,\u00a0<em>51<\/em>(5), 383\u2013391. Q2 journal, IF = 1.5<\/li>\n<li style=\"font-weight: 400\">Ferjen\u010d\u00edk, J., Bob\u00e1kov\u00e1, M., Koval\u010d\u00edkov\u00e1, I., Ropovik, I., &amp; Slavkovsk\u00e1, M. (2014). Proces a vybran\u00e9 v\u1ef3sledky slovenskej adapt\u00e1cie Delis-Kaplanovej syst\u00e9mu exekut\u00edvnych funkci\u00ed D-KEFS.\u00a0<em>\u010ceskoslovensk\u00e1 Psychologie<\/em>,\u00a0<em>58<\/em>(6).\u00a0Q4 journal, IF = 0.2<\/li>\n<\/ul>\n<p style=\"font-weight: 400\"><strong>Papers indexed in Web of Science<\/strong><strong><br \/>\n<\/strong><\/p>\n<ul>\n<li style=\"font-weight: 400\">Boberova, Z., Paakkari, L., Ropovik, I., &amp; Liba, J. (2017). Democratic school health education in a post-communist country.\u00a0<em>Health Education<\/em>,\u00a0<em>117<\/em>(5), 469\u2013484.<\/li>\n<\/ul>\n<p style=\"font-weight: 400\"><strong>In press<\/strong><\/p>\n<ul>\n<li style=\"font-weight: 400\">Jones, B. C., DeBruine, L., Flake, &#8230; Ropovik, I., et al. (2018). Social perception of faces around the world: How well does the valence-dominance model generalize across world regions? (Registered Report Stage 1).\u00a0<em>Nature Human Behavior<\/em>, In-principle acceptance.<\/li>\n<li style=\"font-weight: 400\">Moshontz, H., Campbell, L., Ebersole, C. R., IJzerman, H., Urry, &#8230; Ropovik, I., et al. (2018). Psychological Science Accelerator: Advancing Psychology through a Distributed Collaborative Network.\u00a0<em>Advances in Methods and Practices in Psychological Science<\/em>, in press.<\/li>\n<li style=\"font-weight: 400\">Karko\u0161kov\u00e1, S., &amp; Ropovik, I. (2018). The prevalence of child sexual abuse among Slovak late adolescents.\u00a0<em>Journal of Child Sexual Abuse<\/em>, in press.<\/li>\n<li style=\"font-weight: 400\">IJzerman, H., Ropovik, I., Gallucci, M., H\u00e4fner, M., &amp; Lindenberg, S. (2018). Soothing Sadness: When Sharing Emotions Helps.\u00a0<em>Journal of Experimental Social Psychology,\u00a0<\/em>in press.<\/li>\n<\/ul>\n<p style=\"font-weight: 400\"><strong>Books<\/strong><\/p>\n<ul>\n<li><span style=\"font-weight: 400\">Koval\u010d\u00edkov\u00e1, I., Ropovik, I., Ferjen\u010d\u00edk, J., Lipt\u00e1kov\u00e1, L., Klimovi\u010d, M., Demko, M., &amp; Brajer\u010d\u00edk, J. (2016).\u00a0<\/span><em style=\"font-weight: 400\">Diagnostika a stimul\u00e1cia kognit\u00edvnych a exekut\u00edvnych funkci\u00ed \u017eiaka v mlad\u0161om \u0161kolskom veku<\/em><span style=\"font-weight: 400\">. Pre\u0161ov: Vydavate\u013estvo Pre\u0161ovskej Univerzity.<\/span><\/li>\n<li><span style=\"font-weight: 400\">Koval\u010d\u00edkov\u00e1, I., Bob\u00e1kov\u00e1, M., Fili\u010dkov\u00e1, M., Ropovik, I., &amp; Slavkovsk\u00e1, M. (2015).\u00a0<\/span><em style=\"font-weight: 400\">Terminologick\u00e9 minimum kognit\u00edvnej eduk\u00e1cie<\/em><span style=\"font-weight: 400\">. Pre\u0161ov:\u00a0<\/span><span style=\"font-weight: 400\">Vydavate\u013estvo Pre\u0161ovskej Univerzity.<\/span><\/div><\/li>\n<\/ul>\n<h5 class=\"collapseomatic highlight\" id=\"id69fac099703d0\"  tabindex=\"0\" title=\"Projects\"    >Projects<\/h5><div id=\"target-id69fac099703d0\" class=\"collapseomatic_content \">\n<ul>\n<li class=\"gmail_default\">APVV-0281-11 Exekut\u00edvne funkcie ako \u0161truktur\u00e1lny komponent schopnosti u\u010di\u0165 sa: diagnostika a stimul\u00e1cia (position: investigator, total research capacity: 7000 hours, 2012 &#8211; 2015).<\/li>\n<li class=\"gmail_default\">Rie\u0161ite\u013e grantov\u00e9ho projektu APVV-17-0418 Posttraumatick\u00fd podtyp depresie a jeho etiopatogen\u00e9za: sie\u0165ov\u00fd pr\u00edstup k psychopatol\u00f3gii (position: investigator, total research capacity:\u00a04000 hours, 2018 &#8211; 2022).<\/li>\n<li class=\"gmail_default\">Rie\u0161ite\u013e grantov\u00e9ho projektu VEGA 1\/0353\/18 Implicitn\u00e9 jazykov\u00e9 znalosti die\u0165a\u0165a mlad\u0161ieho \u0161kolsk\u00e9ho veku (position: investigator, total research capacity:\u00a0600 hours, 2018 &#8211; 2021).<\/li>\n<li class=\"gmail_default\">Rie\u0161ite\u013e grantov\u00e9ho projektu VEGA 1\/0427\/17 Zdravotn\u00e1 gramotnos\u0165 \u017eiakov ako s\u00fa\u010das\u0165 v\u00fdchovno-vzdel\u00e1vacieho procesu v \u0161kol\u00e1ch a v\u00fdsledok \u0161kolskej v\u00fdchovy k zdraviu (position: investigator, total research capacity<span class=\"gmail_default\">\u00a0<\/span>\u00a0400\u00a0<span class=\"gmail_default\">hours<\/span>, 2017 &#8211; 2020).<\/div><\/li>\n<\/ul>\n<h5 class=\"collapseomatic highlight\" id=\"id69fac09970402\"  tabindex=\"0\" title=\"Awards\"    >Awards<\/h5><div id=\"target-id69fac09970402\" class=\"collapseomatic_content \">\n<ul>\n<li><span style=\"font-family: arial, helvetica, sans-serif\">R<\/span><span class=\"gmail_default\">ector&#8217;s award<\/span><span class=\"gmail_default\">, University of Presov<\/span><span class=\"gmail_default\">\u00a0in years\u00a0<\/span>2014, 2015, 2016,\u00a0<span class=\"gmail_default\">and\u00a0<\/span>2 x\u00a0<span class=\"gmail_default\">in<\/span>\u00a02017<\/li>\n<li><span class=\"gmail_default\">Dean&#8217;s award<\/span><span class=\"gmail_default\">, University of Presov<\/span><span class=\"gmail_default\">\u00a0in years\u00a0<\/span>\u00a02012, 2014, 2015, 2016,<span class=\"gmail_default\">\u00a0and<\/span>\u00a02017.<\/div><\/li>\n<\/ul>\n","protected":false},"excerpt":{"rendered":"<p>&nbsp; &nbsp; &nbsp; &nbsp; &nbsp;<\/p>\n","protected":false},"author":387,"featured_media":0,"parent":0,"menu_order":0,"comment_status":"closed","ping_status":"closed","template":"1r-sidebar.php","meta":{"footnotes":""},"class_list":["post-595","page","type-page","status-publish","hentry","post-seq-1","post-parity-odd","meta-position-corners","fix"],"_links":{"self":[{"href":"https:\/\/pages.pedf.cuni.cz\/uvrv-en\/wp-json\/wp\/v2\/pages\/595","targetHints":{"allow":["GET"]}}],"collection":[{"href":"https:\/\/pages.pedf.cuni.cz\/uvrv-en\/wp-json\/wp\/v2\/pages"}],"about":[{"href":"https:\/\/pages.pedf.cuni.cz\/uvrv-en\/wp-json\/wp\/v2\/types\/page"}],"author":[{"embeddable":true,"href":"https:\/\/pages.pedf.cuni.cz\/uvrv-en\/wp-json\/wp\/v2\/users\/387"}],"replies":[{"embeddable":true,"href":"https:\/\/pages.pedf.cuni.cz\/uvrv-en\/wp-json\/wp\/v2\/comments?post=595"}],"version-history":[{"count":6,"href":"https:\/\/pages.pedf.cuni.cz\/uvrv-en\/wp-json\/wp\/v2\/pages\/595\/revisions"}],"predecessor-version":[{"id":617,"href":"https:\/\/pages.pedf.cuni.cz\/uvrv-en\/wp-json\/wp\/v2\/pages\/595\/revisions\/617"}],"wp:attachment":[{"href":"https:\/\/pages.pedf.cuni.cz\/uvrv-en\/wp-json\/wp\/v2\/media?parent=595"}],"curies":[{"name":"wp","href":"https:\/\/api.w.org\/{rel}","templated":true}]}}