{"id":7,"date":"2014-10-24T10:13:56","date_gmt":"2014-10-24T10:13:56","guid":{"rendered":"http:\/\/pages.pedf.cuni.cz\/uvrv-en\/?page_id=7"},"modified":"2017-07-13T12:02:00","modified_gmt":"2017-07-13T10:02:00","slug":"staff","status":"publish","type":"page","link":"https:\/\/pages.pedf.cuni.cz\/uvrv-en\/staff\/","title":{"rendered":"Staff"},"content":{"rendered":"\n<table id=\"tablepress-1\" class=\"tablepress tablepress-id-1 tbody-has-connected-cells\">\n<tbody class=\"row-striping row-hover\">\n<tr class=\"row-1\">\n\t<td colspan=\"2\" class=\"column-1\"><strong>DIRECTOR<\/strong><\/td><td class=\"column-3\"><\/td>\n<\/tr>\n<tr class=\"row-2\">\n\t<td class=\"column-1\"><img loading=\"lazy\" decoding=\"async\" src=\"https:\/\/pages.pedf.cuni.cz\/uvrv\/files\/2017\/06\/3V5A9578-e1498727176373.jpg\" alt=\"David Greger\" width=\"100\" height=\"110\" class=\"aligncenter size-thumbnail wp-image-438\" \/><\/td><td class=\"column-2\"><p style=\"text-align: left\"><a href=\"https:\/\/pages.pedf.cuni.cz\/uvrv-en\/david-greger\/\">Dr. David Greger<\/a><\/p><\/td><td class=\"column-3\"><a href=\"mailto:david.greger@pedf.cuni.cz\">david.greger@pedf.cuni.cz<\/a><br \/>\n<p style=\"text-align: center\">+420 221 900 528<\/p><\/td>\n<\/tr>\n<tr class=\"row-3\">\n\t<td colspan=\"2\" class=\"column-1\"><strong>DEPUTY DIRECTOR<\/strong><\/td><td class=\"column-3\"><\/td>\n<\/tr>\n<tr class=\"row-4\">\n\t<td class=\"column-1\"><img loading=\"lazy\" decoding=\"async\" src=\"https:\/\/pages.pedf.cuni.cz\/uvrv\/files\/2017\/06\/3V5A9561-e1498727219607.jpg\" alt=\"karel_stary\" width=\"100\" height=\"110\" class=\"size-thumbnail wp-image-440\" \/><\/td><td class=\"column-2\"><p style=\"text-align: left\"><a href=\"https:\/\/pages.pedf.cuni.cz\/uvrv-en\/karel-stary\/\">Dr. Karel Star\u00fd<\/a><\/p><\/td><td class=\"column-3\"><a href=\"mailto:karel.stary@pedf.cuni.cz\">karel.stary@pedf.cuni.cz<\/a><br \/>\n<p style=\"text-align: center\">+420 221 900 552<\/p><\/td>\n<\/tr>\n<tr class=\"row-5\">\n\t<td colspan=\"2\" class=\"column-1\"><strong>RESEARCHERS<\/strong><\/td><td class=\"column-3\"><\/td>\n<\/tr>\n<tr class=\"row-6\">\n\t<td class=\"column-1\"><img loading=\"lazy\" decoding=\"async\" src=\"https:\/\/pages.pedf.cuni.cz\/uvrv\/files\/2017\/06\/3V5A9516-e1498727436515.jpg\" alt=\"eliska_walterova\" width=\"100\" height=\"110\" class=\"aligncenter size-thumbnail wp-image-436\" \/><\/a><\/td><td class=\"column-2\"><p style=\"text-align: left\"><a href=\"https:\/\/pages.pedf.cuni.cz\/uvrv-en\/eliska-walterova\/\">Prof. Eli\u0161ka Walterov\u00e1<\/a><\/p><\/td><td class=\"column-3\"><a href=\"mailto:eliska.walterova@pedf.cuni.cz\">eliska.walterova@pedf.cuni.cz<\/a><br \/>\n<p style=\"text-align: center\">+420 221 900 530<\/p><\/td>\n<\/tr>\n<tr class=\"row-7\">\n\t<td class=\"column-1\"><img loading=\"lazy\" decoding=\"async\" src=\"https:\/\/pages.pedf.cuni.cz\/uvrv\/files\/2017\/06\/3V5A9543-e1498727275318.jpg\" alt=\"dominik_dvorak\" width=\"100\" height=\"110\" class=\"aligncenter size-thumbnail wp-image-444\" \/><\/a><\/td><td class=\"column-2\"><p style=\"text-align: left\"><a href=\"https:\/\/pages.pedf.cuni.cz\/uvrv-en\/dominik-dvorak\/\">Dr. Dominik Dvo\u0159\u00e1k<\/a><\/p><\/td><td class=\"column-3\"><a href=\"mailto:dominik.dvorak@pedf.cuni.cz\">dominik.dvorak@pedf.cuni.cz<\/a><br \/>\n<p style=\"text-align: center\">+420 221 900 533<\/p><\/td>\n<\/tr>\n<tr class=\"row-8\">\n\t<td class=\"column-1\"><img loading=\"lazy\" decoding=\"async\" src=\"https:\/\/pages.pedf.cuni.cz\/uvrv\/files\/2017\/06\/3V5A9505-e1498723015488.jpg\" alt=\"laufkova\" width=\"100\" height=\"110\" class=\"aligncenter size-thumbnail wp-image-568\" \/><\/a><\/td><td class=\"column-2\"><a href=\"https:\/\/pages.pedf.cuni.cz\/uvrv-en\/veronika-laufkova\/\">Dr. Veronika Laufkov\u00e1 (Krabsov\u00e1)<\/a><\/td><td class=\"column-3\"><a href=\"mailto:veronika.laufkova@pedf.cuni.cz\">veronika.laufkova@pedf.cuni.cz<\/a><br \/>\n<p style=\"text-align: center\">+420 221 900 526<\/p><\/td>\n<\/tr>\n<tr class=\"row-9\">\n\t<td class=\"column-1\"><img loading=\"lazy\" decoding=\"async\" src=\"https:\/\/pages.pedf.cuni.cz\/uvrv-en\/files\/2018\/02\/forka-pateicia-martinkova.png\" alt=\"martinkova\" width=\"100\" height=\"110\" class=\"aligncenter size-thumbnail wp-image-568\" \/><\/a><\/td><td class=\"column-2\"><a href=\"https:\/\/pages.pedf.cuni.cz\/uvrv-en\/patricia-martinkova\/\">Dr. Patr\u00edcia Martinkov\u00e1<\/a><\/td><td class=\"column-3\"><a href=\"mailto:patricia.martinkova@pedf.cuni.cz\">patricia.martinkova@pedf.cuni.cz<\/a><br \/>\n<p style=\"text-align: center\">+420 221 900 526<\/p><\/td>\n<\/tr>\n<tr class=\"row-10\">\n\t<td class=\"column-1\"><img loading=\"lazy\" decoding=\"async\" src=\"https:\/\/pages.pedf.cuni.cz\/uvrv-en\/files\/2022\/03\/JanaStrakova_fotoKaterinaSovova-2-scaled-e1646493088210.jpg\" alt=\"Jana Strakov\u00e1\" width=\"100\" height=\"110\" class=\"aligncenter size-thumbnail wp-image-493\" \/><\/a><\/td><td class=\"column-2\"><p style=\"text-align: left\"><a href=\"https:\/\/pages.pedf.cuni.cz\/uvrv-en\/jana-strakova\/\">Assoc. Prof. Jana Strakov\u00e1<\/a><\/p><\/td><td class=\"column-3\"><a href=\"mailto:jana.strakova@pedf.cuni.cz\">jana.strakova@pedf.cuni.cz<\/a><br \/>\n<p style=\"text-align: center\">+420 221 900 531<\/p><\/td>\n<\/tr>\n<tr class=\"row-11\">\n\t<td class=\"column-1\"><img loading=\"lazy\" decoding=\"async\" src=\"https:\/\/pages.pedf.cuni.cz\/uvrv\/files\/2017\/06\/3V5A9540-e1498727284911.jpg\" alt=\"simonova\" width=\"100\" height=\"110\" class=\"aligncenter size-thumbnail wp-image-564\" \/><\/a><\/td><td class=\"column-2\"><a href=\"https:\/\/pages.pedf.cuni.cz\/uvrv-en\/jaroslava-simonova\/\">Dr. Jaroslava Simonov\u00e1<\/a><\/td><td class=\"column-3\"><a href=\"mailto:jaroslava.simonova@pedf.cuni.cz\">jaroslava.simonova@pedf.cuni.cz<\/a><br \/>\n<p style=\"text-align: center\">+420 221 900 531<\/p><\/td>\n<\/tr>\n<tr class=\"row-12\">\n\t<td class=\"column-1\"><img decoding=\"async\" src=\"https:\/\/pages.pedf.cuni.cz\/uvrv\/files\/2017\/06\/3V5A9565-e1498727203750.jpg\" alt=\"V\u00edt \u0160\u0165astn\u00fd\" width=\"100\" class=\"aligncenter size-thumbnail wp-image-566\" \/><\/a><\/td><td class=\"column-2\"><a href=\"https:\/\/pages.pedf.cuni.cz\/uvrv-en\/vit-stastny\/\">Assoc. prof. V\u00ed\u00adt \u0160\u0165astn\u00fd<\/a><\/td><td class=\"column-3\"><a href=\"mailto:vit.stastny@pedf.cuni.cz\">vit.stastny@pedf.cuni.cz<\/a><br \/>\n<p style=\"text-align: center\">+420 221 900 526<\/p><\/td>\n<\/tr>\n<tr class=\"row-13\">\n\t<td colspan=\"2\" class=\"column-1\"><strong>POST-DOCs<\/strong><\/td><td class=\"column-3\"><\/td>\n<\/tr>\n<tr class=\"row-14\">\n\t<td class=\"column-1\"><img decoding=\"async\" src=\"https:\/\/pages.pedf.cuni.cz\/uvrv\/files\/2018\/12\/Ivan-Ropovik.png\" alt=\"Ivan Ropovik\" width=\"100\" class=\"aligncenter size-thumbnail wp-image-566\" \/><\/a><\/td><td class=\"column-2\"><p style=\"text-align: left\"><a href=\"https:\/\/pages.pedf.cuni.cz\/uvrv-en\/dr-ivan-ropovik\/\">Dr. Ivan Ropovik<\/a><\/p><br \/>\n<\/td><td class=\"column-3\"><a href=\"mailto:ivan.ropovik@gmail.com\">ivan.ropovik@gmail.com<\/a><\/td>\n<\/tr>\n<tr class=\"row-15\">\n\t<td colspan=\"2\" class=\"column-1\"><strong>OFFICE MANAGER<\/strong><\/td><td class=\"column-3\"><\/td>\n<\/tr>\n<tr class=\"row-16\">\n\t<td class=\"column-1\"><img loading=\"lazy\" decoding=\"async\" src=\"https:\/\/pages.pedf.cuni.cz\/uvrv\/files\/2010\/08\/petra_vnukova-120x150.jpg\" alt=\"petra_vnukova\" width=\"100\" height=\"110\" class=\"aligncenter size-thumbnail wp-image-457\" \/><\/a><\/td><td class=\"column-2\">Petra Vnukov\u00e1<\/td><td class=\"column-3\"><a href=\"mailto:petra.vnukova@pedf.cuni.cz\">petra.vnukova@pedf.cuni.cz<\/a><br \/>\n<p style=\"text-align: center\">+420 221 900 535<\/p><\/td>\n<\/tr>\n<tr class=\"row-17\">\n\t<td colspan=\"2\" class=\"column-1\"><strong>EXTERNAL STAFF<\/strong><\/td><td class=\"column-3\"><\/td>\n<\/tr>\n<tr class=\"row-18\">\n\t<td class=\"column-1\"><img loading=\"lazy\" decoding=\"async\" src=\"https:\/\/pages.pedf.cuni.cz\/uvrv\/files\/2010\/08\/pert_urbanek.jpg\" alt=\"pert_urbanek\" width=\"100\" height=\"110\" class=\"aligncenter size-thumbnail wp-image-452\" \/><\/a><\/td><td class=\"column-2\"><p style=\"text-align: left\"><a href=\"https:\/\/pages.pedf.cuni.cz\/uvrv-en\/petr-urbanek\">Assoc. Prof. Petr Urb\u00e1nek<\/a><\/p><br \/>\n<\/td><td class=\"column-3\"><a href=\"mailto:petr.urbanek@pedf.cuni.cz\">petr.urbanek@pedf.cuni.cz<\/a><br \/>\n<p style=\"text-align: center\">+420 221 900 526 \/ 527<\/p><\/td>\n<\/tr>\n<tr class=\"row-19\">\n\t<td colspan=\"2\" class=\"column-1\"><strong>Ph.D. STUDENTS<\/strong><\/td><td class=\"column-3\"><\/td>\n<\/tr>\n<tr class=\"row-20\">\n\t<td class=\"column-1\"><\/td><td class=\"column-2\"><a>Abouelmahasin Ashgan, PhDr.<\/a><br \/>\n<a>Ali-Rweide Tahani<\/a><br \/>\n<a>Bon\u011bk Jan, PhDr.<\/a><br \/>\n<a href=\"https:\/\/pages.pedf.cuni.cz\/uvrv\/mgr-kamil-cinkraut\/\">Cinkraut Kamil, Mgr.<\/a><br \/>\n<a>Dombinskaya Natalia, Mgr.<\/a><br \/>\n<a href=\"https:\/\/pages.pedf.cuni.cz\/uvrv\/anna-donovalova\/\">Donovalov\u00e1 Anna, Mgr.<\/a><br \/>\n<a href=\"https:\/\/pages.pedf.cuni.cz\/uvrv\/mgr-anna-drobna\/\">Drobn\u00e1 Anna, Mgr.<\/a><br \/>\n<a>G\u00e1l Petr, Ji\u0159\u00ed, Mgr. Bc.<\/a><br \/>\n<a href=\"https:\/\/pages.pedf.cuni.cz\/uvrv\/kaitlin-griffith\/\">Griffith Kaitlin, M.Ed.<\/a><br \/>\n<a>Hole\u010dkov\u00e1 Petra, Mgr.<\/a><br \/>\n<a>Chalu\u0161 Petr, Mgr.<\/a><br \/>\n<a>Jan\u010dov\u00e1 V\u011bra, Mgr.<\/a><br \/>\n<a href=\"https:\/\/pages.pedf.cuni.cz\/uvrv\/m-a-nina-jovanovic\/\">Jovanovi\u0107 Nina<\/a><br \/>\n<a>Kachni\u010d Filip, Mgr.<\/a><br \/>\n<a href=\"https:\/\/pages.pedf.cuni.cz\/uvrv\/stepan-kment-mphil\/\">Kment \u0160t\u011bp\u00e1n, MPhil<\/a><br \/>\n<a>Kourkzi Alice, Mgr.<\/a><br \/>\n<a href=\"https:\/\/pages.pedf.cuni.cz\/uvrv\/ondrej-kozeluh\/\">Ko\u017eeluh Ond\u0159ej<\/a><br \/>\n<a href=\"https:\/\/pages.pedf.cuni.cz\/uvrv\/mgr-zuzana-krejci\/\">Krej\u010d\u00ed Zuzana, Mgr.<\/a><br \/>\n<a href=\"https:\/\/pages.pedf.cuni.cz\/uvrv\/jie-li\/\">Li Jie, M.A.<\/a><br \/>\n<a>Maz\u00fachov\u00e1 R\u00e1chel, Mgr.<\/a><br \/>\n<a href=\"https:\/\/pages.pedf.cuni.cz\/uvrv\/mgr-jan-netik\/\">Net\u00edk Jan, Mgr.<\/a><br \/>\n<a href=\"https:\/\/pages.pedf.cuni.cz\/uvrv\/jiri-suchanek\/\">Such\u00e1nek Ji\u0159\u00ed, Mgr.<\/a><br \/>\n<a href=\"https:\/\/pages.pedf.cuni.cz\/uvrv\/kristyna-sejnohova\/\">\u0160ejnohov\u00e1 Krist\u00fdna, Mgr.<\/a><br \/>\n<a>\u0160imsa Benjamin, Mgr.<\/a><br \/>\n<a href=\"https:\/\/pages.pedf.cuni.cz\/uvrv\/m-a-revaz-tabatadze-ph-d\/\">Tabatadze Revaz, Mgr., BA, Ph.D.<\/a><br \/>\n<a href=\"https:\/\/pages.pedf.cuni.cz\/uvrv\/mgr-yu-zhu\/\">Yu Zhu, Mgr.<\/a><\/td><td class=\"column-3\"><a href=\"mailto:ashgan.abdelrahim2020@gmail.com\">ashgan.abdelrahim2020@gmail.com<\/a><br \/>\n<a href=\"mailto:tahaniali01@yahoo.com\">tahaniali01@yahoo.com<\/a><br \/>\n<a href=\"mailto:jan.bonek@seznam.cz\">jan.bonek@seznam.cz<\/a><br \/>\n<a href=\"mailto:kamil.cinkraut984@student.cuni.cz\">kamil.cinkraut984@student.cuni.cz<\/a><br \/>\n<a href=\"mailto:dombinskaya@gmail.com\">dombinskaya@gmail.com<\/a><br \/>\n<a href=\"mailto:anna.donovalova1@gmail.com\">anna.donovalova1@gmail.com<\/a><br \/>\n<a href=\"mailto:anna-drob@seznam.cz\">anna-drob@seznam.cz<\/a><br \/>\n<a href=\"mailto:petrjirigal@gmail.com\">petrjirigal@gmail.com<\/a><br \/>\n<a href=\"mailto:kaitlingriiffit.h@gmail.com\">kaitlingriiffit.h@gmail.com<\/a><br \/>\n<a href=\"mailto:holeckova.petra@centrum.cz\">holeckova.petra@centrum.cz<\/a><br \/>\n<a href=\"mailto:petrchalus@gmail.com\">petrchalus@gmail.com<\/a><br \/>\n<a href=\"mailto:jancovadmhc@seznam.cz\">jancovadmhc@seznam.cz<\/a><br \/>\n<a href=\"mailto:ninajovanovic1995@gmail.com\">ninajovanovic1995@gmail.com<\/a><br \/>\n<a href=\"mailto:filipkachnic@hotmail.com\">filipkachnic@hotmail.com<\/a><br \/>\n<a href=\"mailto:skment@outlook.com\">skment@outlook.com<\/a><br \/>\n<a href=\"mailto:alicekourkzi@hotmail.com\">alicekourkzi@hotmail.com<\/a><br \/>\n<a href=\"mailto:coroner@volny.cz\">coroner@volny.cz<\/a><br \/>\n<a href=\"mailto:zuzana.krejci2@pedf.cuni.cz\">zuzana.krejci2@pedf.cuni.cz<\/a><br \/>\n<a href=\"mailto:jie.li9@uqconnect.edu.au\">jie.li9@uqconnect.edu.au<\/a><br \/>\n<a href=\"mailto:rachelma@seznam.cz\">rachelma@seznam.cz<\/a><br \/>\n<a href=\"mailto:netikja@gmail.com\">netikja@gmail.com<\/a><br \/>\n<a href=\"mailto:jiri.suchanek454@student.cuni.cz\">\tjiri.suchanek454@student.cuni.cz<\/a><br \/>\n<a href=\"mailto:sejnohovak@gmail.com\">sejnohovak@gmail.com<\/a><br \/>\n<a href=\"mailto:benjsimsa@gmail.com\">benjsimsa@gmail.com<\/a><br \/>\n<a href=\"mailto:revaz.tabatadze@ug.edu.ge\">revaz.tabatadze@ug.edu.ge<\/a><br \/>\n<a href=\"mailto:stellarzy01@gmail.com\">stellarzy01@gmail.com<\/a><\/td>\n<\/tr>\n<\/tbody>\n<\/table>\n<!-- #tablepress-1 from cache -->\n","protected":false},"excerpt":{"rendered":"","protected":false},"author":1,"featured_media":0,"parent":0,"menu_order":0,"comment_status":"closed","ping_status":"closed","template":"1r-sidebar.php","meta":{"footnotes":""},"class_list":["post-7","page","type-page","status-publish","hentry","post-seq-1","post-parity-odd","meta-position-corners","fix"],"_links":{"self":[{"href":"https:\/\/pages.pedf.cuni.cz\/uvrv-en\/wp-json\/wp\/v2\/pages\/7","targetHints":{"allow":["GET"]}}],"collection":[{"href":"https:\/\/pages.pedf.cuni.cz\/uvrv-en\/wp-json\/wp\/v2\/pages"}],"about":[{"href":"https:\/\/pages.pedf.cuni.cz\/uvrv-en\/wp-json\/wp\/v2\/types\/page"}],"author":[{"embeddable":true,"href":"https:\/\/pages.pedf.cuni.cz\/uvrv-en\/wp-json\/wp\/v2\/users\/1"}],"replies":[{"embeddable":true,"href":"https:\/\/pages.pedf.cuni.cz\/uvrv-en\/wp-json\/wp\/v2\/comments?post=7"}],"version-history":[{"count":1,"href":"https:\/\/pages.pedf.cuni.cz\/uvrv-en\/wp-json\/wp\/v2\/pages\/7\/revisions"}],"predecessor-version":[{"id":416,"href":"https:\/\/pages.pedf.cuni.cz\/uvrv-en\/wp-json\/wp\/v2\/pages\/7\/revisions\/416"}],"wp:attachment":[{"href":"https:\/\/pages.pedf.cuni.cz\/uvrv-en\/wp-json\/wp\/v2\/media?parent=7"}],"curies":[{"name":"wp","href":"https:\/\/api.w.org\/{rel}","templated":true}]}}