{"id":810,"date":"2020-10-24T12:57:09","date_gmt":"2020-10-24T10:57:09","guid":{"rendered":"http:\/\/pages.pedf.cuni.cz\/uvrv-en\/?page_id=810"},"modified":"2020-10-26T09:14:55","modified_gmt":"2020-10-26T08:14:55","slug":"primus-meta-analysis-in-education","status":"publish","type":"page","link":"https:\/\/pages.pedf.cuni.cz\/uvrv-en\/primus-meta-analysis-in-education\/","title":{"rendered":"PRIMUS Center for meta-research in education"},"content":{"rendered":"<div dir=\"ltr\">\n<div dir=\"ltr\">\n<div dir=\"ltr\">\n<div>\n<div title=\"Page 3\">\n<div>\n<div>\n<div>\n<div title=\"Page 3\">\n<div>\n<div>\n<div>\n<p style=\"text-align: justify\">Since the effectiveness of education has wide-ranging societal impacts, any changes to educational policies should be backed up by solid empirical evidence. Published studies, however, represent a biased sample of the studies that are conducted. Being arguably one of the most pressing challenges in many empirical sciences, systematic missingness of non-positive results consequently impedes progress in educational theory and may easily lead to the endorsement of ineffective or even harmful educational practices. The proposed project aims to create a platform for research on the reliability of published evidence in educational research. This involves (1) large-scale systematic mapping of methodological quality of influential meta-analyses which are usually seen as instrumental in settling important educational questions, (2) quantitative re-evaluation of these research syntheses after adjusting for publication bias, and (3) empirical studies of research practices and beliefs leading to publication bias and other distortions of the scientific record.<\/p>\n<p><strong>Team members:<\/strong><\/p>\n<ul>\n<li><a href=\"https:\/\/pages.pedf.cuni.cz\/uvrv-en\/dr-ivan-ropovik\/\">Ivan Ropovik<\/a> (principal investigator)<\/li>\n<li><a href=\"https:\/\/pages.pedf.cuni.cz\/uvrv-en\/david-greger\/\">David Greger<\/a><\/li>\n<li><a href=\"https:\/\/pages.pedf.cuni.cz\/uvrv-en\/vit-stastny\/\">V\u00edt \u0160\u0165astn\u00fd<\/a><\/li>\n<li><a href=\"https:\/\/pages.pedf.cuni.cz\/uvrv-en\/dominik-dvorak\/\">Dominik Dvo\u0159\u00e1k<\/a><\/li>\n<li>Mat\u00fa\u0161 Adamkovi\u010d<\/li>\n<li>Shujing Cui<\/li>\n<li>Gabriel Ban\u00edk<\/li>\n<li>Ben \u0160imsa<\/li>\n<\/ul>\n<p>&nbsp;<\/p>\n<\/div>\n<\/div>\n<\/div>\n<\/div>\n<\/div>\n<\/div>\n<\/div>\n<\/div>\n<\/div>\n<\/div>\n<\/div>\n<\/div>\n","protected":false},"excerpt":{"rendered":"<p>Since the effectiveness of education has wide-ranging societal impacts, any changes to educational policies should be backed up by solid empirical evidence. Published studies, however, represent a biased sample of the studies that are conducted. Being arguably one of the most pressing challenges in many empirical sciences, systematic missingness of non-positive results consequently impedes progress <a href='https:\/\/pages.pedf.cuni.cz\/uvrv-en\/primus-meta-analysis-in-education\/' class='excerpt-more'>[&#8230;]<\/a><\/p>\n","protected":false},"author":387,"featured_media":0,"parent":0,"menu_order":0,"comment_status":"closed","ping_status":"closed","template":"","meta":{"footnotes":""},"class_list":["post-810","page","type-page","status-publish","hentry","post-seq-1","post-parity-odd","meta-position-corners","fix"],"_links":{"self":[{"href":"https:\/\/pages.pedf.cuni.cz\/uvrv-en\/wp-json\/wp\/v2\/pages\/810","targetHints":{"allow":["GET"]}}],"collection":[{"href":"https:\/\/pages.pedf.cuni.cz\/uvrv-en\/wp-json\/wp\/v2\/pages"}],"about":[{"href":"https:\/\/pages.pedf.cuni.cz\/uvrv-en\/wp-json\/wp\/v2\/types\/page"}],"author":[{"embeddable":true,"href":"https:\/\/pages.pedf.cuni.cz\/uvrv-en\/wp-json\/wp\/v2\/users\/387"}],"replies":[{"embeddable":true,"href":"https:\/\/pages.pedf.cuni.cz\/uvrv-en\/wp-json\/wp\/v2\/comments?post=810"}],"version-history":[{"count":4,"href":"https:\/\/pages.pedf.cuni.cz\/uvrv-en\/wp-json\/wp\/v2\/pages\/810\/revisions"}],"predecessor-version":[{"id":815,"href":"https:\/\/pages.pedf.cuni.cz\/uvrv-en\/wp-json\/wp\/v2\/pages\/810\/revisions\/815"}],"wp:attachment":[{"href":"https:\/\/pages.pedf.cuni.cz\/uvrv-en\/wp-json\/wp\/v2\/media?parent=810"}],"curies":[{"name":"wp","href":"https:\/\/api.w.org\/{rel}","templated":true}]}}