{"id":98,"date":"2015-03-25T10:16:31","date_gmt":"2015-03-25T09:16:31","guid":{"rendered":"http:\/\/pages.pedf.cuni.cz\/uvrv-en\/?page_id=98"},"modified":"2018-04-11T06:09:26","modified_gmt":"2018-04-11T04:09:26","slug":"david-greger","status":"publish","type":"page","link":"https:\/\/pages.pedf.cuni.cz\/uvrv-en\/david-greger\/","title":{"rendered":"David Greger"},"content":{"rendered":"<p><img loading=\"lazy\" decoding=\"async\" class=\" alignleft\" src=\"https:\/\/pages.pedf.cuni.cz\/uvrv\/files\/2017\/06\/3V5A9578-e1498727176373.jpg\" width=\"177\" height=\"266\" \/><\/p>\n<p style=\"text-align: justify\"><strong>David Greger<\/strong> is the director of the Institute for Research and Development of Education at the Faculty of Education, Charles University in Prague. He works mainly in the field of comparative education, educational policy, sociology of education and quantitative methodology. He teaches quantitative research methods and sociology of education for doctoral students and classes on equity in education, educational policy and quantitative research methods for master\u2019s students. His recent work has been focused on issues of equity and quality in education, positive discrimination measures for at-risk students and other policy interventions that may reduce the achievement gaps, school choice and educational transitions. His main interest is also on mechanisms and effects of early tracking in different educational systems. He is also interested in comparisons of education in different countries, he has a particular interest in educational change and post-Socialist transformations in Europe.<\/p>\n<p style=\"text-align: justify\">David has been involved in many national and international projects and serves as an advisor for the European Commission, OECD and the Ministry of Education of the Czech Republic. He is currently leading a major longitudinal study in the Czech Republic (CLoSE \u2013 Czech Longitudinal Study in Education).<\/p>\n<h4 class=\"collapseomatic highlight\" id=\"id69e18c5820901\"  tabindex=\"0\" title=\"Publications\"    >Publications<\/h4><div id=\"target-id69e18c5820901\" class=\"collapseomatic_content \">Publications<\/div>\n<p><strong>Books and book chapters (only selection of books and book chapters in English or French)<\/strong><\/p>\n<ul>\n<li>Greger, D. (2015). Educational policy in the Czech Republic: 25 years of educational transformation and growing inequalities. In Corner, T. (Ed.) <em>Education in the European Union: Post-2003 Member States. <\/em>Bloomsbury academic, s. 75-92. ISBN 978-14-725-2228-3.<\/li>\n<li>Demeuse, M.; Frandji, D.; Greger, D.; Rochex, J.-Y. (Eds.) (2012). <em>Educational Policies and Inequalities in Europe. <\/em>London: Palgrave Macmillan. ISBN 978-0-23030-203-7.<\/li>\n<li>Demeuse, M.; Frandji, D.; Greger, D.; Rochex, J.-Y. (Eds.) (2012). <em>Les politiques d\u2019\u00e9ducation prioritaire en Europe. Tome II : Quel devenir pour l\u2019\u00e9galit\u00e9 scolaire?<\/em> Lyon: ENS \u00c9ditions. ISBN 978-2-84788-322-0.<\/li>\n<li>Gorard, S.; Smith, E.;\u00a0 Greger, D.; Meuret, D. (2010). <em>Equity in Education: An International Comparison of Pupil Perspectives.<\/em> Palgrave Macmillan. 256 s. ISBN 978-0230230255.<\/li>\n<li>Demeuse, M.; Frandji, D.; Greger, D.; Rochex, J.-Y. (Eds.) (2008). <em>Les politiques d\u2019\u00e9ducation prioritaire en Europe. Conceptions, mises en oeuvres, d\u00e9bats.<\/em> Lyon, France: INRP. 459 s. ISBN 978-2-7342-1121-1.<\/li>\n<\/ul>\n<p><strong>Papers (only papers in English or French)<\/strong><\/p>\n<ul>\n<li>Strakov\u00e1, J.; Simonov\u00e1, J.; Greger, D. (2018)\u00a0 Improving maths results: does teachers\u2019 academic optimism matter? A study of Czech lower secondary schools. <em>School Effectiveness and School Improvement<\/em>. DOI:10.1080\/09243453.2018.1446449. <a href=\"https:\/\/doi.org\/10.1080\/09243453.2018.1446449\" target=\"_blank\" rel=\"noopener\">https:\/\/doi.org\/10.1080\/09243453.2018.1446449<\/a><\/li>\n<li>Strakov\u00e1, J.; Greger, D. &amp; Soukup, P. (2017). Factors affecting the transition of fifth-graders to the academic track in the Czech Republic. <em>International Studies in Sociology of Education<\/em>. <a href=\"http:\/\/dx.doi.org\/10.1080\/09620214.2017.1290541\" target=\"_blank\" rel=\"noopener\">http:\/\/dx.doi.org\/10.1080\/09620214.2017.1290541<\/a> .<\/li>\n<li>Jones, K., Tymms, P., Kemethofer, D., O\u2019Hara, J., McNamara, G., Huber, S., Myrberg, E., Skedsmo, G. &amp; Greger, D. (2017). The unintended consequences of school inspection: the prevalence of inspection side-effects in Austria, the Czech Republic, England, Ireland, the Netherlands, Sweden, and Switzerland, <em>Oxford Review of Education<\/em>, DOI: <a href=\"http:\/\/dx.doi.org\/10.1080\/03054985.2017.1352499\" target=\"_blank\" rel=\"noopener\">http:\/\/dx.doi.org\/10.1080\/03054985.2017.1352499<\/a>.<\/li>\n<li>Greger, D.; Kifer, E. (2012). Lost in translation: Ever changing and competing purposes for national examinations in the Czech Republic. <i>Journal of Pedagogy, <\/i>Vol. 3, No. 1, pp. 43\u201381. ISSN 1338-1563. (DOI 10.2478\/v10159-012-0003-y)<\/li>\n<li>Greger, D. (2012). When PISA does not matter? Case of the Czech Republic and Germany. <em>Human Affairs<\/em>, 2012, Vol. 22, No. 1, pp. 31\u201342. ISSN 1210-3055. (DOI: 10.2478\/s13374-012-0004-5)<\/li>\n<li>Greger. D. (2008). Lorsque PISA importe peu. Le cas de la R\u00e9publique tch\u00e8que et de l\u2019Allemagne. <em>Revue fran\u00e7aise de p\u00e9dagogie<\/em>, n\u00b0 164, mai-juin-juillet 2008, s.\u00a091\u201398. ISSN 0556-7807<\/li>\n<\/ul>\n<p>More publication including some fulltexts available at my profile on Researchgate: <a href=\"http:\/\/www.researchgate.net\/profile\/David_Greger\" target=\"_blank\" rel=\"noopener\">http:\/\/www.researchgate.net\/profile\/David_Greger<\/a><\/p>\n<p>&nbsp;<\/p>\n<h4 class=\"collapseomatic highlight\" id=\"id69e18c58209be\"  tabindex=\"0\" title=\"Projects\"    >Projects<\/h4><div id=\"target-id69e18c58209be\" class=\"collapseomatic_content \">Projects &#8211; leader<\/div>\n<ul>\n<li><strong>2018-2020\u00a0Factors related to the cognitive and non-cognitive outcomes of vocational students. The role of the sense of academic futility and school culture\u00a0<\/strong>(Grant Agency of the Czech Republic, project n.\u00a018-19056S)<br \/>\nmember of the research team<\/li>\n<li><strong>2012-2018 The relationships between skills, schooling and labor market outcomes: A longitudial study ( National Science Foundation, Center of excelence \u2013 No. P402\/12\/G130), CLoSE \u2013 Czech Longitudial Study in Education<br \/>\n<\/strong>cooperation of CERGE-EI (led by Jan \u0160vejnar \u2013 principal investigator), Charles University in Prague, Faculty of Education ( team led by David Greger) and National Training Fund (team led by Ji\u0159\u00ed Ve\u010dern\u00edk).<strong><br \/>\n<\/strong><\/li>\n<li><strong>2011\u20132013 Impact of school inspections on teaching and learning<\/strong><br \/>\nEC Lifelong Learning Programme, \u010d\u00edslo 511490-LLP1-2010-1-NL-KA1-KA1SCR, hlavn\u00ed \u0159e\u0161itel za \u010cR.<br \/>\nPartnersk\u00e9 instituce: University of Twente, Nizozemsko (koordin\u00e1tor), University of Durham, Velk\u00e1 Brit\u00e1nie, University of Gothenburg, \u0160v\u00e9dsko, Dublin City University, Irsko,Johannes Kepler University, Linz, Rakousko, Harvard University, USA.<\/li>\n<li><strong>2006\u20132008 EUROREP. Comparaison des politiques d\u2019\u00e9ducation prioritaire en Europe: Evaluation, conditions de r\u00e9ussite<br \/>\n<\/strong>EC programme Socrates 6.1.2, \u010d\u00edslo 2006 \u2013 2782 \/ 001 \u2013 001, hlavn\u00ed \u0159e\u0161itel za \u010cR.<br \/>\nPartnersk\u00e9 instituce: INRP (koordin\u00e1tor), Universit\u00e9 Paris 8, Institut de recherches et d\u2019\u00e9tudes sur le monde arabe et musulman- Francie; Pre-School Learning Alliance \u2013 Velk\u00e1 Brit\u00e1nie; Universit\u00e9 d\u2019Ath\u00e8nes a Universit\u00e9 de Patras \u2013 \u0158ecko; Universit\u00e9 de Mons-Hainaut a Katholieke Universiteit Leuven \u2013 Belgie; Escola superior de educa\u00e7ao de Coimbra \u2013 Portugalsko; \u00d6rebro Universitet a Uppsala Universitet \u2013 \u0160v\u00e9dsko; Institul Intercultural Timisoara \u2013 Rumunsko<\/li>\n<li><strong>2005\u20132007 Developing a sense of justice among disadvantaged students: the role of schools<\/strong><br \/>\nEC programme Socrates 6.1.2, \u010d\u00edslo n\u00b0 79\/2005, hlavn\u00ed \u0159e\u0161itel za \u010cR<br \/>\nPartnersk\u00e9 instituce: University of York \u2013 UK, Universit\u00e9 de Bourgogne (IREDU) \u2013 Francie, Universit\u00e9 La Sapienza de Rome \u2013 It\u00e1lie, Universit\u00e9 de Mons-Hainaut \u2013 Belgie.<\/li>\n<\/ul>\n<p>&nbsp;<\/p>\n<h4 class=\"collapseomatic highlight\" id=\"id69e18c58209f8\"  tabindex=\"0\" title=\"teaching\"    >teaching<\/h4><div id=\"target-id69e18c58209f8\" class=\"collapseomatic_content \">Teaching<\/div>\n<p>Ph.D. level courses: Quantitative Research Methods in Education and Sociology of Education<\/p>\n<p>supervisor of Ph.D. candidates in Education in Czech and English programme.<\/p>\n<p>M.A. Level courses: Equity in Education &amp;\u00a0 Education Policy &amp; Qunatitative Research Methods.<\/p>\n<p>&nbsp;<\/p>\n","protected":false},"excerpt":{"rendered":"<p>David Greger is the director of the Institute for Research and Development of Education at the Faculty of Education, Charles University in Prague. He works mainly in the field of comparative education, educational policy, sociology of education and quantitative methodology. He teaches quantitative research methods and sociology of education for doctoral students and classes on <a href='https:\/\/pages.pedf.cuni.cz\/uvrv-en\/david-greger\/' class='excerpt-more'>[&#8230;]<\/a><\/p>\n","protected":false},"author":387,"featured_media":0,"parent":0,"menu_order":0,"comment_status":"closed","ping_status":"closed","template":"1r-sidebar.php","meta":{"footnotes":""},"class_list":["post-98","page","type-page","status-publish","hentry","post-seq-1","post-parity-odd","meta-position-corners","fix"],"_links":{"self":[{"href":"https:\/\/pages.pedf.cuni.cz\/uvrv-en\/wp-json\/wp\/v2\/pages\/98","targetHints":{"allow":["GET"]}}],"collection":[{"href":"https:\/\/pages.pedf.cuni.cz\/uvrv-en\/wp-json\/wp\/v2\/pages"}],"about":[{"href":"https:\/\/pages.pedf.cuni.cz\/uvrv-en\/wp-json\/wp\/v2\/types\/page"}],"author":[{"embeddable":true,"href":"https:\/\/pages.pedf.cuni.cz\/uvrv-en\/wp-json\/wp\/v2\/users\/387"}],"replies":[{"embeddable":true,"href":"https:\/\/pages.pedf.cuni.cz\/uvrv-en\/wp-json\/wp\/v2\/comments?post=98"}],"version-history":[{"count":9,"href":"https:\/\/pages.pedf.cuni.cz\/uvrv-en\/wp-json\/wp\/v2\/pages\/98\/revisions"}],"predecessor-version":[{"id":515,"href":"https:\/\/pages.pedf.cuni.cz\/uvrv-en\/wp-json\/wp\/v2\/pages\/98\/revisions\/515"}],"wp:attachment":[{"href":"https:\/\/pages.pedf.cuni.cz\/uvrv-en\/wp-json\/wp\/v2\/media?parent=98"}],"curies":[{"name":"wp","href":"https:\/\/api.w.org\/{rel}","templated":true}]}}